{"id":6791,"date":"2024-10-02T20:18:30","date_gmt":"2024-10-03T01:18:30","guid":{"rendered":"https:\/\/westrockcoffee.wpenginepowered.com\/home\/cafe-com-icones-roxos\/"},"modified":"2025-05-19T05:45:39","modified_gmt":"2025-05-19T10:45:39","slug":"cafe-com-icones-roxos","status":"publish","type":"page","link":"https:\/\/www.westrockcoffee.com\/pt-pt\/home\/cafe-com-icones-roxos\/","title":{"rendered":"Caf\u00e9 (com \u00edcones roxos)"},"content":{"rendered":"<section class=\"relative px-4 pt-8 md:pt-[180px] pb-24 bg-cover bg-[30%_50%] lg:bg-center interior-hero \" style=\"background-image:url(https:\/\/www.westrockcoffee.com\/wp-content\/uploads\/2024\/09\/Coffee-header.jpg)\" loading=\"eager\">\n                    <div class=\"hidden md:block absolute top-0 left-0 w-full h-full max-h-screen bg-gradient-to-b from-black\/90 via-[300px] via-transparent z-10\"><\/div>\n        <div class=\"max-w-7xl mx-auto flex flex-col justify-between gap-16\">\n        <nav class=\"list-none flex gap-2 text-white z-10 breadcrumbs\" aria-label=\"Breadcrumbs\">\n        <span><span><a href=\"https:\/\/www.westrockcoffee.com\/pt-pt\/\">Casa<\/a><\/span><\/span>\n        <\/nav>\n                <div class=\"flex flex-col gap-8\">\n            <h1 class=\"text-5xl xl:text-6xl 2xl:text-7xl text-white font-black uppercase md:max-w-[75%] xl:max-w-[65%] z-10\">Caf\u00e9<\/h1>\n                            <div class=\"text-2xl text-white font-light prose z-10 md:max-w-[75%] lg:max-w-[65%]\"><p>Fornecendo mais de 20 milh\u00f5es de ch\u00e1venas de caf\u00e9 diariamente.<\/p>\n<\/div>\n                                        <a target=\"\" href=\"https:\/\/www.westrockcoffee.com\/pt-pt\/contacto\/\" class=\"self-start bg-transparent text-white border border-white font-medium text-lg md:text-xl xl:text-2xl py-2 px-8 hover:bg-white hover:text-black transition z-10\">Comece a usar o Westrock<\/a>\n                    <\/div>\n    <\/div>\n<\/section><section class=\"sticky top-[72px] md:top-0 left-0 px-4 bg-brand-blue-light w-full on-this-page z-10 \" x-data=\"onThisPage\" x-init=\"\">\n    <nav class=\"py-6 max-w-7xl mx-auto flex gap-16 xl:gap-24 overflow-x-auto\">\n        <h2 class=\"sr-only\">On This Page<\/h2>\n                                <a @click.prevent=\"scrollToSection('Overview')\" class=\"text-black font-bold text-lg md:text-xl hover:text-brand-purple whitespace-nowrap border-b-4 border-brand-blue-light transition\" href=\"#Overview\">Overview<\/a>\n                                <a @click.prevent=\"scrollToSection('HowWeHelp')\" class=\"text-black font-bold text-lg md:text-xl hover:text-brand-purple whitespace-nowrap border-b-4 border-brand-blue-light transition\" href=\"#HowWeHelp\">How We Help<\/a>\n                                <a @click.prevent=\"scrollToSection('WhyWestrock')\" class=\"text-black font-bold text-lg md:text-xl hover:text-brand-purple whitespace-nowrap border-b-4 border-brand-blue-light transition\" href=\"#WhyWestrock\">Why Westrock<\/a>\n                <a @hover=\"scrollRight\" @click.prevent=\"scrollRight\" class=\"hidden text-white -rotate-90 absolute w-[80px] text-center bg-black -right-8 top-1\/2 -translate-y-1\/2 font-bold text-xs hover:animate-pulse transition\" href=\"#\" x-init=\"determineOtpScroll\"><span class=\"inline-block rotate-180\">^<\/span> Scroll<\/a>\n    <\/nav>\n<\/section><section class=\"px-4 py-12 xl:py-20 intro-paragraph bg-white \" data-anchor=\"Overview\">\n    <div data-aos=\"fade-up\" class=\"prose text-2xl md:text-3xl max-w-4xl leading-relaxed md:leading-[50px] mx-auto font-medium\"><p>A nossa base \u00e9 o caf\u00e9. A nossa equipa de cientistas alimentares e mestres torrefadores de n\u00edvel internacional colabora para combinar misturas para que os nossos clientes possam <mark>obter a ch\u00e1vena de caf\u00e9 ideal.<\/mark> <\/p>\n<\/div>\n<\/section><section class=\"bg-brand-blue-light px-4 py-12 xl:py-20 how-we-help \" data-anchor=\"HowWeHelp\">\n    <div class=\"max-w-5xl mx-auto\">\n        <div class=\"flex flex-col items-center justify-center gap-16\">\n            <div class=\"max-w-3xl mx-auto text-center flex flex-col gap-12\">\n                                    <h2 data-aos=\"fade-up\"  class=\"text-3xl md:text-4xl lg:text-5xl font-black uppercase\">Como ajudamos as marcas a produzir mais e a vender mais<\/h2>\n                                                    <div data-aos=\"fade-up\"  class=\"font-light text-xl prose\"><p>Quando se trata de uma variedade de misturas prontas a vender, super\u00e1mos as expectativas com um cat\u00e1logo de caf\u00e9s, incluindo o inovador caf\u00e9 frio que preparamos artesanalmente em escala, eliminando os limites de fornecimento.<\/p>\n<\/div>\n                            <\/div>\n                            <div class=\"grid grid-cols-1 sm:grid-cols-2 md:grid-cols-3 gap-x-8 gap-y-12 lg:gap-16\">\n                                            <div class=\"flex flex-col gap-8 items-center\">\n                                                            <img data-aos=\"fade-up\"  class=\"lazyload rounded-full max-w-[50%] sm:max-w-[60%] lg:max-w-[70%] mx-auto border-2 border-white\" data-src=\"https:\/\/www.westrockcoffee.com\/wp-content\/uploads\/2024\/09\/694A2346-privatelabel-scaled.jpg\" alt=\"\" \/>\n                                                        <div class=\"flex flex-col gap-1 text-center\" data-aos=\"fade-up\">\n                                                                    <h3 class=\"text-xl font-bold\">Marca Pr\u00f3pria<\/h3>\n                                                                                                    <div class=\"prose text-lg font-light leading-tight\"><p>Atendemos marcas l\u00edderes com necessidades significativas de qualidade, fornecendo solu\u00e7\u00f5es de bebidas em v\u00e1rios formatos. Entregamos caf\u00e9s exclusivos de marca pr\u00f3pria em dezenas de embalagens e formatos, com espa\u00e7o para acrescentar mais. <\/p>\n<\/div>\n                                                            <\/div>\n                        <\/div>\n                                            <div class=\"flex flex-col gap-8 items-center\">\n                                                            <img data-aos=\"fade-up\"  class=\"lazyload rounded-full max-w-[50%] sm:max-w-[60%] lg:max-w-[70%] mx-auto border-2 border-white\" data-src=\"https:\/\/www.westrockcoffee.com\/wp-content\/uploads\/2024\/09\/360_0645-hotcoffee_1-scaled.jpg\" alt=\"\" \/>\n                                                        <div class=\"flex flex-col gap-1 text-center\" data-aos=\"fade-up\">\n                                                                    <h3 class=\"text-xl font-bold\">Caf\u00e9 quente<\/h3>\n                                                                                                    <div class=\"prose text-lg font-light leading-tight\"><p>Uma gama diversificada de variedades de origem \u00fanica, misturas e sabores dispon\u00edveis em formatos torrados e mo\u00eddos, cereais integrais e l\u00edquidos. As op\u00e7\u00f5es de embalagem de retalho incluem caf\u00e9 em gr\u00e3o, mo\u00eddo e em por\u00e7\u00f5es individuais. <\/p>\n<\/div>\n                                                            <\/div>\n                        <\/div>\n                                            <div class=\"flex flex-col gap-8 items-center\">\n                                                            <img data-aos=\"fade-up\"  class=\"lazyload rounded-full max-w-[50%] sm:max-w-[60%] lg:max-w-[70%] mx-auto border-2 border-white\" data-src=\"https:\/\/www.westrockcoffee.com\/wp-content\/uploads\/2024\/09\/694A2122-Edit-copy-coldcoffee-scaled.jpg\" alt=\"\" \/>\n                                                        <div class=\"flex flex-col gap-1 text-center\" data-aos=\"fade-up\">\n                                                                    <h3 class=\"text-xl font-bold\">Caf\u00e9 Frio<\/h3>\n                                                                                                    <div class=\"prose text-lg font-light leading-tight\"><p>A nossa gama de caf\u00e9 gelado inclui caf\u00e9 gelado, cold brew e milkshakes\/frappuccinos congelados, com op\u00e7\u00f5es com leite ou alternativas de produtos l\u00e1cteos para todos os gostos.<\/p>\n<\/div>\n                                                            <\/div>\n                        <\/div>\n                                    <\/div>\n                    <\/div>\n    <\/div>\n<\/section><section class=\"px-4 py-12 xl:py-20 list-w-icons bg-white \" data-anchor=\"WhyWestrock\">\n    <div class=\"max-w-7xl mx-auto\">\n                    <h2 data-aos=\"fade-up\" class=\"text-3xl md:text-4xl lg:text-5xl font-black uppercase text-center mb-12\">Porqu\u00ea trabalhar com a Westrock<\/h2>\n                <div class=\"flex flex-col md:flex-row items-center justify-center gap-12\">\n            <ul class=\"list-none flex flex-col gap-4 w-full md:w-1\/2 order-2 md:order-1\">\n                                    <li data-aos=\"fade-up\" class=\"flex gap-4 md:gap-8\">\n                        <img class=\"lazyload w-16 self-start rounded-full\" data-src=\"https:\/\/www.westrockcoffee.com\/wp-content\/uploads\/2024\/10\/WROC_icons-purple_innovation.svg\" alt=\"\" \/>\n                        <div class=\"prose text-xl font-light\"><p><strong>Inova\u00e7\u00e3o que impulsiona o sucesso<\/strong><br \/>\nAproveite a nossa experi\u00eancia e inova\u00e7\u00e3o baseada em insights para levar os seus conceitos de caf\u00e9 exclusivos ao mercado de forma r\u00e1pida e precisa.<\/p>\n<\/div>\n                    <\/li>\n                                    <li data-aos=\"fade-up\" class=\"flex gap-4 md:gap-8\">\n                        <img class=\"lazyload w-16 self-start rounded-full\" data-src=\"https:\/\/www.westrockcoffee.com\/wp-content\/uploads\/2024\/10\/WROC_icons-purple_coffee-beans.svg\" alt=\"\" \/>\n                        <div class=\"prose text-xl font-light\"><p><strong>Criar caf\u00e9 de excel\u00eancia<\/strong><br \/>\nEstabele\u00e7a uma parceria com a nossa equipa global para criar solu\u00e7\u00f5es de caf\u00e9 de marca pr\u00f3pria premium com uma qualidade incompar\u00e1vel, desde a origem at\u00e9 \u00e0 produ\u00e7\u00e3o.<\/p>\n<\/div>\n                    <\/li>\n                                    <li data-aos=\"fade-up\" class=\"flex gap-4 md:gap-8\">\n                        <img class=\"lazyload w-16 self-start rounded-full\" data-src=\"https:\/\/www.westrockcoffee.com\/wp-content\/uploads\/2024\/10\/WROC_icons-purple_traceability.svg\" alt=\"\" \/>\n                        <div class=\"prose text-xl font-light\"><p><strong>O poder global da Westrock Coffee<\/strong><br \/>\nCom uma ampla capacidade de produ\u00e7\u00e3o e uma rede mundial, oferecemos solu\u00e7\u00f5es de caf\u00e9 escal\u00e1veis \u200b\u200be adaptadas \u00e0s necessidades da sua marca.<\/p>\n<\/div>\n                    <\/li>\n                                    <li data-aos=\"fade-up\" class=\"flex gap-4 md:gap-8\">\n                        <img class=\"lazyload w-16 self-start rounded-full\" data-src=\"https:\/\/www.westrockcoffee.com\/wp-content\/uploads\/2024\/10\/WROC_icons-purple_farmer.svg\" alt=\"\" \/>\n                        <div class=\"prose text-xl font-light\"><p><strong>Sustentabilidade para al\u00e9m das expectativas<\/strong><br \/>\nAs nossas pr\u00e1ticas de sustentabilidade l\u00edderes do setor ajudam-no a superar os seus objetivos e, ao mesmo tempo, a satisfazer as exig\u00eancias dos consumidores ambientalmente conscientes de hoje.<\/p>\n<\/div>\n                    <\/li>\n                            <\/ul> \n                                                                                <div class=\"w-full md:w-1\/2 order-1 md:order-2\">\n                                            <figure>\n                            <img data-aos=\"fade-up\" class=\"lazyload\" data-src=\"https:\/\/www.westrockcoffee.com\/wp-content\/uploads\/2024\/09\/whywestrock_800-x-800.jpg\" alt=\"\" \/>\n                                                    <\/figure>\n                                    <\/div>\n                    <\/div>\n    <\/div>\n<\/section><section class=\"px-4 py-12 xl:py-20 stats  \">\n    <div class=\"max-w-7xl mx-auto\">\n                <div class=\"grid grid-cols-1 md:grid-cols-3 gap-20\">\n                            <div data-aos=\"fade-up\" class=\"flex flex-col gap-4 items-center\">\n                                        <div class=\"text-6xl font-black text-brand-purple whitespace-nowrap flex gap-2\">\n                                                <span>#<\/span>\n                                                <span>1<\/span>\n                                            <\/div>\n                    <div class=\"text-lg text-center md:text-left font-light leading-tight prose max-w-sm\"><p>Fornecedor de caf\u00e9 para restaurantes e lojas de conveni\u00eancia dos EUA.<\/p>\n<\/div>\n                <\/div>\n                            <div data-aos=\"fade-up\" class=\"flex flex-col gap-4 items-center\">\n                                        <div class=\"text-6xl font-black text-brand-purple whitespace-nowrap flex gap-2\">\n                                                <span>35<\/span>\n                                                <span>M<\/span>\n                                            <\/div>\n                    <div class=\"text-lg text-center md:text-left font-light leading-tight prose max-w-sm\"><p>Libras em cadeias de fornecimento de caf\u00e9 rastre\u00e1veis \u200b\u200bdigitalmente.<\/p>\n<\/div>\n                <\/div>\n                            <div data-aos=\"fade-up\" class=\"flex flex-col gap-4 items-center\">\n                                        <div class=\"text-6xl font-black text-brand-purple whitespace-nowrap flex gap-2\">\n                                                <span>100<\/span>\n                                                <span>%<\/span>\n                                            <\/div>\n                    <div class=\"text-lg text-center md:text-left font-light leading-tight prose max-w-sm\"><p>Fornecimento sustent\u00e1vel de caf\u00e9 at\u00e9 2025.<\/p>\n<\/div>\n                <\/div>\n                    <\/div>\n            <\/div>\n<\/section><section class=\"bg-brand-green px-4 py-12 related-capabilities \" >\n    <div class=\"max-w-7xl mx-auto\">\n        <h2 data-aos=\"fade-up\" class=\"text-white text-3xl md:text-4xl lg:text-5xl mb-8 font-black uppercase\">Links relacionados<\/h2>\n        <nav class=\"list-none columns-2 lg:max-w-[80%]\">\n            <ul>\n                            <\/ul>\n        <\/nav>\n    <\/div>\n<\/section>","protected":false},"excerpt":{"rendered":"","protected":false},"author":2,"featured_media":0,"parent":6183,"menu_order":0,"comment_status":"closed","ping_status":"closed","template":"","meta":{"_acf_changed":false,"content-type":"","footnotes":""},"class_list":["post-6791","page","type-page","status-publish","hentry"],"acf":[],"yoast_head":"<!-- This site is optimized with the Yoast SEO plugin v27.5 - https:\/\/yoast.com\/product\/yoast-seo-wordpress\/ -->\n<title>Caf\u00e9 (com \u00edcones roxos) | Westrock Coffee<\/title>\n<meta name=\"description\" content=\"Westrock Coffee aims to be the world&#039;s most competitive and innovative provider of beverage solutions. Learn more about us on our Caf\u00e9 (com \u00edcones roxos) page.\" \/>\n<meta name=\"robots\" content=\"index, follow, max-snippet:-1, max-image-preview:large, max-video-preview:-1\" \/>\n<link rel=\"canonical\" href=\"https:\/\/www.westrockcoffee.com\/pt-pt\/home\/cafe-com-icones-roxos\/\" \/>\n<meta property=\"og:locale\" content=\"pt_PT\" \/>\n<meta property=\"og:type\" content=\"article\" \/>\n<meta property=\"og:title\" content=\"Caf\u00e9 (com \u00edcones roxos) | Westrock Coffee\" \/>\n<meta property=\"og:description\" content=\"Westrock Coffee aims to be the world&#039;s most competitive and innovative provider of beverage solutions. Learn more about us on our Caf\u00e9 (com \u00edcones roxos) page.\" \/>\n<meta property=\"og:url\" content=\"https:\/\/www.westrockcoffee.com\/pt-pt\/home\/cafe-com-icones-roxos\/\" \/>\n<meta property=\"og:site_name\" content=\"Westrock Coffee\" \/>\n<meta property=\"article:modified_time\" content=\"2025-05-19T10:45:39+00:00\" \/>\n<meta name=\"twitter:card\" content=\"summary_large_image\" \/>\n<script type=\"application\/ld+json\" class=\"yoast-schema-graph\">{\"@context\":\"https:\\\/\\\/schema.org\",\"@graph\":[{\"@type\":\"WebPage\",\"@id\":\"https:\\\/\\\/www.westrockcoffee.com\\\/pt-pt\\\/home\\\/cafe-com-icones-roxos\\\/\",\"url\":\"https:\\\/\\\/www.westrockcoffee.com\\\/pt-pt\\\/home\\\/cafe-com-icones-roxos\\\/\",\"name\":\"Caf\u00e9 (com \u00edcones roxos) | Westrock Coffee\",\"isPartOf\":{\"@id\":\"https:\\\/\\\/www.westrockcoffee.com\\\/pt-pt\\\/#website\"},\"datePublished\":\"2024-10-03T01:18:30+00:00\",\"dateModified\":\"2025-05-19T10:45:39+00:00\",\"description\":\"Westrock Coffee aims to be the world's most competitive and innovative provider of beverage solutions. Learn more about us on our Caf\u00e9 (com \u00edcones roxos) page.\",\"breadcrumb\":{\"@id\":\"https:\\\/\\\/www.westrockcoffee.com\\\/pt-pt\\\/home\\\/cafe-com-icones-roxos\\\/#breadcrumb\"},\"inLanguage\":\"pt-PT\",\"potentialAction\":[{\"@type\":\"ReadAction\",\"target\":[\"https:\\\/\\\/www.westrockcoffee.com\\\/pt-pt\\\/home\\\/cafe-com-icones-roxos\\\/\"]}]},{\"@type\":\"BreadcrumbList\",\"@id\":\"https:\\\/\\\/www.westrockcoffee.com\\\/pt-pt\\\/home\\\/cafe-com-icones-roxos\\\/#breadcrumb\",\"itemListElement\":[{\"@type\":\"ListItem\",\"position\":1,\"name\":\"Casa\",\"item\":\"https:\\\/\\\/www.westrockcoffee.com\\\/pt-pt\\\/\"},{\"@type\":\"ListItem\",\"position\":2,\"name\":\"Casa\",\"item\":\"https:\\\/\\\/www.westrockcoffee.com\\\/pt-pt\\\/\"},{\"@type\":\"ListItem\",\"position\":3,\"name\":\"Caf\u00e9 (com \u00edcones roxos)\"}]},{\"@type\":\"WebSite\",\"@id\":\"https:\\\/\\\/www.westrockcoffee.com\\\/pt-pt\\\/#website\",\"url\":\"https:\\\/\\\/www.westrockcoffee.com\\\/pt-pt\\\/\",\"name\":\"Westrock Coffee\",\"description\":\"\",\"potentialAction\":[{\"@type\":\"SearchAction\",\"target\":{\"@type\":\"EntryPoint\",\"urlTemplate\":\"https:\\\/\\\/www.westrockcoffee.com\\\/pt-pt\\\/?s={search_term_string}\"},\"query-input\":{\"@type\":\"PropertyValueSpecification\",\"valueRequired\":true,\"valueName\":\"search_term_string\"}}],\"inLanguage\":\"pt-PT\"}]}<\/script>\n<!-- \/ Yoast SEO plugin. -->","yoast_head_json":{"title":"Caf\u00e9 (com \u00edcones roxos) | Westrock Coffee","description":"Westrock Coffee aims to be the world's most competitive and innovative provider of beverage solutions. Learn more about us on our Caf\u00e9 (com \u00edcones roxos) page.","robots":{"index":"index","follow":"follow","max-snippet":"max-snippet:-1","max-image-preview":"max-image-preview:large","max-video-preview":"max-video-preview:-1"},"canonical":"https:\/\/www.westrockcoffee.com\/pt-pt\/home\/cafe-com-icones-roxos\/","og_locale":"pt_PT","og_type":"article","og_title":"Caf\u00e9 (com \u00edcones roxos) | Westrock Coffee","og_description":"Westrock Coffee aims to be the world's most competitive and innovative provider of beverage solutions. Learn more about us on our Caf\u00e9 (com \u00edcones roxos) page.","og_url":"https:\/\/www.westrockcoffee.com\/pt-pt\/home\/cafe-com-icones-roxos\/","og_site_name":"Westrock Coffee","article_modified_time":"2025-05-19T10:45:39+00:00","twitter_card":"summary_large_image","schema":{"@context":"https:\/\/schema.org","@graph":[{"@type":"WebPage","@id":"https:\/\/www.westrockcoffee.com\/pt-pt\/home\/cafe-com-icones-roxos\/","url":"https:\/\/www.westrockcoffee.com\/pt-pt\/home\/cafe-com-icones-roxos\/","name":"Caf\u00e9 (com \u00edcones roxos) | Westrock Coffee","isPartOf":{"@id":"https:\/\/www.westrockcoffee.com\/pt-pt\/#website"},"datePublished":"2024-10-03T01:18:30+00:00","dateModified":"2025-05-19T10:45:39+00:00","description":"Westrock Coffee aims to be the world's most competitive and innovative provider of beverage solutions. Learn more about us on our Caf\u00e9 (com \u00edcones roxos) page.","breadcrumb":{"@id":"https:\/\/www.westrockcoffee.com\/pt-pt\/home\/cafe-com-icones-roxos\/#breadcrumb"},"inLanguage":"pt-PT","potentialAction":[{"@type":"ReadAction","target":["https:\/\/www.westrockcoffee.com\/pt-pt\/home\/cafe-com-icones-roxos\/"]}]},{"@type":"BreadcrumbList","@id":"https:\/\/www.westrockcoffee.com\/pt-pt\/home\/cafe-com-icones-roxos\/#breadcrumb","itemListElement":[{"@type":"ListItem","position":1,"name":"Casa","item":"https:\/\/www.westrockcoffee.com\/pt-pt\/"},{"@type":"ListItem","position":2,"name":"Casa","item":"https:\/\/www.westrockcoffee.com\/pt-pt\/"},{"@type":"ListItem","position":3,"name":"Caf\u00e9 (com \u00edcones roxos)"}]},{"@type":"WebSite","@id":"https:\/\/www.westrockcoffee.com\/pt-pt\/#website","url":"https:\/\/www.westrockcoffee.com\/pt-pt\/","name":"Westrock Coffee","description":"","potentialAction":[{"@type":"SearchAction","target":{"@type":"EntryPoint","urlTemplate":"https:\/\/www.westrockcoffee.com\/pt-pt\/?s={search_term_string}"},"query-input":{"@type":"PropertyValueSpecification","valueRequired":true,"valueName":"search_term_string"}}],"inLanguage":"pt-PT"}]}},"_links":{"self":[{"href":"https:\/\/www.westrockcoffee.com\/pt-pt\/wp-json\/wp\/v2\/pages\/6791","targetHints":{"allow":["GET"]}}],"collection":[{"href":"https:\/\/www.westrockcoffee.com\/pt-pt\/wp-json\/wp\/v2\/pages"}],"about":[{"href":"https:\/\/www.westrockcoffee.com\/pt-pt\/wp-json\/wp\/v2\/types\/page"}],"author":[{"embeddable":true,"href":"https:\/\/www.westrockcoffee.com\/pt-pt\/wp-json\/wp\/v2\/users\/2"}],"replies":[{"embeddable":true,"href":"https:\/\/www.westrockcoffee.com\/pt-pt\/wp-json\/wp\/v2\/comments?post=6791"}],"version-history":[{"count":0,"href":"https:\/\/www.westrockcoffee.com\/pt-pt\/wp-json\/wp\/v2\/pages\/6791\/revisions"}],"up":[{"embeddable":true,"href":"https:\/\/www.westrockcoffee.com\/pt-pt\/wp-json\/wp\/v2\/pages\/6183"}],"wp:attachment":[{"href":"https:\/\/www.westrockcoffee.com\/pt-pt\/wp-json\/wp\/v2\/media?parent=6791"}],"curies":[{"name":"wp","href":"https:\/\/api.w.org\/{rel}","templated":true}]}}