{"id":6771,"date":"2024-09-05T14:17:49","date_gmt":"2024-09-05T19:17:49","guid":{"rendered":"https:\/\/westrockcoffee.wpenginepowered.com\/capacidades\/pronto-para-beber\/"},"modified":"2025-05-19T07:06:16","modified_gmt":"2025-05-19T12:06:16","slug":"pronto-para-beber","status":"publish","type":"page","link":"https:\/\/www.westrockcoffee.com\/pt-pt\/capacidades\/pronto-para-beber\/","title":{"rendered":"Pronto para beber"},"content":{"rendered":"<section class=\"relative px-4 pt-8 md:pt-[180px] pb-24 bg-cover bg-[30%_50%] lg:bg-center interior-hero \" style=\"background-image:url(https:\/\/www.westrockcoffee.com\/wp-content\/uploads\/2024\/09\/Ready-to-Drink-header-scaled.jpg)\" loading=\"eager\">\n                    <div class=\"hidden md:block absolute top-0 left-0 w-full h-full max-h-screen bg-gradient-to-b from-black\/90 via-[300px] via-transparent z-10\"><\/div>\n        <div class=\"max-w-7xl mx-auto flex flex-col justify-between gap-16\">\n        <nav class=\"list-none flex gap-2 text-white z-10 breadcrumbs\" aria-label=\"Breadcrumbs\">\n        <span><span><a href=\"https:\/\/www.westrockcoffee.com\/pt-pt\/\">Casa<\/a><\/span><\/span>\n        <\/nav>\n                <div class=\"flex flex-col gap-8\">\n            <h1 class=\"text-5xl xl:text-6xl 2xl:text-7xl text-white font-black uppercase md:max-w-[75%] xl:max-w-[65%] z-10\">Fabrico pronto para beber, pronto para o sucesso<\/h1>\n                            <div class=\"text-2xl text-white font-light prose z-10 md:max-w-[75%] lg:max-w-[65%]\"><p>Liberte o potencial da sua marca com a nossa moderna unidade de produ\u00e7\u00e3o, desde a torrefa\u00e7\u00e3o at\u00e9 \u00e0 prepara\u00e7\u00e3o para consumo, concebida para fornecer bebidas de qualidade, consist\u00eancia e prontas para o mercado em grande escala.<\/p>\n<\/div>\n                                        <a target=\"\" href=\"https:\/\/www.westrockcoffee.com\/pt-pt\/contacto\/\" class=\"self-start bg-transparent text-white border border-white font-medium text-lg md:text-xl xl:text-2xl py-2 px-8 hover:bg-white hover:text-black transition z-10\">Comece a usar o Westrock<\/a>\n                    <\/div>\n    <\/div>\n<\/section>\n\n<section class=\"sticky top-[72px] md:top-0 left-0 px-4 bg-brand-blue-light w-full on-this-page z-10 \" x-data=\"onThisPage\" x-init=\"\">\n    <nav class=\"py-6 max-w-7xl mx-auto flex gap-16 xl:gap-24 overflow-x-auto\">\n        <h2 class=\"sr-only\">On This Page<\/h2>\n                                <a @click.prevent=\"scrollToSection('Overview')\" class=\"text-black font-bold text-lg md:text-xl hover:text-brand-purple whitespace-nowrap border-b-4 border-brand-blue-light transition\" href=\"#Overview\">Vis\u00e3o geral<\/a>\n                                <a @click.prevent=\"scrollToSection('HowWeHelp')\" class=\"text-black font-bold text-lg md:text-xl hover:text-brand-purple whitespace-nowrap border-b-4 border-brand-blue-light transition\" href=\"#HowWeHelp\">Como ajudamos<\/a>\n                                <a @click.prevent=\"scrollToSection('WhyWestrock')\" class=\"text-black font-bold text-lg md:text-xl hover:text-brand-purple whitespace-nowrap border-b-4 border-brand-blue-light transition\" href=\"#WhyWestrock\">Porqu\u00ea Westrock<\/a>\n                <a @hover=\"scrollRight\" @click.prevent=\"scrollRight\" class=\"hidden text-white -rotate-90 absolute w-[80px] text-center bg-black -right-8 top-1\/2 -translate-y-1\/2 font-bold text-xs hover:animate-pulse transition\" href=\"#\" x-init=\"determineOtpScroll\"><span class=\"inline-block rotate-180\">^<\/span> Scroll<\/a>\n    <\/nav>\n<\/section>\n\n<section class=\"px-4 py-12 xl:py-20 intro-paragraph bg-white \" data-anchor=\"Overview\">\n    <div data-aos=\"fade-up\" class=\"prose text-2xl md:text-3xl max-w-4xl leading-relaxed md:leading-[50px] mx-auto font-medium\"><p>Com especialistas do setor no local, bem como equipamentos de \u00faltima gera\u00e7\u00e3o, rob\u00f3tica e foco na efici\u00eancia e escalabilidade,<mark> desenvolvemos, produzimos e distribu\u00edmos caf\u00e9 de alta qualidade e produtos prontos a beber (RTD), levando-o ao mercado mais rapidamente, mantendo os padr\u00f5es que a sua marca exige.<\/mark><\/p>\n<\/div>\n<\/section>\n\n<section class=\"bg-brand-blue-light px-4 py-12 xl:py-20 how-we-help \" data-anchor=\"HowWeHelp\">\n    <div class=\"max-w-7xl mx-auto\">\n        <div class=\"flex flex-col items-center justify-center gap-16\">\n            <div class=\"max-w-3xl mx-auto text-center flex flex-col gap-12\">\n                                    <h2 data-aos=\"fade-up\"  class=\"text-3xl md:text-4xl lg:text-5xl font-black uppercase\">Como ajudamos as marcas a produzir mais e a vender mais<\/h2>\n                                                    <div data-aos=\"fade-up\"  class=\"font-light text-xl prose\"><p>Gerimos todas as etapas da produ\u00e7\u00e3o num s\u00f3 local, desde a torrefa\u00e7\u00e3o e moagem at\u00e9 \u00e0 extra\u00e7\u00e3o e enchimento em diversos formatos de embalagem. Esta abordagem abrangente, aliada a um design exclusivo e totalmente integrado, pronto para o futuro, permite-nos escalar rapidamente para satisfazer as crescentes exig\u00eancias da ind\u00fastria, mantendo os mais elevados padr\u00f5es de qualidade. <\/p>\n<\/div>\n                            <\/div>\n                            <div class=\"grid grid-cols-1 sm:grid-cols-2 md:grid-cols-4 gap-x-8 gap-y-12 lg:gap-16\">\n                                            <div class=\"flex flex-col gap-8 items-center\">\n                                                            <img data-aos=\"fade-up\"  class=\"lazyload rounded-full max-w-[50%] sm:max-w-[60%] lg:max-w-[70%] mx-auto border-2 border-white\" data-src=\"https:\/\/www.westrockcoffee.com\/wp-content\/uploads\/2024\/09\/CL5-vertically.jpg\" alt=\"\" \/>\n                                                        <div class=\"flex flex-col gap-1 text-center\" data-aos=\"fade-up\">\n                                                                    <h3 class=\"text-xl font-bold\">Instala\u00e7\u00e3o verticalmente integrada<\/h3>\n                                                                                                    <div class=\"prose text-lg font-light leading-tight\"><p>A nossa avan\u00e7ada unidade em Conway simplifica todo o seu processo, desde o desenvolvimento do produto at\u00e9 \u00e0 produ\u00e7\u00e3o e distribui\u00e7\u00e3o, garantindo tempos de produ\u00e7\u00e3o mais r\u00e1pidos e uma entrada no mercado sem problemas para os seus produtos prontos a beber.<\/p>\n<\/div>\n                                                            <\/div>\n                        <\/div>\n                                            <div class=\"flex flex-col gap-8 items-center\">\n                                                            <img data-aos=\"fade-up\"  class=\"lazyload rounded-full max-w-[50%] sm:max-w-[60%] lg:max-w-[70%] mx-auto border-2 border-white\" data-src=\"https:\/\/www.westrockcoffee.com\/wp-content\/uploads\/2024\/10\/fullrange-new_800-x-800.jpg\" alt=\"A Variety of Ready-to-drink manufacturing options\" \/>\n                                                        <div class=\"flex flex-col gap-1 text-center\" data-aos=\"fade-up\">\n                                                                    <h3 class=\"text-xl font-bold\">Uma grande variedade de formatos de embalagens<\/h3>\n                                                                                                    <div class=\"prose text-lg font-light leading-tight\"><p>Melhore a sua oferta de produtos com as nossas op\u00e7\u00f5es de embalagens vers\u00e1teis, incluindo latas, garrafas e recipientes multiusos. Com todas as embalagens feitas num local amigo do ambiente, reduzimos os custos de produ\u00e7\u00e3o e simplificamos a log\u00edstica. <\/p>\n<\/div>\n                                                            <\/div>\n                        <\/div>\n                                            <div class=\"flex flex-col gap-8 items-center\">\n                                                            <img data-aos=\"fade-up\"  class=\"lazyload rounded-full max-w-[50%] sm:max-w-[60%] lg:max-w-[70%] mx-auto border-2 border-white\" data-src=\"https:\/\/www.westrockcoffee.com\/wp-content\/uploads\/2024\/10\/BL5-1-coffee-fill-square-custom-solutions-1.jpg\" alt=\"\" \/>\n                                                        <div class=\"flex flex-col gap-1 text-center\" data-aos=\"fade-up\">\n                                                                    <h3 class=\"text-xl font-bold\">Solu\u00e7\u00f5es Personalizadas<\/h3>\n                                                                                                    <div class=\"prose text-lg font-light leading-tight\"><p>Os nossos equipamentos de \u00faltima gera\u00e7\u00e3o e o rigoroso controlo de qualidade levam as suas bebidas prontas a consumir do conceito \u00e0 prateleira de forma eficiente. O design escal\u00e1vel das nossas instala\u00e7\u00f5es permite-lhe adaptar-se \u00e0s exig\u00eancias do mercado e expandir sem complica\u00e7\u00f5es. <\/p>\n<\/div>\n                                                            <\/div>\n                        <\/div>\n                                            <div class=\"flex flex-col gap-8 items-center\">\n                                                            <img data-aos=\"fade-up\"  class=\"lazyload rounded-full max-w-[50%] sm:max-w-[60%] lg:max-w-[70%] mx-auto border-2 border-white\" data-src=\"https:\/\/www.westrockcoffee.com\/wp-content\/uploads\/2024\/09\/BLFilling4-3pl.jpg\" alt=\"\" \/>\n                                                        <div class=\"flex flex-col gap-1 text-center\" data-aos=\"fade-up\">\n                                                                    <h3 class=\"text-xl font-bold\">Centro de Distribui\u00e7\u00e3o 3PL<\/h3>\n                                                                                                    <div class=\"prose text-lg font-light leading-tight\"><p>Localizado a apenas tr\u00eas quil\u00f3metros das nossas instala\u00e7\u00f5es em Conway, o nosso centro de distribui\u00e7\u00e3o de 530.000 p\u00e9s quadrados reduz o tempo de transporte e garante um fluxo tranquilo e transparente de materiais e produtos acabados, levando os seus produtos ao mercado mais rapidamente.<\/p>\n<\/div>\n                                                            <\/div>\n                        <\/div>\n                                    <\/div>\n                    <\/div>\n    <\/div>\n<\/section>\n\n<section class=\"px-4 py-12 xl:py-20 list-w-icons bg-white \" data-anchor=\"WhyWestrock\">\n    <div class=\"max-w-7xl mx-auto\">\n                    <h2 data-aos=\"fade-up\" class=\"text-3xl md:text-4xl lg:text-5xl font-black uppercase text-center mb-12\">Porqu\u00ea trabalhar com a Westrock<\/h2>\n                <div class=\"flex flex-col md:flex-row items-center justify-center gap-12\">\n            <ul class=\"list-none flex flex-col gap-4 w-full md:w-1\/2 order-2 md:order-1\">\n                                    <li data-aos=\"fade-up\" class=\"flex gap-4 md:gap-8\">\n                        <img class=\"lazyload w-16 self-start rounded-full\" data-src=\"https:\/\/www.westrockcoffee.com\/wp-content\/uploads\/2024\/10\/WROC_icons-purple_training.svg\" alt=\"\" \/>\n                        <div class=\"prose text-xl font-light\"><p><strong>Acesso \u00e0 Especializa\u00e7\u00e3o<\/strong><br \/>\nA nossa equipa \u00e9 especializada em processos de produ\u00e7\u00e3o avan\u00e7ados, garantindo uma qualidade superior do produto e efici\u00eancia operacional que se traduzem em melhores resultados e rentabilidade para o seu neg\u00f3cio.<\/p>\n<\/div>\n                    <\/li>\n                                    <li data-aos=\"fade-up\" class=\"flex gap-4 md:gap-8\">\n                        <img class=\"lazyload w-16 self-start rounded-full\" data-src=\"https:\/\/www.westrockcoffee.com\/wp-content\/uploads\/2024\/10\/WROC_icons-purple_product-development.svg\" alt=\"\" \/>\n                        <div class=\"prose text-xl font-light\"><p><strong>Processo completo de comercializa\u00e7\u00e3o interna<\/strong><br \/>\nTratamos de cada etapa da jornada do produto, desde os insights do consumidor e o desenvolvimento de receitas at\u00e9 ao design de rotulagem e embalagem, oferecendo um processo cont\u00ednuo que leva o seu produto ao mercado com precis\u00e3o e rapidez.<\/p>\n<\/div>\n                    <\/li>\n                                    <li data-aos=\"fade-up\" class=\"flex gap-4 md:gap-8\">\n                        <img class=\"lazyload w-16 self-start rounded-full\" data-src=\"https:\/\/www.westrockcoffee.com\/wp-content\/uploads\/2024\/10\/WROC_icons-purple_facilities.svg\" alt=\"\" \/>\n                        <div class=\"prose text-xl font-light\"><p><strong>Economia de custos<\/strong><br \/>\nO nosso investimento em equipamentos e instala\u00e7\u00f5es de primeira linha significa menos erros, maior efici\u00eancia de produ\u00e7\u00e3o e qualidade consistente do produto, reduzindo os seus custos globais em compara\u00e7\u00e3o com outros fornecedores.<\/p>\n<\/div>\n                    <\/li>\n                                    <li data-aos=\"fade-up\" class=\"flex gap-4 md:gap-8\">\n                        <img class=\"lazyload w-16 self-start rounded-full\" data-src=\"https:\/\/www.westrockcoffee.com\/wp-content\/uploads\/2024\/10\/WROC_icons-purple_delivery.svg\" alt=\"\" \/>\n                        <div class=\"prose text-xl font-light\"><p><strong>Tempo de lan\u00e7amento no mercado mais r\u00e1pido<\/strong><br \/>\nCom a nossa capacidade de produ\u00e7\u00e3o e experi\u00eancia inigual\u00e1veis, aceleramos o lan\u00e7amento do seu produto, ajudando-o a aproveitar as oportunidades de mercado e a manter-se \u00e0 frente da concorr\u00eancia.<\/p>\n<\/div>\n                    <\/li>\n                            <\/ul> \n                                                                                                    <div class=\"w-full md:w-1\/2 order-1 md:order-2\">\n                                            <div data-aos=\"fade-up\" class=\"block relative group w-full\">\n                            <div class=\"relative pb-[56.25%] h-0\">\n                                <div class=\"absolute top-0 left-0 w-full h-full\">\n                                    <div style=\"padding:56.25% 0 0 0; position:relative;\">\n                                        <iframe loading=\"lazy\" title=\"Video\" class=\"absolute top-0 left-0 w-full h-full\" src=\"https:\/\/player.vimeo.com\/video\/1015536173\" width=\"100%\" height=\"100%\" frameborder=\"0\" allow=\"autoplay; fullscreen; picture-in-picture\" allowfullscreen><\/iframe>\n                                    <\/div>\n                                <\/div>\n                            <\/div>\n                        <\/div>\n                                    <\/div>\n                    <\/div>\n    <\/div>\n<\/section>\n\n<section class=\"px-4 py-12 xl:py-20 content-text-block bg-brand-blue-light \" >\n    <div class=\"max-w-7xl mx-auto\">\n                    <div class=\"flex flex-col gap-16\">\n                                                                                <div>\n                    <div class=\"flex flex-col md:flex-row gap-8 md:gap-32 items-center justify-center\">\n                        <div class=\"text-xl prose md:w-1\/2 order-2 md:order-1 font-light text-black\"><h2>MELHORE AS SUAS BEBIDAS PRONTAS A BEBER COM O CAF\u00c9 WESTROCK<\/h2>\n<p>Uma parceria com a Westrock para as suas bebidas prontas a beber (RTD) significa uma colabora\u00e7\u00e3o perfeita, uma produ\u00e7\u00e3o flex\u00edvel adaptada \u00e0s necessidades da sua marca e um compromisso partilhado para impulsionar o crescimento atrav\u00e9s da entrega de produtos de alta qualidade e prontos para o mercado de forma mais r\u00e1pida e eficiente.<\/p>\n<\/div>\n                                                    <div class=\"w-full md:max-w-[50%] order-1 md:order-2\">\n                                <figure>\n                                    <img data-aos=\"fade-up\" class=\"mx-auto lazyload\" data-src=\"https:\/\/www.westrockcoffee.com\/wp-content\/uploads\/2024\/10\/Distribution-Center.jpg\" alt=\"Distribution Center\" \/>\n                                                                    <\/figure>\n                            <\/div>\n                                            <\/div>\n                <\/div>\n                            <\/div>\n            <\/div>\n<\/section>\n\n<section class=\"bg-brand-green px-4 py-12 related-capabilities \" >\n    <div class=\"max-w-7xl mx-auto\">\n        <h2 data-aos=\"fade-up\" class=\"text-white text-3xl md:text-4xl lg:text-5xl mb-8 font-black uppercase\">Links relacionados<\/h2>\n        <nav class=\"list-none columns-2 lg:max-w-[80%]\">\n            <ul>\n                            <\/ul>\n        <\/nav>\n    <\/div>\n<\/section>","protected":false},"excerpt":{"rendered":"","protected":false},"author":2,"featured_media":0,"parent":6232,"menu_order":0,"comment_status":"closed","ping_status":"closed","template":"","meta":{"_acf_changed":false,"content-type":"","footnotes":""},"class_list":["post-6771","page","type-page","status-publish","hentry"],"acf":[],"yoast_head":"<!-- This site is optimized with the Yoast SEO plugin v27.4 - https:\/\/yoast.com\/product\/yoast-seo-wordpress\/ -->\n<title>Fabrico profissional de bebidas prontas a beber | Westrock Coffee<\/title>\n<meta name=\"description\" content=\"Estabele\u00e7a uma parceria com uma empresa de fabrico de RTD de confian\u00e7a, especializada em formula\u00e7\u00e3o personalizada de bebidas, engarrafamento e solu\u00e7\u00f5es de marca pr\u00f3pria.\" \/>\n<meta name=\"robots\" content=\"index, follow, max-snippet:-1, max-image-preview:large, max-video-preview:-1\" \/>\n<link rel=\"canonical\" href=\"https:\/\/www.westrockcoffee.com\/pt-pt\/capacidades\/pronto-para-beber\/\" \/>\n<meta property=\"og:locale\" content=\"pt_PT\" \/>\n<meta property=\"og:type\" content=\"article\" \/>\n<meta property=\"og:title\" content=\"Fabrico profissional de bebidas prontas a beber | Westrock Coffee\" \/>\n<meta property=\"og:description\" content=\"Estabele\u00e7a uma parceria com uma empresa de fabrico de RTD de confian\u00e7a, especializada em formula\u00e7\u00e3o personalizada de bebidas, engarrafamento e solu\u00e7\u00f5es de marca pr\u00f3pria.\" \/>\n<meta property=\"og:url\" content=\"https:\/\/www.westrockcoffee.com\/pt-pt\/capacidades\/pronto-para-beber\/\" \/>\n<meta property=\"og:site_name\" content=\"Westrock Coffee\" \/>\n<meta property=\"article:modified_time\" content=\"2025-05-19T12:06:16+00:00\" \/>\n<meta name=\"twitter:card\" content=\"summary_large_image\" \/>\n<script type=\"application\/ld+json\" class=\"yoast-schema-graph\">{\"@context\":\"https:\\\/\\\/schema.org\",\"@graph\":[{\"@type\":\"WebPage\",\"@id\":\"https:\\\/\\\/www.westrockcoffee.com\\\/pt-pt\\\/capacidades\\\/pronto-para-beber\\\/\",\"url\":\"https:\\\/\\\/www.westrockcoffee.com\\\/pt-pt\\\/capacidades\\\/pronto-para-beber\\\/\",\"name\":\"Fabrico profissional de bebidas prontas a beber | Westrock Coffee\",\"isPartOf\":{\"@id\":\"https:\\\/\\\/www.westrockcoffee.com\\\/pt-pt\\\/#website\"},\"datePublished\":\"2024-09-05T19:17:49+00:00\",\"dateModified\":\"2025-05-19T12:06:16+00:00\",\"description\":\"Estabele\u00e7a uma parceria com uma empresa de fabrico de RTD de confian\u00e7a, especializada em formula\u00e7\u00e3o personalizada de bebidas, engarrafamento e solu\u00e7\u00f5es de marca pr\u00f3pria.\",\"breadcrumb\":{\"@id\":\"https:\\\/\\\/www.westrockcoffee.com\\\/pt-pt\\\/capacidades\\\/pronto-para-beber\\\/#breadcrumb\"},\"inLanguage\":\"pt-PT\",\"potentialAction\":[{\"@type\":\"ReadAction\",\"target\":[\"https:\\\/\\\/www.westrockcoffee.com\\\/pt-pt\\\/capacidades\\\/pronto-para-beber\\\/\"]}]},{\"@type\":\"BreadcrumbList\",\"@id\":\"https:\\\/\\\/www.westrockcoffee.com\\\/pt-pt\\\/capacidades\\\/pronto-para-beber\\\/#breadcrumb\",\"itemListElement\":[{\"@type\":\"ListItem\",\"position\":1,\"name\":\"Casa\",\"item\":\"https:\\\/\\\/www.westrockcoffee.com\\\/pt-pt\\\/\"},{\"@type\":\"ListItem\",\"position\":2,\"name\":\"Capacidades\",\"item\":\"https:\\\/\\\/www.westrockcoffee.com\\\/pt-pt\\\/capacidades\\\/\"},{\"@type\":\"ListItem\",\"position\":3,\"name\":\"Pronto para beber\"}]},{\"@type\":\"WebSite\",\"@id\":\"https:\\\/\\\/www.westrockcoffee.com\\\/pt-pt\\\/#website\",\"url\":\"https:\\\/\\\/www.westrockcoffee.com\\\/pt-pt\\\/\",\"name\":\"Westrock Coffee\",\"description\":\"\",\"potentialAction\":[{\"@type\":\"SearchAction\",\"target\":{\"@type\":\"EntryPoint\",\"urlTemplate\":\"https:\\\/\\\/www.westrockcoffee.com\\\/pt-pt\\\/?s={search_term_string}\"},\"query-input\":{\"@type\":\"PropertyValueSpecification\",\"valueRequired\":true,\"valueName\":\"search_term_string\"}}],\"inLanguage\":\"pt-PT\"}]}<\/script>\n<!-- \/ Yoast SEO plugin. -->","yoast_head_json":{"title":"Fabrico profissional de bebidas prontas a beber | Westrock Coffee","description":"Estabele\u00e7a uma parceria com uma empresa de fabrico de RTD de confian\u00e7a, especializada em formula\u00e7\u00e3o personalizada de bebidas, engarrafamento e solu\u00e7\u00f5es de marca pr\u00f3pria.","robots":{"index":"index","follow":"follow","max-snippet":"max-snippet:-1","max-image-preview":"max-image-preview:large","max-video-preview":"max-video-preview:-1"},"canonical":"https:\/\/www.westrockcoffee.com\/pt-pt\/capacidades\/pronto-para-beber\/","og_locale":"pt_PT","og_type":"article","og_title":"Fabrico profissional de bebidas prontas a beber | Westrock Coffee","og_description":"Estabele\u00e7a uma parceria com uma empresa de fabrico de RTD de confian\u00e7a, especializada em formula\u00e7\u00e3o personalizada de bebidas, engarrafamento e solu\u00e7\u00f5es de marca pr\u00f3pria.","og_url":"https:\/\/www.westrockcoffee.com\/pt-pt\/capacidades\/pronto-para-beber\/","og_site_name":"Westrock Coffee","article_modified_time":"2025-05-19T12:06:16+00:00","twitter_card":"summary_large_image","schema":{"@context":"https:\/\/schema.org","@graph":[{"@type":"WebPage","@id":"https:\/\/www.westrockcoffee.com\/pt-pt\/capacidades\/pronto-para-beber\/","url":"https:\/\/www.westrockcoffee.com\/pt-pt\/capacidades\/pronto-para-beber\/","name":"Fabrico profissional de bebidas prontas a beber | Westrock Coffee","isPartOf":{"@id":"https:\/\/www.westrockcoffee.com\/pt-pt\/#website"},"datePublished":"2024-09-05T19:17:49+00:00","dateModified":"2025-05-19T12:06:16+00:00","description":"Estabele\u00e7a uma parceria com uma empresa de fabrico de RTD de confian\u00e7a, especializada em formula\u00e7\u00e3o personalizada de bebidas, engarrafamento e solu\u00e7\u00f5es de marca pr\u00f3pria.","breadcrumb":{"@id":"https:\/\/www.westrockcoffee.com\/pt-pt\/capacidades\/pronto-para-beber\/#breadcrumb"},"inLanguage":"pt-PT","potentialAction":[{"@type":"ReadAction","target":["https:\/\/www.westrockcoffee.com\/pt-pt\/capacidades\/pronto-para-beber\/"]}]},{"@type":"BreadcrumbList","@id":"https:\/\/www.westrockcoffee.com\/pt-pt\/capacidades\/pronto-para-beber\/#breadcrumb","itemListElement":[{"@type":"ListItem","position":1,"name":"Casa","item":"https:\/\/www.westrockcoffee.com\/pt-pt\/"},{"@type":"ListItem","position":2,"name":"Capacidades","item":"https:\/\/www.westrockcoffee.com\/pt-pt\/capacidades\/"},{"@type":"ListItem","position":3,"name":"Pronto para beber"}]},{"@type":"WebSite","@id":"https:\/\/www.westrockcoffee.com\/pt-pt\/#website","url":"https:\/\/www.westrockcoffee.com\/pt-pt\/","name":"Westrock Coffee","description":"","potentialAction":[{"@type":"SearchAction","target":{"@type":"EntryPoint","urlTemplate":"https:\/\/www.westrockcoffee.com\/pt-pt\/?s={search_term_string}"},"query-input":{"@type":"PropertyValueSpecification","valueRequired":true,"valueName":"search_term_string"}}],"inLanguage":"pt-PT"}]}},"_links":{"self":[{"href":"https:\/\/www.westrockcoffee.com\/pt-pt\/wp-json\/wp\/v2\/pages\/6771","targetHints":{"allow":["GET"]}}],"collection":[{"href":"https:\/\/www.westrockcoffee.com\/pt-pt\/wp-json\/wp\/v2\/pages"}],"about":[{"href":"https:\/\/www.westrockcoffee.com\/pt-pt\/wp-json\/wp\/v2\/types\/page"}],"author":[{"embeddable":true,"href":"https:\/\/www.westrockcoffee.com\/pt-pt\/wp-json\/wp\/v2\/users\/2"}],"replies":[{"embeddable":true,"href":"https:\/\/www.westrockcoffee.com\/pt-pt\/wp-json\/wp\/v2\/comments?post=6771"}],"version-history":[{"count":0,"href":"https:\/\/www.westrockcoffee.com\/pt-pt\/wp-json\/wp\/v2\/pages\/6771\/revisions"}],"up":[{"embeddable":true,"href":"https:\/\/www.westrockcoffee.com\/pt-pt\/wp-json\/wp\/v2\/pages\/6232"}],"wp:attachment":[{"href":"https:\/\/www.westrockcoffee.com\/pt-pt\/wp-json\/wp\/v2\/media?parent=6771"}],"curies":[{"name":"wp","href":"https:\/\/api.w.org\/{rel}","templated":true}]}}