{"id":6592,"date":"2024-12-19T14:38:29","date_gmt":"2024-12-19T19:38:29","guid":{"rendered":"https:\/\/westrockcoffee.wpenginepowered.com\/capacidades\/cafe\/cafe-kohana\/"},"modified":"2025-05-19T02:29:36","modified_gmt":"2025-05-19T07:29:36","slug":"cafe-kohana","status":"publish","type":"page","link":"https:\/\/www.westrockcoffee.com\/pt-pt\/capacidades\/cafe\/cafe-kohana\/","title":{"rendered":"Caf\u00e9 Kohana"},"content":{"rendered":"<section class=\"relative px-4 pt-8 md:pt-[180px] pb-24 bg-cover bg-[30%_50%] lg:bg-center interior-hero kohana-hero\" style=\"background-image:url(https:\/\/www.westrockcoffee.com\/wp-content\/uploads\/2024\/12\/kohana-hero-section-3.jpg)\" loading=\"eager\">\n                    <div class=\"hidden md:block absolute top-0 left-0 w-full h-full max-h-screen bg-gradient-to-b from-black\/90 via-[300px] via-transparent z-10\"><\/div>\n        <div class=\"max-w-7xl mx-auto flex flex-col justify-between gap-16 md:gap-24 xl:gap-32 2xl:gap-40\">\n        <nav class=\"list-none flex gap-2 text-white z-10 breadcrumbs\" aria-label=\"Breadcrumbs\">\n        <span><span><a href=\"https:\/\/www.westrockcoffee.com\/pt-pt\/\">Casa<\/a><\/span><\/span>\n        <\/nav>\n                <div class=\"flex flex-col gap-8\">\n            <h1 class=\"text-5xl xl:text-6xl 2xl:text-7xl text-white font-black uppercase md:max-w-[75%] xl:max-w-[65%] z-10\"> <\/h1>\n                                <\/div>\n    <\/div>\n<\/section>\n<section class=\"wp-block-group craft-roasted-section is-horizontal is-content-justification-center is-nowrap is-layout-flex wp-container-core-group-is-layout-c1dfda1e wp-block-group-is-layout-flex\">\n<div class=\"wp-block-group\"><div class=\"wp-block-group__inner-container is-layout-constrained wp-block-group-is-layout-constrained\">\n<h1 class=\"wp-block-heading kohana-header has-text-color has-link-color wp-elements-28f498925b4b4c0d24bb9b265faeb1b2\" style=\"color:#4e2c1d;font-size:84px\">ASSADO ARTESANAL<br\/>FEIJ\u00d5ES<\/h1>\n\n\n\n<figure class=\"wp-block-image size-large is-resized\"><img loading=\"lazy\" decoding=\"async\" width=\"1024\" height=\"649\" src=\"https:\/\/www.westrockcoffee.com\/wp-content\/uploads\/2024\/12\/kohana-coffee-ground-1024x649.jpg\" alt=\"caf&#xE9; em gr&#xE3;o e mo&#xED;do\" class=\"wp-image-2186\" style=\"width:366px;height:auto\" srcset=\"https:\/\/www.westrockcoffee.com\/wp-content\/uploads\/2024\/12\/kohana-coffee-ground-1024x649.jpg 1024w, https:\/\/www.westrockcoffee.com\/wp-content\/uploads\/2024\/12\/kohana-coffee-ground-300x190.jpg 300w, https:\/\/www.westrockcoffee.com\/wp-content\/uploads\/2024\/12\/kohana-coffee-ground-768x487.jpg 768w, https:\/\/www.westrockcoffee.com\/wp-content\/uploads\/2024\/12\/kohana-coffee-ground-1536x973.jpg 1536w, https:\/\/www.westrockcoffee.com\/wp-content\/uploads\/2024\/12\/kohana-coffee-ground-2048x1298.jpg 2048w\" sizes=\"auto, (max-width: 1024px) 100vw, 1024px\" \/><\/figure>\n<\/div><\/div>\n\n\n\n<div class=\"wp-block-group is-nowrap is-layout-flex wp-container-core-group-is-layout-ad2f72ca wp-block-group-is-layout-flex\">\n<p class=\"craft-roasted-body has-text-color has-link-color wp-elements-c9abde982afa10ef352af7420acdb5a6\" style=\"color:#4e2c1d;font-size:23px;font-style:normal;font-weight:600\">Nascido no cora\u00e7\u00e3o do Havai, o Kohana Coffee \u00e9 uma prova da arte da torrefa\u00e7\u00e3o de caf\u00e9. Selecionamos meticulosamente os melhores gr\u00e3os e criamos misturas criativas e excecionais de origem \u00fanica, inspiradas num mundo de sabores. Das ilhas \u00e0 Calif\u00f3rnia e mais al\u00e9m, Kohana \u00e9 conhecida pela sua dedica\u00e7\u00e3o ao of\u00edcio.  <\/p>\n<\/div>\n<\/section>\n\n<div class=\"wp-block-media-text is-stacked-on-mobile kohana-ground-bg\" style=\"grid-template-columns:30% auto\"><figure class=\"wp-block-media-text__media\"><img loading=\"lazy\" decoding=\"async\" width=\"600\" height=\"600\" src=\"https:\/\/www.westrockcoffee.com\/wp-content\/uploads\/2024\/12\/kohana-ground-mockup.png\" alt=\"Maquete de caf\u00e9 mo\u00eddo Kohana\" class=\"wp-image-2172 size-full\" srcset=\"https:\/\/www.westrockcoffee.com\/wp-content\/uploads\/2024\/12\/kohana-ground-mockup.png 600w, https:\/\/www.westrockcoffee.com\/wp-content\/uploads\/2024\/12\/kohana-ground-mockup-300x300.png 300w, https:\/\/www.westrockcoffee.com\/wp-content\/uploads\/2024\/12\/kohana-ground-mockup-150x150.png 150w, https:\/\/www.westrockcoffee.com\/wp-content\/uploads\/2024\/12\/kohana-ground-mockup-400x400.png 400w\" sizes=\"auto, (max-width: 600px) 100vw, 600px\" \/><\/figure><div class=\"wp-block-media-text__content\">\n<h1 class=\"wp-block-heading kohana-header has-white-color has-text-color has-link-color wp-elements-8fd1d0642e6a428d441c820924acefde\" style=\"font-size:84px\">COMPRE 12 on\u00e7as<br\/>CAF\u00c9<\/h1>\n\n\n\n<p class=\"craft-roasted-body has-white-color has-text-color has-link-color wp-elements-1185638e2d9bc0ae39bcd8c9a80b9ebd\" style=\"font-size:23px\"><br\/>Siga o link para comprar<br\/>o nosso solo e todo o<br\/>linha de caf\u00e9 em gr\u00e3o!<br\/><br\/><\/p>\n\n\n\n<div class=\"wp-block-buttons is-layout-flex wp-block-buttons-is-layout-flex\">\n<div class=\"wp-block-button has-custom-width wp-block-button__width-25 has-custom-font-size is-style-outline buy-now-kohana is-style-outline--1\" style=\"font-size:17px\"><a class=\"wp-block-button__link has-white-color has-text-color has-background has-link-color wp-element-button\" href=\"https:\/\/kohanacoffee.com\/collections\/slow-roasted-beans\" style=\"border-radius:11px;background-color:#df231d\"><strong>COMPRAR J\u00c1<\/strong><\/a><\/div>\n<\/div>\n<\/div><\/div>\n\n<section class=\"wp-block-group craft-roasted-section is-nowrap is-layout-flex wp-container-core-group-is-layout-ad2f72ca wp-block-group-is-layout-flex\">\n<div class=\"wp-block-group\"><div class=\"wp-block-group__inner-container is-layout-constrained wp-block-group-is-layout-constrained\">\n<h1 class=\"wp-block-heading kohana-header has-text-color has-link-color wp-elements-b817e1379b14b9eb0897e8db07e2e2ab\" style=\"color:#4e2c1d;font-size:84px\">O QUE \u00c9<br\/>CERVEJARIA?<\/h1>\n\n\n\n<p class=\"craft-roasted-body has-text-color has-link-color wp-elements-9412393733d43d1402395dea5993d940\" style=\"color:#4e2c1d;font-size:23px;font-style:normal;font-weight:600\"><br\/>Fique atento para conhecer alguns produtos novos e interessantes da Kohana Cold Brew!<\/p>\n<\/div><\/div>\n\n\n\n<div class=\"wp-block-group is-nowrap is-layout-flex wp-container-core-group-is-layout-ad2f72ca wp-block-group-is-layout-flex\">\n<figure class=\"wp-block-image size-full is-resized\"><img loading=\"lazy\" decoding=\"async\" width=\"636\" height=\"554\" src=\"https:\/\/www.westrockcoffee.com\/wp-content\/uploads\/2024\/12\/kohana-ready-to-drink.jpg\" alt=\"\" class=\"wp-image-2169\" style=\"width:707px;height:auto\" srcset=\"https:\/\/www.westrockcoffee.com\/wp-content\/uploads\/2024\/12\/kohana-ready-to-drink.jpg 636w, https:\/\/www.westrockcoffee.com\/wp-content\/uploads\/2024\/12\/kohana-ready-to-drink-300x261.jpg 300w\" sizes=\"auto, (max-width: 636px) 100vw, 636px\" \/><\/figure>\n<\/div>\n<\/section>\n<section class=\"px-4 py-12 xl:py-20 testimonial-block bg-brand-blue-light hidden\" >\n    <div data-aos=\"fade-up\" class=\"max-w-7xl mx-auto\">\n        <div class=\"flex flex-col gap-16\">\n                            <div class=\"flex flex-col md:flex-row gap-8 md:gap-32 items-center justify-center\">\n                    <img class=\"md:max-w-[50%] lazyload\" data-src=\"https:\/\/www.westrockcoffee.com\/wp-content\/uploads\/2024\/10\/600x600.png\" alt=\"\" \/>\n                    <div class=\"md:w-1\/2 flex flex-col gap-8\">\n                        <div class=\"text-2xl md:text-3xl font-medium prose quote-text\"><p>Lorem ipsum dolor sit amet, consectetur adipiscing elit, sed do eiusmod tempor incididunt ut labore et dolore magna aliqua.<\/p>\n<\/div>\n                        <div>\n                            <div class=\"text-xl font-bold uppercase\">Parceiro Agricultor<\/div>\n                            <div class=\"text-xl\">T\u00edtulo do Parceiro<\/div>\n                        <\/div>\n                    <\/div>\n                <\/div>\n                    <\/div>\n    <\/div>\n<\/section>\n<style>.via-\\[300px\\] {\n    --tw-gradient-via-position: 120px;\n}<\/style>\n","protected":false},"excerpt":{"rendered":"<p>ASSADO ARTESANALFEIJ\u00d5ES Nascido no cora\u00e7\u00e3o do Havai, o Kohana Coffee \u00e9 uma prova da arte da torrefa\u00e7\u00e3o de caf\u00e9. Selecionamos meticulosamente os melhores gr\u00e3os e criamos misturas criativas e excecionais de origem \u00fanica, inspiradas num mundo de sabores. Das ilhas \u00e0 Calif\u00f3rnia e mais al\u00e9m, Kohana \u00e9 conhecida pela sua dedica\u00e7\u00e3o ao of\u00edcio. O QUE [&hellip;]<\/p>\n","protected":false},"author":16,"featured_media":0,"parent":6581,"menu_order":0,"comment_status":"closed","ping_status":"closed","template":"","meta":{"_acf_changed":false,"content-type":"","footnotes":""},"class_list":["post-6592","page","type-page","status-publish","hentry"],"acf":[],"yoast_head":"<!-- This site is optimized with the Yoast SEO plugin v27.4 - https:\/\/yoast.com\/product\/yoast-seo-wordpress\/ -->\n<title>Caf\u00e9 Kohana | Westrock Coffee<\/title>\n<meta name=\"description\" content=\"A Westrock Coffee tem como objetivo ser o fornecedor mais competitivo e inovador de solu\u00e7\u00f5es de bebidas para as marcas mais conceituadas do mundo.\" \/>\n<meta name=\"robots\" content=\"index, follow, max-snippet:-1, max-image-preview:large, max-video-preview:-1\" \/>\n<link rel=\"canonical\" href=\"https:\/\/www.westrockcoffee.com\/pt-pt\/capacidades\/cafe\/cafe-kohana\/\" \/>\n<meta property=\"og:locale\" content=\"pt_PT\" \/>\n<meta property=\"og:type\" content=\"article\" \/>\n<meta property=\"og:title\" content=\"Caf\u00e9 Kohana | Westrock Coffee\" \/>\n<meta property=\"og:description\" content=\"A Westrock Coffee tem como objetivo ser o fornecedor mais competitivo e inovador de solu\u00e7\u00f5es de bebidas para as marcas mais conceituadas do mundo.\" \/>\n<meta property=\"og:url\" content=\"https:\/\/www.westrockcoffee.com\/pt-pt\/capacidades\/cafe\/cafe-kohana\/\" \/>\n<meta property=\"og:site_name\" content=\"Westrock Coffee\" \/>\n<meta property=\"article:modified_time\" content=\"2025-05-19T07:29:36+00:00\" \/>\n<meta property=\"og:image\" content=\"https:\/\/www.westrockcoffee.com\/wp-content\/uploads\/2024\/12\/kohana-coffee-ground-scaled.jpg\" \/>\n\t<meta property=\"og:image:width\" content=\"2560\" \/>\n\t<meta property=\"og:image:height\" content=\"1622\" \/>\n\t<meta property=\"og:image:type\" content=\"image\/jpeg\" \/>\n<meta name=\"twitter:card\" content=\"summary_large_image\" \/>\n<script type=\"application\/ld+json\" class=\"yoast-schema-graph\">{\"@context\":\"https:\\\/\\\/schema.org\",\"@graph\":[{\"@type\":\"WebPage\",\"@id\":\"https:\\\/\\\/www.westrockcoffee.com\\\/pt-pt\\\/capacidades\\\/cafe\\\/cafe-kohana\\\/\",\"url\":\"https:\\\/\\\/www.westrockcoffee.com\\\/pt-pt\\\/capacidades\\\/cafe\\\/cafe-kohana\\\/\",\"name\":\"Caf\u00e9 Kohana | Westrock Coffee\",\"isPartOf\":{\"@id\":\"https:\\\/\\\/www.westrockcoffee.com\\\/pt-pt\\\/#website\"},\"primaryImageOfPage\":{\"@id\":\"https:\\\/\\\/www.westrockcoffee.com\\\/pt-pt\\\/capacidades\\\/cafe\\\/cafe-kohana\\\/#primaryimage\"},\"image\":{\"@id\":\"https:\\\/\\\/www.westrockcoffee.com\\\/pt-pt\\\/capacidades\\\/cafe\\\/cafe-kohana\\\/#primaryimage\"},\"thumbnailUrl\":\"https:\\\/\\\/www.westrockcoffee.com\\\/wp-content\\\/uploads\\\/2024\\\/12\\\/kohana-coffee-ground-1024x649.jpg\",\"datePublished\":\"2024-12-19T19:38:29+00:00\",\"dateModified\":\"2025-05-19T07:29:36+00:00\",\"description\":\"A Westrock Coffee tem como objetivo ser o fornecedor mais competitivo e inovador de solu\u00e7\u00f5es de bebidas para as marcas mais conceituadas do mundo.\",\"breadcrumb\":{\"@id\":\"https:\\\/\\\/www.westrockcoffee.com\\\/pt-pt\\\/capacidades\\\/cafe\\\/cafe-kohana\\\/#breadcrumb\"},\"inLanguage\":\"pt-PT\",\"potentialAction\":[{\"@type\":\"ReadAction\",\"target\":[\"https:\\\/\\\/www.westrockcoffee.com\\\/pt-pt\\\/capacidades\\\/cafe\\\/cafe-kohana\\\/\"]}]},{\"@type\":\"ImageObject\",\"inLanguage\":\"pt-PT\",\"@id\":\"https:\\\/\\\/www.westrockcoffee.com\\\/pt-pt\\\/capacidades\\\/cafe\\\/cafe-kohana\\\/#primaryimage\",\"url\":\"https:\\\/\\\/www.westrockcoffee.com\\\/wp-content\\\/uploads\\\/2024\\\/12\\\/kohana-coffee-ground-1024x649.jpg\",\"contentUrl\":\"https:\\\/\\\/www.westrockcoffee.com\\\/wp-content\\\/uploads\\\/2024\\\/12\\\/kohana-coffee-ground-1024x649.jpg\"},{\"@type\":\"BreadcrumbList\",\"@id\":\"https:\\\/\\\/www.westrockcoffee.com\\\/pt-pt\\\/capacidades\\\/cafe\\\/cafe-kohana\\\/#breadcrumb\",\"itemListElement\":[{\"@type\":\"ListItem\",\"position\":1,\"name\":\"Casa\",\"item\":\"https:\\\/\\\/www.westrockcoffee.com\\\/pt-pt\\\/\"},{\"@type\":\"ListItem\",\"position\":2,\"name\":\"Capacidades\",\"item\":\"https:\\\/\\\/www.westrockcoffee.com\\\/pt-pt\\\/capacidades\\\/\"},{\"@type\":\"ListItem\",\"position\":3,\"name\":\"Caf\u00e9\",\"item\":\"https:\\\/\\\/www.westrockcoffee.com\\\/pt-pt\\\/capacidades\\\/cafe\\\/\"},{\"@type\":\"ListItem\",\"position\":4,\"name\":\"Caf\u00e9 Kohana\"}]},{\"@type\":\"WebSite\",\"@id\":\"https:\\\/\\\/www.westrockcoffee.com\\\/pt-pt\\\/#website\",\"url\":\"https:\\\/\\\/www.westrockcoffee.com\\\/pt-pt\\\/\",\"name\":\"Westrock Coffee\",\"description\":\"\",\"potentialAction\":[{\"@type\":\"SearchAction\",\"target\":{\"@type\":\"EntryPoint\",\"urlTemplate\":\"https:\\\/\\\/www.westrockcoffee.com\\\/pt-pt\\\/?s={search_term_string}\"},\"query-input\":{\"@type\":\"PropertyValueSpecification\",\"valueRequired\":true,\"valueName\":\"search_term_string\"}}],\"inLanguage\":\"pt-PT\"}]}<\/script>\n<!-- \/ Yoast SEO plugin. -->","yoast_head_json":{"title":"Caf\u00e9 Kohana | Westrock Coffee","description":"A Westrock Coffee tem como objetivo ser o fornecedor mais competitivo e inovador de solu\u00e7\u00f5es de bebidas para as marcas mais conceituadas do mundo.","robots":{"index":"index","follow":"follow","max-snippet":"max-snippet:-1","max-image-preview":"max-image-preview:large","max-video-preview":"max-video-preview:-1"},"canonical":"https:\/\/www.westrockcoffee.com\/pt-pt\/capacidades\/cafe\/cafe-kohana\/","og_locale":"pt_PT","og_type":"article","og_title":"Caf\u00e9 Kohana | Westrock Coffee","og_description":"A Westrock Coffee tem como objetivo ser o fornecedor mais competitivo e inovador de solu\u00e7\u00f5es de bebidas para as marcas mais conceituadas do mundo.","og_url":"https:\/\/www.westrockcoffee.com\/pt-pt\/capacidades\/cafe\/cafe-kohana\/","og_site_name":"Westrock Coffee","article_modified_time":"2025-05-19T07:29:36+00:00","og_image":[{"width":2560,"height":1622,"url":"https:\/\/www.westrockcoffee.com\/wp-content\/uploads\/2024\/12\/kohana-coffee-ground-scaled.jpg","type":"image\/jpeg"}],"twitter_card":"summary_large_image","schema":{"@context":"https:\/\/schema.org","@graph":[{"@type":"WebPage","@id":"https:\/\/www.westrockcoffee.com\/pt-pt\/capacidades\/cafe\/cafe-kohana\/","url":"https:\/\/www.westrockcoffee.com\/pt-pt\/capacidades\/cafe\/cafe-kohana\/","name":"Caf\u00e9 Kohana | Westrock Coffee","isPartOf":{"@id":"https:\/\/www.westrockcoffee.com\/pt-pt\/#website"},"primaryImageOfPage":{"@id":"https:\/\/www.westrockcoffee.com\/pt-pt\/capacidades\/cafe\/cafe-kohana\/#primaryimage"},"image":{"@id":"https:\/\/www.westrockcoffee.com\/pt-pt\/capacidades\/cafe\/cafe-kohana\/#primaryimage"},"thumbnailUrl":"https:\/\/www.westrockcoffee.com\/wp-content\/uploads\/2024\/12\/kohana-coffee-ground-1024x649.jpg","datePublished":"2024-12-19T19:38:29+00:00","dateModified":"2025-05-19T07:29:36+00:00","description":"A Westrock Coffee tem como objetivo ser o fornecedor mais competitivo e inovador de solu\u00e7\u00f5es de bebidas para as marcas mais conceituadas do mundo.","breadcrumb":{"@id":"https:\/\/www.westrockcoffee.com\/pt-pt\/capacidades\/cafe\/cafe-kohana\/#breadcrumb"},"inLanguage":"pt-PT","potentialAction":[{"@type":"ReadAction","target":["https:\/\/www.westrockcoffee.com\/pt-pt\/capacidades\/cafe\/cafe-kohana\/"]}]},{"@type":"ImageObject","inLanguage":"pt-PT","@id":"https:\/\/www.westrockcoffee.com\/pt-pt\/capacidades\/cafe\/cafe-kohana\/#primaryimage","url":"https:\/\/www.westrockcoffee.com\/wp-content\/uploads\/2024\/12\/kohana-coffee-ground-1024x649.jpg","contentUrl":"https:\/\/www.westrockcoffee.com\/wp-content\/uploads\/2024\/12\/kohana-coffee-ground-1024x649.jpg"},{"@type":"BreadcrumbList","@id":"https:\/\/www.westrockcoffee.com\/pt-pt\/capacidades\/cafe\/cafe-kohana\/#breadcrumb","itemListElement":[{"@type":"ListItem","position":1,"name":"Casa","item":"https:\/\/www.westrockcoffee.com\/pt-pt\/"},{"@type":"ListItem","position":2,"name":"Capacidades","item":"https:\/\/www.westrockcoffee.com\/pt-pt\/capacidades\/"},{"@type":"ListItem","position":3,"name":"Caf\u00e9","item":"https:\/\/www.westrockcoffee.com\/pt-pt\/capacidades\/cafe\/"},{"@type":"ListItem","position":4,"name":"Caf\u00e9 Kohana"}]},{"@type":"WebSite","@id":"https:\/\/www.westrockcoffee.com\/pt-pt\/#website","url":"https:\/\/www.westrockcoffee.com\/pt-pt\/","name":"Westrock Coffee","description":"","potentialAction":[{"@type":"SearchAction","target":{"@type":"EntryPoint","urlTemplate":"https:\/\/www.westrockcoffee.com\/pt-pt\/?s={search_term_string}"},"query-input":{"@type":"PropertyValueSpecification","valueRequired":true,"valueName":"search_term_string"}}],"inLanguage":"pt-PT"}]}},"_links":{"self":[{"href":"https:\/\/www.westrockcoffee.com\/pt-pt\/wp-json\/wp\/v2\/pages\/6592","targetHints":{"allow":["GET"]}}],"collection":[{"href":"https:\/\/www.westrockcoffee.com\/pt-pt\/wp-json\/wp\/v2\/pages"}],"about":[{"href":"https:\/\/www.westrockcoffee.com\/pt-pt\/wp-json\/wp\/v2\/types\/page"}],"author":[{"embeddable":true,"href":"https:\/\/www.westrockcoffee.com\/pt-pt\/wp-json\/wp\/v2\/users\/16"}],"replies":[{"embeddable":true,"href":"https:\/\/www.westrockcoffee.com\/pt-pt\/wp-json\/wp\/v2\/comments?post=6592"}],"version-history":[{"count":0,"href":"https:\/\/www.westrockcoffee.com\/pt-pt\/wp-json\/wp\/v2\/pages\/6592\/revisions"}],"up":[{"embeddable":true,"href":"https:\/\/www.westrockcoffee.com\/pt-pt\/wp-json\/wp\/v2\/pages\/6581"}],"wp:attachment":[{"href":"https:\/\/www.westrockcoffee.com\/pt-pt\/wp-json\/wp\/v2\/media?parent=6592"}],"curies":[{"name":"wp","href":"https:\/\/api.w.org\/{rel}","templated":true}]}}