{"id":6581,"date":"2024-09-05T14:17:36","date_gmt":"2024-09-05T19:17:36","guid":{"rendered":"https:\/\/westrockcoffee.wpenginepowered.com\/capacidades\/cafe\/"},"modified":"2025-05-19T02:50:01","modified_gmt":"2025-05-19T07:50:01","slug":"cafe","status":"publish","type":"page","link":"https:\/\/www.westrockcoffee.com\/pt-pt\/capacidades\/cafe\/","title":{"rendered":"Caf\u00e9"},"content":{"rendered":"<section class=\"relative px-4 pt-8 md:pt-[180px] pb-24 bg-cover bg-[30%_50%] lg:bg-center interior-hero \" style=\"background-image:url(https:\/\/www.westrockcoffee.com\/wp-content\/uploads\/2024\/09\/Coffee-header.jpg)\" loading=\"eager\">\n                    <div class=\"hidden md:block absolute top-0 left-0 w-full h-full max-h-screen bg-gradient-to-b from-black\/90 via-[300px] via-transparent z-10\"><\/div>\n        <div class=\"max-w-7xl mx-auto flex flex-col justify-between gap-16\">\n        <nav class=\"list-none flex gap-2 text-white z-10 breadcrumbs\" aria-label=\"Breadcrumbs\">\n        <span><span><a href=\"https:\/\/www.westrockcoffee.com\/pt-pt\/\">Casa<\/a><\/span><\/span>\n        <\/nav>\n                <div class=\"flex flex-col gap-8\">\n            <h1 class=\"text-5xl xl:text-6xl 2xl:text-7xl text-white font-black uppercase md:max-w-[75%] xl:max-w-[65%] z-10\">Dominando Solu\u00e7\u00f5es de Caf\u00e9 de Marca Pr\u00f3pria<\/h1>\n                            <div class=\"text-2xl text-white font-light prose z-10 md:max-w-[75%] lg:max-w-[65%]\"><p>Desde a obten\u00e7\u00e3o dos melhores gr\u00e3os at\u00e9 \u00e0 entrega de misturas personalizadas, criamos solu\u00e7\u00f5es de caf\u00e9 de marca pr\u00f3pria que impulsionam a satisfa\u00e7\u00e3o do cliente e o crescimento do neg\u00f3cio.<\/p>\n<\/div>\n                                        <a target=\"\" href=\"https:\/\/www.westrockcoffee.com\/pt-pt\/contacto\/\" class=\"self-start bg-transparent text-white border border-white font-medium text-lg md:text-xl xl:text-2xl py-2 px-8 hover:bg-white hover:text-black transition z-10\">Comece a usar o Westrock<\/a>\n                    <\/div>\n    <\/div>\n<\/section>\n\n<section class=\"sticky top-[72px] md:top-0 left-0 px-4 bg-brand-blue-light w-full on-this-page z-10 \" x-data=\"onThisPage\" x-init=\"\">\n    <nav class=\"py-6 max-w-7xl mx-auto flex gap-16 xl:gap-24 overflow-x-auto\">\n        <h2 class=\"sr-only\">On This Page<\/h2>\n                                <a @click.prevent=\"scrollToSection('Overview')\" class=\"text-black font-bold text-lg md:text-xl hover:text-brand-purple whitespace-nowrap border-b-4 border-brand-blue-light transition\" href=\"#Overview\">Vis\u00e3o geral<\/a>\n                                <a @click.prevent=\"scrollToSection('HowWeHelp')\" class=\"text-black font-bold text-lg md:text-xl hover:text-brand-purple whitespace-nowrap border-b-4 border-brand-blue-light transition\" href=\"#HowWeHelp\">Como ajudamos<\/a>\n                                <a @click.prevent=\"scrollToSection('WhyWestrock')\" class=\"text-black font-bold text-lg md:text-xl hover:text-brand-purple whitespace-nowrap border-b-4 border-brand-blue-light transition\" href=\"#WhyWestrock\">Porqu\u00ea Westrock<\/a>\n                                <a @click.prevent=\"scrollToSection('Experience')\" class=\"text-black font-bold text-lg md:text-xl hover:text-brand-purple whitespace-nowrap border-b-4 border-brand-blue-light transition\" href=\"#Experience\">Experi\u00eancia<\/a>\n                <a @hover=\"scrollRight\" @click.prevent=\"scrollRight\" class=\"hidden text-white -rotate-90 absolute w-[80px] text-center bg-black -right-8 top-1\/2 -translate-y-1\/2 font-bold text-xs hover:animate-pulse transition\" href=\"#\" x-init=\"determineOtpScroll\"><span class=\"inline-block rotate-180\">^<\/span> Scroll<\/a>\n    <\/nav>\n<\/section>\n\n<section class=\"px-4 py-12 xl:py-20 intro-paragraph bg-white \" data-anchor=\"Overview\">\n    <div data-aos=\"fade-up\" class=\"prose text-2xl md:text-3xl max-w-4xl leading-relaxed md:leading-[50px] mx-auto font-medium\"><p>A nossa base \u00e9 o caf\u00e9 e somos apaixonados por oferecer uma qualidade excecional em cada ch\u00e1vena. <mark>A nossa equipa de classe mundial trabalha consigo para desenvolver ofertas de caf\u00e9 perfeitas, adaptadas para satisfazer os gostos dos seus clientes e os seus objetivos comerciais.<\/mark><\/p>\n<\/div>\n<\/section>\n\n<section class=\"bg-brand-blue-light px-4 py-12 xl:py-20 how-we-help \" data-anchor=\"HowWeHelp\">\n    <div class=\"max-w-5xl mx-auto\">\n        <div class=\"flex flex-col items-center justify-center gap-16\">\n            <div class=\"max-w-3xl mx-auto text-center flex flex-col gap-12\">\n                                    <h2 data-aos=\"fade-up\"  class=\"text-3xl md:text-4xl lg:text-5xl font-black uppercase\">Como ajudamos as marcas a produzir mais e a vender mais<\/h2>\n                                                    <div data-aos=\"fade-up\"  class=\"font-light text-xl prose\"><p>Quando se trata de uma variedade de misturas prontas a vender, super\u00e1mos as expectativas com um cat\u00e1logo de caf\u00e9s, incluindo o inovador caf\u00e9 frio que preparamos artesanalmente em escala, eliminando os limites de fornecimento.<\/p>\n<\/div>\n                            <\/div>\n                            <div class=\"grid grid-cols-1 sm:grid-cols-2 md:grid-cols-3 gap-x-8 gap-y-12 lg:gap-16\">\n                                            <div class=\"flex flex-col gap-8 items-center\">\n                                                            <img data-aos=\"fade-up\"  class=\"lazyload rounded-full max-w-[50%] sm:max-w-[60%] lg:max-w-[70%] mx-auto border-2 border-white\" data-src=\"https:\/\/www.westrockcoffee.com\/wp-content\/uploads\/2024\/09\/694A2346-privatelabel-scaled.jpg\" alt=\"\" \/>\n                                                        <div class=\"flex flex-col gap-1 text-center\" data-aos=\"fade-up\">\n                                                                    <h3 class=\"text-xl font-bold\">Caf\u00e9 de marca pr\u00f3pria<\/h3>\n                                                                                                    <div class=\"prose text-lg font-light leading-tight\"><p>Atendemos marcas l\u00edderes com solu\u00e7\u00f5es de caf\u00e9 que elevam as suas ofertas de menu e impulsionam a lealdade do cliente. Os nossos produtos individuais, torrados e mo\u00eddos, em gr\u00e3o integral e preparados a frio s\u00e3o elaborados para satisfazer as necessidades exclusivas da sua marca. <\/p>\n<\/div>\n                                                            <\/div>\n                        <\/div>\n                                            <div class=\"flex flex-col gap-8 items-center\">\n                                                            <img data-aos=\"fade-up\"  class=\"lazyload rounded-full max-w-[50%] sm:max-w-[60%] lg:max-w-[70%] mx-auto border-2 border-white\" data-src=\"https:\/\/www.westrockcoffee.com\/wp-content\/uploads\/2024\/09\/360_0645-hotcoffee_1-scaled.jpg\" alt=\"\" \/>\n                                                        <div class=\"flex flex-col gap-1 text-center\" data-aos=\"fade-up\">\n                                                                    <h3 class=\"text-xl font-bold\">Origem do caf\u00e9<\/h3>\n                                                                                                    <div class=\"prose text-lg font-light leading-tight\"><p>A nossa rede global de fornecimento liga-o aos melhores gr\u00e3os, oferecendo transpar\u00eancia e qualidade em cada lote. Tratamos das complexidades para que se possa concentrar em entregar um caf\u00e9 saboroso aos seus clientes. <\/p>\n<\/div>\n                                                            <\/div>\n                        <\/div>\n                                            <div class=\"flex flex-col gap-8 items-center\">\n                                                            <img data-aos=\"fade-up\"  class=\"lazyload rounded-full max-w-[50%] sm:max-w-[60%] lg:max-w-[70%] mx-auto border-2 border-white\" data-src=\"https:\/\/www.westrockcoffee.com\/wp-content\/uploads\/2024\/09\/694A2122-Edit-copy-coldcoffee-scaled.jpg\" alt=\"\" \/>\n                                                        <div class=\"flex flex-col gap-1 text-center\" data-aos=\"fade-up\">\n                                                                    <h3 class=\"text-xl font-bold\">Misturas personalizadas<\/h3>\n                                                                                                    <div class=\"prose text-lg font-light leading-tight\"><p>Colabore com os nossos torrefadores especialistas para desenvolver misturas exclusivas que estejam alinhadas com a identidade da sua marca, garantindo um perfil de sabor distinto que o diferencie no mercado.<\/p>\n<\/div>\n                                                            <\/div>\n                        <\/div>\n                                    <\/div>\n                    <\/div>\n    <\/div>\n<\/section>\n\n<section class=\"px-4 py-12 xl:py-20 list-w-icons bg-white \" data-anchor=\"WhyWestrock\">\n    <div class=\"max-w-7xl mx-auto\">\n                    <h2 data-aos=\"fade-up\" class=\"text-3xl md:text-4xl lg:text-5xl font-black uppercase text-center mb-12\">Porqu\u00ea trabalhar com a Westrock<\/h2>\n                <div class=\"flex flex-col md:flex-row items-center justify-center gap-12\">\n            <ul class=\"list-none flex flex-col gap-4 w-full md:w-1\/2 order-2 md:order-1\">\n                                    <li data-aos=\"fade-up\" class=\"flex gap-4 md:gap-8\">\n                        <img class=\"lazyload w-16 self-start rounded-full\" data-src=\"https:\/\/www.westrockcoffee.com\/wp-content\/uploads\/2024\/10\/WROC_icons-purple_innovation.svg\" alt=\"\" \/>\n                        <div class=\"prose text-xl font-light\"><p><strong>Inova\u00e7\u00e3o que impulsiona os neg\u00f3cios<\/strong><br \/>\nLeve os seus conceitos exclusivos de caf\u00e9 ao mercado de forma r\u00e1pida e precisa, aproveitando a nossa experi\u00eancia e inova\u00e7\u00e3o baseada em insights.<\/p>\n<\/div>\n                    <\/li>\n                                    <li data-aos=\"fade-up\" class=\"flex gap-4 md:gap-8\">\n                        <img class=\"lazyload w-16 self-start rounded-full\" data-src=\"https:\/\/www.westrockcoffee.com\/wp-content\/uploads\/2024\/10\/WROC_icons-purple_coffee-beans.svg\" alt=\"\" \/>\n                        <div class=\"prose text-xl font-light\"><p><strong>Criar caf\u00e9 de excel\u00eancia<\/strong><br \/>\nCrie solu\u00e7\u00f5es de caf\u00e9 de marca pr\u00f3pria premium com a nossa equipa global, garantindo uma qualidade incompar\u00e1vel desde o fornecimento at\u00e9 \u00e0 produ\u00e7\u00e3o.<\/p>\n<\/div>\n                    <\/li>\n                                    <li data-aos=\"fade-up\" class=\"flex gap-4 md:gap-8\">\n                        <img class=\"lazyload w-16 self-start rounded-full\" data-src=\"https:\/\/www.westrockcoffee.com\/wp-content\/uploads\/2024\/10\/WROC_icons-purple_traceability.svg\" alt=\"\" \/>\n                        <div class=\"prose text-xl font-light\"><p><strong>Poder global na ponta dos seus dedos<\/strong><br \/>\nAmplie as suas ofertas de caf\u00e9 sem esfor\u00e7o com a nossa ampla capacidade de produ\u00e7\u00e3o e rede mundial, adaptada para satisfazer as necessidades espec\u00edficas da sua marca.<\/p>\n<\/div>\n                    <\/li>\n                                    <li data-aos=\"fade-up\" class=\"flex gap-4 md:gap-8\">\n                        <img class=\"lazyload w-16 self-start rounded-full\" data-src=\"https:\/\/www.westrockcoffee.com\/wp-content\/uploads\/2024\/10\/WROC_icons-purple_farmer.svg\" alt=\"\" \/>\n                        <div class=\"prose text-xl font-light\"><p><strong>Sustentabilidade para al\u00e9m das expectativas<\/strong><br \/>\nSupere os seus objetivos de sustentabilidade e atenda \u00e0 procura do consumidor por produtos ecol\u00f3gicos atrav\u00e9s das nossas pr\u00e1ticas l\u00edderes do setor.<\/p>\n<\/div>\n                    <\/li>\n                            <\/ul> \n                                                                                <div class=\"w-full md:w-1\/2 order-1 md:order-2\">\n                                            <figure>\n                            <img data-aos=\"fade-up\" class=\"lazyload\" data-src=\"https:\/\/www.westrockcoffee.com\/wp-content\/uploads\/2024\/10\/Whywestrock-coffee_800-x-800.jpg\" alt=\"Why Work With Westrock\" \/>\n                                                    <\/figure>\n                                    <\/div>\n                    <\/div>\n    <\/div>\n<\/section>\n\n<section class=\"px-4 py-12 xl:py-20 stats bg-white \">\n    <div class=\"max-w-7xl mx-auto\">\n                    <h2 data-aos=\"fade-up\" class=\"text-3xl md:text-4xl lg:text-5xl font-black uppercase text-center mb-12\">O nosso sucesso no caf\u00e9<\/h2>\n                <div class=\"grid grid-cols-1 md:grid-cols-3 gap-20\">\n                            <div data-aos=\"fade-up\" class=\"flex flex-col gap-4 items-center\">\n                                        <div class=\"text-6xl font-black text-brand-purple whitespace-nowrap flex gap-2\">\n                                                <span>#<\/span>\n                                                <span>1<\/span>\n                                            <\/div>\n                    <div class=\"text-lg text-center md:text-left font-light leading-tight prose max-w-sm\"><p>Fornecedor de caf\u00e9 para restaurantes e lojas de conveni\u00eancia dos EUA.<\/p>\n<\/div>\n                <\/div>\n                            <div data-aos=\"fade-up\" class=\"flex flex-col gap-4 items-center\">\n                                        <div class=\"text-6xl font-black text-brand-purple whitespace-nowrap flex gap-2\">\n                                                <span>35<\/span>\n                                                <span>M<\/span>\n                                            <\/div>\n                    <div class=\"text-lg text-center md:text-left font-light leading-tight prose max-w-sm\"><p>Libras em cadeias de fornecimento de caf\u00e9 rastre\u00e1veis \u200b\u200bdigitalmente.<\/p>\n<\/div>\n                <\/div>\n                            <div data-aos=\"fade-up\" class=\"flex flex-col gap-4 items-center\">\n                                        <div class=\"text-6xl font-black text-brand-purple whitespace-nowrap flex gap-2\">\n                                                <span>100<\/span>\n                                                <span>%<\/span>\n                                            <\/div>\n                    <div class=\"text-lg text-center md:text-left font-light leading-tight prose max-w-sm\"><p>produtos respons\u00e1veis \u200b\u200bentregues at\u00e9 2025.<\/p>\n<\/div>\n                <\/div>\n                    <\/div>\n            <\/div>\n<\/section>\n\n<section class=\"px-4 py-12 xl:py-20 content-text-block bg-white \" >\n    <div class=\"max-w-7xl mx-auto\">\n                    <div class=\"flex flex-col gap-16\">\n                                                                                <div>\n                    <div class=\"flex flex-col md:flex-row gap-8 md:gap-32 items-center justify-center\">\n                        <div class=\"text-xl prose md:w-1\/2 order-2 md:order-1 font-light text-black\"><h2>CRESCENDO JUNTAMENTE COM A WESTOCK COFFEE<\/h2>\n<p>Na Westrock, acreditamos na constru\u00e7\u00e3o de parcerias fortes e colaborativas. Trabalhamos em estreita colabora\u00e7\u00e3o consigo para compreender a sua vis\u00e3o, adaptarmo-nos \u00e0s suas necessidades e criar uma experi\u00eancia de caf\u00e9 perfeita que impulsione o crescimento e o sucesso m\u00fatuos. <\/p>\n<\/div>\n                                                    <div class=\"w-full md:max-w-[50%] order-1 md:order-2\">\n                                <figure>\n                                    <img data-aos=\"fade-up\" class=\"mx-auto lazyload\" data-src=\"https:\/\/www.westrockcoffee.com\/wp-content\/uploads\/2024\/10\/Growing-Together-with-Westrock-Coffee.jpg\" alt=\"Growing Together with Westrock Coffee\" \/>\n                                                                    <\/figure>\n                            <\/div>\n                                            <\/div>\n                <\/div>\n                            <\/div>\n            <\/div>\n<\/section>\n\n<section class=\"bg-brand-blue-light px-4 py-12 xl:py-20 case-study-cta \" data-anchor=\"Experience\">\n    <div class=\"max-w-7xl mx-auto\">\n        <div class=\"flex flex-col md:flex-row gap-4 md:gap-16 lg:gap-24 xl:gap-32 bg-white justify-between\">\n            <div class=\"p-8 md:py-12 flex flex-col gap-12 md:w-3\/5 order-2 md:order-1\">\n                <div class=\"flex flex-col gap-4\">\n                                            <div data-aos=\"fade-up\" class=\"text-brand-purple text-2xl font-bold\">Estudo de caso em destaque<\/div>\n                                        <h2 data-aos=\"fade-up\" class=\"text-3xl md:text-4xl lg:text-5xl font-black uppercase\">Preparar para o sucesso: adaptar o caf\u00e9 \u00e0 nova oferta de um QSR<\/h2>\n                                    <\/div>\n                <div class=\"flex flex-row flex-wrap gap-x-8 gap-y-4\">\n                                        <a aria-label=\"Read More about Preparar para o sucesso: adaptar o caf\u00e9 \u00e0 nova oferta de um QSR\" data-aos=\"fade-up\" class=\"bg-black text-white text-xl md:text-2xl px-8 pt-1 pb-2 self-start border border-black hover:bg-transparent hover:text-brand-purple hover:border-brand-purple transition whitespace-nowrap\" href=\"https:\/\/www.westrockcoffee.com\/pt-pt\/case-study\/preparar-para-o-sucesso-adaptar-o-cafe-a-nova-oferta-de-um-qsr\/\">Ler mais<\/a>\n                                            <a data-aos=\"fade-up\" target=\"\" class=\"text-black text-xl md:text-2xl py-1 self-start font-bold transition whitespace-nowrap group flex items-center gap-2\" href=\"https:\/\/www.westrockcoffee.com\/pt-pt\/percepcoes\/estudos-de-caso\/\">\n                            <span class=\"group-hover:text-brand-purple transition\">Ver tudo<\/span>\n                            <svg class=\"group-hover:translate-x-2 group-hover:text-brand-purple transition\" width=\"29\" height=\"25\" viewBox=\"0 0 29 25\" fill=\"none\" xmlns=\"http:\/\/www.w3.org\/2000\/svg\">\n                                <path d=\"M28.2 11.6V13.2L15.68 24.64L12.96 21.32C16.52 18.48 20.12 15.92 22.88 14.12L22.8 13.88C19.16 14.24 14.2 14.4 9.56 14.4H0.72L0.72 10.4H9.56C14.2 10.4 19.16 10.56 22.8 10.92L22.88 10.68C20.08 8.88 16.56 6.36 12.96 3.48L15.68 0.199999L28.2 11.6Z\" fill=\"currentColor\" \/>\n                            <\/svg>\n                        <\/a>\n                                    <\/div>\n            <\/div>\n                                                                                <img data-aos=\"fade-up\" class=\"md:w-2\/5 object-cover lazyload order-1 md:order-2\" data-src=\"https:\/\/www.westrockcoffee.com\/wp-content\/uploads\/2024\/10\/Brewing-for-Success-Tailoring-Coffee-for-a-QSRs-New-Offering-1024x683.jpg\" alt=\"\" \/>\n                    <\/div>\n    <\/div>\n<\/section>\n\n<section class=\"bg-brand-green px-4 py-12 related-capabilities \" >\n    <div class=\"max-w-7xl mx-auto\">\n        <h2 data-aos=\"fade-up\" class=\"text-white text-3xl md:text-4xl lg:text-5xl mb-8 font-black uppercase\">Links relacionados<\/h2>\n        <nav class=\"list-none columns-2 lg:max-w-[80%]\">\n            <ul>\n                            <\/ul>\n        <\/nav>\n    <\/div>\n<\/section>","protected":false},"excerpt":{"rendered":"","protected":false},"author":2,"featured_media":0,"parent":6232,"menu_order":0,"comment_status":"closed","ping_status":"closed","template":"","meta":{"_acf_changed":false,"content-type":"","footnotes":""},"class_list":["post-6581","page","type-page","status-publish","hentry"],"acf":[],"yoast_head":"<!-- This site is optimized with the Yoast SEO plugin v27.4 - https:\/\/yoast.com\/product\/yoast-seo-wordpress\/ -->\n<title>Caf\u00e9 de marca pr\u00f3pria | Westrock Coffee<\/title>\n<meta name=\"description\" content=\"A Westrock Coffee oferece solu\u00e7\u00f5es inovadoras em bebidas, especializando-se em caf\u00e9 de marca pr\u00f3pria para mercados globais competitivos.\" \/>\n<meta name=\"robots\" content=\"index, follow, max-snippet:-1, max-image-preview:large, max-video-preview:-1\" \/>\n<link rel=\"canonical\" href=\"https:\/\/www.westrockcoffee.com\/pt-pt\/capacidades\/cafe\/\" \/>\n<meta property=\"og:locale\" content=\"pt_PT\" \/>\n<meta property=\"og:type\" content=\"article\" \/>\n<meta property=\"og:title\" content=\"Caf\u00e9 de marca pr\u00f3pria | Westrock Coffee\" \/>\n<meta property=\"og:description\" content=\"A Westrock Coffee oferece solu\u00e7\u00f5es inovadoras em bebidas, especializando-se em caf\u00e9 de marca pr\u00f3pria para mercados globais competitivos.\" \/>\n<meta property=\"og:url\" content=\"https:\/\/www.westrockcoffee.com\/pt-pt\/capacidades\/cafe\/\" \/>\n<meta property=\"og:site_name\" content=\"Westrock Coffee\" \/>\n<meta property=\"article:modified_time\" content=\"2025-05-19T07:50:01+00:00\" \/>\n<meta name=\"twitter:card\" content=\"summary_large_image\" \/>\n<script type=\"application\/ld+json\" class=\"yoast-schema-graph\">{\"@context\":\"https:\\\/\\\/schema.org\",\"@graph\":[{\"@type\":\"WebPage\",\"@id\":\"https:\\\/\\\/www.westrockcoffee.com\\\/pt-pt\\\/capacidades\\\/cafe\\\/\",\"url\":\"https:\\\/\\\/www.westrockcoffee.com\\\/pt-pt\\\/capacidades\\\/cafe\\\/\",\"name\":\"Caf\u00e9 de marca pr\u00f3pria | Westrock Coffee\",\"isPartOf\":{\"@id\":\"https:\\\/\\\/www.westrockcoffee.com\\\/pt-pt\\\/#website\"},\"datePublished\":\"2024-09-05T19:17:36+00:00\",\"dateModified\":\"2025-05-19T07:50:01+00:00\",\"description\":\"A Westrock Coffee oferece solu\u00e7\u00f5es inovadoras em bebidas, especializando-se em caf\u00e9 de marca pr\u00f3pria para mercados globais competitivos.\",\"breadcrumb\":{\"@id\":\"https:\\\/\\\/www.westrockcoffee.com\\\/pt-pt\\\/capacidades\\\/cafe\\\/#breadcrumb\"},\"inLanguage\":\"pt-PT\",\"potentialAction\":[{\"@type\":\"ReadAction\",\"target\":[\"https:\\\/\\\/www.westrockcoffee.com\\\/pt-pt\\\/capacidades\\\/cafe\\\/\"]}]},{\"@type\":\"BreadcrumbList\",\"@id\":\"https:\\\/\\\/www.westrockcoffee.com\\\/pt-pt\\\/capacidades\\\/cafe\\\/#breadcrumb\",\"itemListElement\":[{\"@type\":\"ListItem\",\"position\":1,\"name\":\"Casa\",\"item\":\"https:\\\/\\\/www.westrockcoffee.com\\\/pt-pt\\\/\"},{\"@type\":\"ListItem\",\"position\":2,\"name\":\"Capacidades\",\"item\":\"https:\\\/\\\/www.westrockcoffee.com\\\/pt-pt\\\/capacidades\\\/\"},{\"@type\":\"ListItem\",\"position\":3,\"name\":\"Caf\u00e9\"}]},{\"@type\":\"WebSite\",\"@id\":\"https:\\\/\\\/www.westrockcoffee.com\\\/pt-pt\\\/#website\",\"url\":\"https:\\\/\\\/www.westrockcoffee.com\\\/pt-pt\\\/\",\"name\":\"Westrock Coffee\",\"description\":\"\",\"potentialAction\":[{\"@type\":\"SearchAction\",\"target\":{\"@type\":\"EntryPoint\",\"urlTemplate\":\"https:\\\/\\\/www.westrockcoffee.com\\\/pt-pt\\\/?s={search_term_string}\"},\"query-input\":{\"@type\":\"PropertyValueSpecification\",\"valueRequired\":true,\"valueName\":\"search_term_string\"}}],\"inLanguage\":\"pt-PT\"}]}<\/script>\n<!-- \/ Yoast SEO plugin. -->","yoast_head_json":{"title":"Caf\u00e9 de marca pr\u00f3pria | Westrock Coffee","description":"A Westrock Coffee oferece solu\u00e7\u00f5es inovadoras em bebidas, especializando-se em caf\u00e9 de marca pr\u00f3pria para mercados globais competitivos.","robots":{"index":"index","follow":"follow","max-snippet":"max-snippet:-1","max-image-preview":"max-image-preview:large","max-video-preview":"max-video-preview:-1"},"canonical":"https:\/\/www.westrockcoffee.com\/pt-pt\/capacidades\/cafe\/","og_locale":"pt_PT","og_type":"article","og_title":"Caf\u00e9 de marca pr\u00f3pria | Westrock Coffee","og_description":"A Westrock Coffee oferece solu\u00e7\u00f5es inovadoras em bebidas, especializando-se em caf\u00e9 de marca pr\u00f3pria para mercados globais competitivos.","og_url":"https:\/\/www.westrockcoffee.com\/pt-pt\/capacidades\/cafe\/","og_site_name":"Westrock Coffee","article_modified_time":"2025-05-19T07:50:01+00:00","twitter_card":"summary_large_image","schema":{"@context":"https:\/\/schema.org","@graph":[{"@type":"WebPage","@id":"https:\/\/www.westrockcoffee.com\/pt-pt\/capacidades\/cafe\/","url":"https:\/\/www.westrockcoffee.com\/pt-pt\/capacidades\/cafe\/","name":"Caf\u00e9 de marca pr\u00f3pria | Westrock Coffee","isPartOf":{"@id":"https:\/\/www.westrockcoffee.com\/pt-pt\/#website"},"datePublished":"2024-09-05T19:17:36+00:00","dateModified":"2025-05-19T07:50:01+00:00","description":"A Westrock Coffee oferece solu\u00e7\u00f5es inovadoras em bebidas, especializando-se em caf\u00e9 de marca pr\u00f3pria para mercados globais competitivos.","breadcrumb":{"@id":"https:\/\/www.westrockcoffee.com\/pt-pt\/capacidades\/cafe\/#breadcrumb"},"inLanguage":"pt-PT","potentialAction":[{"@type":"ReadAction","target":["https:\/\/www.westrockcoffee.com\/pt-pt\/capacidades\/cafe\/"]}]},{"@type":"BreadcrumbList","@id":"https:\/\/www.westrockcoffee.com\/pt-pt\/capacidades\/cafe\/#breadcrumb","itemListElement":[{"@type":"ListItem","position":1,"name":"Casa","item":"https:\/\/www.westrockcoffee.com\/pt-pt\/"},{"@type":"ListItem","position":2,"name":"Capacidades","item":"https:\/\/www.westrockcoffee.com\/pt-pt\/capacidades\/"},{"@type":"ListItem","position":3,"name":"Caf\u00e9"}]},{"@type":"WebSite","@id":"https:\/\/www.westrockcoffee.com\/pt-pt\/#website","url":"https:\/\/www.westrockcoffee.com\/pt-pt\/","name":"Westrock Coffee","description":"","potentialAction":[{"@type":"SearchAction","target":{"@type":"EntryPoint","urlTemplate":"https:\/\/www.westrockcoffee.com\/pt-pt\/?s={search_term_string}"},"query-input":{"@type":"PropertyValueSpecification","valueRequired":true,"valueName":"search_term_string"}}],"inLanguage":"pt-PT"}]}},"_links":{"self":[{"href":"https:\/\/www.westrockcoffee.com\/pt-pt\/wp-json\/wp\/v2\/pages\/6581","targetHints":{"allow":["GET"]}}],"collection":[{"href":"https:\/\/www.westrockcoffee.com\/pt-pt\/wp-json\/wp\/v2\/pages"}],"about":[{"href":"https:\/\/www.westrockcoffee.com\/pt-pt\/wp-json\/wp\/v2\/types\/page"}],"author":[{"embeddable":true,"href":"https:\/\/www.westrockcoffee.com\/pt-pt\/wp-json\/wp\/v2\/users\/2"}],"replies":[{"embeddable":true,"href":"https:\/\/www.westrockcoffee.com\/pt-pt\/wp-json\/wp\/v2\/comments?post=6581"}],"version-history":[{"count":0,"href":"https:\/\/www.westrockcoffee.com\/pt-pt\/wp-json\/wp\/v2\/pages\/6581\/revisions"}],"up":[{"embeddable":true,"href":"https:\/\/www.westrockcoffee.com\/pt-pt\/wp-json\/wp\/v2\/pages\/6232"}],"wp:attachment":[{"href":"https:\/\/www.westrockcoffee.com\/pt-pt\/wp-json\/wp\/v2\/media?parent=6581"}],"curies":[{"name":"wp","href":"https:\/\/api.w.org\/{rel}","templated":true}]}}