{"id":6534,"date":"2024-10-03T04:05:29","date_gmt":"2024-10-03T09:05:29","guid":{"rendered":"https:\/\/westrockcoffee.wpenginepowered.com\/cha-e-energia-v2\/"},"modified":"2025-05-19T01:36:18","modified_gmt":"2025-05-19T06:36:18","slug":"cha-e-energia-v2","status":"publish","type":"page","link":"https:\/\/www.westrockcoffee.com\/pt-pt\/cha-e-energia-v2\/","title":{"rendered":"Ch\u00e1 e Energia (v2)"},"content":{"rendered":"<section class=\"relative px-4 pt-8 md:pt-[180px] pb-24 bg-cover bg-[30%_50%] lg:bg-center interior-hero \" style=\"background-image:url(https:\/\/www.westrockcoffee.com\/wp-content\/uploads\/2024\/09\/extended-capabilities-header_3840-x-935-scaled.jpg)\" loading=\"eager\">\n                    <div class=\"hidden md:block absolute top-0 left-0 w-full h-full max-h-screen bg-gradient-to-b from-black\/90 via-[300px] via-transparent z-10\"><\/div>\n            <div class=\"absolute bg-gradient-to-r from-black\/50 to-transparent z-0 h-full w-full top-0 left-0\"><\/div>\n        <div class=\"max-w-7xl mx-auto flex flex-col justify-between gap-16\">\n        <nav class=\"list-none flex gap-2 text-white z-10 breadcrumbs\" aria-label=\"Breadcrumbs\">\n        <span><span><a href=\"https:\/\/www.westrockcoffee.com\/pt-pt\/\">Casa<\/a><\/span><\/span>\n        <\/nav>\n                <div class=\"flex flex-col gap-8\">\n            <h1 class=\"text-5xl xl:text-6xl 2xl:text-7xl text-white font-black uppercase md:max-w-[75%] xl:max-w-[65%] z-10\">Ch\u00e1 personalizado e Inova\u00e7\u00f5es em bebidas energ\u00e9ticas<\/h1>\n                            <div class=\"text-2xl text-white font-light prose z-10 md:max-w-[75%] lg:max-w-[65%]\"><p>Eleve a sua linha de bebidas com as solu\u00e7\u00f5es de ch\u00e1 e energia premium e de origem respons\u00e1vel da Westrock Coffee.<\/p>\n<p>&nbsp;<\/p>\n<\/div>\n                                        <a target=\"\" href=\"https:\/\/www.westrockcoffee.com\/pt-pt\/contacto\/\" class=\"self-start bg-transparent text-white border border-white font-medium text-lg md:text-xl xl:text-2xl py-2 px-8 hover:bg-white hover:text-black transition z-10\">Comece a usar o Westrock<\/a>\n                    <\/div>\n    <\/div>\n<\/section><section class=\"sticky top-[72px] md:top-0 left-0 px-4 bg-brand-blue-light w-full on-this-page z-10 \" x-data=\"onThisPage\" x-init=\"\">\n    <nav class=\"py-6 max-w-7xl mx-auto flex gap-16 xl:gap-24 overflow-x-auto\">\n        <h2 class=\"sr-only\">On This Page<\/h2>\n                                <a @click.prevent=\"scrollToSection('Overview')\" class=\"text-black font-bold text-lg md:text-xl hover:text-brand-purple whitespace-nowrap border-b-4 border-brand-blue-light transition\" href=\"#Overview\">Overview<\/a>\n                                <a @click.prevent=\"scrollToSection('HowWeHelp')\" class=\"text-black font-bold text-lg md:text-xl hover:text-brand-purple whitespace-nowrap border-b-4 border-brand-blue-light transition\" href=\"#HowWeHelp\">How We Help<\/a>\n                                <a @click.prevent=\"scrollToSection('WhyWestrock')\" class=\"text-black font-bold text-lg md:text-xl hover:text-brand-purple whitespace-nowrap border-b-4 border-brand-blue-light transition\" href=\"#WhyWestrock\">Why Westrock<\/a>\n                                <a @click.prevent=\"scrollToSection('Experience')\" class=\"text-black font-bold text-lg md:text-xl hover:text-brand-purple whitespace-nowrap border-b-4 border-brand-blue-light transition\" href=\"#Experience\">Experience<\/a>\n                <a @hover=\"scrollRight\" @click.prevent=\"scrollRight\" class=\"hidden text-white -rotate-90 absolute w-[80px] text-center bg-black -right-8 top-1\/2 -translate-y-1\/2 font-bold text-xs hover:animate-pulse transition\" href=\"#\" x-init=\"determineOtpScroll\"><span class=\"inline-block rotate-180\">^<\/span> Scroll<\/a>\n    <\/nav>\n<\/section><section class=\"px-4 py-12 xl:py-20 intro-paragraph bg-white \" data-anchor=\"Overview\">\n    <div data-aos=\"fade-up\" class=\"prose text-2xl md:text-3xl max-w-4xl leading-relaxed md:leading-[50px] mx-auto font-medium\"><p>Manter-se competitivo no mercado das bebidas significa oferecer produtos que v\u00e3o ao encontro da procura do consumidor por qualidade, sustentabilidade e escolhas conscientes sobre a sa\u00fade. <mark>Na Westrock, ajudamos a atingir estes objetivos como o maior fornecedor de ch\u00e1 para servi\u00e7os alimentares nos EUA, servindo mais de 5,7 milh\u00f5es de ch\u00e1venas de ch\u00e1 diariamente.<\/mark> As nossas parcerias diretas com produtores locais garantem que recebe o ch\u00e1 mais fresco e da mais alta qualidade, ao mesmo tempo que cumprimos as normas de sustentabilidade, protegemos os direitos humanos e minimizamos o impacto ambiental.<\/p>\n<p>&nbsp;<\/p>\n<\/div>\n<\/section><section class=\"bg-brand-blue-light px-4 py-12 xl:py-20 how-we-help \" data-anchor=\"HowWeHelp\">\n    <div class=\"max-w-7xl mx-auto\">\n        <div class=\"flex flex-col items-center justify-center gap-16\">\n            <div class=\"max-w-3xl mx-auto text-center flex flex-col gap-12\">\n                                    <h2 data-aos=\"fade-up\"  class=\"text-3xl md:text-4xl lg:text-5xl font-black uppercase\">Como ajudamos as marcas a produzir mais e a vender mais<\/h2>\n                                                    <div data-aos=\"fade-up\"  class=\"font-light text-xl prose\"><p>Estabele\u00e7a uma parceria connosco para revolucionar a sua gama de bebidas com solu\u00e7\u00f5es de ch\u00e1 inovadoras e vers\u00e1teis, concebidas para satisfazer a procura do consumidor por qualidade e sustentabilidade.<\/p>\n<p>&nbsp;<\/p>\n<\/div>\n                            <\/div>\n                            <div class=\"grid grid-cols-1 sm:grid-cols-2 md:grid-cols-4 gap-x-8 gap-y-12 lg:gap-16\">\n                                            <div class=\"flex flex-col gap-8 items-center\">\n                                                            <img data-aos=\"fade-up\"  class=\"lazyload rounded-full max-w-[50%] sm:max-w-[60%] lg:max-w-[70%] mx-auto border-2 border-white\" data-src=\"https:\/\/www.westrockcoffee.com\/wp-content\/uploads\/2024\/09\/694A2897-hot-tea-scaled.jpg\" alt=\"\" \/>\n                                                        <div class=\"flex flex-col gap-1 text-center\" data-aos=\"fade-up\">\n                                                                    <h3 class=\"text-xl font-bold\">Ofertas de ch\u00e1 quente <\/h3>\n                                                                                                    <div class=\"prose text-lg font-light leading-tight\"><p>Ofere\u00e7a aos seus clientes uma variedade de ch\u00e1s pretos, verdes, aromatizados e de ervas que se destacam no mercado. As nossas op\u00e7\u00f5es pr\u00e1ticas de embalagem \u2014 ch\u00e1 aberto, saquetas com filtro e saquetas de ch\u00e1 piramidal \u2014 permitem oferecer qualidade e variedade, aumentando o envolvimento e a lealdade do consumidor. <\/p>\n<p>&nbsp;<\/p>\n<\/div>\n                                                            <\/div>\n                        <\/div>\n                                            <div class=\"flex flex-col gap-8 items-center\">\n                                                            <img data-aos=\"fade-up\"  class=\"lazyload rounded-full max-w-[50%] sm:max-w-[60%] lg:max-w-[70%] mx-auto border-2 border-white\" data-src=\"https:\/\/www.westrockcoffee.com\/wp-content\/uploads\/2024\/09\/694A0414-iced-tea-scaled.jpg\" alt=\"\" \/>\n                                                        <div class=\"flex flex-col gap-1 text-center\" data-aos=\"fade-up\">\n                                                                    <h3 class=\"text-xl font-bold\">Ofertas de ch\u00e1 gelado <\/h3>\n                                                                                                    <div class=\"prose text-lg font-light leading-tight\"><p>Alargue o seu portef\u00f3lio de bebidas com a nossa gama de ch\u00e1 gelado, incluindo ch\u00e1s pretos e verdes cl\u00e1ssicos e ch\u00e1s Mangrove Bay<sup>\u00ae<\/sup> com sabores exclusivos. As nossas op\u00e7\u00f5es concentradas de Teafinity<sup>\u00ae<\/sup> oferecem flexibilidade e atendem \u00e0s prefer\u00eancias em constante evolu\u00e7\u00e3o dos consumidores, ajudando-o a impulsionar a expans\u00e3o e a diferencia\u00e7\u00e3o do mercado. <\/p>\n<p>&nbsp;<\/p>\n<\/div>\n                                                            <\/div>\n                        <\/div>\n                                            <div class=\"flex flex-col gap-8 items-center\">\n                                                            <img data-aos=\"fade-up\"  class=\"lazyload rounded-full max-w-[50%] sm:max-w-[60%] lg:max-w-[70%] mx-auto border-2 border-white\" data-src=\"https:\/\/www.westrockcoffee.com\/wp-content\/uploads\/2024\/10\/energy-refreshers.jpg\" alt=\"\" \/>\n                                                        <div class=\"flex flex-col gap-1 text-center\" data-aos=\"fade-up\">\n                                                                    <h3 class=\"text-xl font-bold\">Plataforma de Renova\u00e7\u00e3o Energ\u00e9tica <\/h3>\n                                                                                                    <div class=\"prose text-lg font-light leading-tight\"><p>Atraia consumidores preocupados com a sa\u00fade com a nossa plataforma de bebidas revigorantes, que combina os benef\u00edcios do ch\u00e1 e das bebidas energ\u00e9ticas. Escolha entre uma variedade de sabores frutados e perfis energ\u00e9ticos tradicionais para aumentar o envolvimento do consumidor e captar novos segmentos de mercado. <\/p>\n<p>&nbsp;<\/p>\n<\/div>\n                                                            <\/div>\n                        <\/div>\n                                            <div class=\"flex flex-col gap-8 items-center\">\n                                                            <img data-aos=\"fade-up\"  class=\"lazyload rounded-full max-w-[50%] sm:max-w-[60%] lg:max-w-[70%] mx-auto border-2 border-white\" data-src=\"https:\/\/www.westrockcoffee.com\/wp-content\/uploads\/2024\/10\/private-label-image.jpg\" alt=\"\" \/>\n                                                        <div class=\"flex flex-col gap-1 text-center\" data-aos=\"fade-up\">\n                                                                    <h3 class=\"text-xl font-bold\">Solu\u00e7\u00f5es de Marca Pr\u00f3pria<\/h3>\n                                                                                                    <div class=\"prose text-lg font-light leading-tight\"><p>Diferencie a sua marca num cen\u00e1rio competitivo com as nossas solu\u00e7\u00f5es personalizadas de ch\u00e1 de marca pr\u00f3pria.<\/p>\n<p>&nbsp;<\/p>\n<\/div>\n                                                            <\/div>\n                        <\/div>\n                                    <\/div>\n                    <\/div>\n    <\/div>\n<\/section><section class=\"px-4 py-12 xl:py-20 list-w-icons bg-white \" data-anchor=\"WhyWestrock\">\n    <div class=\"max-w-7xl mx-auto\">\n                    <h2 data-aos=\"fade-up\" class=\"text-3xl md:text-4xl lg:text-5xl font-black uppercase text-center mb-12\">Porqu\u00ea trabalhar com a Westrock<\/h2>\n                <div class=\"flex flex-col md:flex-row items-center justify-center gap-12\">\n            <ul class=\"list-none flex flex-col gap-4 w-full md:w-1\/2 order-2 md:order-1\">\n                                    <li data-aos=\"fade-up\" class=\"flex gap-4 md:gap-8\">\n                        <img class=\"lazyload w-16 self-start rounded-full\" data-src=\"https:\/\/www.westrockcoffee.com\/wp-content\/uploads\/2024\/08\/WROC_raiz-icons_suppliers-e1724429310665.png\" alt=\"suppliers\" \/>\n                        <div class=\"prose text-xl font-light\"><p><strong>Garantia de Qualidade<\/strong><br \/>\nAumente a lealdade e a confian\u00e7a do consumidor com os nossos produtos de origem respons\u00e1vel que garantem uma qualidade consistente e incompar\u00e1vel em cada ch\u00e1vena.<\/p>\n<p>&nbsp;<\/p>\n<\/div>\n                    <\/li>\n                                    <li data-aos=\"fade-up\" class=\"flex gap-4 md:gap-8\">\n                        <img class=\"lazyload w-16 self-start rounded-full\" data-src=\"https:\/\/www.westrockcoffee.com\/wp-content\/uploads\/2024\/08\/WROC_raiz-icons_to-go-cup-e1724429403989.png\" alt=\"consumers\" \/>\n                        <div class=\"prose text-xl font-light\"><p><strong>Impulsionado pela inova\u00e7\u00e3o<\/strong><br \/>\nAumente as vendas e a quota de mercado, mantendo-se \u00e0 frente das tend\u00eancias do consumidor com as nossas solu\u00e7\u00f5es de bebidas de vanguarda, adaptadas \u00e0s necessidades da sua marca.<\/p>\n<p>&nbsp;<\/p>\n<\/div>\n                    <\/li>\n                                    <li data-aos=\"fade-up\" class=\"flex gap-4 md:gap-8\">\n                        <img class=\"lazyload w-16 self-start rounded-full\" data-src=\"https:\/\/www.westrockcoffee.com\/wp-content\/uploads\/2024\/08\/WROC_raiz-icons_farmer-e1724429281330.png\" alt=\"farmers\" \/>\n                        <div class=\"prose text-xl font-light\"><p><strong>Focado na Sustentabilidade<\/strong><br \/>\nAtinja os seus objetivos regulamentares e de sustentabilidade fazendo parceria com um l\u00edder do setor dedicado \u00e0 administra\u00e7\u00e3o ambiental e \u00e0 responsabilidade social.<\/p>\n<p>&nbsp;<\/p>\n<\/div>\n                    <\/li>\n                                    <li data-aos=\"fade-up\" class=\"flex gap-4 md:gap-8\">\n                        <img class=\"lazyload w-16 self-start rounded-full\" data-src=\"https:\/\/www.westrockcoffee.com\/wp-content\/uploads\/2024\/08\/WROC_raiz-icons_customer-e1724429362180.png\" alt=\"customers\" \/>\n                        <div class=\"prose text-xl font-light\"><p><strong>Suporte abrangente<\/strong><br \/>\nExpanda o seu portef\u00f3lio de produtos e impulsione o crescimento com a nossa orienta\u00e7\u00e3o especializada e ampla variedade de op\u00e7\u00f5es de bebidas concebidas para se adequarem \u00e0 sua estrat\u00e9gia de neg\u00f3cio.<\/p>\n<p>&nbsp;<\/p>\n<\/div>\n                    <\/li>\n                            <\/ul> \n                                                                                <div class=\"w-full md:w-1\/2 order-1 md:order-2\">\n                                            <figure>\n                            <img data-aos=\"fade-up\" class=\"lazyload\" data-src=\"https:\/\/www.westrockcoffee.com\/wp-content\/uploads\/2024\/09\/694A0325-why-work-with-us.jpg\" alt=\"\" \/>\n                                                    <\/figure>\n                                    <\/div>\n                    <\/div>\n    <\/div>\n<\/section><section class=\"px-4 py-12 xl:py-20 content-text-block bg-white \" >\n    <div class=\"max-w-7xl mx-auto\">\n                    <div class=\"flex flex-col gap-16\">\n                                                                                <div>\n                    <div class=\"flex flex-col md:flex-row gap-8 md:gap-32 items-center justify-center\">\n                                                    <div class=\"w-full md:max-w-[50%]\">\n                                <figure>\n                                    <img data-aos=\"fade-up\" class=\"mx-auto lazyload\" data-src=\"https:\/\/www.westrockcoffee.com\/wp-content\/uploads\/2024\/10\/Tea-and-Energy-Growth.jpeg\" alt=\"\" \/>\n                                                                    <\/figure>\n                            <\/div>\n                                                <div data-aos=\"fade-up\" class=\"text-xl prose md:w-1\/2 font-light text-black\"><h1>CRAFTING UNIQUE TEA AND ENERGY BEVERAGES FOR LASTING GROWTH<\/h1>\n<p>Uma parceria com a Westrock significa colaborar para criar solu\u00e7\u00f5es exclusivas de ch\u00e1s e bebidas energ\u00e9ticas que estejam alinhadas com a vis\u00e3o da sua marca, oferecendo a flexibilidade para se adaptar \u00e0s tend\u00eancias do mercado e o apoio necess\u00e1rio para impulsionar o crescimento m\u00fatuo e o sucesso num setor em constante evolu\u00e7\u00e3o.<\/p>\n<p>&nbsp;<\/p>\n<\/div>\n                    <\/div>\n                <\/div>\n                            <\/div>\n            <\/div>\n<\/section><section class=\"bg-brand-blue-light px-4 py-12 xl:py-20 case-study-cta \" data-anchor=\"Experience\">\n    <div class=\"max-w-7xl mx-auto\">\n        <div class=\"flex flex-col md:flex-row gap-4 md:gap-16 lg:gap-24 xl:gap-32 bg-white justify-between\">\n            <div class=\"p-8 md:py-12 flex flex-col gap-12 md:w-3\/5 order-2 md:order-1\">\n                <div class=\"flex flex-col gap-4\">\n                                            <div data-aos=\"fade-up\" class=\"text-brand-purple text-2xl font-bold\">Estudo de caso em destaque<\/div>\n                                        <h2 data-aos=\"fade-up\" class=\"text-3xl md:text-4xl lg:text-5xl font-black uppercase\">Transforma\u00e7\u00e3o do Ch\u00e1 Gelado: Uma Abordagem Refrescante de um QSR<\/h2>\n                                                                    <div class=\"flex gap-4 md:gap-16 case-study-stats\">\n                                                            <div data-aos=\"fade-up\" class=\"flex flex-col gap-2\">\n                                    <div class=\"text-brand-purple font-black text-5xl md:text-6xl flex gap-2\">\n                                                                                                                        <span>70<\/span>\n                                                                                <span>Gal\u00f5es<\/span>\n                                                                            <\/div>\n                                                                            <div class=\"text-lg font-light\"><p><span style=\"font-weight: 400;\">De ch\u00e1 gelado por loja por dia.<\/span><\/p>\n<p>\u00a0<\/p>\n<\/div>\n                                                                    <\/div>\n                                                    <\/div>\n                                    <\/div>\n                <div class=\"flex flex-row flex-wrap gap-x-8 gap-y-4\">\n                                        <a aria-label=\"Read More about Transforma\u00e7\u00e3o do Ch\u00e1 Gelado: Uma Abordagem Refrescante de um QSR\" data-aos=\"fade-up\" class=\"bg-black text-white text-xl md:text-2xl px-8 pt-1 pb-2 self-start border border-black hover:bg-transparent hover:text-brand-purple hover:border-brand-purple transition whitespace-nowrap\" href=\"https:\/\/www.westrockcoffee.com\/pt-pt\/case-study\/transformacao-do-cha-gelado-uma-abordagem-refrescante-de-um-qsr\/\">Ler mais<\/a>\n                                            <a data-aos=\"fade-up\" target=\"\" class=\"text-black text-xl md:text-2xl py-1 self-start font-bold transition whitespace-nowrap group flex items-center gap-2\" href=\"https:\/\/www.westrockcoffee.com\/insights\/case-studies\/\">\n                            <span class=\"group-hover:text-brand-purple transition\">Ver tudo<\/span>\n                            <svg class=\"group-hover:translate-x-2 group-hover:text-brand-purple transition\" width=\"29\" height=\"25\" viewBox=\"0 0 29 25\" fill=\"none\" xmlns=\"http:\/\/www.w3.org\/2000\/svg\">\n                                <path d=\"M28.2 11.6V13.2L15.68 24.64L12.96 21.32C16.52 18.48 20.12 15.92 22.88 14.12L22.8 13.88C19.16 14.24 14.2 14.4 9.56 14.4H0.72L0.72 10.4H9.56C14.2 10.4 19.16 10.56 22.8 10.92L22.88 10.68C20.08 8.88 16.56 6.36 12.96 3.48L15.68 0.199999L28.2 11.6Z\" fill=\"currentColor\" \/>\n                            <\/svg>\n                        <\/a>\n                                    <\/div>\n            <\/div>\n                                                                                <img data-aos=\"fade-up\" class=\"md:w-2\/5 object-cover lazyload order-1 md:order-2\" data-src=\"https:\/\/www.westrockcoffee.com\/wp-content\/uploads\/2024\/10\/Iced-Tea-Transformation-A-QSRs-Refreshing-Approach-1024x683.jpg\" alt=\"\" \/>\n                    <\/div>\n    <\/div>\n<\/section><section class=\"bg-brand-green px-4 py-12 related-capabilities \" >\n    <div class=\"max-w-7xl mx-auto\">\n        <h2 data-aos=\"fade-up\" class=\"text-white text-3xl md:text-4xl lg:text-5xl mb-8 font-black uppercase\">Links relacionados<\/h2>\n        <nav class=\"list-none columns-2 lg:max-w-[80%]\">\n            <ul>\n                            <\/ul>\n        <\/nav>\n    <\/div>\n<\/section>","protected":false},"excerpt":{"rendered":"","protected":false},"author":2,"featured_media":0,"parent":0,"menu_order":0,"comment_status":"closed","ping_status":"closed","template":"","meta":{"_acf_changed":false,"content-type":"","footnotes":""},"class_list":["post-6534","page","type-page","status-publish","hentry"],"acf":[],"yoast_head":"<!-- This site is optimized with the Yoast SEO plugin v27.3 - https:\/\/yoast.com\/product\/yoast-seo-wordpress\/ -->\n<title>Ch\u00e1 e Energia (v2) | Westrock Coffee<\/title>\n<meta name=\"description\" content=\"Westrock Coffee aims to be the world&#039;s most competitive and innovative provider of beverage solutions. Learn more about us on our Ch\u00e1 e Energia (v2) page.\" \/>\n<meta name=\"robots\" content=\"index, follow, max-snippet:-1, max-image-preview:large, max-video-preview:-1\" \/>\n<link rel=\"canonical\" href=\"https:\/\/www.westrockcoffee.com\/pt-pt\/cha-e-energia-v2\/\" \/>\n<meta property=\"og:locale\" content=\"pt_PT\" \/>\n<meta property=\"og:type\" content=\"article\" \/>\n<meta property=\"og:title\" content=\"Ch\u00e1 e Energia (v2) | Westrock Coffee\" \/>\n<meta property=\"og:description\" content=\"Westrock Coffee aims to be the world&#039;s most competitive and innovative provider of beverage solutions. Learn more about us on our Ch\u00e1 e Energia (v2) page.\" \/>\n<meta property=\"og:url\" content=\"https:\/\/www.westrockcoffee.com\/pt-pt\/cha-e-energia-v2\/\" \/>\n<meta property=\"og:site_name\" content=\"Westrock Coffee\" \/>\n<meta property=\"article:modified_time\" content=\"2025-05-19T06:36:18+00:00\" \/>\n<meta name=\"twitter:card\" content=\"summary_large_image\" \/>\n<script type=\"application\/ld+json\" class=\"yoast-schema-graph\">{\"@context\":\"https:\\\/\\\/schema.org\",\"@graph\":[{\"@type\":\"WebPage\",\"@id\":\"https:\\\/\\\/www.westrockcoffee.com\\\/pt-pt\\\/cha-e-energia-v2\\\/\",\"url\":\"https:\\\/\\\/www.westrockcoffee.com\\\/pt-pt\\\/cha-e-energia-v2\\\/\",\"name\":\"Ch\u00e1 e Energia (v2) | Westrock Coffee\",\"isPartOf\":{\"@id\":\"https:\\\/\\\/www.westrockcoffee.com\\\/pt-pt\\\/#website\"},\"datePublished\":\"2024-10-03T09:05:29+00:00\",\"dateModified\":\"2025-05-19T06:36:18+00:00\",\"description\":\"Westrock Coffee aims to be the world's most competitive and innovative provider of beverage solutions. Learn more about us on our Ch\u00e1 e Energia (v2) page.\",\"breadcrumb\":{\"@id\":\"https:\\\/\\\/www.westrockcoffee.com\\\/pt-pt\\\/cha-e-energia-v2\\\/#breadcrumb\"},\"inLanguage\":\"pt-PT\",\"potentialAction\":[{\"@type\":\"ReadAction\",\"target\":[\"https:\\\/\\\/www.westrockcoffee.com\\\/pt-pt\\\/cha-e-energia-v2\\\/\"]}]},{\"@type\":\"BreadcrumbList\",\"@id\":\"https:\\\/\\\/www.westrockcoffee.com\\\/pt-pt\\\/cha-e-energia-v2\\\/#breadcrumb\",\"itemListElement\":[{\"@type\":\"ListItem\",\"position\":1,\"name\":\"Casa\",\"item\":\"https:\\\/\\\/www.westrockcoffee.com\\\/pt-pt\\\/\"},{\"@type\":\"ListItem\",\"position\":2,\"name\":\"Ch\u00e1 e Energia (v2)\"}]},{\"@type\":\"WebSite\",\"@id\":\"https:\\\/\\\/www.westrockcoffee.com\\\/pt-pt\\\/#website\",\"url\":\"https:\\\/\\\/www.westrockcoffee.com\\\/pt-pt\\\/\",\"name\":\"Westrock Coffee\",\"description\":\"\",\"potentialAction\":[{\"@type\":\"SearchAction\",\"target\":{\"@type\":\"EntryPoint\",\"urlTemplate\":\"https:\\\/\\\/www.westrockcoffee.com\\\/pt-pt\\\/?s={search_term_string}\"},\"query-input\":{\"@type\":\"PropertyValueSpecification\",\"valueRequired\":true,\"valueName\":\"search_term_string\"}}],\"inLanguage\":\"pt-PT\"}]}<\/script>\n<!-- \/ Yoast SEO plugin. -->","yoast_head_json":{"title":"Ch\u00e1 e Energia (v2) | Westrock Coffee","description":"Westrock Coffee aims to be the world's most competitive and innovative provider of beverage solutions. Learn more about us on our Ch\u00e1 e Energia (v2) page.","robots":{"index":"index","follow":"follow","max-snippet":"max-snippet:-1","max-image-preview":"max-image-preview:large","max-video-preview":"max-video-preview:-1"},"canonical":"https:\/\/www.westrockcoffee.com\/pt-pt\/cha-e-energia-v2\/","og_locale":"pt_PT","og_type":"article","og_title":"Ch\u00e1 e Energia (v2) | Westrock Coffee","og_description":"Westrock Coffee aims to be the world's most competitive and innovative provider of beverage solutions. Learn more about us on our Ch\u00e1 e Energia (v2) page.","og_url":"https:\/\/www.westrockcoffee.com\/pt-pt\/cha-e-energia-v2\/","og_site_name":"Westrock Coffee","article_modified_time":"2025-05-19T06:36:18+00:00","twitter_card":"summary_large_image","schema":{"@context":"https:\/\/schema.org","@graph":[{"@type":"WebPage","@id":"https:\/\/www.westrockcoffee.com\/pt-pt\/cha-e-energia-v2\/","url":"https:\/\/www.westrockcoffee.com\/pt-pt\/cha-e-energia-v2\/","name":"Ch\u00e1 e Energia (v2) | Westrock Coffee","isPartOf":{"@id":"https:\/\/www.westrockcoffee.com\/pt-pt\/#website"},"datePublished":"2024-10-03T09:05:29+00:00","dateModified":"2025-05-19T06:36:18+00:00","description":"Westrock Coffee aims to be the world's most competitive and innovative provider of beverage solutions. Learn more about us on our Ch\u00e1 e Energia (v2) page.","breadcrumb":{"@id":"https:\/\/www.westrockcoffee.com\/pt-pt\/cha-e-energia-v2\/#breadcrumb"},"inLanguage":"pt-PT","potentialAction":[{"@type":"ReadAction","target":["https:\/\/www.westrockcoffee.com\/pt-pt\/cha-e-energia-v2\/"]}]},{"@type":"BreadcrumbList","@id":"https:\/\/www.westrockcoffee.com\/pt-pt\/cha-e-energia-v2\/#breadcrumb","itemListElement":[{"@type":"ListItem","position":1,"name":"Casa","item":"https:\/\/www.westrockcoffee.com\/pt-pt\/"},{"@type":"ListItem","position":2,"name":"Ch\u00e1 e Energia (v2)"}]},{"@type":"WebSite","@id":"https:\/\/www.westrockcoffee.com\/pt-pt\/#website","url":"https:\/\/www.westrockcoffee.com\/pt-pt\/","name":"Westrock Coffee","description":"","potentialAction":[{"@type":"SearchAction","target":{"@type":"EntryPoint","urlTemplate":"https:\/\/www.westrockcoffee.com\/pt-pt\/?s={search_term_string}"},"query-input":{"@type":"PropertyValueSpecification","valueRequired":true,"valueName":"search_term_string"}}],"inLanguage":"pt-PT"}]}},"_links":{"self":[{"href":"https:\/\/www.westrockcoffee.com\/pt-pt\/wp-json\/wp\/v2\/pages\/6534","targetHints":{"allow":["GET"]}}],"collection":[{"href":"https:\/\/www.westrockcoffee.com\/pt-pt\/wp-json\/wp\/v2\/pages"}],"about":[{"href":"https:\/\/www.westrockcoffee.com\/pt-pt\/wp-json\/wp\/v2\/types\/page"}],"author":[{"embeddable":true,"href":"https:\/\/www.westrockcoffee.com\/pt-pt\/wp-json\/wp\/v2\/users\/2"}],"replies":[{"embeddable":true,"href":"https:\/\/www.westrockcoffee.com\/pt-pt\/wp-json\/wp\/v2\/comments?post=6534"}],"version-history":[{"count":0,"href":"https:\/\/www.westrockcoffee.com\/pt-pt\/wp-json\/wp\/v2\/pages\/6534\/revisions"}],"wp:attachment":[{"href":"https:\/\/www.westrockcoffee.com\/pt-pt\/wp-json\/wp\/v2\/media?parent=6534"}],"curies":[{"name":"wp","href":"https:\/\/api.w.org\/{rel}","templated":true}]}}