{"id":6523,"date":"2024-10-01T21:22:13","date_gmt":"2024-10-02T02:22:13","guid":{"rendered":"https:\/\/westrockcoffee.wpenginepowered.com\/percepcoes\/sustentabilidade\/"},"modified":"2025-05-19T06:31:31","modified_gmt":"2025-05-19T11:31:31","slug":"sustentabilidade","status":"publish","type":"page","link":"https:\/\/www.westrockcoffee.com\/pt-pt\/percepcoes\/sustentabilidade\/","title":{"rendered":"Sustentabilidade"},"content":{"rendered":"<section class=\"relative px-4 pt-8 md:pt-[180px] pb-32 bg-brand-purple overflow-hidden accent-hero \">\n    <img decoding=\"async\" class=\"absolute -right-[50%] md:right-[calc(0%-470px)] -top-[5%] md:-top-[25%] z-0 max-h-[840px]\" src=\"https:\/\/www.westrockcoffee.com\/wp-content\/themes\/timberland\/theme\/assets\/images\/elephant-v2.png\" alt=\"\" loading=\"eager\" \/>\n    <div class=\"max-w-7xl mx-auto flex flex-col justify-between gap-16\">\n        <nav class=\"list-none flex gap-2 text-white z-10 breadcrumbs\" aria-label=\"Breadcrumbs\">\n        <span><span><a href=\"https:\/\/www.westrockcoffee.com\/pt-pt\/\">Casa<\/a><\/span><\/span>\n        <\/nav>\n        <div class=\"flex flex-col md:flex-row gap-4 md:gap-16 lg:gap-32 z-10\">\n            <h1 class=\"text-5xl xl:text-6xl 2xl:text-7xl text-white font-black uppercase md:w-2\/5\">Insights sobre a sustentabilidade<\/h1>\n                            <div class=\"text-[22px] text-white md:w-3\/5 prose\"><p>Desde a capacita\u00e7\u00e3o dos agricultores at\u00e9 \u00e0 implementa\u00e7\u00e3o de pr\u00e1ticas ecol\u00f3gicas em toda a cadeia de abastecimento, estamos empenhados em causar um impacto positivo nas pessoas e no planeta. Explore a nossa cole\u00e7\u00e3o de artigos para ver como estamos a impulsionar a mudan\u00e7a, a promover rela\u00e7\u00f5es de longo prazo com os nossos parceiros e a liderar o caminho na produ\u00e7\u00e3o sustent\u00e1vel de caf\u00e9.<\/p>\n<\/div>\n                    <\/div>\n    <\/div>\n<\/section>\n\n<section data-aos=\"fade-up\" class=\"px-4 py-12 xl:py-20 bg-brand-blue-light featured-article \" >\n    <div class=\"max-w-7xl mx-auto flex flex-col gap-4 md:gap-0 md:flex-row\">\n        <div class=\"relative md:w-1\/2\">\n                                                                <img class=\"md:absolute -top-36 -mt-36 md:mt-0 lazyload\" data-src=\"https:\/\/www.westrockcoffee.com\/wp-content\/uploads\/2024\/09\/Hector_Martin_Family-1024x576.jpg\" alt=\"\" \/>\n        <\/div>\n        <div class=\"flex flex-col gap-6 md:w-1\/2 md:pl-16 lg:pl-24\">\n            <h2 class=\"text-3xl md:text-4xl lg:text-5xl font-black uppercase\">Conhe\u00e7a Heitor Marin<\/h2>\n            <div class=\"text-brand-purple text-2xl font-semibold\">Outubro 14, 2024<\/div>\n            <p class=\"text-[22px]\">Como agricultor inovador com quase 30 anos, Hector Martin juntou-se \u00e0 Ra\u00edz especificamente para ter acesso ao mercado e expandir o seu conhecimento em quatro \u00e1reas: renova\u00e7\u00e3o de plantas, nutri\u00e7\u00e3o de culturas, recupera\u00e7\u00e3o do solo e conserva\u00e7\u00e3o da \u00e1gua.<\/p>\n            <a class=\"text-black font-medium text-xl md:text-[26px] flex gap-2 items-center group whitespace-nowrap\" aria-label=\"Read More about Conhe\u00e7a Heitor Marin\" href=\"https:\/\/www.westrockcoffee.com\/pt-pt\/conheca-heitor-marin\/\">\n                <span class=\"group-hover:text-brand-purple transition\">Ler mais<\/span> \n                <svg class=\"group-hover:translate-x-2 group-hover:text-brand-purple transition\" width=\"28\" height=\"25\" viewBox=\"0 0 28 25\" fill=\"none\" xmlns=\"http:\/\/www.w3.org\/2000\/svg\">\n                    <path d=\"M27.28 11.52V13.32L14.24 24.48L12.68 22.28C17.08 18.84 22.28 15.24 25.12 13.56L24.88 12.96C20.92 13.44 13.32 13.72 7.32 13.72H2.98023e-08L2.98023e-08 11.12H7.32C13.32 11.12 20.92 11.44 24.88 11.96L25.12 11.32C22.08 9.48 17.12 6 12.68 2.56L14.36 0.439998L27.28 11.52Z\" fill=\"currentColor\"\/>\n                <\/svg>\n            <\/a>\n        <\/div>\n    <\/div>\n<\/section>\n\n<section class=\"bg-brand-gray px-4 article-listing \" >\n        <div class=\"max-w-7xl mx-auto py-16\" x-data=\"loadMorePosts()\">\n        <div class=\"filters\" x-data=\"{ activeFilter: 0 }\">\n                                                                                                <\/div>\n                <div class=\"grid grid-cols-2 md:grid-cols-3 gap-4 mb-12\">\n                                                                    <a class=\"group bg-white p-4 hover:bg-brand-purple transition\" href=\"https:\/\/www.westrockcoffee.com\/pt-pt\/destaque-do-uganda-em-abril-de-2025\/\" title=\"Destaque do Uganda em abril de 2025\" x-show.important=\"defaultPosts\">\n                        <div class=\"flex flex-col justify-between h-full gap-16\">\n                                                                                                                                                                                                <sm class=\"font-bold md:text-lg group-hover:text-white\"><span class=\"h-2.5 w-2.5 inline-block bg-brand-purple group-hover:bg-white mr-1.5\"><\/span>Sustentabilidade<\/sm>\n                                                        <div>\n                                <div class=\"font-bold md:text-2xl text-black group-hover:text-white\">Destaque do Uganda em abril de 2025<\/div>\n                                <date class=\"text-[#545454] font-medium text-sm md:text-lg group-hover:text-white\">Abril 14, 2025<\/date>\n                            <\/div>\n                        <\/div>\n                    <\/a>\n                                                        <a class=\"group bg-white p-4 hover:bg-brand-yellow transition\" href=\"https:\/\/www.westrockcoffee.com\/pt-pt\/destaques-da-papua-nova-guine-em-marco-de-2025\/\" title=\"Destaques da Papua Nova Guin\u00e9 em mar\u00e7o de 2025\" x-show.important=\"defaultPosts\">\n                        <div class=\"flex flex-col justify-between h-full gap-16\">\n                                                                                                                                                                                                <sm class=\"font-bold md:text-lg \"><span class=\"h-2.5 w-2.5 inline-block bg-brand-yellow group-hover:bg-black mr-1.5\"><\/span>Sustentabilidade<\/sm>\n                                                        <div>\n                                <div class=\"font-bold md:text-2xl text-black \">Destaques da Papua Nova Guin\u00e9 em mar\u00e7o de 2025<\/div>\n                                <date class=\"text-[#545454] font-medium text-sm md:text-lg group-hover:text-black\">Mar\u00e7o 25, 2025<\/date>\n                            <\/div>\n                        <\/div>\n                    <\/a>\n                                <div class=\"md:row-span-2 md:col-start-3 bg-cover flex justify-end col-span-2 md:col-span-1 min-h-52 md:min-h-none lazyload\" data-bg=\"https:\/\/www.westrockcoffee.com\/wp-content\/uploads\/2024\/10\/sustainability-report-1080x1080-1.jpg\" x-show.important=\"defaultPosts\">\n                    <div class=\"flex items-end bg-gradient-to-t from-black\/80 via-transparent to-transparent w-full\">\n                        <a target=\"_blank\" rel=\"noopener noreferrer\" title=\"Download This Report (opens in a new tab)\" aria-label=\"Download This Report (opens in a new tab)\" class=\"group flex gap-2 items-center justify-center border border-white text-white px-2 py-1 hover:bg-black transition mt-auto w-full m-4 leading-tight\" href=\"https:\/\/www.westrockcoffee.com\/wp-content\/uploads\/2024\/10\/WROC_9551_2023_Sustainability_Report-Web2.pdf\">\n                            <svg class=\"text-white group-hover:text-brand-gray transition max-w-[14px] md:max-w-none\" width=\"19\" height=\"17\" viewBox=\"0 0 19 17\" fill=\"none\" xmlns=\"http:\/\/www.w3.org\/2000\/svg\">\n                                <path d=\"M16.8453 16.5H2.15468C1.518 16.5 1 15.9906 1 15.3641V11.6857C1 11.3895 1.23969 11.1493 1.53522 11.1493C1.83076 11.1493 2.07044 11.3895 2.07044 11.6857V15.3641C2.07044 15.3939 2.10488 15.4271 2.15468 15.4271H16.8453C16.8951 15.4271 16.9296 15.3939 16.9296 15.3641V11.6857C16.9296 11.3895 17.1692 11.1493 17.4648 11.1493C17.7603 11.1493 18 11.3895 18 11.6857V15.3641C18 15.9906 17.482 16.5 16.8453 16.5ZM14.4592 6.98248C14.2502 6.77302 13.9114 6.77302 13.7024 6.98248L10.0355 10.658V1.03647C10.0355 0.740247 9.79577 0.5 9.50023 0.5C9.2047 0.5 8.96501 0.740247 8.96501 1.03647V10.658L5.29805 6.98248C5.08908 6.77302 4.75027 6.77302 4.5413 6.98248C4.33233 7.19194 4.33233 7.53155 4.5413 7.741L9.12232 12.3328C9.22285 12.4335 9.35875 12.49 9.5007 12.49C9.64265 12.49 9.77901 12.4335 9.87908 12.3328L14.4601 7.741C14.6691 7.53155 14.6691 7.19194 14.4601 6.98248H14.4592Z\" fill=\"currentColor\" stroke=\"currentColor\"\/>\n                            <\/svg>\n                            <span class=\"md:text-lg\">Descarregue este relat\u00f3rio<\/span>\n                        <\/a>\n                    <\/div>\n                <\/div>\n                                                        <a class=\"group bg-white p-4 hover:bg-brand-orange transition\" href=\"https:\/\/www.westrockcoffee.com\/pt-pt\/guatemala-highlight-february-2025\/\" title=\"Guatemala Highlight February 2025\" x-show.important=\"defaultPosts\">\n                        <div class=\"flex flex-col justify-between h-full gap-16\">\n                                                                                                                                                                                                <sm class=\"font-bold md:text-lg group-hover:text-white\"><span class=\"h-2.5 w-2.5 inline-block bg-brand-orange group-hover:bg-white mr-1.5\"><\/span>Sustentabilidade<\/sm>\n                                                        <div>\n                                <div class=\"font-bold md:text-2xl text-black group-hover:text-white\">Guatemala Highlight February 2025<\/div>\n                                <date class=\"text-[#545454] font-medium text-sm md:text-lg group-hover:text-white\">Fevereiro 17, 2025<\/date>\n                            <\/div>\n                        <\/div>\n                    <\/a>\n                                                        <a class=\"group bg-white p-4 hover:bg-brand-green transition\" href=\"https:\/\/www.westrockcoffee.com\/pt-pt\/destaque-da-jamaica-em-janeiro-de-2025\/\" title=\"Destaque da Jamaica em janeiro de 2025\" x-show.important=\"defaultPosts\">\n                        <div class=\"flex flex-col justify-between h-full gap-16\">\n                                                                                                                                                                                                <sm class=\"font-bold md:text-lg group-hover:text-white\"><span class=\"h-2.5 w-2.5 inline-block bg-brand-green group-hover:bg-white mr-1.5\"><\/span>Sustentabilidade<\/sm>\n                                                        <div>\n                                <div class=\"font-bold md:text-2xl text-black group-hover:text-white\">Destaque da Jamaica em janeiro de 2025<\/div>\n                                <date class=\"text-[#545454] font-medium text-sm md:text-lg group-hover:text-white\">Janeiro 24, 2025<\/date>\n                            <\/div>\n                        <\/div>\n                    <\/a>\n                                                        <a class=\"group bg-white p-4 hover:bg-brand-brown transition\" href=\"https:\/\/www.westrockcoffee.com\/pt-pt\/destaque-de-kona-em-dezembro-de-2024\/\" title=\"Destaque de Kona em dezembro de 2024\" x-show.important=\"defaultPosts\">\n                        <div class=\"flex flex-col justify-between h-full gap-16\">\n                                                                                                                                                                                                <sm class=\"font-bold md:text-lg group-hover:text-white\"><span class=\"h-2.5 w-2.5 inline-block bg-brand-brown group-hover:bg-white mr-1.5\"><\/span>Sustentabilidade<\/sm>\n                                                        <div>\n                                <div class=\"font-bold md:text-2xl text-black group-hover:text-white\">Destaque de Kona em dezembro de 2024<\/div>\n                                <date class=\"text-[#545454] font-medium text-sm md:text-lg group-hover:text-white\">Dezembro 16, 2024<\/date>\n                            <\/div>\n                        <\/div>\n                    <\/a>\n                                                        <a class=\"group bg-white p-4 hover:bg-brand-blue transition\" href=\"https:\/\/www.westrockcoffee.com\/pt-pt\/destaque-da-costa-rica-em-novembro-de-2024\/\" title=\"Destaque da Costa Rica em novembro de 2024\" x-show.important=\"defaultPosts\">\n                        <div class=\"flex flex-col justify-between h-full gap-16\">\n                                                                                                                                                                                                <sm class=\"font-bold md:text-lg group-hover:text-white\"><span class=\"h-2.5 w-2.5 inline-block bg-brand-blue group-hover:bg-white mr-1.5\"><\/span>Sustentabilidade<\/sm>\n                                                        <div>\n                                <div class=\"font-bold md:text-2xl text-black group-hover:text-white\">Destaque da Costa Rica em novembro de 2024<\/div>\n                                <date class=\"text-[#545454] font-medium text-sm md:text-lg group-hover:text-white\">Novembro 18, 2024<\/date>\n                            <\/div>\n                        <\/div>\n                    <\/a>\n                                                        <a class=\"group bg-white p-4 hover:bg-brand-purple transition\" href=\"https:\/\/www.westrockcoffee.com\/pt-pt\/destaque-das-honduras-em-outubro-de-2024\/\" title=\"Destaque das Honduras em outubro de 2024\" x-show.important=\"defaultPosts\">\n                        <div class=\"flex flex-col justify-between h-full gap-16\">\n                                                                                                                                                                                                <sm class=\"font-bold md:text-lg group-hover:text-white\"><span class=\"h-2.5 w-2.5 inline-block bg-brand-purple group-hover:bg-white mr-1.5\"><\/span>Sustentabilidade<\/sm>\n                                                        <div>\n                                <div class=\"font-bold md:text-2xl text-black group-hover:text-white\">Destaque das Honduras em outubro de 2024<\/div>\n                                <date class=\"text-[#545454] font-medium text-sm md:text-lg group-hover:text-white\">Outubro 22, 2024<\/date>\n                            <\/div>\n                        <\/div>\n                    <\/a>\n                                        <template x-for=\"(item, index) in posts\" :key=\"item.id\">\n\t\t\t\t<a :href=\"item.permalink\" class=\"group bg-white p-4 flex flex-col justify-between\" \n                    :class=\"{ 'hover:bg-brand-purple': index % 6 === 0,\n                        'hover:bg-brand-yellow': index % 6 === 1,\n                        'hover:bg-brand-orange': index % 6 === 2,\n                        'hover:bg-brand-green': index % 6 === 3,\n                        'hover:bg-brand-brown': index % 6 === 4,\n                        'hover:bg-brand-blue': index % 6 === 5 }\"\n\t\t\t\t\tx-data=\"articleItem\"\n\t\t\t\t\tx-transition\n\t\t\t\t\tx-show=\"show\">\n                   \n\t\t\t\t\t<div class=\"flex flex-col justify-between h-full gap-16\">\n                        <sm class=\"font-bold md:text-lg\" :class=\"{ 'group-hover:text-white' : index % 6 !== 1 }\"><span class=\"h-2.5 w-2.5 inline-block mr-1.5\" :class=\"{ 'bg-brand-purple group-hover:bg-white': index % 6 === 0, 'bg-brand-yellow group-hover:bg-black': index % 6 === 1, 'bg-brand-orange group-hover:bg-white': index % 6 === 2, 'bg-brand-green group-hover:bg-white': index % 6 === 3, 'bg-brand-brown group-hover:bg-white': index % 6 === 4, 'bg-brand-blue group-hover:bg-white': index % 6 === 5 }\"><\/span><span x-text=\"item.category\"><\/span><\/sm>\n                        <div>\n                            <div class=\"font-bold md:text-2xl text-black\" :class=\"{ 'group-hover:text-white' : index % 6 !== 1 }\" x-html=\"item.title\"><\/div>\n                            <date class=\"text-[#545454] font-medium text-sm md:text-lg group-hover:text-white\" :class=\"{ 'group-hover:text-black' : index % 6 === 1 }\" x-text=\"item.post_date\"><\/date>\n                        <\/div>\n                    <\/div>\n\t\t\t\t<\/a>\n\t\t\t<\/template>\n        <\/div>\n        <div class=\"text-center\">\n            <a href=\"#\" x-show=\"hasMorePosts\" @click.prevent=\"loadMore('post', 'sustentabilidade')\" class=\"bg-black text-white text-xl md:text-2xl px-8 pt-1 pb-2 border border-black hover:bg-transparent hover:border-brand-purple hover:text-brand-purple transition\">\n                Carregar mais\n            <\/a>\n        <\/div>\n    <\/div>\n<\/section>","protected":false},"excerpt":{"rendered":"","protected":false},"author":2,"featured_media":0,"parent":6315,"menu_order":0,"comment_status":"closed","ping_status":"closed","template":"","meta":{"_acf_changed":false,"content-type":"","footnotes":""},"class_list":["post-6523","page","type-page","status-publish","hentry"],"acf":[],"yoast_head":"<!-- This site is optimized with the Yoast SEO plugin v27.4 - https:\/\/yoast.com\/product\/yoast-seo-wordpress\/ -->\n<title>Sustentabilidade | Westrock Coffee<\/title>\n<meta name=\"description\" content=\"Westrock Coffee aims to be the world&#039;s most competitive and innovative provider of beverage solutions. Learn more about us on our Sustentabilidade page.\" \/>\n<meta name=\"robots\" content=\"index, follow, max-snippet:-1, max-image-preview:large, max-video-preview:-1\" \/>\n<link rel=\"canonical\" href=\"https:\/\/www.westrockcoffee.com\/pt-pt\/percepcoes\/sustentabilidade\/\" \/>\n<meta property=\"og:locale\" content=\"pt_PT\" \/>\n<meta property=\"og:type\" content=\"article\" \/>\n<meta property=\"og:title\" content=\"Sustentabilidade | Westrock Coffee\" \/>\n<meta property=\"og:description\" content=\"Westrock Coffee aims to be the world&#039;s most competitive and innovative provider of beverage solutions. Learn more about us on our Sustentabilidade page.\" \/>\n<meta property=\"og:url\" content=\"https:\/\/www.westrockcoffee.com\/pt-pt\/percepcoes\/sustentabilidade\/\" \/>\n<meta property=\"og:site_name\" content=\"Westrock Coffee\" \/>\n<meta property=\"article:modified_time\" content=\"2025-05-19T11:31:31+00:00\" \/>\n<meta name=\"twitter:card\" content=\"summary_large_image\" \/>\n<script type=\"application\/ld+json\" class=\"yoast-schema-graph\">{\"@context\":\"https:\\\/\\\/schema.org\",\"@graph\":[{\"@type\":\"WebPage\",\"@id\":\"https:\\\/\\\/www.westrockcoffee.com\\\/pt-pt\\\/percepcoes\\\/sustentabilidade\\\/\",\"url\":\"https:\\\/\\\/www.westrockcoffee.com\\\/pt-pt\\\/percepcoes\\\/sustentabilidade\\\/\",\"name\":\"Sustentabilidade | Westrock Coffee\",\"isPartOf\":{\"@id\":\"https:\\\/\\\/www.westrockcoffee.com\\\/pt-pt\\\/#website\"},\"datePublished\":\"2024-10-02T02:22:13+00:00\",\"dateModified\":\"2025-05-19T11:31:31+00:00\",\"description\":\"Westrock Coffee aims to be the world's most competitive and innovative provider of beverage solutions. Learn more about us on our Sustentabilidade page.\",\"breadcrumb\":{\"@id\":\"https:\\\/\\\/www.westrockcoffee.com\\\/pt-pt\\\/percepcoes\\\/sustentabilidade\\\/#breadcrumb\"},\"inLanguage\":\"pt-PT\",\"potentialAction\":[{\"@type\":\"ReadAction\",\"target\":[\"https:\\\/\\\/www.westrockcoffee.com\\\/pt-pt\\\/percepcoes\\\/sustentabilidade\\\/\"]}]},{\"@type\":\"BreadcrumbList\",\"@id\":\"https:\\\/\\\/www.westrockcoffee.com\\\/pt-pt\\\/percepcoes\\\/sustentabilidade\\\/#breadcrumb\",\"itemListElement\":[{\"@type\":\"ListItem\",\"position\":1,\"name\":\"Casa\",\"item\":\"https:\\\/\\\/www.westrockcoffee.com\\\/pt-pt\\\/\"},{\"@type\":\"ListItem\",\"position\":2,\"name\":\"Percep\u00e7\u00f5es\",\"item\":\"https:\\\/\\\/www.westrockcoffee.com\\\/pt-pt\\\/percepcoes\\\/\"},{\"@type\":\"ListItem\",\"position\":3,\"name\":\"Sustentabilidade\"}]},{\"@type\":\"WebSite\",\"@id\":\"https:\\\/\\\/www.westrockcoffee.com\\\/pt-pt\\\/#website\",\"url\":\"https:\\\/\\\/www.westrockcoffee.com\\\/pt-pt\\\/\",\"name\":\"Westrock Coffee\",\"description\":\"\",\"potentialAction\":[{\"@type\":\"SearchAction\",\"target\":{\"@type\":\"EntryPoint\",\"urlTemplate\":\"https:\\\/\\\/www.westrockcoffee.com\\\/pt-pt\\\/?s={search_term_string}\"},\"query-input\":{\"@type\":\"PropertyValueSpecification\",\"valueRequired\":true,\"valueName\":\"search_term_string\"}}],\"inLanguage\":\"pt-PT\"}]}<\/script>\n<!-- \/ Yoast SEO plugin. -->","yoast_head_json":{"title":"Sustentabilidade | Westrock Coffee","description":"Westrock Coffee aims to be the world's most competitive and innovative provider of beverage solutions. Learn more about us on our Sustentabilidade page.","robots":{"index":"index","follow":"follow","max-snippet":"max-snippet:-1","max-image-preview":"max-image-preview:large","max-video-preview":"max-video-preview:-1"},"canonical":"https:\/\/www.westrockcoffee.com\/pt-pt\/percepcoes\/sustentabilidade\/","og_locale":"pt_PT","og_type":"article","og_title":"Sustentabilidade | Westrock Coffee","og_description":"Westrock Coffee aims to be the world's most competitive and innovative provider of beverage solutions. Learn more about us on our Sustentabilidade page.","og_url":"https:\/\/www.westrockcoffee.com\/pt-pt\/percepcoes\/sustentabilidade\/","og_site_name":"Westrock Coffee","article_modified_time":"2025-05-19T11:31:31+00:00","twitter_card":"summary_large_image","schema":{"@context":"https:\/\/schema.org","@graph":[{"@type":"WebPage","@id":"https:\/\/www.westrockcoffee.com\/pt-pt\/percepcoes\/sustentabilidade\/","url":"https:\/\/www.westrockcoffee.com\/pt-pt\/percepcoes\/sustentabilidade\/","name":"Sustentabilidade | Westrock Coffee","isPartOf":{"@id":"https:\/\/www.westrockcoffee.com\/pt-pt\/#website"},"datePublished":"2024-10-02T02:22:13+00:00","dateModified":"2025-05-19T11:31:31+00:00","description":"Westrock Coffee aims to be the world's most competitive and innovative provider of beverage solutions. Learn more about us on our Sustentabilidade page.","breadcrumb":{"@id":"https:\/\/www.westrockcoffee.com\/pt-pt\/percepcoes\/sustentabilidade\/#breadcrumb"},"inLanguage":"pt-PT","potentialAction":[{"@type":"ReadAction","target":["https:\/\/www.westrockcoffee.com\/pt-pt\/percepcoes\/sustentabilidade\/"]}]},{"@type":"BreadcrumbList","@id":"https:\/\/www.westrockcoffee.com\/pt-pt\/percepcoes\/sustentabilidade\/#breadcrumb","itemListElement":[{"@type":"ListItem","position":1,"name":"Casa","item":"https:\/\/www.westrockcoffee.com\/pt-pt\/"},{"@type":"ListItem","position":2,"name":"Percep\u00e7\u00f5es","item":"https:\/\/www.westrockcoffee.com\/pt-pt\/percepcoes\/"},{"@type":"ListItem","position":3,"name":"Sustentabilidade"}]},{"@type":"WebSite","@id":"https:\/\/www.westrockcoffee.com\/pt-pt\/#website","url":"https:\/\/www.westrockcoffee.com\/pt-pt\/","name":"Westrock Coffee","description":"","potentialAction":[{"@type":"SearchAction","target":{"@type":"EntryPoint","urlTemplate":"https:\/\/www.westrockcoffee.com\/pt-pt\/?s={search_term_string}"},"query-input":{"@type":"PropertyValueSpecification","valueRequired":true,"valueName":"search_term_string"}}],"inLanguage":"pt-PT"}]}},"_links":{"self":[{"href":"https:\/\/www.westrockcoffee.com\/pt-pt\/wp-json\/wp\/v2\/pages\/6523","targetHints":{"allow":["GET"]}}],"collection":[{"href":"https:\/\/www.westrockcoffee.com\/pt-pt\/wp-json\/wp\/v2\/pages"}],"about":[{"href":"https:\/\/www.westrockcoffee.com\/pt-pt\/wp-json\/wp\/v2\/types\/page"}],"author":[{"embeddable":true,"href":"https:\/\/www.westrockcoffee.com\/pt-pt\/wp-json\/wp\/v2\/users\/2"}],"replies":[{"embeddable":true,"href":"https:\/\/www.westrockcoffee.com\/pt-pt\/wp-json\/wp\/v2\/comments?post=6523"}],"version-history":[{"count":0,"href":"https:\/\/www.westrockcoffee.com\/pt-pt\/wp-json\/wp\/v2\/pages\/6523\/revisions"}],"up":[{"embeddable":true,"href":"https:\/\/www.westrockcoffee.com\/pt-pt\/wp-json\/wp\/v2\/pages\/6315"}],"wp:attachment":[{"href":"https:\/\/www.westrockcoffee.com\/pt-pt\/wp-json\/wp\/v2\/media?parent=6523"}],"curies":[{"name":"wp","href":"https:\/\/api.w.org\/{rel}","templated":true}]}}