{"id":6519,"date":"2024-09-03T20:30:09","date_gmt":"2024-09-04T01:30:09","guid":{"rendered":"https:\/\/westrockcoffee.wpenginepowered.com\/percepcoes\/nossa-pesquisa\/"},"modified":"2025-05-19T01:30:28","modified_gmt":"2025-05-19T06:30:28","slug":"nossa-pesquisa","status":"publish","type":"page","link":"https:\/\/www.westrockcoffee.com\/pt-pt\/percepcoes\/nossa-pesquisa\/","title":{"rendered":"Nossa Pesquisa"},"content":{"rendered":"<section class=\"relative px-4 pt-8 md:pt-[180px] pb-32 bg-brand-purple overflow-hidden accent-hero \">\n    <img decoding=\"async\" class=\"absolute -right-[50%] md:right-[calc(0%-470px)] -top-[5%] md:-top-[25%] z-0 max-h-[840px]\" src=\"https:\/\/www.westrockcoffee.com\/wp-content\/themes\/timberland\/theme\/assets\/images\/elephant-v2.png\" alt=\"\" loading=\"eager\" \/>\n    <div class=\"max-w-7xl mx-auto flex flex-col justify-between gap-16\">\n        <nav class=\"list-none flex gap-2 text-white z-10 breadcrumbs\" aria-label=\"Breadcrumbs\">\n        <span><span><a href=\"https:\/\/www.westrockcoffee.com\/pt-pt\/\">Casa<\/a><\/span><\/span>\n        <\/nav>\n        <div class=\"flex flex-col md:flex-row gap-4 md:gap-16 lg:gap-32 z-10\">\n            <h1 class=\"text-5xl xl:text-6xl 2xl:text-7xl text-white font-black uppercase md:w-2\/5\">Nossa Pesquisa<\/h1>\n                            <div class=\"text-[22px] text-white md:w-3\/5 prose\"><p><span style=\"font-weight: 400;\">Na Westrock Coffee, a nossa equipa dedicada de insights expande os limites do que \u00e9 poss\u00edvel no setor. Desenvolvemos solu\u00e7\u00f5es de vanguarda que v\u00e3o ao encontro das necessidades em evolu\u00e7\u00e3o de empresas como a sua. Acreditamos no poder da investiga\u00e7\u00e3o profunda para desbloquear avan\u00e7os inovadores que se traduzem em benef\u00edcios no mundo real.  <\/span><\/p>\n<\/div>\n                    <\/div>\n    <\/div>\n<\/section><section data-aos=\"fade-up\" class=\"px-4 py-12 xl:py-20 bg-brand-blue-light featured-article \" >\n    <div class=\"max-w-7xl mx-auto flex flex-col gap-4 md:gap-0 md:flex-row\">\n        <div class=\"relative md:w-1\/2\">\n                                                                <img class=\"md:absolute -top-36 -mt-36 md:mt-0 lazyload\" data-src=\"https:\/\/www.westrockcoffee.com\/wp-content\/uploads\/2024\/10\/Extraordinary-Extracts-Westrock-Coffee-Elevates-QSR-Beverages-1024x683.jpg\" alt=\"\" \/>\n        <\/div>\n        <div class=\"flex flex-col gap-6 md:w-1\/2 md:pl-16 lg:pl-24\">\n            <h2 class=\"text-3xl md:text-4xl lg:text-5xl font-black uppercase\">Extratos extraordin\u00e1rios: Westrock Coffee eleva as bebidas QSR<\/h2>\n            <div class=\"text-brand-purple text-2xl font-semibold\">Outubro 09, 2024<\/div>\n            <p class=\"text-[22px]\">Um QSR l\u00edder, conhecido pelas suas ofertas de bebidas inovadoras, procurou expandir o seu menu com um granizado \u00e0 base de ch\u00e1 que estivesse alinhado com os seus elevados padr\u00f5es de sabor e qualidade.<\/p>\n            <a class=\"text-black font-medium text-xl md:text-[26px] flex gap-2 items-center group whitespace-nowrap\" aria-label=\"Read More about Extratos extraordin\u00e1rios: Westrock Coffee eleva as bebidas QSR\" href=\"https:\/\/www.westrockcoffee.com\/pt-pt\/case-study\/extratos-extraordinarios-westrock-coffee-eleva-as-bebidas-qsr\/\">\n                <span class=\"group-hover:text-brand-purple transition\">Ler mais<\/span> \n                <svg class=\"group-hover:translate-x-2 group-hover:text-brand-purple transition\" width=\"28\" height=\"25\" viewBox=\"0 0 28 25\" fill=\"none\" xmlns=\"http:\/\/www.w3.org\/2000\/svg\">\n                    <path d=\"M27.28 11.52V13.32L14.24 24.48L12.68 22.28C17.08 18.84 22.28 15.24 25.12 13.56L24.88 12.96C20.92 13.44 13.32 13.72 7.32 13.72H2.98023e-08L2.98023e-08 11.12H7.32C13.32 11.12 20.92 11.44 24.88 11.96L25.12 11.32C22.08 9.48 17.12 6 12.68 2.56L14.36 0.439998L27.28 11.52Z\" fill=\"currentColor\"\/>\n                <\/svg>\n            <\/a>\n        <\/div>\n    <\/div>\n<\/section><section class=\"bg-brand-blue-light px-4 py-12 xl:py-20 case-study-cta \" >\n    <div class=\"max-w-7xl mx-auto\">\n        <div class=\"flex flex-col md:flex-row gap-4 md:gap-16 lg:gap-24 xl:gap-32 bg-white justify-between\">\n            <div class=\"p-8 md:py-12 flex flex-col gap-12 md:w-3\/5 order-2 md:order-1\">\n                <div class=\"flex flex-col gap-4\">\n                                            <div data-aos=\"fade-up\" class=\"text-brand-purple text-2xl font-bold\">Estudo de caso em destaque<\/div>\n                                        <h2 data-aos=\"fade-up\" class=\"text-3xl md:text-4xl lg:text-5xl font-black uppercase\">Extratos extraordin\u00e1rios: Westrock Coffee eleva as bebidas QSR<\/h2>\n                                    <\/div>\n                <div class=\"flex flex-row flex-wrap gap-x-8 gap-y-4\">\n                                        <a aria-label=\"Read More about Extratos extraordin\u00e1rios: Westrock Coffee eleva as bebidas QSR\" data-aos=\"fade-up\" class=\"bg-black text-white text-xl md:text-2xl px-8 pt-1 pb-2 self-start border border-black hover:bg-transparent hover:text-brand-purple hover:border-brand-purple transition whitespace-nowrap\" href=\"https:\/\/www.westrockcoffee.com\/pt-pt\/case-study\/extratos-extraordinarios-westrock-coffee-eleva-as-bebidas-qsr\/\">Ler mais<\/a>\n                                    <\/div>\n            <\/div>\n                                                                                <img data-aos=\"fade-up\" class=\"md:w-2\/5 object-cover lazyload order-1 md:order-2\" data-src=\"https:\/\/www.westrockcoffee.com\/wp-content\/uploads\/2024\/10\/Extraordinary-Extracts-Westrock-Coffee-Elevates-QSR-Beverages-1024x683.jpg\" alt=\"\" \/>\n                    <\/div>\n    <\/div>\n<\/section>","protected":false},"excerpt":{"rendered":"","protected":false},"author":1,"featured_media":0,"parent":6315,"menu_order":0,"comment_status":"closed","ping_status":"closed","template":"","meta":{"_acf_changed":false,"content-type":"","footnotes":""},"class_list":["post-6519","page","type-page","status-publish","hentry"],"acf":[],"yoast_head":"<!-- This site is optimized with the Yoast SEO plugin v27.5 - https:\/\/yoast.com\/product\/yoast-seo-wordpress\/ -->\n<title>Nossa Pesquisa | Westrock Coffee<\/title>\n<meta name=\"description\" content=\"Westrock Coffee aims to be the world&#039;s most competitive and innovative provider of beverage solutions. Learn more about us on our Nossa Pesquisa page.\" \/>\n<meta name=\"robots\" content=\"index, follow, max-snippet:-1, max-image-preview:large, max-video-preview:-1\" \/>\n<link rel=\"canonical\" href=\"https:\/\/www.westrockcoffee.com\/pt-pt\/percepcoes\/nossa-pesquisa\/\" \/>\n<meta property=\"og:locale\" content=\"pt_PT\" \/>\n<meta property=\"og:type\" content=\"article\" \/>\n<meta property=\"og:title\" content=\"Nossa Pesquisa | Westrock Coffee\" \/>\n<meta property=\"og:description\" content=\"Westrock Coffee aims to be the world&#039;s most competitive and innovative provider of beverage solutions. Learn more about us on our Nossa Pesquisa page.\" \/>\n<meta property=\"og:url\" content=\"https:\/\/www.westrockcoffee.com\/pt-pt\/percepcoes\/nossa-pesquisa\/\" \/>\n<meta property=\"og:site_name\" content=\"Westrock Coffee\" \/>\n<meta property=\"article:modified_time\" content=\"2025-05-19T06:30:28+00:00\" \/>\n<meta name=\"twitter:card\" content=\"summary_large_image\" \/>\n<script type=\"application\/ld+json\" class=\"yoast-schema-graph\">{\"@context\":\"https:\\\/\\\/schema.org\",\"@graph\":[{\"@type\":\"WebPage\",\"@id\":\"https:\\\/\\\/www.westrockcoffee.com\\\/pt-pt\\\/percepcoes\\\/nossa-pesquisa\\\/\",\"url\":\"https:\\\/\\\/www.westrockcoffee.com\\\/pt-pt\\\/percepcoes\\\/nossa-pesquisa\\\/\",\"name\":\"Nossa Pesquisa | Westrock Coffee\",\"isPartOf\":{\"@id\":\"https:\\\/\\\/www.westrockcoffee.com\\\/pt-pt\\\/#website\"},\"datePublished\":\"2024-09-04T01:30:09+00:00\",\"dateModified\":\"2025-05-19T06:30:28+00:00\",\"description\":\"Westrock Coffee aims to be the world's most competitive and innovative provider of beverage solutions. Learn more about us on our Nossa Pesquisa page.\",\"breadcrumb\":{\"@id\":\"https:\\\/\\\/www.westrockcoffee.com\\\/pt-pt\\\/percepcoes\\\/nossa-pesquisa\\\/#breadcrumb\"},\"inLanguage\":\"pt-PT\",\"potentialAction\":[{\"@type\":\"ReadAction\",\"target\":[\"https:\\\/\\\/www.westrockcoffee.com\\\/pt-pt\\\/percepcoes\\\/nossa-pesquisa\\\/\"]}]},{\"@type\":\"BreadcrumbList\",\"@id\":\"https:\\\/\\\/www.westrockcoffee.com\\\/pt-pt\\\/percepcoes\\\/nossa-pesquisa\\\/#breadcrumb\",\"itemListElement\":[{\"@type\":\"ListItem\",\"position\":1,\"name\":\"Casa\",\"item\":\"https:\\\/\\\/www.westrockcoffee.com\\\/pt-pt\\\/\"},{\"@type\":\"ListItem\",\"position\":2,\"name\":\"Percep\u00e7\u00f5es\",\"item\":\"https:\\\/\\\/www.westrockcoffee.com\\\/pt-pt\\\/percepcoes\\\/\"},{\"@type\":\"ListItem\",\"position\":3,\"name\":\"Nossa Pesquisa\"}]},{\"@type\":\"WebSite\",\"@id\":\"https:\\\/\\\/www.westrockcoffee.com\\\/pt-pt\\\/#website\",\"url\":\"https:\\\/\\\/www.westrockcoffee.com\\\/pt-pt\\\/\",\"name\":\"Westrock Coffee\",\"description\":\"\",\"potentialAction\":[{\"@type\":\"SearchAction\",\"target\":{\"@type\":\"EntryPoint\",\"urlTemplate\":\"https:\\\/\\\/www.westrockcoffee.com\\\/pt-pt\\\/?s={search_term_string}\"},\"query-input\":{\"@type\":\"PropertyValueSpecification\",\"valueRequired\":true,\"valueName\":\"search_term_string\"}}],\"inLanguage\":\"pt-PT\"}]}<\/script>\n<!-- \/ Yoast SEO plugin. -->","yoast_head_json":{"title":"Nossa Pesquisa | Westrock Coffee","description":"Westrock Coffee aims to be the world's most competitive and innovative provider of beverage solutions. Learn more about us on our Nossa Pesquisa page.","robots":{"index":"index","follow":"follow","max-snippet":"max-snippet:-1","max-image-preview":"max-image-preview:large","max-video-preview":"max-video-preview:-1"},"canonical":"https:\/\/www.westrockcoffee.com\/pt-pt\/percepcoes\/nossa-pesquisa\/","og_locale":"pt_PT","og_type":"article","og_title":"Nossa Pesquisa | Westrock Coffee","og_description":"Westrock Coffee aims to be the world's most competitive and innovative provider of beverage solutions. Learn more about us on our Nossa Pesquisa page.","og_url":"https:\/\/www.westrockcoffee.com\/pt-pt\/percepcoes\/nossa-pesquisa\/","og_site_name":"Westrock Coffee","article_modified_time":"2025-05-19T06:30:28+00:00","twitter_card":"summary_large_image","schema":{"@context":"https:\/\/schema.org","@graph":[{"@type":"WebPage","@id":"https:\/\/www.westrockcoffee.com\/pt-pt\/percepcoes\/nossa-pesquisa\/","url":"https:\/\/www.westrockcoffee.com\/pt-pt\/percepcoes\/nossa-pesquisa\/","name":"Nossa Pesquisa | Westrock Coffee","isPartOf":{"@id":"https:\/\/www.westrockcoffee.com\/pt-pt\/#website"},"datePublished":"2024-09-04T01:30:09+00:00","dateModified":"2025-05-19T06:30:28+00:00","description":"Westrock Coffee aims to be the world's most competitive and innovative provider of beverage solutions. Learn more about us on our Nossa Pesquisa page.","breadcrumb":{"@id":"https:\/\/www.westrockcoffee.com\/pt-pt\/percepcoes\/nossa-pesquisa\/#breadcrumb"},"inLanguage":"pt-PT","potentialAction":[{"@type":"ReadAction","target":["https:\/\/www.westrockcoffee.com\/pt-pt\/percepcoes\/nossa-pesquisa\/"]}]},{"@type":"BreadcrumbList","@id":"https:\/\/www.westrockcoffee.com\/pt-pt\/percepcoes\/nossa-pesquisa\/#breadcrumb","itemListElement":[{"@type":"ListItem","position":1,"name":"Casa","item":"https:\/\/www.westrockcoffee.com\/pt-pt\/"},{"@type":"ListItem","position":2,"name":"Percep\u00e7\u00f5es","item":"https:\/\/www.westrockcoffee.com\/pt-pt\/percepcoes\/"},{"@type":"ListItem","position":3,"name":"Nossa Pesquisa"}]},{"@type":"WebSite","@id":"https:\/\/www.westrockcoffee.com\/pt-pt\/#website","url":"https:\/\/www.westrockcoffee.com\/pt-pt\/","name":"Westrock Coffee","description":"","potentialAction":[{"@type":"SearchAction","target":{"@type":"EntryPoint","urlTemplate":"https:\/\/www.westrockcoffee.com\/pt-pt\/?s={search_term_string}"},"query-input":{"@type":"PropertyValueSpecification","valueRequired":true,"valueName":"search_term_string"}}],"inLanguage":"pt-PT"}]}},"_links":{"self":[{"href":"https:\/\/www.westrockcoffee.com\/pt-pt\/wp-json\/wp\/v2\/pages\/6519","targetHints":{"allow":["GET"]}}],"collection":[{"href":"https:\/\/www.westrockcoffee.com\/pt-pt\/wp-json\/wp\/v2\/pages"}],"about":[{"href":"https:\/\/www.westrockcoffee.com\/pt-pt\/wp-json\/wp\/v2\/types\/page"}],"author":[{"embeddable":true,"href":"https:\/\/www.westrockcoffee.com\/pt-pt\/wp-json\/wp\/v2\/users\/1"}],"replies":[{"embeddable":true,"href":"https:\/\/www.westrockcoffee.com\/pt-pt\/wp-json\/wp\/v2\/comments?post=6519"}],"version-history":[{"count":0,"href":"https:\/\/www.westrockcoffee.com\/pt-pt\/wp-json\/wp\/v2\/pages\/6519\/revisions"}],"up":[{"embeddable":true,"href":"https:\/\/www.westrockcoffee.com\/pt-pt\/wp-json\/wp\/v2\/pages\/6315"}],"wp:attachment":[{"href":"https:\/\/www.westrockcoffee.com\/pt-pt\/wp-json\/wp\/v2\/media?parent=6519"}],"curies":[{"name":"wp","href":"https:\/\/api.w.org\/{rel}","templated":true}]}}