{"id":6476,"date":"2024-08-26T21:43:52","date_gmt":"2024-08-27T02:43:52","guid":{"rendered":"https:\/\/westrockcoffee.wpenginepowered.com\/quem-somos\/kit-de-media\/"},"modified":"2025-05-19T00:12:47","modified_gmt":"2025-05-19T05:12:47","slug":"kit-de-media","status":"publish","type":"page","link":"https:\/\/www.westrockcoffee.com\/pt-pt\/quem-somos\/kit-de-media\/","title":{"rendered":"Kit de media"},"content":{"rendered":"<section class=\"relative px-4 pt-8 md:pt-[180px] pb-24 bg-cover bg-[30%_50%] lg:bg-center interior-hero \" style=\"background-image:url(https:\/\/www.westrockcoffee.com\/wp-content\/uploads\/2024\/08\/WROC_9927-website-sec-1_3_2_3840-x-935.jpg)\" loading=\"eager\">\n                    <div class=\"hidden md:block absolute top-0 left-0 w-full h-full max-h-screen bg-gradient-to-b from-black\/90 via-[300px] via-transparent z-10\"><\/div>\n            <div class=\"absolute bg-gradient-to-r from-black\/50 to-transparent z-0 h-full w-full top-0 left-0\"><\/div>\n        <div class=\"max-w-7xl mx-auto flex flex-col justify-between gap-16\">\n        <nav class=\"list-none flex gap-2 text-white z-10 breadcrumbs\" aria-label=\"Breadcrumbs\">\n        <span><span><a href=\"https:\/\/www.westrockcoffee.com\/pt-pt\/\">Casa<\/a><\/span><\/span>\n        <\/nav>\n                <div class=\"flex flex-col gap-8\">\n            <h1 class=\"text-5xl xl:text-6xl 2xl:text-7xl text-white font-black uppercase md:max-w-[75%] xl:max-w-[65%] z-10\">Recursos de Media e Transfer\u00eancias<\/h1>\n                                        <a target=\"\" href=\"https:\/\/www.westrockcoffee.com\/pt-pt\/quem-somos\/sala-de-imprensa\/\" class=\"self-start bg-transparent text-white border border-white font-medium text-lg md:text-xl xl:text-2xl py-2 px-8 hover:bg-white hover:text-black transition z-10\">Explore a nossa sala de imprensa<\/a>\n                    <\/div>\n    <\/div>\n<\/section><section class=\"px-4 py-12 xl:py-20 bg-brand-blue-light blurb-cards \" >\n    <div class=\"max-w-7xl mx-auto\">\n                    <div class=\"grid grid-cols-2 gap-4 justify-center items-center my-12 two-one-cards\">\n                                    <div data-aos=\"fade-up\" class=\"h-full p-4 sm:p-8 bg-white flex flex-col gap-1\">\n                                                    <h2 class=\"text-2xl md:text-4xl font-bold\">Contacto de m\u00eddia da Westrock<\/h2>\n                                                                            <div class=\"text-lg md:text-xl prose font-light\"><p>Blair Peterson<br \/>\nDiretor de Marketing, RP<br \/>\n<a href=\"mailto:PR@westrockcoffee.com\">Enviar e-mail para Blair<\/a><\/p>\n<\/div>\n                                            <\/div>\n                                    <div data-aos=\"fade-up\" class=\"h-full p-4 sm:p-8 bg-white flex flex-col gap-1\">\n                                                    <h2 class=\"text-2xl md:text-4xl font-bold\">Downloads do kit de comunica\u00e7\u00e3o social<\/h2>\n                                                                            <div class=\"text-lg md:text-xl prose font-light\"><ul>\n<li><a title=\"Descarregue as Diretrizes da Marca (abre numa nova aba)\" href=\"https:\/\/www.westrockcoffee.com\/wp-content\/uploads\/2024\/08\/Westrock_BrandGuidelines_logo_731c5971-2e8f-4fad-aae1-ed6b1080409c.pdf\" target=\"_blank\" rel=\"noopener\" aria-label=\"Download the Brand Guidelines (opens in a new tab)\">Descarregue as Diretrizes da Marca<\/a><\/li>\n<li><a href=\"https:\/\/www.westrockcoffee.com\/wp-content\/uploads\/2024\/10\/Westrock-Coffee-Photo-Bank.zip\" target=\"_blank\" rel=\"noopener\">Descarregue o Banco de Fotos<\/a><\/li>\n<li><a href=\"https:\/\/www.westrockcoffee.com\/wp-content\/uploads\/2024\/10\/Westrock-Logos.zip\" target=\"_blank\" rel=\"noopener\">Descarregue os logotipos<\/a><\/li>\n<\/ul>\n<\/div>\n                                            <\/div>\n                            <\/div>\n            <\/div>\n<\/section><section class=\"px-4 py-12 xl:py-20 stats bg-white \">\n    <div class=\"max-w-7xl mx-auto\">\n                    <h2 data-aos=\"fade-up\" class=\"text-3xl md:text-4xl lg:text-5xl font-black uppercase text-center mb-12\">Descarregue os logotipos<\/h2>\n                <div class=\"grid grid-cols-1 md:grid-cols-3 gap-20\">\n                            <div data-aos=\"fade-up\" class=\"flex flex-col gap-4 items-center\">\n                                        <div class=\"text-6xl font-black text-brand-purple whitespace-nowrap flex gap-2\">\n                                                <span>10<\/span>\n                                            <\/div>\n                    <div class=\"text-lg text-center md:text-left font-light leading-tight prose max-w-sm\"><p style=\"text-align: center;\">Instala\u00e7\u00f5es globais de \u00faltima gera\u00e7\u00e3o em seis continentes.<\/p>\n<\/div>\n                <\/div>\n                            <div data-aos=\"fade-up\" class=\"flex flex-col gap-4 items-center\">\n                                        <div class=\"text-6xl font-black text-brand-purple whitespace-nowrap flex gap-2\">\n                                                <span>65.000<\/span>\n                                                <span>+<\/span>\n                                            <\/div>\n                    <div class=\"text-lg text-center md:text-left font-light leading-tight prose max-w-sm\"><p style=\"text-align: center;\">Pequenos agricultores fortalecidos com com\u00e9rcio justo e pr\u00e1ticas sustent\u00e1veis.<\/p>\n<\/div>\n                <\/div>\n                            <div data-aos=\"fade-up\" class=\"flex flex-col gap-4 items-center\">\n                                        <div class=\"text-6xl font-black text-brand-purple whitespace-nowrap flex gap-2\">\n                                                <span>Sobre<\/span>\n                                                <span>100.000<\/span>\n                                            <\/div>\n                    <div class=\"text-lg text-center md:text-left font-light leading-tight prose max-w-sm\"><p style=\"text-align: center;\">Locais de clientes servidos onde fornecemos solu\u00e7\u00f5es personalizadas de caf\u00e9 e bebidas em todo o mundo.<\/p>\n<\/div>\n                <\/div>\n                            <div data-aos=\"fade-up\" class=\"flex flex-col gap-4 items-center\">\n                                        <div class=\"text-6xl font-black text-brand-purple whitespace-nowrap flex gap-2\">\n                                                <span>14<\/span>\n                                                <span>+<\/span>\n                                            <\/div>\n                    <div class=\"text-lg text-center md:text-left font-light leading-tight prose max-w-sm\"><p style=\"text-align: center;\">Anos a apoiar agricultores, comunidades e cadeias de abastecimento sustent\u00e1veis \u200b\u200bdesde 2009.<\/p>\n<\/div>\n                <\/div>\n                            <div data-aos=\"fade-up\" class=\"flex flex-col gap-4 items-center\">\n                                        <div class=\"text-6xl font-black text-brand-purple whitespace-nowrap flex gap-2\">\n                                                <span>1.000.000<\/span>\n                                                <span>s<\/span>\n                                            <\/div>\n                    <div class=\"text-lg text-center md:text-left font-light leading-tight prose max-w-sm\"><p style=\"text-align: center;\">Desde ch\u00e1venas servidas aos principais restaurantes de fast food, retalhistas e muito mais.<\/p>\n<\/div>\n                <\/div>\n                            <div data-aos=\"fade-up\" class=\"flex flex-col gap-4 items-center\">\n                                        <div class=\"text-6xl font-black text-brand-purple whitespace-nowrap flex gap-2\">\n                                                <span>3<\/span>\n                                            <\/div>\n                    <div class=\"text-lg text-center md:text-left font-light leading-tight prose max-w-sm\"><p style=\"text-align: center;\">Programas internos de sustentabilidade: Farmer Direct Verified<sup>\u00ae<\/sup>, Real Roots\u2122 e Ra\u00edz Sustainability\u2122.<\/p>\n<\/div>\n                <\/div>\n                    <\/div>\n            <\/div>\n<\/section><section class=\"bg-brand-green px-4 py-12 related-capabilities \" >\n    <div class=\"max-w-7xl mx-auto\">\n        <h2 data-aos=\"fade-up\" class=\"text-white text-3xl md:text-4xl lg:text-5xl mb-8 font-black uppercase\">Links relacionados<\/h2>\n        <nav class=\"list-none columns-2 lg:max-w-[80%]\">\n            <ul>\n                            <\/ul>\n        <\/nav>\n    <\/div>\n<\/section>","protected":false},"excerpt":{"rendered":"","protected":false},"author":2,"featured_media":0,"parent":6226,"menu_order":0,"comment_status":"closed","ping_status":"closed","template":"","meta":{"_acf_changed":false,"content-type":"","footnotes":""},"class_list":["post-6476","page","type-page","status-publish","hentry"],"acf":[],"yoast_head":"<!-- This site is optimized with the Yoast SEO plugin v27.4 - https:\/\/yoast.com\/product\/yoast-seo-wordpress\/ -->\n<title>Kit de media | Westrock Coffee<\/title>\n<meta name=\"description\" content=\"A Westrock Coffee fornece \u00e0s marcas mais ic\u00f3nicas do mundo caf\u00e9s, ch\u00e1s, aromas, extratos e ingredientes de marca pr\u00f3pria transformadores. Aproveite ainda mais o nosso Media Kit.\" \/>\n<meta name=\"robots\" content=\"index, follow, max-snippet:-1, max-image-preview:large, max-video-preview:-1\" \/>\n<link rel=\"canonical\" href=\"https:\/\/www.westrockcoffee.com\/pt-pt\/quem-somos\/kit-de-media\/\" \/>\n<meta property=\"og:locale\" content=\"pt_PT\" \/>\n<meta property=\"og:type\" content=\"article\" \/>\n<meta property=\"og:title\" content=\"Kit de media | Westrock Coffee\" \/>\n<meta property=\"og:description\" content=\"A Westrock Coffee fornece \u00e0s marcas mais ic\u00f3nicas do mundo caf\u00e9s, ch\u00e1s, aromas, extratos e ingredientes de marca pr\u00f3pria transformadores. Aproveite ainda mais o nosso Media Kit.\" \/>\n<meta property=\"og:url\" content=\"https:\/\/www.westrockcoffee.com\/pt-pt\/quem-somos\/kit-de-media\/\" \/>\n<meta property=\"og:site_name\" content=\"Westrock Coffee\" \/>\n<meta property=\"article:modified_time\" content=\"2025-05-19T05:12:47+00:00\" \/>\n<meta name=\"twitter:card\" content=\"summary_large_image\" \/>\n<script type=\"application\/ld+json\" class=\"yoast-schema-graph\">{\"@context\":\"https:\\\/\\\/schema.org\",\"@graph\":[{\"@type\":\"WebPage\",\"@id\":\"https:\\\/\\\/www.westrockcoffee.com\\\/pt-pt\\\/quem-somos\\\/kit-de-media\\\/\",\"url\":\"https:\\\/\\\/www.westrockcoffee.com\\\/pt-pt\\\/quem-somos\\\/kit-de-media\\\/\",\"name\":\"Kit de media | Westrock Coffee\",\"isPartOf\":{\"@id\":\"https:\\\/\\\/www.westrockcoffee.com\\\/pt-pt\\\/#website\"},\"datePublished\":\"2024-08-27T02:43:52+00:00\",\"dateModified\":\"2025-05-19T05:12:47+00:00\",\"description\":\"A Westrock Coffee fornece \u00e0s marcas mais ic\u00f3nicas do mundo caf\u00e9s, ch\u00e1s, aromas, extratos e ingredientes de marca pr\u00f3pria transformadores. Aproveite ainda mais o nosso Media Kit.\",\"breadcrumb\":{\"@id\":\"https:\\\/\\\/www.westrockcoffee.com\\\/pt-pt\\\/quem-somos\\\/kit-de-media\\\/#breadcrumb\"},\"inLanguage\":\"pt-PT\",\"potentialAction\":[{\"@type\":\"ReadAction\",\"target\":[\"https:\\\/\\\/www.westrockcoffee.com\\\/pt-pt\\\/quem-somos\\\/kit-de-media\\\/\"]}]},{\"@type\":\"BreadcrumbList\",\"@id\":\"https:\\\/\\\/www.westrockcoffee.com\\\/pt-pt\\\/quem-somos\\\/kit-de-media\\\/#breadcrumb\",\"itemListElement\":[{\"@type\":\"ListItem\",\"position\":1,\"name\":\"Casa\",\"item\":\"https:\\\/\\\/www.westrockcoffee.com\\\/pt-pt\\\/\"},{\"@type\":\"ListItem\",\"position\":2,\"name\":\"Quem Somos\",\"item\":\"https:\\\/\\\/www.westrockcoffee.com\\\/pt-pt\\\/quem-somos\\\/\"},{\"@type\":\"ListItem\",\"position\":3,\"name\":\"Kit de media\"}]},{\"@type\":\"WebSite\",\"@id\":\"https:\\\/\\\/www.westrockcoffee.com\\\/pt-pt\\\/#website\",\"url\":\"https:\\\/\\\/www.westrockcoffee.com\\\/pt-pt\\\/\",\"name\":\"Westrock Coffee\",\"description\":\"\",\"potentialAction\":[{\"@type\":\"SearchAction\",\"target\":{\"@type\":\"EntryPoint\",\"urlTemplate\":\"https:\\\/\\\/www.westrockcoffee.com\\\/pt-pt\\\/?s={search_term_string}\"},\"query-input\":{\"@type\":\"PropertyValueSpecification\",\"valueRequired\":true,\"valueName\":\"search_term_string\"}}],\"inLanguage\":\"pt-PT\"}]}<\/script>\n<!-- \/ Yoast SEO plugin. -->","yoast_head_json":{"title":"Kit de media | Westrock Coffee","description":"A Westrock Coffee fornece \u00e0s marcas mais ic\u00f3nicas do mundo caf\u00e9s, ch\u00e1s, aromas, extratos e ingredientes de marca pr\u00f3pria transformadores. Aproveite ainda mais o nosso Media Kit.","robots":{"index":"index","follow":"follow","max-snippet":"max-snippet:-1","max-image-preview":"max-image-preview:large","max-video-preview":"max-video-preview:-1"},"canonical":"https:\/\/www.westrockcoffee.com\/pt-pt\/quem-somos\/kit-de-media\/","og_locale":"pt_PT","og_type":"article","og_title":"Kit de media | Westrock Coffee","og_description":"A Westrock Coffee fornece \u00e0s marcas mais ic\u00f3nicas do mundo caf\u00e9s, ch\u00e1s, aromas, extratos e ingredientes de marca pr\u00f3pria transformadores. Aproveite ainda mais o nosso Media Kit.","og_url":"https:\/\/www.westrockcoffee.com\/pt-pt\/quem-somos\/kit-de-media\/","og_site_name":"Westrock Coffee","article_modified_time":"2025-05-19T05:12:47+00:00","twitter_card":"summary_large_image","schema":{"@context":"https:\/\/schema.org","@graph":[{"@type":"WebPage","@id":"https:\/\/www.westrockcoffee.com\/pt-pt\/quem-somos\/kit-de-media\/","url":"https:\/\/www.westrockcoffee.com\/pt-pt\/quem-somos\/kit-de-media\/","name":"Kit de media | Westrock Coffee","isPartOf":{"@id":"https:\/\/www.westrockcoffee.com\/pt-pt\/#website"},"datePublished":"2024-08-27T02:43:52+00:00","dateModified":"2025-05-19T05:12:47+00:00","description":"A Westrock Coffee fornece \u00e0s marcas mais ic\u00f3nicas do mundo caf\u00e9s, ch\u00e1s, aromas, extratos e ingredientes de marca pr\u00f3pria transformadores. Aproveite ainda mais o nosso Media Kit.","breadcrumb":{"@id":"https:\/\/www.westrockcoffee.com\/pt-pt\/quem-somos\/kit-de-media\/#breadcrumb"},"inLanguage":"pt-PT","potentialAction":[{"@type":"ReadAction","target":["https:\/\/www.westrockcoffee.com\/pt-pt\/quem-somos\/kit-de-media\/"]}]},{"@type":"BreadcrumbList","@id":"https:\/\/www.westrockcoffee.com\/pt-pt\/quem-somos\/kit-de-media\/#breadcrumb","itemListElement":[{"@type":"ListItem","position":1,"name":"Casa","item":"https:\/\/www.westrockcoffee.com\/pt-pt\/"},{"@type":"ListItem","position":2,"name":"Quem Somos","item":"https:\/\/www.westrockcoffee.com\/pt-pt\/quem-somos\/"},{"@type":"ListItem","position":3,"name":"Kit de media"}]},{"@type":"WebSite","@id":"https:\/\/www.westrockcoffee.com\/pt-pt\/#website","url":"https:\/\/www.westrockcoffee.com\/pt-pt\/","name":"Westrock Coffee","description":"","potentialAction":[{"@type":"SearchAction","target":{"@type":"EntryPoint","urlTemplate":"https:\/\/www.westrockcoffee.com\/pt-pt\/?s={search_term_string}"},"query-input":{"@type":"PropertyValueSpecification","valueRequired":true,"valueName":"search_term_string"}}],"inLanguage":"pt-PT"}]}},"_links":{"self":[{"href":"https:\/\/www.westrockcoffee.com\/pt-pt\/wp-json\/wp\/v2\/pages\/6476","targetHints":{"allow":["GET"]}}],"collection":[{"href":"https:\/\/www.westrockcoffee.com\/pt-pt\/wp-json\/wp\/v2\/pages"}],"about":[{"href":"https:\/\/www.westrockcoffee.com\/pt-pt\/wp-json\/wp\/v2\/types\/page"}],"author":[{"embeddable":true,"href":"https:\/\/www.westrockcoffee.com\/pt-pt\/wp-json\/wp\/v2\/users\/2"}],"replies":[{"embeddable":true,"href":"https:\/\/www.westrockcoffee.com\/pt-pt\/wp-json\/wp\/v2\/comments?post=6476"}],"version-history":[{"count":0,"href":"https:\/\/www.westrockcoffee.com\/pt-pt\/wp-json\/wp\/v2\/pages\/6476\/revisions"}],"up":[{"embeddable":true,"href":"https:\/\/www.westrockcoffee.com\/pt-pt\/wp-json\/wp\/v2\/pages\/6226"}],"wp:attachment":[{"href":"https:\/\/www.westrockcoffee.com\/pt-pt\/wp-json\/wp\/v2\/media?parent=6476"}],"curies":[{"name":"wp","href":"https:\/\/api.w.org\/{rel}","templated":true}]}}