{"id":6430,"date":"2024-08-15T18:26:24","date_gmt":"2024-08-15T23:26:24","guid":{"rendered":"https:\/\/westrockcoffee.wpenginepowered.com\/quem-somos\/missao-e-visao\/"},"modified":"2025-05-19T00:09:23","modified_gmt":"2025-05-19T05:09:23","slug":"missao-e-visao","status":"publish","type":"page","link":"https:\/\/www.westrockcoffee.com\/pt-pt\/quem-somos\/missao-e-visao\/","title":{"rendered":"Miss\u00e3o e Vis\u00e3o"},"content":{"rendered":"<section class=\"relative px-4 pt-8 md:pt-[180px] pb-24 bg-cover bg-[30%_50%] lg:bg-center interior-hero \" style=\"background-image:url(https:\/\/www.westrockcoffee.com\/wp-content\/uploads\/2024\/08\/raiz-sustainability-scaled.jpg)\" loading=\"eager\">\n                    <div class=\"hidden md:block absolute top-0 left-0 w-full h-full max-h-screen bg-gradient-to-b from-black\/90 via-[300px] via-transparent z-10\"><\/div>\n            <div class=\"absolute bg-gradient-to-r from-black\/50 to-transparent z-0 h-full w-full top-0 left-0\"><\/div>\n        <div class=\"max-w-7xl mx-auto flex flex-col justify-between gap-16\">\n        <nav class=\"list-none flex gap-2 text-white z-10 breadcrumbs\" aria-label=\"Breadcrumbs\">\n        <span><span><a href=\"https:\/\/www.westrockcoffee.com\/pt-pt\/\">Casa<\/a><\/span><\/span>\n        <\/nav>\n                <div class=\"flex flex-col gap-8\">\n            <h1 class=\"text-5xl xl:text-6xl 2xl:text-7xl text-white font-black uppercase md:max-w-[75%] xl:max-w-[65%] z-10\">Alimentar Prop\u00f3sito e Prosperidade<\/h1>\n                            <div class=\"text-2xl text-white font-light prose z-10 md:max-w-[75%] lg:max-w-[65%]\"><p>Impactos positivos em cada etapa da jornada das bebidas \u2014 dos agricultores aos clientes \u2014 oferecem-lhe as melhores bebidas do mundo numa parceria pela possibilidade e um planeta melhor para todos.<\/p>\n<\/div>\n                                        <a target=\"\" href=\"https:\/\/www.westrockcoffee.com\/pt-pt\/capacidades\/\" class=\"self-start bg-transparent text-white border border-white font-medium text-lg md:text-xl xl:text-2xl py-2 px-8 hover:bg-white hover:text-black transition z-10\">Explore as nossas capacidades<\/a>\n                    <\/div>\n    <\/div>\n<\/section><section class=\"relative hidden xl:block animations-block_beb2db468833b71e4ef02a4f46c516c1 \">\n\t\t<img decoding=\"async\" class=\"hidden absolute z-10 animation-leaf-left\" data-animation=\"leaf-left\" data-animation-config='{\"top\": \"200px\", \"bottom\": \"\", \"left\": \"-4%\", \"right\": \"\", \"start\": \"top 75%\", \"x\": \"-=40\", \"y\": \"+=40\", \"rotation\": 10, \"duration\": 3, \"height\": \"9rem\"}' src=\"https:\/\/www.westrockcoffee.com\/wp-content\/themes\/timberland\/theme\/assets\/images\/floating\/leaf-left.png\" alt=\"\" \/>\n\t\t<img decoding=\"async\" class=\"hidden absolute z-10 animation-leaf-right\" data-animation=\"leaf-right\" data-animation-config='{\"top\": \"-4%\", \"bottom\": \"\", \"left\": \"\", \"right\": \"-3%\", \"start\": \"top 75%\", \"x\": \"+=40\", \"y\": \"+=40\", \"rotation\": -10, \"duration\": 3, \"height\": \"9rem\"}' src=\"https:\/\/www.westrockcoffee.com\/wp-content\/themes\/timberland\/theme\/assets\/images\/floating\/leaf-right.png\" alt=\"\" \/>\n\t\t<img decoding=\"async\" class=\"hidden absolute z-10 animation-coffee-fruit-1\" data-animation=\"coffee-fruit-1\" data-animation-config='{\"top\": \"-3.5%\", \"bottom\": \"\", \"left\": \"\", \"right\": \"12%\", \"start\": \"top 75%\", \"x\": \"+=10\", \"y\": \"+=70\", \"rotation\": 180, \"duration\": 3, \"height\": \"4rem\"}' src=\"https:\/\/www.westrockcoffee.com\/wp-content\/themes\/timberland\/theme\/assets\/images\/floating\/coffee-fruit-1.png\" alt=\"\" \/>\n\t\t<img decoding=\"async\" class=\"hidden absolute z-10 animation-coffee-fruit-2\" data-animation=\"coffee-fruit-2\" data-animation-config='{\"top\": \"23%\", \"bottom\": \"\", \"left\": \"\", \"right\": \"1%\", \"start\": \"top 75%\", \"x\": \"-=40\", \"y\": \"+=335\", \"rotation\": -90, \"duration\": 3, \"height\": \"5rem\"}' src=\"https:\/\/www.westrockcoffee.com\/wp-content\/themes\/timberland\/theme\/assets\/images\/floating\/coffee-fruit-2.png\" alt=\"\" \/>\n\t<\/section>\n\n<script>\ndocument.addEventListener('DOMContentLoaded', () => {\n\tdocument.querySelectorAll('.animations-block_beb2db468833b71e4ef02a4f46c516c1 img').forEach((element) => {\n\t\tconst animationConfig = JSON.parse(element.dataset.animationConfig);\n\n\t\telement.style.top = animationConfig.top;\n\t\telement.style.bottom = animationConfig.bottom;\n\t\telement.style.left = animationConfig.left;\n\t\telement.style.right = animationConfig.right;\n\t\telement.style.height = animationConfig.height;\n\t\telement.style.display = 'block';\n\n\t\twindow.gsap.to('.animation-' + element.dataset.animation, {\n\t\t\tscrollTrigger: {\n\t\t\t\ttrigger: '.animation-' + element.dataset.animation,\n\t\t\t\tstart: animationConfig.start,\n\t\t\t\tscrub: 2,\n\t\t\t\tpin: false,\n\t\t\t\ttoggleActions: \"restart none reverse none\",\n\t\t\t},\n\t\t\tx: () => animationConfig.x,\n\t\t\ty: () => animationConfig.y,\n\t\t\trotation: animationConfig.rotation,\n\t\t\tduration: animationConfig.duration,\n\t\t});\n\t});\n});\n<\/script><section class=\"px-4 py-12 xl:py-20 intro-paragraph bg-white \" >\n    <div data-aos=\"fade-up\" class=\"prose text-2xl md:text-3xl max-w-4xl leading-relaxed md:leading-[50px] mx-auto font-medium\"><p>Na Westrock Coffee Company,<mark> a nossa miss\u00e3o \u00e9 construir e operar eficientemente a principal cadeia de fornecimento integrada de caf\u00e9, ch\u00e1 e extratos do mundo<\/mark> e ser o fornecedor de bebidas mais competitivo do mundo. Veja como o conseguimos. <\/p>\n<\/div>\n<\/section><section class=\"px-4 py-12 xl:py-20 list-w-icons bg-brand-blue-light \" >\n    <div class=\"max-w-7xl mx-auto\">\n                <div class=\"flex flex-col md:flex-row items-center justify-center gap-12\">\n            <ul class=\"list-none flex flex-col gap-4 w-full md:w-1\/2 order-2 md:order-1\">\n                                    <li data-aos=\"fade-up\" class=\"flex gap-4 md:gap-8\">\n                        <img class=\"lazyload w-16 self-start rounded-full\" data-src=\"https:\/\/www.westrockcoffee.com\/wp-content\/uploads\/2024\/10\/WROC_icons-purple_innovation.svg\" alt=\"\" \/>\n                        <div class=\"prose text-xl font-light\"><p><strong>Inova\u00e7\u00e3o Orientada pela Miss\u00e3o<\/strong><br \/>\nSomos l\u00edderes em caf\u00e9, ch\u00e1 e extratos, sempre \u00e0 frente das tend\u00eancias para criar solu\u00e7\u00f5es de bebidas sustent\u00e1veis.<\/p>\n<\/div>\n                    <\/li>\n                                    <li data-aos=\"fade-up\" class=\"flex gap-4 md:gap-8\">\n                        <img class=\"lazyload w-16 self-start rounded-full\" data-src=\"https:\/\/www.westrockcoffee.com\/wp-content\/uploads\/2024\/10\/WROC_icons-purple_coffee-tea.svg\" alt=\"\" \/>\n                        <div class=\"prose text-xl font-light\"><p><strong>Capacitar os agricultores, impactar as comunidades<\/strong><br \/>\nConstru\u00edmos parcerias duradouras, capacitando os pequenos agricultores atrav\u00e9s de forma\u00e7\u00e3o e apoio.<\/p>\n<\/div>\n                    <\/li>\n                                    <li data-aos=\"fade-up\" class=\"flex gap-4 md:gap-8\">\n                        <img class=\"lazyload w-16 self-start rounded-full\" data-src=\"https:\/\/www.westrockcoffee.com\/wp-content\/uploads\/2024\/10\/WROC_icons-purple_customer-service.svg\" alt=\"\" \/>\n                        <div class=\"prose text-xl font-light\"><p><strong>A sua solu\u00e7\u00e3o completa para bebidas<\/strong><br \/>\nDo conceito ao suporte, personalizamos programas de bebidas, aproveitando os dados para satisfazer as necessidades do cliente.<\/p>\n<\/div>\n                    <\/li>\n                                    <li data-aos=\"fade-up\" class=\"flex gap-4 md:gap-8\">\n                        <img class=\"lazyload w-16 self-start rounded-full\" data-src=\"https:\/\/www.westrockcoffee.com\/wp-content\/uploads\/2024\/10\/WROC_icons-purple_logistics.svg\" alt=\"\" \/>\n                        <div class=\"prose text-xl font-light\"><p><strong>Experi\u00eancia incompar\u00e1vel e Alcance global<\/strong><br \/>\nOs nossos especialistas apoiam o desenvolvimento, a qualidade e as opera\u00e7\u00f5es, com instala\u00e7\u00f5es em seis continentes para o servir globalmente.<\/p>\n<\/div>\n                    <\/li>\n                            <\/ul> \n                                                                                                    <div class=\"w-full md:w-1\/2 order-1 md:order-2\">\n                                            <div data-aos=\"fade-up\" class=\"block relative group w-full\">\n                            <div class=\"relative pb-[56.25%] h-0\">\n                                <div class=\"absolute top-0 left-0 w-full h-full\">\n                                    <div style=\"padding:56.25% 0 0 0; position:relative;\">\n                                        <iframe loading=\"lazy\" title=\"Video\" class=\"absolute top-0 left-0 w-full h-full\" src=\"https:\/\/player.vimeo.com\/video\/1015747285\" width=\"100%\" height=\"100%\" frameborder=\"0\" allow=\"autoplay; fullscreen; picture-in-picture\" allowfullscreen><\/iframe>\n                                    <\/div>\n                                <\/div>\n                            <\/div>\n                        <\/div>\n                                    <\/div>\n                    <\/div>\n    <\/div>\n<\/section><section class=\"px-4 py-12 xl:py-20 content-text-block bg-white \" >\n    <div class=\"max-w-7xl mx-auto\">\n                    <div class=\"flex flex-col gap-16\">\n                                                                                <div>\n                    <div class=\"flex flex-col md:flex-row gap-8 md:gap-32 items-center justify-center\">\n                        <div class=\"text-xl prose md:w-1\/2 order-2 md:order-1 font-light text-black\"><h2>A JORNADA DE COM\u00c9RCIO JUSTO, EMPODERAMENTO E INOVA\u00c7\u00c3O DA WESTROCK COFFEE<\/h2>\n<p>A Westrock Coffee come\u00e7ou com a vis\u00e3o de quebrar o ciclo de pre\u00e7os injustos no setor do caf\u00e9. Fundada no Ruanda, a nossa hist\u00f3ria \u00e9 de capacita\u00e7\u00e3o dos agricultores e das comunidades atrav\u00e9s da transpar\u00eancia, do com\u00e9rcio justo e de pr\u00e1ticas sustent\u00e1veis. Hoje, continuamos esse legado, liderados por uma equipa dedicada a transformar vidas atrav\u00e9s de trabalho \u00e1rduo multiplicado pela inova\u00e7\u00e3o.  <\/p>\n<\/div>\n                                                    <div class=\"w-full md:max-w-[50%] order-1 md:order-2\">\n                                <figure>\n                                    <img data-aos=\"fade-up\" class=\"mx-auto lazyload\" data-src=\"https:\/\/www.westrockcoffee.com\/wp-content\/uploads\/2024\/10\/Mission-Impact.jpg\" alt=\"Mission Impact\" \/>\n                                                                    <\/figure>\n                            <\/div>\n                                            <\/div>\n                <\/div>\n                            <\/div>\n            <\/div>\n<\/section><section class=\"px-4 py-12 xl:py-20 content-text-block bg-white \" >\n    <div class=\"max-w-7xl mx-auto\">\n                    <div class=\"flex flex-col gap-16\">\n                                                                                <div>\n                    <div class=\"flex flex-col md:flex-row gap-8 md:gap-32 items-center justify-center\">\n                                                    <div class=\"w-full md:max-w-[50%]\">\n                                <figure>\n                                    <img data-aos=\"fade-up\" class=\"mx-auto lazyload\" data-src=\"https:\/\/www.westrockcoffee.com\/wp-content\/uploads\/2024\/09\/map.svg\" alt=\"\" \/>\n                                                                    <\/figure>\n                            <\/div>\n                                                <div data-aos=\"fade-up\" class=\"text-xl prose md:w-1\/2 font-light text-black\"><h2>GARANTIR QUALIDADE E SUSTENTABILIDADE DA AM\u00c9RICA LATINA \u00c0 \u00c1FRICA E \u00c1SIA<\/h2>\n<p>Da Am\u00e9rica Latina a \u00c1frica e \u00c1sia, a nossa rede de fornecimento global garante caf\u00e9 e ch\u00e1 de qualidade e de origem \u00e9tica. As nossas instala\u00e7\u00f5es em todo o mundo representam o nosso compromisso com cadeias de fornecimento rastre\u00e1veis \u200b\u200be sustent\u00e1veis. <\/p>\n<\/div>\n                    <\/div>\n                <\/div>\n                            <\/div>\n            <\/div>\n<\/section><section class=\"px-4 py-12 xl:py-20 stats bg-white \">\n    <div class=\"max-w-7xl mx-auto\">\n                <div class=\"grid grid-cols-1 md:grid-cols-2 gap-20\">\n                            <div data-aos=\"fade-up\" class=\"flex flex-col gap-4 items-center\">\n                                        <div class=\"text-6xl font-black text-brand-purple whitespace-nowrap flex gap-2\">\n                                                <span>106.000<\/span>\n                                            <\/div>\n                    <div class=\"text-lg text-center md:text-left font-light leading-tight prose max-w-sm\"><p>Os agricultores prestaram servi\u00e7os de extens\u00e3o desde a nossa funda\u00e7\u00e3o.<\/p>\n<\/div>\n                <\/div>\n                            <div data-aos=\"fade-up\" class=\"flex flex-col gap-4 items-center\">\n                                        <div class=\"text-6xl font-black text-brand-purple whitespace-nowrap flex gap-2\">\n                                                <span>100<\/span>\n                                                <span>%<\/span>\n                                            <\/div>\n                    <div class=\"text-lg text-center md:text-left font-light leading-tight prose max-w-sm\"><p>responsible products delivered by 2025.<\/p>\n<\/div>\n                <\/div>\n                    <\/div>\n            <\/div>\n<\/section><section class=\"px-4 py-12 xl:py-20 testimonial-block bg-brand-blue-light hidden\" >\n    <div data-aos=\"fade-up\" class=\"max-w-7xl mx-auto\">\n        <div class=\"flex flex-col gap-16\">\n                            <div class=\"flex flex-col md:flex-row gap-8 md:gap-32 items-center justify-center\">\n                    <img class=\"md:max-w-[50%] lazyload\" data-src=\"https:\/\/www.westrockcoffee.com\/wp-content\/uploads\/2024\/10\/600x600.png\" alt=\"\" \/>\n                    <div class=\"md:w-1\/2 flex flex-col gap-8\">\n                        <div class=\"text-2xl md:text-3xl font-medium prose quote-text\"><p>Lorem ipsum dolor sit amet, consectetur adipiscing elit, sed do eiusmod tempor incididunt ut labore et dolore magna aliqua.<\/p>\n<\/div>\n                        <div>\n                            <div class=\"text-xl font-bold uppercase\">Parceiro Agricultor<\/div>\n                            <div class=\"text-xl\">T\u00edtulo do Parceiro<\/div>\n                        <\/div>\n                    <\/div>\n                <\/div>\n                    <\/div>\n    <\/div>\n<\/section><section class=\"bg-brand-green px-4 py-12 related-capabilities \" >\n    <div class=\"max-w-7xl mx-auto\">\n        <h2 data-aos=\"fade-up\" class=\"text-white text-3xl md:text-4xl lg:text-5xl mb-8 font-black uppercase\">Links relacionados<\/h2>\n        <nav class=\"list-none columns-2 lg:max-w-[80%]\">\n            <ul>\n                            <\/ul>\n        <\/nav>\n    <\/div>\n<\/section>","protected":false},"excerpt":{"rendered":"","protected":false},"author":1,"featured_media":0,"parent":6226,"menu_order":0,"comment_status":"closed","ping_status":"closed","template":"","meta":{"_acf_changed":false,"content-type":"","footnotes":""},"class_list":["post-6430","page","type-page","status-publish","hentry"],"acf":[],"yoast_head":"<!-- This site is optimized with the Yoast SEO plugin v27.4 - https:\/\/yoast.com\/product\/yoast-seo-wordpress\/ -->\n<title>Miss\u00e3o e Vis\u00e3o | Westrock Coffee<\/title>\n<meta name=\"description\" content=\"A Westrock Coffee tem como objetivo ser o fornecedor mais competitivo e inovador de solu\u00e7\u00f5es de bebidas para as marcas mais conceituadas do mundo.\" \/>\n<meta name=\"robots\" content=\"index, follow, max-snippet:-1, max-image-preview:large, max-video-preview:-1\" \/>\n<link rel=\"canonical\" href=\"https:\/\/www.westrockcoffee.com\/pt-pt\/quem-somos\/missao-e-visao\/\" \/>\n<meta property=\"og:locale\" content=\"pt_PT\" \/>\n<meta property=\"og:type\" content=\"article\" \/>\n<meta property=\"og:title\" content=\"Miss\u00e3o e Vis\u00e3o | Westrock Coffee\" \/>\n<meta property=\"og:description\" content=\"A Westrock Coffee tem como objetivo ser o fornecedor mais competitivo e inovador de solu\u00e7\u00f5es de bebidas para as marcas mais conceituadas do mundo.\" \/>\n<meta property=\"og:url\" content=\"https:\/\/www.westrockcoffee.com\/pt-pt\/quem-somos\/missao-e-visao\/\" \/>\n<meta property=\"og:site_name\" content=\"Westrock Coffee\" \/>\n<meta property=\"article:modified_time\" content=\"2025-05-19T05:09:23+00:00\" \/>\n<meta name=\"twitter:card\" content=\"summary_large_image\" \/>\n<script type=\"application\/ld+json\" class=\"yoast-schema-graph\">{\"@context\":\"https:\\\/\\\/schema.org\",\"@graph\":[{\"@type\":\"WebPage\",\"@id\":\"https:\\\/\\\/www.westrockcoffee.com\\\/pt-pt\\\/quem-somos\\\/missao-e-visao\\\/\",\"url\":\"https:\\\/\\\/www.westrockcoffee.com\\\/pt-pt\\\/quem-somos\\\/missao-e-visao\\\/\",\"name\":\"Miss\u00e3o e Vis\u00e3o | Westrock Coffee\",\"isPartOf\":{\"@id\":\"https:\\\/\\\/www.westrockcoffee.com\\\/pt-pt\\\/#website\"},\"datePublished\":\"2024-08-15T23:26:24+00:00\",\"dateModified\":\"2025-05-19T05:09:23+00:00\",\"description\":\"A Westrock Coffee tem como objetivo ser o fornecedor mais competitivo e inovador de solu\u00e7\u00f5es de bebidas para as marcas mais conceituadas do mundo.\",\"breadcrumb\":{\"@id\":\"https:\\\/\\\/www.westrockcoffee.com\\\/pt-pt\\\/quem-somos\\\/missao-e-visao\\\/#breadcrumb\"},\"inLanguage\":\"pt-PT\",\"potentialAction\":[{\"@type\":\"ReadAction\",\"target\":[\"https:\\\/\\\/www.westrockcoffee.com\\\/pt-pt\\\/quem-somos\\\/missao-e-visao\\\/\"]}]},{\"@type\":\"BreadcrumbList\",\"@id\":\"https:\\\/\\\/www.westrockcoffee.com\\\/pt-pt\\\/quem-somos\\\/missao-e-visao\\\/#breadcrumb\",\"itemListElement\":[{\"@type\":\"ListItem\",\"position\":1,\"name\":\"Casa\",\"item\":\"https:\\\/\\\/www.westrockcoffee.com\\\/pt-pt\\\/\"},{\"@type\":\"ListItem\",\"position\":2,\"name\":\"Quem Somos\",\"item\":\"https:\\\/\\\/www.westrockcoffee.com\\\/pt-pt\\\/quem-somos\\\/\"},{\"@type\":\"ListItem\",\"position\":3,\"name\":\"Miss\u00e3o e Vis\u00e3o\"}]},{\"@type\":\"WebSite\",\"@id\":\"https:\\\/\\\/www.westrockcoffee.com\\\/pt-pt\\\/#website\",\"url\":\"https:\\\/\\\/www.westrockcoffee.com\\\/pt-pt\\\/\",\"name\":\"Westrock Coffee\",\"description\":\"\",\"potentialAction\":[{\"@type\":\"SearchAction\",\"target\":{\"@type\":\"EntryPoint\",\"urlTemplate\":\"https:\\\/\\\/www.westrockcoffee.com\\\/pt-pt\\\/?s={search_term_string}\"},\"query-input\":{\"@type\":\"PropertyValueSpecification\",\"valueRequired\":true,\"valueName\":\"search_term_string\"}}],\"inLanguage\":\"pt-PT\"}]}<\/script>\n<!-- \/ Yoast SEO plugin. -->","yoast_head_json":{"title":"Miss\u00e3o e Vis\u00e3o | Westrock Coffee","description":"A Westrock Coffee tem como objetivo ser o fornecedor mais competitivo e inovador de solu\u00e7\u00f5es de bebidas para as marcas mais conceituadas do mundo.","robots":{"index":"index","follow":"follow","max-snippet":"max-snippet:-1","max-image-preview":"max-image-preview:large","max-video-preview":"max-video-preview:-1"},"canonical":"https:\/\/www.westrockcoffee.com\/pt-pt\/quem-somos\/missao-e-visao\/","og_locale":"pt_PT","og_type":"article","og_title":"Miss\u00e3o e Vis\u00e3o | Westrock Coffee","og_description":"A Westrock Coffee tem como objetivo ser o fornecedor mais competitivo e inovador de solu\u00e7\u00f5es de bebidas para as marcas mais conceituadas do mundo.","og_url":"https:\/\/www.westrockcoffee.com\/pt-pt\/quem-somos\/missao-e-visao\/","og_site_name":"Westrock Coffee","article_modified_time":"2025-05-19T05:09:23+00:00","twitter_card":"summary_large_image","schema":{"@context":"https:\/\/schema.org","@graph":[{"@type":"WebPage","@id":"https:\/\/www.westrockcoffee.com\/pt-pt\/quem-somos\/missao-e-visao\/","url":"https:\/\/www.westrockcoffee.com\/pt-pt\/quem-somos\/missao-e-visao\/","name":"Miss\u00e3o e Vis\u00e3o | Westrock Coffee","isPartOf":{"@id":"https:\/\/www.westrockcoffee.com\/pt-pt\/#website"},"datePublished":"2024-08-15T23:26:24+00:00","dateModified":"2025-05-19T05:09:23+00:00","description":"A Westrock Coffee tem como objetivo ser o fornecedor mais competitivo e inovador de solu\u00e7\u00f5es de bebidas para as marcas mais conceituadas do mundo.","breadcrumb":{"@id":"https:\/\/www.westrockcoffee.com\/pt-pt\/quem-somos\/missao-e-visao\/#breadcrumb"},"inLanguage":"pt-PT","potentialAction":[{"@type":"ReadAction","target":["https:\/\/www.westrockcoffee.com\/pt-pt\/quem-somos\/missao-e-visao\/"]}]},{"@type":"BreadcrumbList","@id":"https:\/\/www.westrockcoffee.com\/pt-pt\/quem-somos\/missao-e-visao\/#breadcrumb","itemListElement":[{"@type":"ListItem","position":1,"name":"Casa","item":"https:\/\/www.westrockcoffee.com\/pt-pt\/"},{"@type":"ListItem","position":2,"name":"Quem Somos","item":"https:\/\/www.westrockcoffee.com\/pt-pt\/quem-somos\/"},{"@type":"ListItem","position":3,"name":"Miss\u00e3o e Vis\u00e3o"}]},{"@type":"WebSite","@id":"https:\/\/www.westrockcoffee.com\/pt-pt\/#website","url":"https:\/\/www.westrockcoffee.com\/pt-pt\/","name":"Westrock Coffee","description":"","potentialAction":[{"@type":"SearchAction","target":{"@type":"EntryPoint","urlTemplate":"https:\/\/www.westrockcoffee.com\/pt-pt\/?s={search_term_string}"},"query-input":{"@type":"PropertyValueSpecification","valueRequired":true,"valueName":"search_term_string"}}],"inLanguage":"pt-PT"}]}},"_links":{"self":[{"href":"https:\/\/www.westrockcoffee.com\/pt-pt\/wp-json\/wp\/v2\/pages\/6430","targetHints":{"allow":["GET"]}}],"collection":[{"href":"https:\/\/www.westrockcoffee.com\/pt-pt\/wp-json\/wp\/v2\/pages"}],"about":[{"href":"https:\/\/www.westrockcoffee.com\/pt-pt\/wp-json\/wp\/v2\/types\/page"}],"author":[{"embeddable":true,"href":"https:\/\/www.westrockcoffee.com\/pt-pt\/wp-json\/wp\/v2\/users\/1"}],"replies":[{"embeddable":true,"href":"https:\/\/www.westrockcoffee.com\/pt-pt\/wp-json\/wp\/v2\/comments?post=6430"}],"version-history":[{"count":0,"href":"https:\/\/www.westrockcoffee.com\/pt-pt\/wp-json\/wp\/v2\/pages\/6430\/revisions"}],"up":[{"embeddable":true,"href":"https:\/\/www.westrockcoffee.com\/pt-pt\/wp-json\/wp\/v2\/pages\/6226"}],"wp:attachment":[{"href":"https:\/\/www.westrockcoffee.com\/pt-pt\/wp-json\/wp\/v2\/media?parent=6430"}],"curies":[{"name":"wp","href":"https:\/\/api.w.org\/{rel}","templated":true}]}}