{"id":6336,"date":"2024-09-26T16:59:56","date_gmt":"2024-09-26T21:59:56","guid":{"rendered":"https:\/\/westrockcoffee.wpenginepowered.com\/linha-direta-de-etica\/"},"modified":"2025-05-16T02:57:18","modified_gmt":"2025-05-16T07:57:18","slug":"linha-direta-de-etica","status":"publish","type":"page","link":"https:\/\/www.westrockcoffee.com\/pt-pt\/linha-direta-de-etica\/","title":{"rendered":"Linha Direta de \u00c9tica"},"content":{"rendered":"<section class=\"relative px-4 pt-8 md:pt-[180px] pb-32 bg-brand-purple overflow-hidden accent-hero \">\n    <img decoding=\"async\" class=\"absolute -right-[50%] md:right-[calc(0%-470px)] -top-[5%] md:-top-[25%] z-0 max-h-[840px]\" src=\"https:\/\/www.westrockcoffee.com\/wp-content\/themes\/timberland\/theme\/assets\/images\/elephant-v2.png\" alt=\"\" loading=\"eager\" \/>\n    <div class=\"max-w-7xl mx-auto flex flex-col justify-between gap-16\">\n        <nav class=\"list-none flex gap-2 text-white z-10 breadcrumbs\" aria-label=\"Breadcrumbs\">\n        <span><span><a href=\"https:\/\/www.westrockcoffee.com\/pt-pt\/\">Casa<\/a><\/span><\/span>\n        <\/nav>\n        <div class=\"flex flex-col md:flex-row gap-4 md:gap-16 lg:gap-32 z-10\">\n            <h1 class=\"text-5xl xl:text-6xl 2xl:text-7xl text-white font-black uppercase md:w-2\/5\">Linha Direta de \u00c9tica<\/h1>\n                            <div class=\"text-[22px] text-white md:w-3\/5 prose\"><p>A Westrock Coffee Company \u00e9 uma organiza\u00e7\u00e3o com fortes valores de responsabilidade e integridade. Estamos comprometidos com um ambiente onde as comunica\u00e7\u00f5es abertas e honestas s\u00e3o a expectativa, e n\u00e3o a exce\u00e7\u00e3o. Qualquer colaborador que deseje fazer uma den\u00fancia \u00e0 Linha Direta de \u00c9tica da Empresa est\u00e1 convidado a faz\u00ea-lo. Abaixo encontrar\u00e1 diversas op\u00e7\u00f5es dispon\u00edveis.   <\/p>\n<\/div>\n                    <\/div>\n    <\/div>\n<\/section><section class=\"px-4 py-12 xl:py-20 bg-brand-blue-light blurb-cards \" >\n    <div class=\"max-w-7xl mx-auto\">\n                    <div class=\"grid grid-cols-2 gap-4 justify-center items-center my-12 two-one-cards\">\n                                    <div data-aos=\"fade-up\" class=\"h-full p-4 sm:p-8 bg-white flex flex-col gap-1\">\n                                                    <h2 class=\"text-2xl md:text-4xl font-bold\">Estados Unidos<\/h2>\n                                                                            <div class=\"text-lg md:text-xl prose font-light\"><p><a href=\"tel:844-978-2541\">844-978-2541<\/a><\/p>\n<\/div>\n                                            <\/div>\n                                    <div data-aos=\"fade-up\" class=\"h-full p-4 sm:p-8 bg-white flex flex-col gap-1\">\n                                                    <h2 class=\"text-2xl md:text-4xl font-bold\">Reino Unido<\/h2>\n                                                                            <div class=\"text-lg md:text-xl prose font-light\"><p><a href=\"tel:0800-090-3348\">0800-090-3348<\/a><\/p>\n<\/div>\n                                            <\/div>\n                                    <div data-aos=\"fade-up\" class=\"h-full p-4 sm:p-8 bg-white flex flex-col gap-1\">\n                                                    <h2 class=\"text-2xl md:text-4xl font-bold\">Mal\u00e1sia<\/h2>\n                                                                            <div class=\"text-lg md:text-xl prose font-light\"><p><a href=\"tel:1-800-81-8643\">1-800-81-8643<\/a><\/p>\n<\/div>\n                                            <\/div>\n                                    <div data-aos=\"fade-up\" class=\"h-full p-4 sm:p-8 bg-white flex flex-col gap-1\">\n                                                    <h2 class=\"text-2xl md:text-4xl font-bold\">Ponto de \u00c9tica da Navex<\/h2>\n                                                                            <div class=\"text-lg md:text-xl prose font-light\"><p><a title=\"Visite o Navex EthicsPoint (abre num novo separador)\" href=\"https:\/\/westrockcoffee.ethicspoint.com\" target=\"_blank\" rel=\"noopener\" aria-label=\"Visit Navex EthicsPoint (opens in a new tab)\">Visite o Navex EthicsPoint<\/a><\/p>\n<\/div>\n                                            <\/div>\n                            <\/div>\n            <\/div>\n<\/section>","protected":false},"excerpt":{"rendered":"","protected":false},"author":2,"featured_media":0,"parent":0,"menu_order":0,"comment_status":"closed","ping_status":"closed","template":"","meta":{"_acf_changed":false,"content-type":"","footnotes":""},"class_list":["post-6336","page","type-page","status-publish","hentry"],"acf":[],"yoast_head":"<!-- This site is optimized with the Yoast SEO plugin v27.4 - https:\/\/yoast.com\/product\/yoast-seo-wordpress\/ -->\n<title>Linha Direta de \u00c9tica | Westrock Coffee<\/title>\n<meta name=\"description\" content=\"Westrock Coffee aims to be the world&#039;s most competitive and innovative provider of beverage solutions. Learn more about us on our Linha Direta de \u00c9tica page.\" \/>\n<meta name=\"robots\" content=\"index, follow, max-snippet:-1, max-image-preview:large, max-video-preview:-1\" \/>\n<link rel=\"canonical\" href=\"https:\/\/www.westrockcoffee.com\/pt-pt\/linha-direta-de-etica\/\" \/>\n<meta property=\"og:locale\" content=\"pt_PT\" \/>\n<meta property=\"og:type\" content=\"article\" \/>\n<meta property=\"og:title\" content=\"Linha Direta de \u00c9tica | Westrock Coffee\" \/>\n<meta property=\"og:description\" content=\"Westrock Coffee aims to be the world&#039;s most competitive and innovative provider of beverage solutions. Learn more about us on our Linha Direta de \u00c9tica page.\" \/>\n<meta property=\"og:url\" content=\"https:\/\/www.westrockcoffee.com\/pt-pt\/linha-direta-de-etica\/\" \/>\n<meta property=\"og:site_name\" content=\"Westrock Coffee\" \/>\n<meta property=\"article:modified_time\" content=\"2025-05-16T07:57:18+00:00\" \/>\n<meta name=\"twitter:card\" content=\"summary_large_image\" \/>\n<script type=\"application\/ld+json\" class=\"yoast-schema-graph\">{\"@context\":\"https:\\\/\\\/schema.org\",\"@graph\":[{\"@type\":\"WebPage\",\"@id\":\"https:\\\/\\\/www.westrockcoffee.com\\\/pt-pt\\\/linha-direta-de-etica\\\/\",\"url\":\"https:\\\/\\\/www.westrockcoffee.com\\\/pt-pt\\\/linha-direta-de-etica\\\/\",\"name\":\"Linha Direta de \u00c9tica | Westrock Coffee\",\"isPartOf\":{\"@id\":\"https:\\\/\\\/www.westrockcoffee.com\\\/pt-pt\\\/#website\"},\"datePublished\":\"2024-09-26T21:59:56+00:00\",\"dateModified\":\"2025-05-16T07:57:18+00:00\",\"description\":\"Westrock Coffee aims to be the world's most competitive and innovative provider of beverage solutions. Learn more about us on our Linha Direta de \u00c9tica page.\",\"breadcrumb\":{\"@id\":\"https:\\\/\\\/www.westrockcoffee.com\\\/pt-pt\\\/linha-direta-de-etica\\\/#breadcrumb\"},\"inLanguage\":\"pt-PT\",\"potentialAction\":[{\"@type\":\"ReadAction\",\"target\":[\"https:\\\/\\\/www.westrockcoffee.com\\\/pt-pt\\\/linha-direta-de-etica\\\/\"]}]},{\"@type\":\"BreadcrumbList\",\"@id\":\"https:\\\/\\\/www.westrockcoffee.com\\\/pt-pt\\\/linha-direta-de-etica\\\/#breadcrumb\",\"itemListElement\":[{\"@type\":\"ListItem\",\"position\":1,\"name\":\"Casa\",\"item\":\"https:\\\/\\\/www.westrockcoffee.com\\\/pt-pt\\\/\"},{\"@type\":\"ListItem\",\"position\":2,\"name\":\"Linha Direta de \u00c9tica\"}]},{\"@type\":\"WebSite\",\"@id\":\"https:\\\/\\\/www.westrockcoffee.com\\\/pt-pt\\\/#website\",\"url\":\"https:\\\/\\\/www.westrockcoffee.com\\\/pt-pt\\\/\",\"name\":\"Westrock Coffee\",\"description\":\"\",\"potentialAction\":[{\"@type\":\"SearchAction\",\"target\":{\"@type\":\"EntryPoint\",\"urlTemplate\":\"https:\\\/\\\/www.westrockcoffee.com\\\/pt-pt\\\/?s={search_term_string}\"},\"query-input\":{\"@type\":\"PropertyValueSpecification\",\"valueRequired\":true,\"valueName\":\"search_term_string\"}}],\"inLanguage\":\"pt-PT\"}]}<\/script>\n<!-- \/ Yoast SEO plugin. -->","yoast_head_json":{"title":"Linha Direta de \u00c9tica | Westrock Coffee","description":"Westrock Coffee aims to be the world's most competitive and innovative provider of beverage solutions. Learn more about us on our Linha Direta de \u00c9tica page.","robots":{"index":"index","follow":"follow","max-snippet":"max-snippet:-1","max-image-preview":"max-image-preview:large","max-video-preview":"max-video-preview:-1"},"canonical":"https:\/\/www.westrockcoffee.com\/pt-pt\/linha-direta-de-etica\/","og_locale":"pt_PT","og_type":"article","og_title":"Linha Direta de \u00c9tica | Westrock Coffee","og_description":"Westrock Coffee aims to be the world's most competitive and innovative provider of beverage solutions. Learn more about us on our Linha Direta de \u00c9tica page.","og_url":"https:\/\/www.westrockcoffee.com\/pt-pt\/linha-direta-de-etica\/","og_site_name":"Westrock Coffee","article_modified_time":"2025-05-16T07:57:18+00:00","twitter_card":"summary_large_image","schema":{"@context":"https:\/\/schema.org","@graph":[{"@type":"WebPage","@id":"https:\/\/www.westrockcoffee.com\/pt-pt\/linha-direta-de-etica\/","url":"https:\/\/www.westrockcoffee.com\/pt-pt\/linha-direta-de-etica\/","name":"Linha Direta de \u00c9tica | Westrock Coffee","isPartOf":{"@id":"https:\/\/www.westrockcoffee.com\/pt-pt\/#website"},"datePublished":"2024-09-26T21:59:56+00:00","dateModified":"2025-05-16T07:57:18+00:00","description":"Westrock Coffee aims to be the world's most competitive and innovative provider of beverage solutions. Learn more about us on our Linha Direta de \u00c9tica page.","breadcrumb":{"@id":"https:\/\/www.westrockcoffee.com\/pt-pt\/linha-direta-de-etica\/#breadcrumb"},"inLanguage":"pt-PT","potentialAction":[{"@type":"ReadAction","target":["https:\/\/www.westrockcoffee.com\/pt-pt\/linha-direta-de-etica\/"]}]},{"@type":"BreadcrumbList","@id":"https:\/\/www.westrockcoffee.com\/pt-pt\/linha-direta-de-etica\/#breadcrumb","itemListElement":[{"@type":"ListItem","position":1,"name":"Casa","item":"https:\/\/www.westrockcoffee.com\/pt-pt\/"},{"@type":"ListItem","position":2,"name":"Linha Direta de \u00c9tica"}]},{"@type":"WebSite","@id":"https:\/\/www.westrockcoffee.com\/pt-pt\/#website","url":"https:\/\/www.westrockcoffee.com\/pt-pt\/","name":"Westrock Coffee","description":"","potentialAction":[{"@type":"SearchAction","target":{"@type":"EntryPoint","urlTemplate":"https:\/\/www.westrockcoffee.com\/pt-pt\/?s={search_term_string}"},"query-input":{"@type":"PropertyValueSpecification","valueRequired":true,"valueName":"search_term_string"}}],"inLanguage":"pt-PT"}]}},"_links":{"self":[{"href":"https:\/\/www.westrockcoffee.com\/pt-pt\/wp-json\/wp\/v2\/pages\/6336","targetHints":{"allow":["GET"]}}],"collection":[{"href":"https:\/\/www.westrockcoffee.com\/pt-pt\/wp-json\/wp\/v2\/pages"}],"about":[{"href":"https:\/\/www.westrockcoffee.com\/pt-pt\/wp-json\/wp\/v2\/types\/page"}],"author":[{"embeddable":true,"href":"https:\/\/www.westrockcoffee.com\/pt-pt\/wp-json\/wp\/v2\/users\/2"}],"replies":[{"embeddable":true,"href":"https:\/\/www.westrockcoffee.com\/pt-pt\/wp-json\/wp\/v2\/comments?post=6336"}],"version-history":[{"count":0,"href":"https:\/\/www.westrockcoffee.com\/pt-pt\/wp-json\/wp\/v2\/pages\/6336\/revisions"}],"wp:attachment":[{"href":"https:\/\/www.westrockcoffee.com\/pt-pt\/wp-json\/wp\/v2\/media?parent=6336"}],"curies":[{"name":"wp","href":"https:\/\/api.w.org\/{rel}","templated":true}]}}