{"id":6315,"date":"2024-09-03T20:29:51","date_gmt":"2024-09-04T01:29:51","guid":{"rendered":"https:\/\/westrockcoffee.wpenginepowered.com\/percepcoes\/"},"modified":"2025-05-19T01:30:12","modified_gmt":"2025-05-19T06:30:12","slug":"percepcoes","status":"publish","type":"page","link":"https:\/\/www.westrockcoffee.com\/pt-pt\/percepcoes\/","title":{"rendered":"Percep\u00e7\u00f5es"},"content":{"rendered":"<section class=\"relative px-4 pt-8 md:pt-[180px] pb-24 bg-cover bg-[30%_50%] lg:bg-center interior-hero \" style=\"background-image:url(https:\/\/www.westrockcoffee.com\/wp-content\/uploads\/2024\/09\/WROC_9927-Website-Photo-selects-section-Hero-4_0.jpg)\" loading=\"eager\">\n                    <div class=\"hidden md:block absolute top-0 left-0 w-full h-full max-h-screen bg-gradient-to-b from-black\/90 via-[300px] via-transparent z-10\"><\/div>\n            <div class=\"absolute bg-gradient-to-r from-black\/50 to-transparent z-0 h-full w-full top-0 left-0\"><\/div>\n        <div class=\"max-w-7xl mx-auto flex flex-col justify-between gap-16\">\n        <nav class=\"list-none flex gap-2 text-white z-10 breadcrumbs\" aria-label=\"Breadcrumbs\">\n        <span><span><a href=\"https:\/\/www.westrockcoffee.com\/pt-pt\/\">Casa<\/a><\/span><\/span>\n        <\/nav>\n                <div class=\"flex flex-col gap-8\">\n            <h1 class=\"text-5xl xl:text-6xl 2xl:text-7xl text-white font-black uppercase md:max-w-[75%] xl:max-w-[65%] z-10\">Percep\u00e7\u00f5es<\/h1>\n                            <div class=\"text-2xl text-white font-light prose z-10 md:max-w-[75%] lg:max-w-[65%]\"><p>Aproveitando insights baseados em dados, criamos solu\u00e7\u00f5es personalizadas ao longo da sua jornada, desde a idealiza\u00e7\u00e3o de bebidas criativas at\u00e9 ao apoio cont\u00ednuo.<\/p>\n<\/div>\n                                <\/div>\n    <\/div>\n<\/section><section class=\"relative hidden xl:block animations-block_00c755471d399ae2ef45b6818108b14a \">\n\t\t<img decoding=\"async\" class=\"hidden absolute z-10 animation-coffee-fruit-1\" data-animation=\"coffee-fruit-1\" data-animation-config='{\"top\": \"-50px\", \"bottom\": \"\", \"left\": \"\", \"right\": \"-1%\", \"start\": \"top 75%\", \"x\": \"-=50\", \"y\": \"+=250\", \"rotation\": -20, \"duration\": 4, \"height\": \"5rem\"}' src=\"https:\/\/www.westrockcoffee.com\/wp-content\/themes\/timberland\/theme\/assets\/images\/floating\/coffee-fruit-1.png\" alt=\"\" \/>\n\t\t<img decoding=\"async\" class=\"hidden absolute z-10 animation-coffee-fruit-2\" data-animation=\"coffee-fruit-2\" data-animation-config='{\"top\": \"100px\", \"bottom\": \"\", \"left\": \"\", \"right\": \"0px\", \"start\": \"top 75%\", \"x\": \"-=40\", \"y\": \"+=350\", \"rotation\": -30, \"duration\": 4, \"height\": \"4rem\"}' src=\"https:\/\/www.westrockcoffee.com\/wp-content\/themes\/timberland\/theme\/assets\/images\/floating\/coffee-fruit-2.png\" alt=\"\" \/>\n\t\t<img decoding=\"async\" class=\"hidden absolute z-10 animation-tea-leaf\" data-animation=\"tea-leaf\" data-animation-config='{\"top\": \"-80px\", \"bottom\": \"\", \"left\": \"-5%\", \"right\": \"\", \"start\": \"top 75%\", \"x\": \"-=50\", \"y\": \"+=50\", \"rotation\": 30, \"duration\": 3, \"height\": \"9rem\"}' src=\"https:\/\/www.westrockcoffee.com\/wp-content\/themes\/timberland\/theme\/assets\/images\/floating\/tea-leaf.png\" alt=\"\" \/>\n\t<\/section>\n\n<script>\ndocument.addEventListener('DOMContentLoaded', () => {\n\tdocument.querySelectorAll('.animations-block_00c755471d399ae2ef45b6818108b14a img').forEach((element) => {\n\t\tconst animationConfig = JSON.parse(element.dataset.animationConfig);\n\n\t\telement.style.top = animationConfig.top;\n\t\telement.style.bottom = animationConfig.bottom;\n\t\telement.style.left = animationConfig.left;\n\t\telement.style.right = animationConfig.right;\n\t\telement.style.height = animationConfig.height;\n\t\telement.style.display = 'block';\n\n\t\twindow.gsap.to('.animation-' + element.dataset.animation, {\n\t\t\tscrollTrigger: {\n\t\t\t\ttrigger: '.animation-' + element.dataset.animation,\n\t\t\t\tstart: animationConfig.start,\n\t\t\t\tscrub: 2,\n\t\t\t\tpin: false,\n\t\t\t\ttoggleActions: \"restart none reverse none\",\n\t\t\t},\n\t\t\tx: () => animationConfig.x,\n\t\t\ty: () => animationConfig.y,\n\t\t\trotation: animationConfig.rotation,\n\t\t\tduration: animationConfig.duration,\n\t\t});\n\t});\n});\n<\/script><section class=\"px-4 py-12 xl:py-20 intro-paragraph bg-white \" >\n    <div data-aos=\"fade-up\" class=\"prose text-2xl md:text-3xl max-w-4xl leading-relaxed md:leading-[50px] mx-auto font-medium\"><p>O nosso processo de inova\u00e7\u00e3o colaborativa come\u00e7a com insights personalizados do consumidor e <mark>um profundo conhecimento das estrat\u00e9gias de entrada no mercado e das opera\u00e7\u00f5es de back-of-house dos nossos clientes<\/mark>, levando ao desenvolvimento de solu\u00e7\u00f5es de bebidas desej\u00e1veis \u200b\u200bque deixam os clientes encantados, reduzem os custos operacionais e de m\u00e3o-de-obra e, o mais importante, geram rentabilidade para os nossos clientes.<br \/>\nComo fornecedor completo de solu\u00e7\u00f5es para bebidas, criamos solu\u00e7\u00f5es de caf\u00e9, ch\u00e1 e extratos que v\u00e3o ao encontro da procura do consumidor em qualquer tipo de embalagem, com foco na melhor velocidade de comercializa\u00e7\u00e3o do setor.<\/p>\n<\/div>\n<\/section><section class=\"bg-brand-green px-4 py-12 xl:py-20 in-this-section \" >\n    <div class=\"max-w-7xl mx-auto\">\n                    <h2 data-aos=\"fade-up\" class=\"text-3xl md:text-4xl lg:text-5xl text-white font-black uppercase text-center mb-16\">Nesta sec\u00e7\u00e3o<\/h2>\n                        <nav class=\"list-none grid gap-8 lg:gap-16 grid-cols-1 lg:grid-cols-3\">\n                            <a data-aos=\"fade-up\" target=\"\" href=\"https:\/\/www.westrockcoffee.com\/insights\/sustainability\/\" class=\"border-t border-t-white group flex flex-col gap-4 pt-4\" title=\"Sustainability\">\n                    <div class=\"flex items-center justify-between text-white\">\n                        <strong class=\"text-white font-semibold text-2xl md:text-3xl group-hover:text-brand-gray transition\">Sustainability<\/strong>\n                        <svg class=\"group-hover:translate-x-2 group-hover:text-brand-gray transition pr-2\" width=\"28\" height=\"25\" viewBox=\"0 0 28 25\" fill=\"none\" xmlns=\"http:\/\/www.w3.org\/2000\/svg\">\n                            <path d=\"M27.84 11.72V13.12L14.84 24.44L13.12 22.36C17.28 18.92 21.76 15.64 24.76 13.6L24.68 13.36C21.2 13.6 15.72 13.72 11.12 13.72L0.52 13.72L0.52 11.12L11.12 11.12C15.72 11.12 21.2 11.28 24.68 11.52L24.76 11.28C21.68 9.16 17.32 5.92 13.12 2.48L14.88 0.439998L27.84 11.72Z\" fill=\"currentColor\"\/>\n                        <\/svg>\n                    <\/div>\n                                            <div class=\"text-lg font-light prose text-white group-hover:text-brand-gray transition\"><p>Explore os insights de sustentabilidade da Westrock para descobrir como estamos a ter um impacto duradouro atrav\u00e9s do nosso compromisso com o fornecimento respons\u00e1vel e o empoderamento dos agricultores. Mergulhe em hist\u00f3rias que destaquem as nossas parcerias com produtores de caf\u00e9, pr\u00e1ticas inovadoras e as mudan\u00e7as positivas que estamos a promover nas comunidades que servimos. <\/p>\n<\/div>\n                                    <\/a>\n                            <a data-aos=\"fade-up\" target=\"\" href=\"https:\/\/www.westrockcoffee.com\/insights\/case-studies\/\" class=\"border-t border-t-white group flex flex-col gap-4 pt-4\" title=\"Case Studies\">\n                    <div class=\"flex items-center justify-between text-white\">\n                        <strong class=\"text-white font-semibold text-2xl md:text-3xl group-hover:text-brand-gray transition\">Case Studies<\/strong>\n                        <svg class=\"group-hover:translate-x-2 group-hover:text-brand-gray transition pr-2\" width=\"28\" height=\"25\" viewBox=\"0 0 28 25\" fill=\"none\" xmlns=\"http:\/\/www.w3.org\/2000\/svg\">\n                            <path d=\"M27.84 11.72V13.12L14.84 24.44L13.12 22.36C17.28 18.92 21.76 15.64 24.76 13.6L24.68 13.36C21.2 13.6 15.72 13.72 11.12 13.72L0.52 13.72L0.52 11.12L11.12 11.12C15.72 11.12 21.2 11.28 24.68 11.52L24.76 11.28C21.68 9.16 17.32 5.92 13.12 2.48L14.88 0.439998L27.84 11.72Z\" fill=\"currentColor\"\/>\n                        <\/svg>\n                    <\/div>\n                                            <div class=\"text-lg font-light prose text-white group-hover:text-brand-gray transition\"><p>Construir o sucesso requer uma parceria forte. Os estudos de caso da Westrock demonstram como trabalhamos com os clientes para superar desafios e alcan\u00e7ar resultados not\u00e1veis. <\/p>\n<\/div>\n                                    <\/a>\n                            <a data-aos=\"fade-up\" target=\"\" href=\"https:\/\/www.westrockcoffee.com\/insights\/blog\/\" class=\"border-t border-t-white group flex flex-col gap-4 pt-4\" title=\"Blog\">\n                    <div class=\"flex items-center justify-between text-white\">\n                        <strong class=\"text-white font-semibold text-2xl md:text-3xl group-hover:text-brand-gray transition\">Blog<\/strong>\n                        <svg class=\"group-hover:translate-x-2 group-hover:text-brand-gray transition pr-2\" width=\"28\" height=\"25\" viewBox=\"0 0 28 25\" fill=\"none\" xmlns=\"http:\/\/www.w3.org\/2000\/svg\">\n                            <path d=\"M27.84 11.72V13.12L14.84 24.44L13.12 22.36C17.28 18.92 21.76 15.64 24.76 13.6L24.68 13.36C21.2 13.6 15.72 13.72 11.12 13.72L0.52 13.72L0.52 11.12L11.12 11.12C15.72 11.12 21.2 11.28 24.68 11.52L24.76 11.28C21.68 9.16 17.32 5.92 13.12 2.48L14.88 0.439998L27.84 11.72Z\" fill=\"currentColor\"\/>\n                        <\/svg>\n                    <\/div>\n                                            <div class=\"text-lg font-light prose text-white group-hover:text-brand-gray transition\"><p>Explore o blogue da Westrock, a sua fonte de an\u00e1lises especializadas e perspetivas de vanguarda sobre tudo o que acontece no mundo das bebidas. A nossa equipa de l\u00edderes e inovadores do setor partilha os seus insights sobre tend\u00eancias emergentes, insights do setor, pr\u00e1ticas sustent\u00e1veis \u200b\u200be solu\u00e7\u00f5es que impulsionam o nosso setor. <\/p>\n<\/div>\n                                    <\/a>\n                    <\/nav>\n    <\/div>\n<\/section>","protected":false},"excerpt":{"rendered":"","protected":false},"author":1,"featured_media":0,"parent":0,"menu_order":0,"comment_status":"closed","ping_status":"closed","template":"","meta":{"_acf_changed":false,"content-type":"","footnotes":""},"class_list":["post-6315","page","type-page","status-publish","hentry"],"acf":[],"yoast_head":"<!-- This site is optimized with the Yoast SEO plugin v27.5 - https:\/\/yoast.com\/product\/yoast-seo-wordpress\/ -->\n<title>Percep\u00e7\u00f5es | Westrock Coffee<\/title>\n<meta name=\"description\" content=\"Como fornecedor completo de solu\u00e7\u00f5es para bebidas, criamos solu\u00e7\u00f5es de caf\u00e9, ch\u00e1 e extratos que v\u00e3o ao encontro da procura do consumidor em qualquer tipo de embalagem, com foco na melhor velocidade de comercializa\u00e7\u00e3o do setor.\" \/>\n<meta name=\"robots\" content=\"index, follow, max-snippet:-1, max-image-preview:large, max-video-preview:-1\" \/>\n<link rel=\"canonical\" href=\"https:\/\/www.westrockcoffee.com\/pt-pt\/percepcoes\/\" \/>\n<meta property=\"og:locale\" content=\"pt_PT\" \/>\n<meta property=\"og:type\" content=\"article\" \/>\n<meta property=\"og:title\" content=\"Percep\u00e7\u00f5es | Westrock Coffee\" \/>\n<meta property=\"og:description\" content=\"Como fornecedor completo de solu\u00e7\u00f5es para bebidas, criamos solu\u00e7\u00f5es de caf\u00e9, ch\u00e1 e extratos que v\u00e3o ao encontro da procura do consumidor em qualquer tipo de embalagem, com foco na melhor velocidade de comercializa\u00e7\u00e3o do setor.\" \/>\n<meta property=\"og:url\" content=\"https:\/\/www.westrockcoffee.com\/pt-pt\/percepcoes\/\" \/>\n<meta property=\"og:site_name\" content=\"Westrock Coffee\" \/>\n<meta property=\"article:modified_time\" content=\"2025-05-19T06:30:12+00:00\" \/>\n<meta name=\"twitter:card\" content=\"summary_large_image\" \/>\n<script type=\"application\/ld+json\" class=\"yoast-schema-graph\">{\"@context\":\"https:\\\/\\\/schema.org\",\"@graph\":[{\"@type\":\"WebPage\",\"@id\":\"https:\\\/\\\/www.westrockcoffee.com\\\/pt-pt\\\/percepcoes\\\/\",\"url\":\"https:\\\/\\\/www.westrockcoffee.com\\\/pt-pt\\\/percepcoes\\\/\",\"name\":\"Percep\u00e7\u00f5es | Westrock Coffee\",\"isPartOf\":{\"@id\":\"https:\\\/\\\/www.westrockcoffee.com\\\/pt-pt\\\/#website\"},\"datePublished\":\"2024-09-04T01:29:51+00:00\",\"dateModified\":\"2025-05-19T06:30:12+00:00\",\"description\":\"Como fornecedor completo de solu\u00e7\u00f5es para bebidas, criamos solu\u00e7\u00f5es de caf\u00e9, ch\u00e1 e extratos que v\u00e3o ao encontro da procura do consumidor em qualquer tipo de embalagem, com foco na melhor velocidade de comercializa\u00e7\u00e3o do setor.\",\"breadcrumb\":{\"@id\":\"https:\\\/\\\/www.westrockcoffee.com\\\/pt-pt\\\/percepcoes\\\/#breadcrumb\"},\"inLanguage\":\"pt-PT\",\"potentialAction\":[{\"@type\":\"ReadAction\",\"target\":[\"https:\\\/\\\/www.westrockcoffee.com\\\/pt-pt\\\/percepcoes\\\/\"]}]},{\"@type\":\"BreadcrumbList\",\"@id\":\"https:\\\/\\\/www.westrockcoffee.com\\\/pt-pt\\\/percepcoes\\\/#breadcrumb\",\"itemListElement\":[{\"@type\":\"ListItem\",\"position\":1,\"name\":\"Casa\",\"item\":\"https:\\\/\\\/www.westrockcoffee.com\\\/pt-pt\\\/\"},{\"@type\":\"ListItem\",\"position\":2,\"name\":\"Percep\u00e7\u00f5es\"}]},{\"@type\":\"WebSite\",\"@id\":\"https:\\\/\\\/www.westrockcoffee.com\\\/pt-pt\\\/#website\",\"url\":\"https:\\\/\\\/www.westrockcoffee.com\\\/pt-pt\\\/\",\"name\":\"Westrock Coffee\",\"description\":\"\",\"potentialAction\":[{\"@type\":\"SearchAction\",\"target\":{\"@type\":\"EntryPoint\",\"urlTemplate\":\"https:\\\/\\\/www.westrockcoffee.com\\\/pt-pt\\\/?s={search_term_string}\"},\"query-input\":{\"@type\":\"PropertyValueSpecification\",\"valueRequired\":true,\"valueName\":\"search_term_string\"}}],\"inLanguage\":\"pt-PT\"}]}<\/script>\n<!-- \/ Yoast SEO plugin. -->","yoast_head_json":{"title":"Percep\u00e7\u00f5es | Westrock Coffee","description":"Como fornecedor completo de solu\u00e7\u00f5es para bebidas, criamos solu\u00e7\u00f5es de caf\u00e9, ch\u00e1 e extratos que v\u00e3o ao encontro da procura do consumidor em qualquer tipo de embalagem, com foco na melhor velocidade de comercializa\u00e7\u00e3o do setor.","robots":{"index":"index","follow":"follow","max-snippet":"max-snippet:-1","max-image-preview":"max-image-preview:large","max-video-preview":"max-video-preview:-1"},"canonical":"https:\/\/www.westrockcoffee.com\/pt-pt\/percepcoes\/","og_locale":"pt_PT","og_type":"article","og_title":"Percep\u00e7\u00f5es | Westrock Coffee","og_description":"Como fornecedor completo de solu\u00e7\u00f5es para bebidas, criamos solu\u00e7\u00f5es de caf\u00e9, ch\u00e1 e extratos que v\u00e3o ao encontro da procura do consumidor em qualquer tipo de embalagem, com foco na melhor velocidade de comercializa\u00e7\u00e3o do setor.","og_url":"https:\/\/www.westrockcoffee.com\/pt-pt\/percepcoes\/","og_site_name":"Westrock Coffee","article_modified_time":"2025-05-19T06:30:12+00:00","twitter_card":"summary_large_image","schema":{"@context":"https:\/\/schema.org","@graph":[{"@type":"WebPage","@id":"https:\/\/www.westrockcoffee.com\/pt-pt\/percepcoes\/","url":"https:\/\/www.westrockcoffee.com\/pt-pt\/percepcoes\/","name":"Percep\u00e7\u00f5es | Westrock Coffee","isPartOf":{"@id":"https:\/\/www.westrockcoffee.com\/pt-pt\/#website"},"datePublished":"2024-09-04T01:29:51+00:00","dateModified":"2025-05-19T06:30:12+00:00","description":"Como fornecedor completo de solu\u00e7\u00f5es para bebidas, criamos solu\u00e7\u00f5es de caf\u00e9, ch\u00e1 e extratos que v\u00e3o ao encontro da procura do consumidor em qualquer tipo de embalagem, com foco na melhor velocidade de comercializa\u00e7\u00e3o do setor.","breadcrumb":{"@id":"https:\/\/www.westrockcoffee.com\/pt-pt\/percepcoes\/#breadcrumb"},"inLanguage":"pt-PT","potentialAction":[{"@type":"ReadAction","target":["https:\/\/www.westrockcoffee.com\/pt-pt\/percepcoes\/"]}]},{"@type":"BreadcrumbList","@id":"https:\/\/www.westrockcoffee.com\/pt-pt\/percepcoes\/#breadcrumb","itemListElement":[{"@type":"ListItem","position":1,"name":"Casa","item":"https:\/\/www.westrockcoffee.com\/pt-pt\/"},{"@type":"ListItem","position":2,"name":"Percep\u00e7\u00f5es"}]},{"@type":"WebSite","@id":"https:\/\/www.westrockcoffee.com\/pt-pt\/#website","url":"https:\/\/www.westrockcoffee.com\/pt-pt\/","name":"Westrock Coffee","description":"","potentialAction":[{"@type":"SearchAction","target":{"@type":"EntryPoint","urlTemplate":"https:\/\/www.westrockcoffee.com\/pt-pt\/?s={search_term_string}"},"query-input":{"@type":"PropertyValueSpecification","valueRequired":true,"valueName":"search_term_string"}}],"inLanguage":"pt-PT"}]}},"_links":{"self":[{"href":"https:\/\/www.westrockcoffee.com\/pt-pt\/wp-json\/wp\/v2\/pages\/6315","targetHints":{"allow":["GET"]}}],"collection":[{"href":"https:\/\/www.westrockcoffee.com\/pt-pt\/wp-json\/wp\/v2\/pages"}],"about":[{"href":"https:\/\/www.westrockcoffee.com\/pt-pt\/wp-json\/wp\/v2\/types\/page"}],"author":[{"embeddable":true,"href":"https:\/\/www.westrockcoffee.com\/pt-pt\/wp-json\/wp\/v2\/users\/1"}],"replies":[{"embeddable":true,"href":"https:\/\/www.westrockcoffee.com\/pt-pt\/wp-json\/wp\/v2\/comments?post=6315"}],"version-history":[{"count":0,"href":"https:\/\/www.westrockcoffee.com\/pt-pt\/wp-json\/wp\/v2\/pages\/6315\/revisions"}],"wp:attachment":[{"href":"https:\/\/www.westrockcoffee.com\/pt-pt\/wp-json\/wp\/v2\/media?parent=6315"}],"curies":[{"name":"wp","href":"https:\/\/api.w.org\/{rel}","templated":true}]}}