{"id":4466,"date":"2024-10-01T21:22:13","date_gmt":"2024-10-02T02:22:13","guid":{"rendered":"https:\/\/westrockcoffee.wpenginepowered.com\/perspectivas\/sostenibilidad\/"},"modified":"2025-04-23T06:40:58","modified_gmt":"2025-04-23T11:40:58","slug":"sostenibilidad","status":"publish","type":"page","link":"https:\/\/www.westrockcoffee.com\/es\/perspectivas\/sostenibilidad\/","title":{"rendered":"Sostenibilidad"},"content":{"rendered":"<section class=\"relative px-4 pt-8 md:pt-[180px] pb-32 bg-brand-purple overflow-hidden accent-hero \">\n    <img decoding=\"async\" class=\"absolute -right-[50%] md:right-[calc(0%-470px)] -top-[5%] md:-top-[25%] z-0 max-h-[840px]\" src=\"https:\/\/www.westrockcoffee.com\/wp-content\/themes\/timberland\/theme\/assets\/images\/elephant-v2.png\" alt=\"\" loading=\"eager\" \/>\n    <div class=\"max-w-7xl mx-auto flex flex-col justify-between gap-16\">\n        <nav class=\"list-none flex gap-2 text-white z-10 breadcrumbs\" aria-label=\"Breadcrumbs\">\n        <span><span><a href=\"https:\/\/www.westrockcoffee.com\/es\/\">Inicio<\/a><\/span><\/span>\n        <\/nav>\n        <div class=\"flex flex-col md:flex-row gap-4 md:gap-16 lg:gap-32 z-10\">\n            <h1 class=\"text-5xl xl:text-6xl 2xl:text-7xl text-white font-black uppercase md:w-2\/5\">Perspectivas de Sostenibilidad<\/h1>\n                            <div class=\"text-[22px] text-white md:w-3\/5 prose\"><p>Desde empoderar a los agricultores hasta implementar pr\u00e1cticas ecol\u00f3gicas en toda la cadena de suministro, estamos comprometidos a tener un impacto positivo en las personas y el planeta. Explora nuestra colecci\u00f3n de art\u00edculos para ver c\u00f3mo estamos impulsando el cambio, fomentando relaciones a largo plazo con nuestros socios y liderando el camino en la producci\u00f3n sostenible de caf\u00e9. <\/p>\n<\/div>\n                    <\/div>\n    <\/div>\n<\/section>\n\n<section data-aos=\"fade-up\" class=\"px-4 py-12 xl:py-20 bg-brand-blue-light featured-article \" >\n    <div class=\"max-w-7xl mx-auto flex flex-col gap-4 md:gap-0 md:flex-row\">\n        <div class=\"relative md:w-1\/2\">\n                                                                <img class=\"md:absolute -top-36 -mt-36 md:mt-0 lazyload\" data-src=\"https:\/\/www.westrockcoffee.com\/wp-content\/uploads\/2024\/09\/Hector_Martin_Family-1024x576.jpg\" alt=\"\" \/>\n        <\/div>\n        <div class=\"flex flex-col gap-6 md:w-1\/2 md:pl-16 lg:pl-24\">\n            <h2 class=\"text-3xl md:text-4xl lg:text-5xl font-black uppercase\">Conoce a H\u00e9ctor Mar\u00edn<\/h2>\n            <div class=\"text-brand-purple text-2xl font-semibold\">octubre 14, 2024<\/div>\n            <p class=\"text-[22px]\">Como agricultor innovador de unos 20 a\u00f1os, H\u00e9ctor Mart\u00edn se uni\u00f3 a Ra\u00edz espec\u00edficamente por el acceso al mercado y para ampliar sus conocimientos en cuatro \u00e1reas: renovaci\u00f3n vegetal, nutrici\u00f3n de cultivos, recuperaci\u00f3n del suelo y conservaci\u00f3n del agua.<\/p>\n            <a class=\"text-black font-medium text-xl md:text-[26px] flex gap-2 items-center group whitespace-nowrap\" aria-label=\"Read More about Conoce a H\u00e9ctor Mar\u00edn\" href=\"https:\/\/www.westrockcoffee.com\/es\/conoce-a-hector-marin\/\">\n                <span class=\"group-hover:text-brand-purple transition\">Leer m\u00e1s<\/span> \n                <svg class=\"group-hover:translate-x-2 group-hover:text-brand-purple transition\" width=\"28\" height=\"25\" viewBox=\"0 0 28 25\" fill=\"none\" xmlns=\"http:\/\/www.w3.org\/2000\/svg\">\n                    <path d=\"M27.28 11.52V13.32L14.24 24.48L12.68 22.28C17.08 18.84 22.28 15.24 25.12 13.56L24.88 12.96C20.92 13.44 13.32 13.72 7.32 13.72H2.98023e-08L2.98023e-08 11.12H7.32C13.32 11.12 20.92 11.44 24.88 11.96L25.12 11.32C22.08 9.48 17.12 6 12.68 2.56L14.36 0.439998L27.28 11.52Z\" fill=\"currentColor\"\/>\n                <\/svg>\n            <\/a>\n        <\/div>\n    <\/div>\n<\/section>\n\n<section class=\"bg-brand-gray px-4 article-listing \" >\n        <div class=\"max-w-7xl mx-auto py-16\" x-data=\"loadMorePosts()\">\n        <div class=\"filters\" x-data=\"{ activeFilter: 0 }\">\n                                                                                                <\/div>\n                <div class=\"grid grid-cols-2 md:grid-cols-3 gap-4 mb-12\">\n                                                                    <a class=\"group bg-white p-4 hover:bg-brand-purple transition\" href=\"https:\/\/www.westrockcoffee.com\/es\/destacado-de-uganda-abril-2025\/\" title=\"Destacado de Uganda Abril 2025\" x-show.important=\"defaultPosts\">\n                        <div class=\"flex flex-col justify-between h-full gap-16\">\n                                                                                                                                                                                                <sm class=\"font-bold md:text-lg group-hover:text-white\"><span class=\"h-2.5 w-2.5 inline-block bg-brand-purple group-hover:bg-white mr-1.5\"><\/span>Sostenibilidad<\/sm>\n                                                        <div>\n                                <div class=\"font-bold md:text-2xl text-black group-hover:text-white\">Destacado de Uganda Abril 2025<\/div>\n                                <date class=\"text-[#545454] font-medium text-sm md:text-lg group-hover:text-white\">abril 14, 2025<\/date>\n                            <\/div>\n                        <\/div>\n                    <\/a>\n                                                        <a class=\"group bg-white p-4 hover:bg-brand-yellow transition\" href=\"https:\/\/www.westrockcoffee.com\/es\/lo-mas-destacado-de-papua-nueva-guinea-marzo-de-2025\/\" title=\"Lo m\u00e1s destacado de Pap\u00faa Nueva Guinea Marzo de 2025\" x-show.important=\"defaultPosts\">\n                        <div class=\"flex flex-col justify-between h-full gap-16\">\n                                                                                                                                                                                                <sm class=\"font-bold md:text-lg \"><span class=\"h-2.5 w-2.5 inline-block bg-brand-yellow group-hover:bg-black mr-1.5\"><\/span>Sostenibilidad<\/sm>\n                                                        <div>\n                                <div class=\"font-bold md:text-2xl text-black \">Lo m\u00e1s destacado de Pap\u00faa Nueva Guinea Marzo de 2025<\/div>\n                                <date class=\"text-[#545454] font-medium text-sm md:text-lg group-hover:text-black\">marzo 25, 2025<\/date>\n                            <\/div>\n                        <\/div>\n                    <\/a>\n                                <div class=\"md:row-span-2 md:col-start-3 bg-cover flex justify-end col-span-2 md:col-span-1 min-h-52 md:min-h-none lazyload\" data-bg=\"https:\/\/www.westrockcoffee.com\/wp-content\/uploads\/2024\/10\/sustainability-report-1080x1080-1.jpg\" x-show.important=\"defaultPosts\">\n                    <div class=\"flex items-end bg-gradient-to-t from-black\/80 via-transparent to-transparent w-full\">\n                        <a target=\"_blank\" rel=\"noopener noreferrer\" title=\"Download This Report (opens in a new tab)\" aria-label=\"Download This Report (opens in a new tab)\" class=\"group flex gap-2 items-center justify-center border border-white text-white px-2 py-1 hover:bg-black transition mt-auto w-full m-4 leading-tight\" href=\"https:\/\/www.westrockcoffee.com\/wp-content\/uploads\/2024\/10\/WROC_9551_2023_Sustainability_Report-Web2.pdf\">\n                            <svg class=\"text-white group-hover:text-brand-gray transition max-w-[14px] md:max-w-none\" width=\"19\" height=\"17\" viewBox=\"0 0 19 17\" fill=\"none\" xmlns=\"http:\/\/www.w3.org\/2000\/svg\">\n                                <path d=\"M16.8453 16.5H2.15468C1.518 16.5 1 15.9906 1 15.3641V11.6857C1 11.3895 1.23969 11.1493 1.53522 11.1493C1.83076 11.1493 2.07044 11.3895 2.07044 11.6857V15.3641C2.07044 15.3939 2.10488 15.4271 2.15468 15.4271H16.8453C16.8951 15.4271 16.9296 15.3939 16.9296 15.3641V11.6857C16.9296 11.3895 17.1692 11.1493 17.4648 11.1493C17.7603 11.1493 18 11.3895 18 11.6857V15.3641C18 15.9906 17.482 16.5 16.8453 16.5ZM14.4592 6.98248C14.2502 6.77302 13.9114 6.77302 13.7024 6.98248L10.0355 10.658V1.03647C10.0355 0.740247 9.79577 0.5 9.50023 0.5C9.2047 0.5 8.96501 0.740247 8.96501 1.03647V10.658L5.29805 6.98248C5.08908 6.77302 4.75027 6.77302 4.5413 6.98248C4.33233 7.19194 4.33233 7.53155 4.5413 7.741L9.12232 12.3328C9.22285 12.4335 9.35875 12.49 9.5007 12.49C9.64265 12.49 9.77901 12.4335 9.87908 12.3328L14.4601 7.741C14.6691 7.53155 14.6691 7.19194 14.4601 6.98248H14.4592Z\" fill=\"currentColor\" stroke=\"currentColor\"\/>\n                            <\/svg>\n                            <span class=\"md:text-lg\">Descargar este informe<\/span>\n                        <\/a>\n                    <\/div>\n                <\/div>\n                                                        <a class=\"group bg-white p-4 hover:bg-brand-orange transition\" href=\"https:\/\/www.westrockcoffee.com\/es\/lo-mas-destacado-de-guatemala-febrero-2025\/\" title=\"Lo m\u00e1s destacado de Guatemala Febrero 2025\" x-show.important=\"defaultPosts\">\n                        <div class=\"flex flex-col justify-between h-full gap-16\">\n                                                                                                                                                                                                <sm class=\"font-bold md:text-lg group-hover:text-white\"><span class=\"h-2.5 w-2.5 inline-block bg-brand-orange group-hover:bg-white mr-1.5\"><\/span>Sostenibilidad<\/sm>\n                                                        <div>\n                                <div class=\"font-bold md:text-2xl text-black group-hover:text-white\">Lo m\u00e1s destacado de Guatemala Febrero 2025<\/div>\n                                <date class=\"text-[#545454] font-medium text-sm md:text-lg group-hover:text-white\">febrero 17, 2025<\/date>\n                            <\/div>\n                        <\/div>\n                    <\/a>\n                                                        <a class=\"group bg-white p-4 hover:bg-brand-green transition\" href=\"https:\/\/www.westrockcoffee.com\/es\/destacado-de-jamaica-enero-2025\/\" title=\"Destacado de Jamaica Enero 2025\" x-show.important=\"defaultPosts\">\n                        <div class=\"flex flex-col justify-between h-full gap-16\">\n                                                                                                                                                                                                <sm class=\"font-bold md:text-lg group-hover:text-white\"><span class=\"h-2.5 w-2.5 inline-block bg-brand-green group-hover:bg-white mr-1.5\"><\/span>Sostenibilidad<\/sm>\n                                                        <div>\n                                <div class=\"font-bold md:text-2xl text-black group-hover:text-white\">Destacado de Jamaica Enero 2025<\/div>\n                                <date class=\"text-[#545454] font-medium text-sm md:text-lg group-hover:text-white\">enero 24, 2025<\/date>\n                            <\/div>\n                        <\/div>\n                    <\/a>\n                                                        <a class=\"group bg-white p-4 hover:bg-brand-brown transition\" href=\"https:\/\/www.westrockcoffee.com\/es\/kona-highlight-diciembre-2024\/\" title=\"Kona Highlight Diciembre 2024\" x-show.important=\"defaultPosts\">\n                        <div class=\"flex flex-col justify-between h-full gap-16\">\n                                                                                                                                                                                                <sm class=\"font-bold md:text-lg group-hover:text-white\"><span class=\"h-2.5 w-2.5 inline-block bg-brand-brown group-hover:bg-white mr-1.5\"><\/span>Sostenibilidad<\/sm>\n                                                        <div>\n                                <div class=\"font-bold md:text-2xl text-black group-hover:text-white\">Kona Highlight Diciembre 2024<\/div>\n                                <date class=\"text-[#545454] font-medium text-sm md:text-lg group-hover:text-white\">diciembre 16, 2024<\/date>\n                            <\/div>\n                        <\/div>\n                    <\/a>\n                                                        <a class=\"group bg-white p-4 hover:bg-brand-blue transition\" href=\"https:\/\/www.westrockcoffee.com\/es\/costa-rica-destacado-noviembre-2024\/\" title=\"Costa Rica Destacado Noviembre 2024\" x-show.important=\"defaultPosts\">\n                        <div class=\"flex flex-col justify-between h-full gap-16\">\n                                                                                                                                                                                                <sm class=\"font-bold md:text-lg group-hover:text-white\"><span class=\"h-2.5 w-2.5 inline-block bg-brand-blue group-hover:bg-white mr-1.5\"><\/span>Sostenibilidad<\/sm>\n                                                        <div>\n                                <div class=\"font-bold md:text-2xl text-black group-hover:text-white\">Costa Rica Destacado Noviembre 2024<\/div>\n                                <date class=\"text-[#545454] font-medium text-sm md:text-lg group-hover:text-white\">noviembre 18, 2024<\/date>\n                            <\/div>\n                        <\/div>\n                    <\/a>\n                                                        <a class=\"group bg-white p-4 hover:bg-brand-purple transition\" href=\"https:\/\/www.westrockcoffee.com\/es\/honduras-destacado-octubre-2024\/\" title=\"Honduras Destacado Octubre 2024\" x-show.important=\"defaultPosts\">\n                        <div class=\"flex flex-col justify-between h-full gap-16\">\n                                                                                                                                                                                                <sm class=\"font-bold md:text-lg group-hover:text-white\"><span class=\"h-2.5 w-2.5 inline-block bg-brand-purple group-hover:bg-white mr-1.5\"><\/span>Sostenibilidad<\/sm>\n                                                        <div>\n                                <div class=\"font-bold md:text-2xl text-black group-hover:text-white\">Honduras Destacado Octubre 2024<\/div>\n                                <date class=\"text-[#545454] font-medium text-sm md:text-lg group-hover:text-white\">octubre 22, 2024<\/date>\n                            <\/div>\n                        <\/div>\n                    <\/a>\n                                        <template x-for=\"(item, index) in posts\" :key=\"item.id\">\n\t\t\t\t<a :href=\"item.permalink\" class=\"group bg-white p-4 flex flex-col justify-between\" \n                    :class=\"{ 'hover:bg-brand-purple': index % 6 === 0,\n                        'hover:bg-brand-yellow': index % 6 === 1,\n                        'hover:bg-brand-orange': index % 6 === 2,\n                        'hover:bg-brand-green': index % 6 === 3,\n                        'hover:bg-brand-brown': index % 6 === 4,\n                        'hover:bg-brand-blue': index % 6 === 5 }\"\n\t\t\t\t\tx-data=\"articleItem\"\n\t\t\t\t\tx-transition\n\t\t\t\t\tx-show=\"show\">\n                   \n\t\t\t\t\t<div class=\"flex flex-col justify-between h-full gap-16\">\n                        <sm class=\"font-bold md:text-lg\" :class=\"{ 'group-hover:text-white' : index % 6 !== 1 }\"><span class=\"h-2.5 w-2.5 inline-block mr-1.5\" :class=\"{ 'bg-brand-purple group-hover:bg-white': index % 6 === 0, 'bg-brand-yellow group-hover:bg-black': index % 6 === 1, 'bg-brand-orange group-hover:bg-white': index % 6 === 2, 'bg-brand-green group-hover:bg-white': index % 6 === 3, 'bg-brand-brown group-hover:bg-white': index % 6 === 4, 'bg-brand-blue group-hover:bg-white': index % 6 === 5 }\"><\/span><span x-text=\"item.category\"><\/span><\/sm>\n                        <div>\n                            <div class=\"font-bold md:text-2xl text-black\" :class=\"{ 'group-hover:text-white' : index % 6 !== 1 }\" x-html=\"item.title\"><\/div>\n                            <date class=\"text-[#545454] font-medium text-sm md:text-lg group-hover:text-white\" :class=\"{ 'group-hover:text-black' : index % 6 === 1 }\" x-text=\"item.post_date\"><\/date>\n                        <\/div>\n                    <\/div>\n\t\t\t\t<\/a>\n\t\t\t<\/template>\n        <\/div>\n        <div class=\"text-center\">\n            <a href=\"#\" x-show=\"hasMorePosts\" @click.prevent=\"loadMore('post', 'sostenibilidad')\" class=\"bg-black text-white text-xl md:text-2xl px-8 pt-1 pb-2 border border-black hover:bg-transparent hover:border-brand-purple hover:text-brand-purple transition\">\n                Cargar m\u00e1s\n            <\/a>\n        <\/div>\n    <\/div>\n<\/section>","protected":false},"excerpt":{"rendered":"","protected":false},"author":2,"featured_media":0,"parent":3820,"menu_order":0,"comment_status":"closed","ping_status":"closed","template":"","meta":{"_acf_changed":false,"content-type":"","footnotes":""},"class_list":["post-4466","page","type-page","status-publish","hentry"],"acf":[],"yoast_head":"<!-- This site is optimized with the Yoast SEO plugin v27.4 - https:\/\/yoast.com\/product\/yoast-seo-wordpress\/ -->\n<title>Sostenibilidad | Westrock Coffee<\/title>\n<meta name=\"description\" content=\"Westrock Coffee aims to be the world&#039;s most competitive and innovative provider of beverage solutions. Learn more about us on our Sostenibilidad page.\" \/>\n<meta name=\"robots\" content=\"index, follow, max-snippet:-1, max-image-preview:large, max-video-preview:-1\" \/>\n<link rel=\"canonical\" href=\"https:\/\/www.westrockcoffee.com\/es\/perspectivas\/sostenibilidad\/\" \/>\n<meta property=\"og:locale\" content=\"es_ES\" \/>\n<meta property=\"og:type\" content=\"article\" \/>\n<meta property=\"og:title\" content=\"Sostenibilidad | Westrock Coffee\" \/>\n<meta property=\"og:description\" content=\"Westrock Coffee aims to be the world&#039;s most competitive and innovative provider of beverage solutions. Learn more about us on our Sostenibilidad page.\" \/>\n<meta property=\"og:url\" content=\"https:\/\/www.westrockcoffee.com\/es\/perspectivas\/sostenibilidad\/\" \/>\n<meta property=\"og:site_name\" content=\"Westrock Coffee\" \/>\n<meta property=\"article:modified_time\" content=\"2025-04-23T11:40:58+00:00\" \/>\n<meta name=\"twitter:card\" content=\"summary_large_image\" \/>\n<script type=\"application\/ld+json\" class=\"yoast-schema-graph\">{\"@context\":\"https:\\\/\\\/schema.org\",\"@graph\":[{\"@type\":\"WebPage\",\"@id\":\"https:\\\/\\\/www.westrockcoffee.com\\\/es\\\/perspectivas\\\/sostenibilidad\\\/\",\"url\":\"https:\\\/\\\/www.westrockcoffee.com\\\/es\\\/perspectivas\\\/sostenibilidad\\\/\",\"name\":\"Sostenibilidad | Westrock Coffee\",\"isPartOf\":{\"@id\":\"https:\\\/\\\/www.westrockcoffee.com\\\/es\\\/#website\"},\"datePublished\":\"2024-10-02T02:22:13+00:00\",\"dateModified\":\"2025-04-23T11:40:58+00:00\",\"description\":\"Westrock Coffee aims to be the world's most competitive and innovative provider of beverage solutions. Learn more about us on our Sostenibilidad page.\",\"breadcrumb\":{\"@id\":\"https:\\\/\\\/www.westrockcoffee.com\\\/es\\\/perspectivas\\\/sostenibilidad\\\/#breadcrumb\"},\"inLanguage\":\"es\",\"potentialAction\":[{\"@type\":\"ReadAction\",\"target\":[\"https:\\\/\\\/www.westrockcoffee.com\\\/es\\\/perspectivas\\\/sostenibilidad\\\/\"]}]},{\"@type\":\"BreadcrumbList\",\"@id\":\"https:\\\/\\\/www.westrockcoffee.com\\\/es\\\/perspectivas\\\/sostenibilidad\\\/#breadcrumb\",\"itemListElement\":[{\"@type\":\"ListItem\",\"position\":1,\"name\":\"Inicio\",\"item\":\"https:\\\/\\\/www.westrockcoffee.com\\\/es\\\/\"},{\"@type\":\"ListItem\",\"position\":2,\"name\":\"Perspectivas\",\"item\":\"https:\\\/\\\/www.westrockcoffee.com\\\/es\\\/perspectivas\\\/\"},{\"@type\":\"ListItem\",\"position\":3,\"name\":\"Sostenibilidad\"}]},{\"@type\":\"WebSite\",\"@id\":\"https:\\\/\\\/www.westrockcoffee.com\\\/es\\\/#website\",\"url\":\"https:\\\/\\\/www.westrockcoffee.com\\\/es\\\/\",\"name\":\"Westrock Coffee\",\"description\":\"\",\"potentialAction\":[{\"@type\":\"SearchAction\",\"target\":{\"@type\":\"EntryPoint\",\"urlTemplate\":\"https:\\\/\\\/www.westrockcoffee.com\\\/es\\\/?s={search_term_string}\"},\"query-input\":{\"@type\":\"PropertyValueSpecification\",\"valueRequired\":true,\"valueName\":\"search_term_string\"}}],\"inLanguage\":\"es\"}]}<\/script>\n<!-- \/ Yoast SEO plugin. -->","yoast_head_json":{"title":"Sostenibilidad | Westrock Coffee","description":"Westrock Coffee aims to be the world's most competitive and innovative provider of beverage solutions. Learn more about us on our Sostenibilidad page.","robots":{"index":"index","follow":"follow","max-snippet":"max-snippet:-1","max-image-preview":"max-image-preview:large","max-video-preview":"max-video-preview:-1"},"canonical":"https:\/\/www.westrockcoffee.com\/es\/perspectivas\/sostenibilidad\/","og_locale":"es_ES","og_type":"article","og_title":"Sostenibilidad | Westrock Coffee","og_description":"Westrock Coffee aims to be the world's most competitive and innovative provider of beverage solutions. Learn more about us on our Sostenibilidad page.","og_url":"https:\/\/www.westrockcoffee.com\/es\/perspectivas\/sostenibilidad\/","og_site_name":"Westrock Coffee","article_modified_time":"2025-04-23T11:40:58+00:00","twitter_card":"summary_large_image","schema":{"@context":"https:\/\/schema.org","@graph":[{"@type":"WebPage","@id":"https:\/\/www.westrockcoffee.com\/es\/perspectivas\/sostenibilidad\/","url":"https:\/\/www.westrockcoffee.com\/es\/perspectivas\/sostenibilidad\/","name":"Sostenibilidad | Westrock Coffee","isPartOf":{"@id":"https:\/\/www.westrockcoffee.com\/es\/#website"},"datePublished":"2024-10-02T02:22:13+00:00","dateModified":"2025-04-23T11:40:58+00:00","description":"Westrock Coffee aims to be the world's most competitive and innovative provider of beverage solutions. Learn more about us on our Sostenibilidad page.","breadcrumb":{"@id":"https:\/\/www.westrockcoffee.com\/es\/perspectivas\/sostenibilidad\/#breadcrumb"},"inLanguage":"es","potentialAction":[{"@type":"ReadAction","target":["https:\/\/www.westrockcoffee.com\/es\/perspectivas\/sostenibilidad\/"]}]},{"@type":"BreadcrumbList","@id":"https:\/\/www.westrockcoffee.com\/es\/perspectivas\/sostenibilidad\/#breadcrumb","itemListElement":[{"@type":"ListItem","position":1,"name":"Inicio","item":"https:\/\/www.westrockcoffee.com\/es\/"},{"@type":"ListItem","position":2,"name":"Perspectivas","item":"https:\/\/www.westrockcoffee.com\/es\/perspectivas\/"},{"@type":"ListItem","position":3,"name":"Sostenibilidad"}]},{"@type":"WebSite","@id":"https:\/\/www.westrockcoffee.com\/es\/#website","url":"https:\/\/www.westrockcoffee.com\/es\/","name":"Westrock Coffee","description":"","potentialAction":[{"@type":"SearchAction","target":{"@type":"EntryPoint","urlTemplate":"https:\/\/www.westrockcoffee.com\/es\/?s={search_term_string}"},"query-input":{"@type":"PropertyValueSpecification","valueRequired":true,"valueName":"search_term_string"}}],"inLanguage":"es"}]}},"_links":{"self":[{"href":"https:\/\/www.westrockcoffee.com\/es\/wp-json\/wp\/v2\/pages\/4466","targetHints":{"allow":["GET"]}}],"collection":[{"href":"https:\/\/www.westrockcoffee.com\/es\/wp-json\/wp\/v2\/pages"}],"about":[{"href":"https:\/\/www.westrockcoffee.com\/es\/wp-json\/wp\/v2\/types\/page"}],"author":[{"embeddable":true,"href":"https:\/\/www.westrockcoffee.com\/es\/wp-json\/wp\/v2\/users\/2"}],"replies":[{"embeddable":true,"href":"https:\/\/www.westrockcoffee.com\/es\/wp-json\/wp\/v2\/comments?post=4466"}],"version-history":[{"count":0,"href":"https:\/\/www.westrockcoffee.com\/es\/wp-json\/wp\/v2\/pages\/4466\/revisions"}],"up":[{"embeddable":true,"href":"https:\/\/www.westrockcoffee.com\/es\/wp-json\/wp\/v2\/pages\/3820"}],"wp:attachment":[{"href":"https:\/\/www.westrockcoffee.com\/es\/wp-json\/wp\/v2\/media?parent=4466"}],"curies":[{"name":"wp","href":"https:\/\/api.w.org\/{rel}","templated":true}]}}