{"id":4460,"date":"2025-03-20T11:23:54","date_gmt":"2025-03-20T16:23:54","guid":{"rendered":"https:\/\/westrockcoffee.wpenginepowered.com\/perspectivas\/blog\/"},"modified":"2025-04-17T07:37:08","modified_gmt":"2025-04-17T12:37:08","slug":"blog","status":"publish","type":"page","link":"https:\/\/www.westrockcoffee.com\/es\/perspectivas\/blog\/","title":{"rendered":"Blog"},"content":{"rendered":"<section class=\"relative px-4 pt-8 md:pt-[180px] pb-32 bg-brand-purple overflow-hidden accent-hero \">\n    <img decoding=\"async\" class=\"absolute -right-[50%] md:right-[calc(0%-470px)] -top-[5%] md:-top-[25%] z-0 max-h-[840px]\" src=\"https:\/\/www.westrockcoffee.com\/wp-content\/themes\/timberland\/theme\/assets\/images\/elephant-v2.png\" alt=\"\" loading=\"eager\" \/>\n    <div class=\"max-w-7xl mx-auto flex flex-col justify-between gap-16\">\n        <nav class=\"list-none flex gap-2 text-white z-10 breadcrumbs\" aria-label=\"Breadcrumbs\">\n        <span><span><a href=\"https:\/\/www.westrockcoffee.com\/es\/\">Inicio<\/a><\/span><\/span>\n        <\/nav>\n        <div class=\"flex flex-col md:flex-row gap-4 md:gap-16 lg:gap-32 z-10\">\n            <h1 class=\"text-5xl xl:text-6xl 2xl:text-7xl text-white font-black uppercase md:w-2\/5\">Blog<\/h1>\n                            <div class=\"text-[22px] text-white md:w-3\/5 prose\"><p>En Westrock Coffee, creemos en compartir nuestra experiencia para ayudarte a prosperar. Nuestro objetivo es proporcionar estrategias pr\u00e1cticas basadas en datos sobre las \u00faltimas tendencias de hoy. Sum\u00e9rgete en nuestros blogs y descubre c\u00f3mo estamos aprovechando nuestro conocimiento y experiencia para impulsar la innovaci\u00f3n y ofrecer un valor excepcional a nuestros clientes.<\/p>\n<\/div>\n                    <\/div>\n    <\/div>\n<\/section>\n\n<section data-aos=\"fade-up\" class=\"px-4 py-12 xl:py-20 bg-brand-blue-light featured-article \" >\n    <div class=\"max-w-7xl mx-auto flex flex-col gap-4 md:gap-0 md:flex-row\">\n        <div class=\"relative md:w-1\/2\">\n                                                                <img class=\"md:absolute -top-36 -mt-36 md:mt-0 lazyload\" data-src=\"https:\/\/www.westrockcoffee.com\/wp-content\/uploads\/2025\/03\/ashwaganda-powder-1024x574.jpg\" alt=\"\" \/>\n        <\/div>\n        <div class=\"flex flex-col gap-6 md:w-1\/2 md:pl-16 lg:pl-24\">\n            <h2 class=\"text-3xl md:text-4xl lg:text-5xl font-black uppercase\">M\u00e1s all\u00e1 del zumbido: descubre el poder de los adapt\u00f3genos en tu brebaje diario<\/h2>\n            <div class=\"text-brand-purple text-2xl font-semibold\">marzo 20, 2025<\/div>\n            <p class=\"text-[22px]\">En un mundo en el que el estr\u00e9s se ha convertido en la nueva normalidad, \u00bfsab\u00edas que los adapt\u00f3genos se utilizan cada vez m\u00e1s para ayudar a nuestros cuerpos a encontrar el equilibrio? Estas potencias naturales, anta\u00f1o relegadas a la medicina antigua, se est\u00e1n abriendo camino en nuestras rutinas diarias de caf\u00e9 y t\u00e9, ofreciendo [&hellip;]<\/p>\n            <a class=\"text-black font-medium text-xl md:text-[26px] flex gap-2 items-center group whitespace-nowrap\" aria-label=\"Read More about M\u00e1s all\u00e1 del zumbido: descubre el poder de los adapt\u00f3genos en tu brebaje diario\" href=\"https:\/\/www.westrockcoffee.com\/es\/mas-alla-del-zumbido-descubre-el-poder-de-los-adaptogenos-en-tu-brebaje-diario\/\">\n                <span class=\"group-hover:text-brand-purple transition\">Leer m\u00e1s<\/span> \n                <svg class=\"group-hover:translate-x-2 group-hover:text-brand-purple transition\" width=\"28\" height=\"25\" viewBox=\"0 0 28 25\" fill=\"none\" xmlns=\"http:\/\/www.w3.org\/2000\/svg\">\n                    <path d=\"M27.28 11.52V13.32L14.24 24.48L12.68 22.28C17.08 18.84 22.28 15.24 25.12 13.56L24.88 12.96C20.92 13.44 13.32 13.72 7.32 13.72H2.98023e-08L2.98023e-08 11.12H7.32C13.32 11.12 20.92 11.44 24.88 11.96L25.12 11.32C22.08 9.48 17.12 6 12.68 2.56L14.36 0.439998L27.28 11.52Z\" fill=\"currentColor\"\/>\n                <\/svg>\n            <\/a>\n        <\/div>\n    <\/div>\n<\/section>\n\n<section class=\"bg-brand-gray px-4 article-listing \" >\n        <div class=\"max-w-7xl mx-auto py-16\" x-data=\"loadMorePosts()\">\n        <div class=\"filters\" x-data=\"{ activeFilter: 0 }\">\n                                                                                                <\/div>\n                <div class=\"grid grid-cols-2 md:grid-cols-3 gap-4 mb-12\">\n                                                                    <a class=\"group bg-white p-4 hover:bg-brand-purple transition\" href=\"https:\/\/www.westrockcoffee.com\/es\/montando-la-ola-estacional-capturando-la-emocion-del-consumidor-con-bebidas-lto\/\" title=\"Montando la Ola Estacional: Capturando la Emoci\u00f3n del Consumidor con Bebidas LTO\" x-show.important=\"defaultPosts\">\n                        <div class=\"flex flex-col justify-between h-full gap-16\">\n                                                                                                                                                                                                <sm class=\"font-bold md:text-lg group-hover:text-white\"><span class=\"h-2.5 w-2.5 inline-block bg-brand-purple group-hover:bg-white mr-1.5\"><\/span>Blog, Experiencia en la industria<\/sm>\n                                                        <div>\n                                <div class=\"font-bold md:text-2xl text-black group-hover:text-white\">Montando la Ola Estacional: Capturando la Emoci\u00f3n del Consumidor con Bebidas LTO<\/div>\n                                <date class=\"text-[#545454] font-medium text-sm md:text-lg group-hover:text-white\">mayo 09, 2025<\/date>\n                            <\/div>\n                        <\/div>\n                    <\/a>\n                                                        <a class=\"group bg-white p-4 hover:bg-brand-yellow transition\" href=\"https:\/\/www.westrockcoffee.com\/es\/de-los-insights-al-impacto-tu-guia-paso-a-paso-para-crear-una-bebida-bfy-ganadora\/\" title=\"De los Insights al Impacto: Tu Gu\u00eda Paso a Paso para Crear una Bebida BFY Ganadora\" x-show.important=\"defaultPosts\">\n                        <div class=\"flex flex-col justify-between h-full gap-16\">\n                                                                                                                                                                                                <sm class=\"font-bold md:text-lg \"><span class=\"h-2.5 w-2.5 inline-block bg-brand-yellow group-hover:bg-black mr-1.5\"><\/span>Blog, Experiencia en la industria<\/sm>\n                                                        <div>\n                                <div class=\"font-bold md:text-2xl text-black \">De los Insights al Impacto: Tu Gu\u00eda Paso a Paso para Crear una Bebida BFY Ganadora<\/div>\n                                <date class=\"text-[#545454] font-medium text-sm md:text-lg group-hover:text-black\">mayo 09, 2025<\/date>\n                            <\/div>\n                        <\/div>\n                    <\/a>\n                                                        <a class=\"group bg-white p-4 hover:bg-brand-orange transition\" href=\"https:\/\/www.westrockcoffee.com\/es\/rincon-de-innovacion-todo-sobre-energia\/\" title=\"Rinc\u00f3n de Innovaci\u00f3n: \u00a1Todo sobre Energ\u00eda!\" x-show.important=\"defaultPosts\">\n                        <div class=\"flex flex-col justify-between h-full gap-16\">\n                                                                                                                                                                                                <sm class=\"font-bold md:text-lg group-hover:text-white\"><span class=\"h-2.5 w-2.5 inline-block bg-brand-orange group-hover:bg-white mr-1.5\"><\/span>Blog, Innovaci\u00f3n<\/sm>\n                                                        <div>\n                                <div class=\"font-bold md:text-2xl text-black group-hover:text-white\">Rinc\u00f3n de Innovaci\u00f3n: \u00a1Todo sobre Energ\u00eda!<\/div>\n                                <date class=\"text-[#545454] font-medium text-sm md:text-lg group-hover:text-white\">mayo 09, 2025<\/date>\n                            <\/div>\n                        <\/div>\n                    <\/a>\n                                                        <a class=\"group bg-white p-4 hover:bg-brand-green transition\" href=\"https:\/\/www.westrockcoffee.com\/es\/mas-alla-de-la-botella-el-futuro-de-la-distribucion-de-bebidas\/\" title=\"M\u00e1s all\u00e1 de la botella: El futuro de la distribuci\u00f3n de bebidas\" x-show.important=\"defaultPosts\">\n                        <div class=\"flex flex-col justify-between h-full gap-16\">\n                                                                                                                                                                                                <sm class=\"font-bold md:text-lg group-hover:text-white\"><span class=\"h-2.5 w-2.5 inline-block bg-brand-green group-hover:bg-white mr-1.5\"><\/span>Blog, Experiencia en la industria<\/sm>\n                                                        <div>\n                                <div class=\"font-bold md:text-2xl text-black group-hover:text-white\">M\u00e1s all\u00e1 de la botella: El futuro de la distribuci\u00f3n de bebidas<\/div>\n                                <date class=\"text-[#545454] font-medium text-sm md:text-lg group-hover:text-white\">abril 10, 2025<\/date>\n                            <\/div>\n                        <\/div>\n                    <\/a>\n                                                        <a class=\"group bg-white p-4 hover:bg-brand-brown transition\" href=\"https:\/\/www.westrockcoffee.com\/es\/el-futuro-del-cafe-y-el-te-eticos\/\" title=\"El futuro del caf\u00e9 y el t\u00e9 \u00e9ticos\" x-show.important=\"defaultPosts\">\n                        <div class=\"flex flex-col justify-between h-full gap-16\">\n                                                                                                                                                                                                <sm class=\"font-bold md:text-lg group-hover:text-white\"><span class=\"h-2.5 w-2.5 inline-block bg-brand-brown group-hover:bg-white mr-1.5\"><\/span>Blog<\/sm>\n                                                        <div>\n                                <div class=\"font-bold md:text-2xl text-black group-hover:text-white\">El futuro del caf\u00e9 y el t\u00e9 \u00e9ticos<\/div>\n                                <date class=\"text-[#545454] font-medium text-sm md:text-lg group-hover:text-white\">abril 09, 2025<\/date>\n                            <\/div>\n                        <\/div>\n                    <\/a>\n                                                        <a class=\"group bg-white p-4 hover:bg-brand-blue transition\" href=\"https:\/\/www.westrockcoffee.com\/es\/la-conexion-intestino-cerebro-tu-proxima-taza-podria-mejorar-tu-estado-de-animo\/\" title=\"La conexi\u00f3n intestino-cerebro: Tu pr\u00f3xima taza podr\u00eda mejorar tu estado de \u00e1nimo\" x-show.important=\"defaultPosts\">\n                        <div class=\"flex flex-col justify-between h-full gap-16\">\n                                                                                                                                                                                                <sm class=\"font-bold md:text-lg group-hover:text-white\"><span class=\"h-2.5 w-2.5 inline-block bg-brand-blue group-hover:bg-white mr-1.5\"><\/span>Blog, Experiencia en la industria<\/sm>\n                                                        <div>\n                                <div class=\"font-bold md:text-2xl text-black group-hover:text-white\">La conexi\u00f3n intestino-cerebro: Tu pr\u00f3xima taza podr\u00eda mejorar tu estado de \u00e1nimo<\/div>\n                                <date class=\"text-[#545454] font-medium text-sm md:text-lg group-hover:text-white\">abril 08, 2025<\/date>\n                            <\/div>\n                        <\/div>\n                    <\/a>\n                                        <template x-for=\"(item, index) in posts\" :key=\"item.id\">\n\t\t\t\t<a :href=\"item.permalink\" class=\"group bg-white p-4 flex flex-col justify-between\" \n                    :class=\"{ 'hover:bg-brand-purple': index % 6 === 0,\n                        'hover:bg-brand-yellow': index % 6 === 1,\n                        'hover:bg-brand-orange': index % 6 === 2,\n                        'hover:bg-brand-green': index % 6 === 3,\n                        'hover:bg-brand-brown': index % 6 === 4,\n                        'hover:bg-brand-blue': index % 6 === 5 }\"\n\t\t\t\t\tx-data=\"articleItem\"\n\t\t\t\t\tx-transition\n\t\t\t\t\tx-show=\"show\">\n                   \n\t\t\t\t\t<div class=\"flex flex-col justify-between h-full gap-16\">\n                        <sm class=\"font-bold md:text-lg\" :class=\"{ 'group-hover:text-white' : index % 6 !== 1 }\"><span class=\"h-2.5 w-2.5 inline-block mr-1.5\" :class=\"{ 'bg-brand-purple group-hover:bg-white': index % 6 === 0, 'bg-brand-yellow group-hover:bg-black': index % 6 === 1, 'bg-brand-orange group-hover:bg-white': index % 6 === 2, 'bg-brand-green group-hover:bg-white': index % 6 === 3, 'bg-brand-brown group-hover:bg-white': index % 6 === 4, 'bg-brand-blue group-hover:bg-white': index % 6 === 5 }\"><\/span><span x-text=\"item.category\"><\/span><\/sm>\n                        <div>\n                            <div class=\"font-bold md:text-2xl text-black\" :class=\"{ 'group-hover:text-white' : index % 6 !== 1 }\" x-html=\"item.title\"><\/div>\n                            <date class=\"text-[#545454] font-medium text-sm md:text-lg group-hover:text-white\" :class=\"{ 'group-hover:text-black' : index % 6 === 1 }\" x-text=\"item.post_date\"><\/date>\n                        <\/div>\n                    <\/div>\n\t\t\t\t<\/a>\n\t\t\t<\/template>\n        <\/div>\n        <div class=\"text-center\">\n            <a href=\"#\" x-show=\"hasMorePosts\" @click.prevent=\"loadMore('post', 'blog-es')\" class=\"bg-black text-white text-xl md:text-2xl px-8 pt-1 pb-2 border border-black hover:bg-transparent hover:border-brand-purple hover:text-brand-purple transition\">\n                Cargar m\u00e1s\n            <\/a>\n        <\/div>\n    <\/div>\n<\/section>","protected":false},"excerpt":{"rendered":"","protected":false},"author":16,"featured_media":0,"parent":3820,"menu_order":0,"comment_status":"closed","ping_status":"closed","template":"","meta":{"_acf_changed":false,"content-type":"","footnotes":""},"class_list":["post-4460","page","type-page","status-publish","hentry"],"acf":[],"yoast_head":"<!-- This site is optimized with the Yoast SEO plugin v27.4 - https:\/\/yoast.com\/product\/yoast-seo-wordpress\/ -->\n<title>Blog | Westrock Coffee<\/title>\n<meta name=\"description\" content=\"Westrock Coffee aims to be the world&#039;s most competitive and innovative provider of beverage solutions. Learn more about us on our Blog page.\" \/>\n<meta name=\"robots\" content=\"index, follow, max-snippet:-1, max-image-preview:large, max-video-preview:-1\" \/>\n<link rel=\"canonical\" href=\"https:\/\/www.westrockcoffee.com\/es\/perspectivas\/blog\/\" \/>\n<meta property=\"og:locale\" content=\"es_ES\" \/>\n<meta property=\"og:type\" content=\"article\" \/>\n<meta property=\"og:title\" content=\"Blog | Westrock Coffee\" \/>\n<meta property=\"og:description\" content=\"Westrock Coffee aims to be the world&#039;s most competitive and innovative provider of beverage solutions. Learn more about us on our Blog page.\" \/>\n<meta property=\"og:url\" content=\"https:\/\/www.westrockcoffee.com\/es\/perspectivas\/blog\/\" \/>\n<meta property=\"og:site_name\" content=\"Westrock Coffee\" \/>\n<meta property=\"article:modified_time\" content=\"2025-04-17T12:37:08+00:00\" \/>\n<meta name=\"twitter:card\" content=\"summary_large_image\" \/>\n<script type=\"application\/ld+json\" class=\"yoast-schema-graph\">{\"@context\":\"https:\\\/\\\/schema.org\",\"@graph\":[{\"@type\":\"WebPage\",\"@id\":\"https:\\\/\\\/www.westrockcoffee.com\\\/es\\\/perspectivas\\\/blog\\\/\",\"url\":\"https:\\\/\\\/www.westrockcoffee.com\\\/es\\\/perspectivas\\\/blog\\\/\",\"name\":\"Blog | Westrock Coffee\",\"isPartOf\":{\"@id\":\"https:\\\/\\\/www.westrockcoffee.com\\\/es\\\/#website\"},\"datePublished\":\"2025-03-20T16:23:54+00:00\",\"dateModified\":\"2025-04-17T12:37:08+00:00\",\"description\":\"Westrock Coffee aims to be the world's most competitive and innovative provider of beverage solutions. Learn more about us on our Blog page.\",\"breadcrumb\":{\"@id\":\"https:\\\/\\\/www.westrockcoffee.com\\\/es\\\/perspectivas\\\/blog\\\/#breadcrumb\"},\"inLanguage\":\"es\",\"potentialAction\":[{\"@type\":\"ReadAction\",\"target\":[\"https:\\\/\\\/www.westrockcoffee.com\\\/es\\\/perspectivas\\\/blog\\\/\"]}]},{\"@type\":\"BreadcrumbList\",\"@id\":\"https:\\\/\\\/www.westrockcoffee.com\\\/es\\\/perspectivas\\\/blog\\\/#breadcrumb\",\"itemListElement\":[{\"@type\":\"ListItem\",\"position\":1,\"name\":\"Inicio\",\"item\":\"https:\\\/\\\/www.westrockcoffee.com\\\/es\\\/\"},{\"@type\":\"ListItem\",\"position\":2,\"name\":\"Perspectivas\",\"item\":\"https:\\\/\\\/www.westrockcoffee.com\\\/es\\\/perspectivas\\\/\"},{\"@type\":\"ListItem\",\"position\":3,\"name\":\"Blog\"}]},{\"@type\":\"WebSite\",\"@id\":\"https:\\\/\\\/www.westrockcoffee.com\\\/es\\\/#website\",\"url\":\"https:\\\/\\\/www.westrockcoffee.com\\\/es\\\/\",\"name\":\"Westrock Coffee\",\"description\":\"\",\"potentialAction\":[{\"@type\":\"SearchAction\",\"target\":{\"@type\":\"EntryPoint\",\"urlTemplate\":\"https:\\\/\\\/www.westrockcoffee.com\\\/es\\\/?s={search_term_string}\"},\"query-input\":{\"@type\":\"PropertyValueSpecification\",\"valueRequired\":true,\"valueName\":\"search_term_string\"}}],\"inLanguage\":\"es\"}]}<\/script>\n<!-- \/ Yoast SEO plugin. -->","yoast_head_json":{"title":"Blog | Westrock Coffee","description":"Westrock Coffee aims to be the world's most competitive and innovative provider of beverage solutions. Learn more about us on our Blog page.","robots":{"index":"index","follow":"follow","max-snippet":"max-snippet:-1","max-image-preview":"max-image-preview:large","max-video-preview":"max-video-preview:-1"},"canonical":"https:\/\/www.westrockcoffee.com\/es\/perspectivas\/blog\/","og_locale":"es_ES","og_type":"article","og_title":"Blog | Westrock Coffee","og_description":"Westrock Coffee aims to be the world's most competitive and innovative provider of beverage solutions. Learn more about us on our Blog page.","og_url":"https:\/\/www.westrockcoffee.com\/es\/perspectivas\/blog\/","og_site_name":"Westrock Coffee","article_modified_time":"2025-04-17T12:37:08+00:00","twitter_card":"summary_large_image","schema":{"@context":"https:\/\/schema.org","@graph":[{"@type":"WebPage","@id":"https:\/\/www.westrockcoffee.com\/es\/perspectivas\/blog\/","url":"https:\/\/www.westrockcoffee.com\/es\/perspectivas\/blog\/","name":"Blog | Westrock Coffee","isPartOf":{"@id":"https:\/\/www.westrockcoffee.com\/es\/#website"},"datePublished":"2025-03-20T16:23:54+00:00","dateModified":"2025-04-17T12:37:08+00:00","description":"Westrock Coffee aims to be the world's most competitive and innovative provider of beverage solutions. Learn more about us on our Blog page.","breadcrumb":{"@id":"https:\/\/www.westrockcoffee.com\/es\/perspectivas\/blog\/#breadcrumb"},"inLanguage":"es","potentialAction":[{"@type":"ReadAction","target":["https:\/\/www.westrockcoffee.com\/es\/perspectivas\/blog\/"]}]},{"@type":"BreadcrumbList","@id":"https:\/\/www.westrockcoffee.com\/es\/perspectivas\/blog\/#breadcrumb","itemListElement":[{"@type":"ListItem","position":1,"name":"Inicio","item":"https:\/\/www.westrockcoffee.com\/es\/"},{"@type":"ListItem","position":2,"name":"Perspectivas","item":"https:\/\/www.westrockcoffee.com\/es\/perspectivas\/"},{"@type":"ListItem","position":3,"name":"Blog"}]},{"@type":"WebSite","@id":"https:\/\/www.westrockcoffee.com\/es\/#website","url":"https:\/\/www.westrockcoffee.com\/es\/","name":"Westrock Coffee","description":"","potentialAction":[{"@type":"SearchAction","target":{"@type":"EntryPoint","urlTemplate":"https:\/\/www.westrockcoffee.com\/es\/?s={search_term_string}"},"query-input":{"@type":"PropertyValueSpecification","valueRequired":true,"valueName":"search_term_string"}}],"inLanguage":"es"}]}},"_links":{"self":[{"href":"https:\/\/www.westrockcoffee.com\/es\/wp-json\/wp\/v2\/pages\/4460","targetHints":{"allow":["GET"]}}],"collection":[{"href":"https:\/\/www.westrockcoffee.com\/es\/wp-json\/wp\/v2\/pages"}],"about":[{"href":"https:\/\/www.westrockcoffee.com\/es\/wp-json\/wp\/v2\/types\/page"}],"author":[{"embeddable":true,"href":"https:\/\/www.westrockcoffee.com\/es\/wp-json\/wp\/v2\/users\/16"}],"replies":[{"embeddable":true,"href":"https:\/\/www.westrockcoffee.com\/es\/wp-json\/wp\/v2\/comments?post=4460"}],"version-history":[{"count":0,"href":"https:\/\/www.westrockcoffee.com\/es\/wp-json\/wp\/v2\/pages\/4460\/revisions"}],"up":[{"embeddable":true,"href":"https:\/\/www.westrockcoffee.com\/es\/wp-json\/wp\/v2\/pages\/3820"}],"wp:attachment":[{"href":"https:\/\/www.westrockcoffee.com\/es\/wp-json\/wp\/v2\/media?parent=4460"}],"curies":[{"name":"wp","href":"https:\/\/api.w.org\/{rel}","templated":true}]}}