{"id":4415,"date":"2024-09-05T14:17:49","date_gmt":"2024-09-05T19:17:49","guid":{"rendered":"https:\/\/westrockcoffee.wpenginepowered.com\/capacidades\/listo-para-beber\/"},"modified":"2025-04-17T07:15:41","modified_gmt":"2025-04-17T12:15:41","slug":"listo-para-beber","status":"publish","type":"page","link":"https:\/\/www.westrockcoffee.com\/es\/capacidades\/listo-para-beber\/","title":{"rendered":"Listo para beber"},"content":{"rendered":"<section class=\"relative px-4 pt-8 md:pt-[180px] pb-24 bg-cover bg-[30%_50%] lg:bg-center interior-hero \" style=\"background-image:url(https:\/\/www.westrockcoffee.com\/wp-content\/uploads\/2024\/09\/Ready-to-Drink-header-scaled.jpg)\" loading=\"eager\">\n                    <div class=\"hidden md:block absolute top-0 left-0 w-full h-full max-h-screen bg-gradient-to-b from-black\/90 via-[300px] via-transparent z-10\"><\/div>\n        <div class=\"max-w-7xl mx-auto flex flex-col justify-between gap-16\">\n        <nav class=\"list-none flex gap-2 text-white z-10 breadcrumbs\" aria-label=\"Breadcrumbs\">\n        <span><span><a href=\"https:\/\/www.westrockcoffee.com\/es\/\">Inicio<\/a><\/span><\/span>\n        <\/nav>\n                <div class=\"flex flex-col gap-8\">\n            <h1 class=\"text-5xl xl:text-6xl 2xl:text-7xl text-white font-black uppercase md:max-w-[75%] xl:max-w-[65%] z-10\">Fabricaci\u00f3n lista para el consumo, lista para el \u00e9xito<\/h1>\n                            <div class=\"text-2xl text-white font-light prose z-10 md:max-w-[75%] lg:max-w-[65%]\"><p>Libera el potencial de tu marca con nuestra moderna planta de fabricaci\u00f3n de bebidas listas para beber, dise\u00f1ada para ofrecer calidad, consistencia y bebidas listas para el mercado a gran escala.<\/p>\n<\/div>\n                                        <a target=\"\" href=\"https:\/\/www.westrockcoffee.com\/es\/ponte-en-contacto-con\/\" class=\"self-start bg-transparent text-white border border-white font-medium text-lg md:text-xl xl:text-2xl py-2 px-8 hover:bg-white hover:text-black transition z-10\">Empieza con Westrock<\/a>\n                    <\/div>\n    <\/div>\n<\/section>\n\n<section class=\"sticky top-[72px] md:top-0 left-0 px-4 bg-brand-blue-light w-full on-this-page z-10 \" x-data=\"onThisPage\" x-init=\"\">\n    <nav class=\"py-6 max-w-7xl mx-auto flex gap-16 xl:gap-24 overflow-x-auto\">\n        <h2 class=\"sr-only\">On This Page<\/h2>\n                                <a @click.prevent=\"scrollToSection('Overview')\" class=\"text-black font-bold text-lg md:text-xl hover:text-brand-purple whitespace-nowrap border-b-4 border-brand-blue-light transition\" href=\"#Overview\">Descripci\u00f3n general<\/a>\n                                <a @click.prevent=\"scrollToSection('HowWeHelp')\" class=\"text-black font-bold text-lg md:text-xl hover:text-brand-purple whitespace-nowrap border-b-4 border-brand-blue-light transition\" href=\"#HowWeHelp\">C\u00f3mo Ayudamos<\/a>\n                                <a @click.prevent=\"scrollToSection('WhyWestrock')\" class=\"text-black font-bold text-lg md:text-xl hover:text-brand-purple whitespace-nowrap border-b-4 border-brand-blue-light transition\" href=\"#WhyWestrock\">\u00bfPor qu\u00e9 Westrock?<\/a>\n                <a @hover=\"scrollRight\" @click.prevent=\"scrollRight\" class=\"hidden text-white -rotate-90 absolute w-[80px] text-center bg-black -right-8 top-1\/2 -translate-y-1\/2 font-bold text-xs hover:animate-pulse transition\" href=\"#\" x-init=\"determineOtpScroll\"><span class=\"inline-block rotate-180\">^<\/span> Scroll<\/a>\n    <\/nav>\n<\/section>\n\n<section class=\"px-4 py-12 xl:py-20 intro-paragraph bg-white \" data-anchor=\"Overview\">\n    <div data-aos=\"fade-up\" class=\"prose text-2xl md:text-3xl max-w-4xl leading-relaxed md:leading-[50px] mx-auto font-medium\"><p>Con expertos de la industria in situ junto con equipos de vanguardia, rob\u00f3tica y un enfoque en la eficiencia y la escalabilidad, <mark>desarrollamos, producimos y distribuimos caf\u00e9 de alta calidad y productos de fabricaci\u00f3n listos para beber (RTD), con lo que llegas al mercado m\u00e1s r\u00e1pidamente, manteniendo al mismo tiempo los est\u00e1ndares que exige tu marca.<\/mark><\/p>\n<\/div>\n<\/section>\n\n<section class=\"bg-marca-azul-luz px-4 py-12 xl:py-20 how-we-help \" data-anchor=\"HowWeHelp\">\n    <div class=\"max-w-7xl mx-auto\">\n        <div class=\"flex flex-col items-center justify-center gap-16\">\n            <div class=\"max-w-3xl mx-auto text-center flex flex-col gap-12\">\n                                    <h2 data-aos=\"fade-up\"  class=\"text-3xl md:text-4xl lg:text-5xl font-black uppercase\">C\u00f3mo ayudamos a las marcas a ganar m\u00e1s y vender m\u00e1s<\/h2>\n                                                    <div data-aos=\"fade-up\"  class=\"font-light text-xl prose\"><p>Gestionamos todas las fases de producci\u00f3n bajo un mismo techo, desde el tueste y la molienda hasta la extracci\u00f3n y el llenado de m\u00faltiples formatos de envasado. Este enfoque integral, junto con un dise\u00f1o \u00fanico totalmente integrado y preparado para el futuro, nos permite escalar r\u00e1pidamente para satisfacer las crecientes demandas de la industria, al tiempo que mantenemos los m\u00e1s altos est\u00e1ndares de calidad. <\/p>\n<\/div>\n                            <\/div>\n                            <div class=\"grid grid-cols-1 sm:grid-cols-2 md:grid-cols-4 gap-x-8 gap-y-12 lg:gap-16\">\n                                            <div class=\"flex flex-col gap-8 items-center\">\n                                                            <img data-aos=\"fade-up\"  class=\"lazyload rounded-full max-w-[50%] sm:max-w-[60%] lg:max-w-[70%] mx-auto border-2 border-white\" data-src=\"https:\/\/www.westrockcoffee.com\/wp-content\/uploads\/2024\/09\/CL5-vertically.jpg\" alt=\"Ready-to-drink manufacturing coffee cans\" \/>\n                                                        <div class=\"flex flex-col gap-1 text-center\" data-aos=\"fade-up\">\n                                                                    <h3 class=\"text-xl font-bold\">Instalaci\u00f3n integrada verticalmente<\/h3>\n                                                                                                    <div class=\"prose text-lg font-light leading-tight\"><p>Nuestras avanzadas instalaciones de Conway agilizan todo el proceso -desde el desarrollo del producto hasta la producci\u00f3n y distribuci\u00f3n-, garantizando tiempos de producci\u00f3n m\u00e1s r\u00e1pidos y una entrada sin fisuras en el mercado para tus productos listos para beber.<\/p>\n<\/div>\n                                                            <\/div>\n                        <\/div>\n                                            <div class=\"flex flex-col gap-8 items-center\">\n                                                            <img data-aos=\"fade-up\"  class=\"lazyload rounded-full max-w-[50%] sm:max-w-[60%] lg:max-w-[70%] mx-auto border-2 border-white\" data-src=\"https:\/\/www.westrockcoffee.com\/wp-content\/uploads\/2024\/10\/fullrange-new_800-x-800.jpg\" alt=\"A Variety of Ready-to-drink manufacturing options\" \/>\n                                                        <div class=\"flex flex-col gap-1 text-center\" data-aos=\"fade-up\">\n                                                                    <h3 class=\"text-xl font-bold\">Una amplia gama de formatos de envasado<\/h3>\n                                                                                                    <div class=\"prose text-lg font-light leading-tight\"><p>Mejora tu oferta de productos con nuestras vers\u00e1tiles opciones de envasado, que incluyen latas, botellas y envases multiuso. Con todo el envasado realizado en un \u00fanico centro respetuoso con el medio ambiente, reducimos los costes de producci\u00f3n y simplificamos la log\u00edstica. <\/p>\n<\/div>\n                                                            <\/div>\n                        <\/div>\n                                            <div class=\"flex flex-col gap-8 items-center\">\n                                                            <img data-aos=\"fade-up\"  class=\"lazyload rounded-full max-w-[50%] sm:max-w-[60%] lg:max-w-[70%] mx-auto border-2 border-white\" data-src=\"https:\/\/www.westrockcoffee.com\/wp-content\/uploads\/2024\/10\/BL5-1-coffee-fill-square-custom-solutions-1.jpg\" alt=\"Ready-to-drink manufacturing assembly line\" \/>\n                                                        <div class=\"flex flex-col gap-1 text-center\" data-aos=\"fade-up\">\n                                                                    <h3 class=\"text-xl font-bold\">Soluciones a medida<\/h3>\n                                                                                                    <div class=\"prose text-lg font-light leading-tight\"><p>Nuestro equipo de \u00faltima generaci\u00f3n y nuestro riguroso control de calidad llevan tus bebidas RTD del concepto a la estanter\u00eda con eficacia. El dise\u00f1o escalable de nuestras instalaciones te permite adaptarte a las demandas del mercado y ampliarte sin complicaciones. <\/p>\n<\/div>\n                                                            <\/div>\n                        <\/div>\n                                            <div class=\"flex flex-col gap-8 items-center\">\n                                                            <img data-aos=\"fade-up\"  class=\"lazyload rounded-full max-w-[50%] sm:max-w-[60%] lg:max-w-[70%] mx-auto border-2 border-white\" data-src=\"https:\/\/www.westrockcoffee.com\/wp-content\/uploads\/2024\/09\/BLFilling4-3pl.jpg\" alt=\"ready-to-drink bottles circling around a conveyor belt\" \/>\n                                                        <div class=\"flex flex-col gap-1 text-center\" data-aos=\"fade-up\">\n                                                                    <h3 class=\"text-xl font-bold\">Centro de distribuci\u00f3n 3PL<\/h3>\n                                                                                                    <div class=\"prose text-lg font-light leading-tight\"><p>Situado a s\u00f3lo tres kil\u00f3metros de nuestras instalaciones de Conway, nuestro centro de distribuci\u00f3n de 530.000 pies cuadrados reduce los tiempos de transporte y garantiza un flujo fluido y transparente de materiales y productos acabados, consiguiendo que tus productos lleguen antes al mercado.<\/p>\n<\/div>\n                                                            <\/div>\n                        <\/div>\n                                    <\/div>\n                    <\/div>\n    <\/div>\n<\/section>\n\n<section class=\"px-4 py-12 xl:py-20 list-w-icons bg-white \" data-anchor=\"WhyWestrock\">\n    <div class=\"max-w-7xl mx-auto\">\n                    <h2 data-aos=\"fade-up\" class=\"text-3xl md:text-4xl lg:text-5xl font-black uppercase text-center mb-12\">Por qu\u00e9 trabajar con Westrock<\/h2>\n                <div class=\"flex flex-col md:flex-row items-center justify-center gap-12\">\n            <ul class=\"list-none flex flex-col gap-4 w-full md:w-1\/2 order-2 md:order-1\">\n                                    <li data-aos=\"fade-up\" class=\"flex gap-4 md:gap-8\">\n                        <img class=\"lazyload w-16 self-start rounded-full\" data-src=\"https:\/\/www.westrockcoffee.com\/wp-content\/uploads\/2024\/10\/WROC_icons-purple_training.svg\" alt=\"\" \/>\n                        <div class=\"prose text-xl font-light\"><p><strong>Acceso a la experiencia<\/strong><br \/>\nNuestro equipo est\u00e1 especializado en procesos de producci\u00f3n avanzados, que garantizan una calidad superior del producto y una eficacia operativa que se traducen en mejores resultados y rentabilidad para tu empresa.<\/p>\n<\/div>\n                    <\/li>\n                                    <li data-aos=\"fade-up\" class=\"flex gap-4 md:gap-8\">\n                        <img class=\"lazyload w-16 self-start rounded-full\" data-src=\"https:\/\/www.westrockcoffee.com\/wp-content\/uploads\/2024\/10\/WROC_icons-purple_product-development.svg\" alt=\"\" \/>\n                        <div class=\"prose text-xl font-light\"><p><strong>Proceso interno completo de comercializaci\u00f3n<\/strong><br \/>\nNos encargamos de cada paso del viaje del producto, desde el conocimiento del consumidor y el desarrollo de recetas hasta el etiquetado y el dise\u00f1o del envase, ofreciendo un proceso sin fisuras que lleva tu producto al mercado con precisi\u00f3n y rapidez.<\/p>\n<\/div>\n                    <\/li>\n                                    <li data-aos=\"fade-up\" class=\"flex gap-4 md:gap-8\">\n                        <img class=\"lazyload w-16 self-start rounded-full\" data-src=\"https:\/\/www.westrockcoffee.com\/wp-content\/uploads\/2024\/10\/WROC_icons-purple_facilities.svg\" alt=\"\" \/>\n                        <div class=\"prose text-xl font-light\"><p><strong>Ahorro de costes<\/strong><br \/>\nNuestra inversi\u00f3n en equipos e instalaciones de primer nivel se traduce en menos errores, mayor eficacia de producci\u00f3n y calidad constante del producto, lo que reduce tus costes totales en comparaci\u00f3n con otros proveedores.<\/p>\n<\/div>\n                    <\/li>\n                                    <li data-aos=\"fade-up\" class=\"flex gap-4 md:gap-8\">\n                        <img class=\"lazyload w-16 self-start rounded-full\" data-src=\"https:\/\/www.westrockcoffee.com\/wp-content\/uploads\/2024\/10\/WROC_icons-purple_delivery.svg\" alt=\"\" \/>\n                        <div class=\"prose text-xl font-light\"><p><strong>Tiempo de comercializaci\u00f3n m\u00e1s r\u00e1pido<\/strong><br \/>\nCon nuestra incomparable capacidad de producci\u00f3n y experiencia, aceleramos el lanzamiento de tu producto, ayud\u00e1ndote a aprovechar las oportunidades del mercado y a mantenerte por delante de la competencia.<\/p>\n<\/div>\n                    <\/li>\n                            <\/ul> \n                                                                                <div class=\"w-full md:w-1\/2 order-1 md:order-2\">\n                                            <div data-aos=\"fade-up\" class=\"block relative group w-full\">\n                            <div class=\"relative pb-[56.25%] h-0\">\n                                <div class=\"absolute top-0 left-0 w-full h-full\">\n                                    <div style=\"padding:56.25% 0 0 0; position:relative;\">\n                                        <iframe loading=\"lazy\" title=\"Video\" class=\"absolute top-0 left-0 w-full h-full\" src=\"\" width=\"100%\" height=\"100%\" frameborder=\"0\" allow=\"autoplay; fullscreen; picture-in-picture\" allowfullscreen><\/iframe>\n                                    <\/div>\n                                <\/div>\n                            <\/div>\n                        <\/div>\n                                    <\/div>\n                    <\/div>\n    <\/div>\n<\/section>\n\n<section class=\"px-4 py-12 xl:py-20 content-text-block bg-brand-blue-light \" >\n    <div class=\"max-w-7xl mx-auto\">\n                    <div class=\"flex flex-col gap-16\">\n                                                                                <div>\n                    <div class=\"flex flex-col md:flex-row gap-8 md:gap-32 items-center justify-center\">\n                        <div class=\"text-xl prose md:w-1\/2 order-2 md:order-1 font-light text-black\"><h2>ELEVA TUS BEBIDAS LISTAS PARA TOMAR CON EL CAF\u00c9 WESTROCK<\/h2>\n<p>Una asociaci\u00f3n con Westrock para tus bebidas listas para beber (RTD) significa una colaboraci\u00f3n sin fisuras, una producci\u00f3n flexible adaptada a las necesidades de tu marca y un compromiso compartido para impulsar el crecimiento mediante la entrega de productos de alta calidad listos para el mercado de forma m\u00e1s r\u00e1pida y eficaz.<\/p>\n<\/div>\n                                                    <div class=\"w-full md:max-w-[50%] order-1 md:order-2\">\n                                <figure>\n                                    <img data-aos=\"fade-up\" class=\"mx-auto lazyload\" data-src=\"https:\/\/www.westrockcoffee.com\/wp-content\/uploads\/2024\/10\/Distribution-Center.jpg\" alt=\"Distribution Center\" \/>\n                                                                    <\/figure>\n                            <\/div>\n                                            <\/div>\n                <\/div>\n                            <\/div>\n            <\/div>\n<\/section>\n\n<section class=\"bg-brand-green px-4 py-12 related-capabilities \" >\n    <div class=\"max-w-7xl mx-auto\">\n        <h2 data-aos=\"fade-up\" class=\"text-white text-3xl md:text-4xl lg:text-5xl mb-8 font-black uppercase\">Enlaces relacionados<\/h2>\n        <nav class=\"list-none columns-2 lg:max-w-[80%]\">\n            <ul>\n                            <\/ul>\n        <\/nav>\n    <\/div>\n<\/section>","protected":false},"excerpt":{"rendered":"","protected":false},"author":2,"featured_media":0,"parent":3831,"menu_order":0,"comment_status":"closed","ping_status":"closed","template":"","meta":{"_acf_changed":false,"content-type":"","footnotes":""},"class_list":["post-4415","page","type-page","status-publish","hentry"],"acf":[],"yoast_head":"<!-- This site is optimized with the Yoast SEO plugin v27.4 - https:\/\/yoast.com\/product\/yoast-seo-wordpress\/ -->\n<title>Fabricaci\u00f3n profesional de productos listos para beber | Westrock Coffee<\/title>\n<meta name=\"description\" content=\"As\u00f3ciate con una empresa de fabricaci\u00f3n de bebidas RTD de confianza, especializada en formulaci\u00f3n de bebidas a medida, embotellado y soluciones de marca blanca.\" \/>\n<meta name=\"robots\" content=\"index, follow, max-snippet:-1, max-image-preview:large, max-video-preview:-1\" \/>\n<link rel=\"canonical\" href=\"https:\/\/www.westrockcoffee.com\/es\/capacidades\/listo-para-beber\/\" \/>\n<meta property=\"og:locale\" content=\"es_ES\" \/>\n<meta property=\"og:type\" content=\"article\" \/>\n<meta property=\"og:title\" content=\"Fabricaci\u00f3n profesional de productos listos para beber | Westrock Coffee\" \/>\n<meta property=\"og:description\" content=\"As\u00f3ciate con una empresa de fabricaci\u00f3n de bebidas RTD de confianza, especializada en formulaci\u00f3n de bebidas a medida, embotellado y soluciones de marca blanca.\" \/>\n<meta property=\"og:url\" content=\"https:\/\/www.westrockcoffee.com\/es\/capacidades\/listo-para-beber\/\" \/>\n<meta property=\"og:site_name\" content=\"Westrock Coffee\" \/>\n<meta property=\"article:modified_time\" content=\"2025-04-17T12:15:41+00:00\" \/>\n<meta name=\"twitter:card\" content=\"summary_large_image\" \/>\n<script type=\"application\/ld+json\" class=\"yoast-schema-graph\">{\"@context\":\"https:\\\/\\\/schema.org\",\"@graph\":[{\"@type\":\"WebPage\",\"@id\":\"https:\\\/\\\/www.westrockcoffee.com\\\/es\\\/capacidades\\\/listo-para-beber\\\/\",\"url\":\"https:\\\/\\\/www.westrockcoffee.com\\\/es\\\/capacidades\\\/listo-para-beber\\\/\",\"name\":\"Fabricaci\u00f3n profesional de productos listos para beber | Westrock Coffee\",\"isPartOf\":{\"@id\":\"https:\\\/\\\/www.westrockcoffee.com\\\/es\\\/#website\"},\"datePublished\":\"2024-09-05T19:17:49+00:00\",\"dateModified\":\"2025-04-17T12:15:41+00:00\",\"description\":\"As\u00f3ciate con una empresa de fabricaci\u00f3n de bebidas RTD de confianza, especializada en formulaci\u00f3n de bebidas a medida, embotellado y soluciones de marca blanca.\",\"breadcrumb\":{\"@id\":\"https:\\\/\\\/www.westrockcoffee.com\\\/es\\\/capacidades\\\/listo-para-beber\\\/#breadcrumb\"},\"inLanguage\":\"es\",\"potentialAction\":[{\"@type\":\"ReadAction\",\"target\":[\"https:\\\/\\\/www.westrockcoffee.com\\\/es\\\/capacidades\\\/listo-para-beber\\\/\"]}]},{\"@type\":\"BreadcrumbList\",\"@id\":\"https:\\\/\\\/www.westrockcoffee.com\\\/es\\\/capacidades\\\/listo-para-beber\\\/#breadcrumb\",\"itemListElement\":[{\"@type\":\"ListItem\",\"position\":1,\"name\":\"Inicio\",\"item\":\"https:\\\/\\\/www.westrockcoffee.com\\\/es\\\/\"},{\"@type\":\"ListItem\",\"position\":2,\"name\":\"Capacidades\",\"item\":\"https:\\\/\\\/www.westrockcoffee.com\\\/es\\\/capacidades\\\/\"},{\"@type\":\"ListItem\",\"position\":3,\"name\":\"Listo para beber\"}]},{\"@type\":\"WebSite\",\"@id\":\"https:\\\/\\\/www.westrockcoffee.com\\\/es\\\/#website\",\"url\":\"https:\\\/\\\/www.westrockcoffee.com\\\/es\\\/\",\"name\":\"Westrock Coffee\",\"description\":\"\",\"potentialAction\":[{\"@type\":\"SearchAction\",\"target\":{\"@type\":\"EntryPoint\",\"urlTemplate\":\"https:\\\/\\\/www.westrockcoffee.com\\\/es\\\/?s={search_term_string}\"},\"query-input\":{\"@type\":\"PropertyValueSpecification\",\"valueRequired\":true,\"valueName\":\"search_term_string\"}}],\"inLanguage\":\"es\"}]}<\/script>\n<!-- \/ Yoast SEO plugin. -->","yoast_head_json":{"title":"Fabricaci\u00f3n profesional de productos listos para beber | Westrock Coffee","description":"As\u00f3ciate con una empresa de fabricaci\u00f3n de bebidas RTD de confianza, especializada en formulaci\u00f3n de bebidas a medida, embotellado y soluciones de marca blanca.","robots":{"index":"index","follow":"follow","max-snippet":"max-snippet:-1","max-image-preview":"max-image-preview:large","max-video-preview":"max-video-preview:-1"},"canonical":"https:\/\/www.westrockcoffee.com\/es\/capacidades\/listo-para-beber\/","og_locale":"es_ES","og_type":"article","og_title":"Fabricaci\u00f3n profesional de productos listos para beber | Westrock Coffee","og_description":"As\u00f3ciate con una empresa de fabricaci\u00f3n de bebidas RTD de confianza, especializada en formulaci\u00f3n de bebidas a medida, embotellado y soluciones de marca blanca.","og_url":"https:\/\/www.westrockcoffee.com\/es\/capacidades\/listo-para-beber\/","og_site_name":"Westrock Coffee","article_modified_time":"2025-04-17T12:15:41+00:00","twitter_card":"summary_large_image","schema":{"@context":"https:\/\/schema.org","@graph":[{"@type":"WebPage","@id":"https:\/\/www.westrockcoffee.com\/es\/capacidades\/listo-para-beber\/","url":"https:\/\/www.westrockcoffee.com\/es\/capacidades\/listo-para-beber\/","name":"Fabricaci\u00f3n profesional de productos listos para beber | Westrock Coffee","isPartOf":{"@id":"https:\/\/www.westrockcoffee.com\/es\/#website"},"datePublished":"2024-09-05T19:17:49+00:00","dateModified":"2025-04-17T12:15:41+00:00","description":"As\u00f3ciate con una empresa de fabricaci\u00f3n de bebidas RTD de confianza, especializada en formulaci\u00f3n de bebidas a medida, embotellado y soluciones de marca blanca.","breadcrumb":{"@id":"https:\/\/www.westrockcoffee.com\/es\/capacidades\/listo-para-beber\/#breadcrumb"},"inLanguage":"es","potentialAction":[{"@type":"ReadAction","target":["https:\/\/www.westrockcoffee.com\/es\/capacidades\/listo-para-beber\/"]}]},{"@type":"BreadcrumbList","@id":"https:\/\/www.westrockcoffee.com\/es\/capacidades\/listo-para-beber\/#breadcrumb","itemListElement":[{"@type":"ListItem","position":1,"name":"Inicio","item":"https:\/\/www.westrockcoffee.com\/es\/"},{"@type":"ListItem","position":2,"name":"Capacidades","item":"https:\/\/www.westrockcoffee.com\/es\/capacidades\/"},{"@type":"ListItem","position":3,"name":"Listo para beber"}]},{"@type":"WebSite","@id":"https:\/\/www.westrockcoffee.com\/es\/#website","url":"https:\/\/www.westrockcoffee.com\/es\/","name":"Westrock Coffee","description":"","potentialAction":[{"@type":"SearchAction","target":{"@type":"EntryPoint","urlTemplate":"https:\/\/www.westrockcoffee.com\/es\/?s={search_term_string}"},"query-input":{"@type":"PropertyValueSpecification","valueRequired":true,"valueName":"search_term_string"}}],"inLanguage":"es"}]}},"_links":{"self":[{"href":"https:\/\/www.westrockcoffee.com\/es\/wp-json\/wp\/v2\/pages\/4415","targetHints":{"allow":["GET"]}}],"collection":[{"href":"https:\/\/www.westrockcoffee.com\/es\/wp-json\/wp\/v2\/pages"}],"about":[{"href":"https:\/\/www.westrockcoffee.com\/es\/wp-json\/wp\/v2\/types\/page"}],"author":[{"embeddable":true,"href":"https:\/\/www.westrockcoffee.com\/es\/wp-json\/wp\/v2\/users\/2"}],"replies":[{"embeddable":true,"href":"https:\/\/www.westrockcoffee.com\/es\/wp-json\/wp\/v2\/comments?post=4415"}],"version-history":[{"count":0,"href":"https:\/\/www.westrockcoffee.com\/es\/wp-json\/wp\/v2\/pages\/4415\/revisions"}],"up":[{"embeddable":true,"href":"https:\/\/www.westrockcoffee.com\/es\/wp-json\/wp\/v2\/pages\/3831"}],"wp:attachment":[{"href":"https:\/\/www.westrockcoffee.com\/es\/wp-json\/wp\/v2\/media?parent=4415"}],"curies":[{"name":"wp","href":"https:\/\/api.w.org\/{rel}","templated":true}]}}