{"id":4325,"date":"2024-09-05T14:18:07","date_gmt":"2024-09-05T19:18:07","guid":{"rendered":"https:\/\/westrockcoffee.wpenginepowered.com\/capacidades\/aromas-extractos-e-ingredientes\/"},"modified":"2025-04-23T06:01:41","modified_gmt":"2025-04-23T11:01:41","slug":"aromas-extractos-e-ingredientes","status":"publish","type":"page","link":"https:\/\/www.westrockcoffee.com\/es\/capacidades\/aromas-extractos-e-ingredientes\/","title":{"rendered":"Aromas, extractos e ingredientes"},"content":{"rendered":"<section class=\"relative px-4 pt-8 md:pt-[180px] pb-24 bg-cover bg-[30%_50%] lg:bg-center interior-hero \" style=\"background-image:url(https:\/\/www.westrockcoffee.com\/wp-content\/uploads\/2024\/09\/bg16-extracts-bottle-filling-067_RT-header_3840-x-935-scaled.jpg)\" loading=\"eager\">\n                    <div class=\"hidden md:block absolute top-0 left-0 w-full h-full max-h-screen bg-gradient-to-b from-black\/90 via-[300px] via-transparent z-10\"><\/div>\n            <div class=\"absolute bg-gradient-to-r from-black\/50 to-transparent z-0 h-full w-full top-0 left-0\"><\/div>\n        <div class=\"max-w-7xl mx-auto flex flex-col justify-between gap-16\">\n        <nav class=\"list-none flex gap-2 text-white z-10 breadcrumbs\" aria-label=\"Breadcrumbs\">\n        <span><span><a href=\"https:\/\/www.westrockcoffee.com\/es\/\">Inicio<\/a><\/span><\/span>\n        <\/nav>\n                <div class=\"flex flex-col gap-8\">\n            <h1 class=\"text-5xl xl:text-6xl 2xl:text-7xl text-white font-black uppercase md:max-w-[75%] xl:max-w-[65%] z-10\">Soluciones de sabor personalizadas<\/h1>\n                            <div class=\"text-2xl text-white font-light prose z-10 md:max-w-[75%] lg:max-w-[65%]\"><p>Como fabricante l\u00edder de sabores y extractos, creamos concentrados personalizados con diversas opciones de envasado para una r\u00e1pida entrega al mercado.<\/p>\n<\/div>\n                                        <a target=\"\" href=\"https:\/\/www.westrockcoffee.com\/es\/ponte-en-contacto-con\/\" class=\"self-start bg-transparent text-white border border-white font-medium text-lg md:text-xl xl:text-2xl py-2 px-8 hover:bg-white hover:text-black transition z-10\">Empieza con Westrock<\/a>\n                    <\/div>\n    <\/div>\n<\/section>\n\n<section class=\"sticky top-[72px] md:top-0 left-0 px-4 bg-brand-blue-light w-full on-this-page z-10 \" x-data=\"onThisPage\" x-init=\"\">\n    <nav class=\"py-6 max-w-7xl mx-auto flex gap-16 xl:gap-24 overflow-x-auto\">\n        <h2 class=\"sr-only\">On This Page<\/h2>\n                                <a @click.prevent=\"scrollToSection('Overview')\" class=\"text-black font-bold text-lg md:text-xl hover:text-brand-purple whitespace-nowrap border-b-4 border-brand-blue-light transition\" href=\"#Overview\">Descripci\u00f3n general<\/a>\n                                <a @click.prevent=\"scrollToSection('HowWeHelp')\" class=\"text-black font-bold text-lg md:text-xl hover:text-brand-purple whitespace-nowrap border-b-4 border-brand-blue-light transition\" href=\"#HowWeHelp\">C\u00f3mo Ayudamos<\/a>\n                                <a @click.prevent=\"scrollToSection('WhyWestrock')\" class=\"text-black font-bold text-lg md:text-xl hover:text-brand-purple whitespace-nowrap border-b-4 border-brand-blue-light transition\" href=\"#WhyWestrock\">\u00bfPor qu\u00e9 Westrock?<\/a>\n                                <a @click.prevent=\"scrollToSection('Experience')\" class=\"text-black font-bold text-lg md:text-xl hover:text-brand-purple whitespace-nowrap border-b-4 border-brand-blue-light transition\" href=\"#Experience\">Experiencia<\/a>\n                <a @hover=\"scrollRight\" @click.prevent=\"scrollRight\" class=\"hidden text-white -rotate-90 absolute w-[80px] text-center bg-black -right-8 top-1\/2 -translate-y-1\/2 font-bold text-xs hover:animate-pulse transition\" href=\"#\" x-init=\"determineOtpScroll\"><span class=\"inline-block rotate-180\">^<\/span> Scroll<\/a>\n    <\/nav>\n<\/section>\n\n<section class=\"px-4 py-12 xl:py-20 intro-paragraph bg-white \" data-anchor=\"Overview\">\n    <div data-aos=\"fade-up\" class=\"prose text-2xl md:text-3xl max-w-4xl leading-relaxed md:leading-[50px] mx-auto font-medium\"><p>El equipo de Westrock Coffee elabora concentrados y aromas personalizados adaptados a tu marca, que te ayudar\u00e1n a destacar en el mercado. Nos ocupamos de todos los detalles -desde el etiquetado y las pruebas nutricionales hasta los an\u00e1lisis sensoriales y anal\u00edticos- para garantizar que<mark>tus bebidas cumplan las normas de calidad, se ajusten a la normativa y superen las expectativas de los clientes, permiti\u00e9ndote lanzarlas m\u00e1s r\u00e1pidamente y con confianza<\/mark>. <\/p>\n<\/div>\n<\/section>\n\n<section class=\"bg-marca-azul-luz px-4 py-12 xl:py-20 how-we-help \" data-anchor=\"HowWeHelp\">\n    <div class=\"max-w-7xl mx-auto\">\n        <div class=\"flex flex-col items-center justify-center gap-16\">\n            <div class=\"max-w-3xl mx-auto text-center flex flex-col gap-12\">\n                                    <h2 data-aos=\"fade-up\"  class=\"text-3xl md:text-4xl lg:text-5xl font-black uppercase\">C\u00f3mo ayudamos a las marcas a ganar m\u00e1s y vender m\u00e1s<\/h2>\n                                                    <div data-aos=\"fade-up\"  class=\"font-light text-xl prose\"><p>Soluciones \u00fanicas basadas en las necesidades de tus clientes.<\/p>\n<\/div>\n                            <\/div>\n                            <div class=\"grid grid-cols-1 sm:grid-cols-2 md:grid-cols-4 gap-x-8 gap-y-12 lg:gap-16\">\n                                            <div class=\"flex flex-col gap-8 items-center\">\n                                                            <img data-aos=\"fade-up\"  class=\"lazyload rounded-full max-w-[50%] sm:max-w-[60%] lg:max-w-[70%] mx-auto border-2 border-white\" data-src=\"https:\/\/www.westrockcoffee.com\/wp-content\/uploads\/2024\/09\/360_0782-custom-ingredients.jpg\" alt=\"\" \/>\n                                                        <div class=\"flex flex-col gap-1 text-center\" data-aos=\"fade-up\">\n                                                                    <h3 class=\"text-xl font-bold\">Soluciones de ingredientes a medida<\/h3>\n                                                                                                    <div class=\"prose text-lg font-light leading-tight\"><p>Creamos mezclas, extractos y concentrados de caf\u00e9 y t\u00e9 a medida que dan vida a tus innovadoras bebidas listas para beber, reduciendo la complejidad y acelerando el desarrollo de productos.<\/p>\n<\/div>\n                                                            <\/div>\n                        <\/div>\n                                            <div class=\"flex flex-col gap-8 items-center\">\n                                                            <img data-aos=\"fade-up\"  class=\"lazyload rounded-full max-w-[50%] sm:max-w-[60%] lg:max-w-[70%] mx-auto border-2 border-white\" data-src=\"https:\/\/www.westrockcoffee.com\/wp-content\/uploads\/2024\/09\/SampD_extracts_040-formulation.jpg\" alt=\"\" \/>\n                                                        <div class=\"flex flex-col gap-1 text-center\" data-aos=\"fade-up\">\n                                                                    <h3 class=\"text-xl font-bold\">Experiencia en formulaci\u00f3n<\/h3>\n                                                                                                    <div class=\"prose text-lg font-light leading-tight\"><p>Nuestros cient\u00edficos especializados en aplicaciones personalizan los ingredientes para adaptarlos a procesos t\u00e9rmicos, canales de temperatura y necesidades de envasado espec\u00edficos, garantizando un proceso de producci\u00f3n fluido y una calidad constante del producto.<\/p>\n<\/div>\n                                                            <\/div>\n                        <\/div>\n                                            <div class=\"flex flex-col gap-8 items-center\">\n                                                            <img data-aos=\"fade-up\"  class=\"lazyload rounded-full max-w-[50%] sm:max-w-[60%] lg:max-w-[70%] mx-auto border-2 border-white\" data-src=\"https:\/\/www.westrockcoffee.com\/wp-content\/uploads\/2024\/09\/360_1558-2-diverse-product.jpg\" alt=\"\" \/>\n                                                        <div class=\"flex flex-col gap-1 text-center\" data-aos=\"fade-up\">\n                                                                    <h3 class=\"text-xl font-bold\">Diversas capacidades de producto<\/h3>\n                                                                                                    <div class=\"prose text-lg font-light leading-tight\"><p>Desde caf\u00e9 preparado en fr\u00edo hasta extractos de leche alternativos y productos muy \u00e1cidos, ofrecemos una variedad de opciones para distintos procesos t\u00e9rmicos, incluidos el llenado en caliente y el as\u00e9ptico, que te ayudar\u00e1n a satisfacer las diversas demandas del mercado.<\/p>\n<\/div>\n                                                            <\/div>\n                        <\/div>\n                                            <div class=\"flex flex-col gap-8 items-center\">\n                                                            <img data-aos=\"fade-up\"  class=\"lazyload rounded-full max-w-[50%] sm:max-w-[60%] lg:max-w-[70%] mx-auto border-2 border-white\" data-src=\"https:\/\/www.westrockcoffee.com\/wp-content\/uploads\/2024\/10\/extracts-IMG_9678-comprehensive-support-2.jpg\" alt=\"Skilled flavor and extract manufacturer at work.\" \/>\n                                                        <div class=\"flex flex-col gap-1 text-center\" data-aos=\"fade-up\">\n                                                                    <h3 class=\"text-xl font-bold\">Apoyo integral<\/h3>\n                                                                                                    <div class=\"prose text-lg font-light leading-tight\"><p>Proporcionamos apoyo de principio a fin, incluyendo etiquetado, an\u00e1lisis nutricional, pruebas sensoriales y anal\u00edticas, para garantizar que tus productos no s\u00f3lo cumplen las normas reglamentarias, sino que tambi\u00e9n impresionan a tus clientes, impulsando su \u00e9xito en el mercado.<\/p>\n<\/div>\n                                                            <\/div>\n                        <\/div>\n                                    <\/div>\n                    <\/div>\n    <\/div>\n<\/section>\n\n<section class=\"px-4 py-12 xl:py-20 list-w-icons bg-white \" data-anchor=\"WhyWestrock\">\n    <div class=\"max-w-7xl mx-auto\">\n                    <h2 data-aos=\"fade-up\" class=\"text-3xl md:text-4xl lg:text-5xl font-black uppercase text-center mb-12\">Por qu\u00e9 trabajar con Westrock<\/h2>\n                <div class=\"flex flex-col md:flex-row items-center justify-center gap-12\">\n            <ul class=\"list-none flex flex-col gap-4 w-full md:w-1\/2 order-2 md:order-1\">\n                                    <li data-aos=\"fade-up\" class=\"flex gap-4 md:gap-8\">\n                        <img class=\"lazyload w-16 self-start rounded-full\" data-src=\"https:\/\/www.westrockcoffee.com\/wp-content\/uploads\/2024\/10\/WROC_icons-purple_cold-beverage.svg\" alt=\"\" \/>\n                        <div class=\"prose text-xl font-light\"><p><strong>Restauraci\u00f3n + Comercio<\/strong><br \/>\nSimplificamos las operaciones de los establecimientos de restauraci\u00f3n y venta al por menor con vers\u00e1tiles opciones de infusi\u00f3n en fr\u00edo, que incluyen soluciones listas para diluir y variedades personalizables en sabores sin az\u00facar o preazucarados. Nuestros sistemas \u00abPump and Go\u00bb todo en uno aseguran una preparaci\u00f3n r\u00e1pida y eficaz de las bebidas, reduciendo los costes de mano de obra y garantizando una calidad constante en cada taza.<\/p>\n<\/div>\n                    <\/li>\n                                    <li data-aos=\"fade-up\" class=\"flex gap-4 md:gap-8\">\n                        <img class=\"lazyload w-16 self-start rounded-full\" data-src=\"https:\/\/www.westrockcoffee.com\/wp-content\/uploads\/2024\/10\/WROC_icons-purple_extract.svg\" alt=\"\" \/>\n                        <div class=\"prose text-xl font-light\"><p><strong>Concentrados, extractos e ingredientes<\/strong><br \/>\nAfronta la diferenciaci\u00f3n y escalabilidad de los productos con nuestros concentrados, extractos e ingredientes personalizables para bebidas. Creamos soluciones a medida que se adaptan perfectamente a tu proceso de producci\u00f3n, permiti\u00e9ndote innovar y satisfacer r\u00e1pidamente las demandas del mercado.<\/p>\n<\/div>\n                    <\/li>\n                                    <li data-aos=\"fade-up\" class=\"flex gap-4 md:gap-8\">\n                        <img class=\"lazyload w-16 self-start rounded-full\" data-src=\"https:\/\/www.westrockcoffee.com\/wp-content\/uploads\/2024\/10\/WROC_icons-purple_package-generic.svg\" alt=\"\" \/>\n                        <div class=\"prose text-xl font-light\"><p><strong>Envasado de bebidas<\/strong><br \/>\nNuestras diversas opciones de envasado, que incluyen contenedores a granel, botellas, latas y soluciones de bolsa en caja, ofrecen una distribuci\u00f3n flexible y eficaz que se adapta a tu negocio. Te ayudamos a optimizar los envases para mejorar la eficacia operativa y agilizar tu cadena de suministro.<\/p>\n<\/div>\n                    <\/li>\n                            <\/ul> \n                                                                                <div class=\"w-full md:w-1\/2 order-1 md:order-2\">\n                                            <figure>\n                            <img data-aos=\"fade-up\" class=\"lazyload\" data-src=\"https:\/\/www.westrockcoffee.com\/wp-content\/uploads\/2024\/10\/flavor-tea-and-extract_800-x-8002.jpg\" alt=\"A sample of products from Westrock Coffee's flavor and extract manufacturers.\" \/>\n                                                    <\/figure>\n                                    <\/div>\n                    <\/div>\n    <\/div>\n<\/section>\n\n<section class=\"px-4 py-12 xl:py-20 content-text-block bg-white \" >\n    <div class=\"max-w-7xl mx-auto\">\n                    <div class=\"flex flex-col gap-16\">\n                                                                                <div>\n                    <div class=\"flex flex-col md:flex-row gap-8 md:gap-32 items-center justify-center\">\n                                                    <div data-aos=\"fade-up\" class=\"block relative group w-full md:max-w-[50%]\">\n                                <div class=\"relative pb-[56.25%] h-0\">\n                                    <div class=\"absolute top-0 left-0 w-full h-full\">\n                                        <div style=\"padding:56.25% 0 0 0; position:relative;\">\n                                            <iframe loading=\"lazy\" title=\"Video\" class=\"absolute top-0 left-0 w-full h-full\" src=\"https:\/\/player.vimeo.com\/video\/1018394440\" width=\"100%\" height=\"100%\" frameborder=\"0\" allow=\"autoplay; fullscreen; picture-in-picture\" allowfullscreen><\/iframe>\n                                        <\/div>\n                                    <\/div>\n                                <\/div>\n                            <\/div>\n                                                                            <div data-aos=\"fade-up\" class=\"text-xl prose md:w-1\/2 font-light text-black\"><h2>SOLUCIONES \u00daNICAS Y EXPERIENCIA INIGUALABLE EN EL SECTOR<\/h2>\n<p>Una asociaci\u00f3n con Westrock en sabores y extractos significa trabajar mano a mano para desarrollar soluciones \u00fanicas y de alta calidad que diferencien tu marca, ofreciendo flexibilidad en la formulaci\u00f3n y el envasado, a la vez que apoyamos tu crecimiento con experiencia en el sector y un compromiso de \u00e9xito mutuo.<\/p>\n<\/div>\n                    <\/div>\n                <\/div>\n                            <\/div>\n            <\/div>\n<\/section>\n\n<section class=\"bg-brand-blue-light px-4 py-12 xl:py-20 case-study-cta \" data-anchor=\"Experience\">\n    <div class=\"max-w-7xl mx-auto\">\n        <div class=\"flex flex-col md:flex-row gap-4 md:gap-16 lg:gap-24 xl:gap-32 bg-white justify-between\">\n            <div class=\"p-8 md:py-12 flex flex-col gap-12 md:w-3\/5 order-2 md:order-1\">\n                <div class=\"flex flex-col gap-4\">\n                                            <div data-aos=\"fade-up\" class=\"text-brand-purple text-2xl font-bold\">Caso pr\u00e1ctico destacado<\/div>\n                                        <h2 data-aos=\"fade-up\" class=\"text-3xl md:text-4xl lg:text-5xl font-black uppercase\">Extractos Extraordinarios: Westrock Coffee Eleva las Bebidas de QSR<\/h2>\n                                    <\/div>\n                <div class=\"flex flex-row flex-wrap gap-x-8 gap-y-4\">\n                                        <a aria-label=\"Read More about Extractos Extraordinarios: Westrock Coffee Eleva las Bebidas de QSR\" data-aos=\"fade-up\" class=\"bg-black text-white text-xl md:text-2xl px-8 pt-1 pb-2 self-start border border-black hover:bg-transparent hover:text-brand-purple hover:border-brand-purple transition whitespace-nowrap\" href=\"https:\/\/www.westrockcoffee.com\/es\/case-study\/extractos-extraordinarios-westrock-coffee-eleva-las-bebidas-de-qsr\/\">Leer m\u00e1s<\/a>\n                                            <a data-aos=\"fade-up\" target=\"\" class=\"text-black text-xl md:text-2xl py-1 self-start font-bold transition whitespace-nowrap group flex items-center gap-2\" href=\"https:\/\/www.westrockcoffee.com\/es\/perspectivas\/estudio-de-caso\/\">\n                            <span class=\"group-hover:text-brand-purple transition\">Ver todo<\/span>\n                            <svg class=\"group-hover:translate-x-2 group-hover:text-brand-purple transition\" width=\"29\" height=\"25\" viewBox=\"0 0 29 25\" fill=\"none\" xmlns=\"http:\/\/www.w3.org\/2000\/svg\">\n                                <path d=\"M28.2 11.6V13.2L15.68 24.64L12.96 21.32C16.52 18.48 20.12 15.92 22.88 14.12L22.8 13.88C19.16 14.24 14.2 14.4 9.56 14.4H0.72L0.72 10.4H9.56C14.2 10.4 19.16 10.56 22.8 10.92L22.88 10.68C20.08 8.88 16.56 6.36 12.96 3.48L15.68 0.199999L28.2 11.6Z\" fill=\"currentColor\" \/>\n                            <\/svg>\n                        <\/a>\n                                    <\/div>\n            <\/div>\n                                                                                <img data-aos=\"fade-up\" class=\"md:w-2\/5 object-cover lazyload order-1 md:order-2\" data-src=\"https:\/\/www.westrockcoffee.com\/wp-content\/uploads\/2024\/10\/Extraordinary-Extracts-Westrock-Coffee-Elevates-QSR-Beverages-1024x683.jpg\" alt=\"\" \/>\n                    <\/div>\n    <\/div>\n<\/section>\n\n<section class=\"bg-brand-green px-4 py-12 related-capabilities \" >\n    <div class=\"max-w-7xl mx-auto\">\n        <h2 data-aos=\"fade-up\" class=\"text-white text-3xl md:text-4xl lg:text-5xl mb-8 font-black uppercase\">Enlaces relacionados<\/h2>\n        <nav class=\"list-none columns-2 lg:max-w-[80%]\">\n            <ul>\n                            <\/ul>\n        <\/nav>\n    <\/div>\n<\/section>","protected":false},"excerpt":{"rendered":"","protected":false},"author":2,"featured_media":0,"parent":3831,"menu_order":0,"comment_status":"closed","ping_status":"closed","template":"","meta":{"_acf_changed":false,"content-type":"","footnotes":""},"class_list":["post-4325","page","type-page","status-publish","hentry"],"acf":[],"yoast_head":"<!-- This site is optimized with the Yoast SEO plugin v27.4 - https:\/\/yoast.com\/product\/yoast-seo-wordpress\/ -->\n<title>As\u00f3ciate con el fabricante l\u00edder de sabores y extractos<\/title>\n<meta name=\"description\" content=\"Como fabricante innovador de sabores y extractos, Westrock Coffee te ayuda a sorprender a tus clientes con bebidas personalizadas desarrolladas con los m\u00e1s altos est\u00e1ndares. M\u00e1s informaci\u00f3n.\" \/>\n<meta name=\"robots\" content=\"index, follow, max-snippet:-1, max-image-preview:large, max-video-preview:-1\" \/>\n<link rel=\"canonical\" href=\"https:\/\/www.westrockcoffee.com\/es\/capacidades\/aromas-extractos-e-ingredientes\/\" \/>\n<meta property=\"og:locale\" content=\"es_ES\" \/>\n<meta property=\"og:type\" content=\"article\" \/>\n<meta property=\"og:title\" content=\"As\u00f3ciate con el fabricante l\u00edder de sabores y extractos\" \/>\n<meta property=\"og:description\" content=\"Como fabricante innovador de sabores y extractos, Westrock Coffee te ayuda a sorprender a tus clientes con bebidas personalizadas desarrolladas con los m\u00e1s altos est\u00e1ndares. M\u00e1s informaci\u00f3n.\" \/>\n<meta property=\"og:url\" content=\"https:\/\/www.westrockcoffee.com\/es\/capacidades\/aromas-extractos-e-ingredientes\/\" \/>\n<meta property=\"og:site_name\" content=\"Westrock Coffee\" \/>\n<meta property=\"article:modified_time\" content=\"2025-04-23T11:01:41+00:00\" \/>\n<meta name=\"twitter:card\" content=\"summary_large_image\" \/>\n<script type=\"application\/ld+json\" class=\"yoast-schema-graph\">{\"@context\":\"https:\\\/\\\/schema.org\",\"@graph\":[{\"@type\":\"WebPage\",\"@id\":\"https:\\\/\\\/www.westrockcoffee.com\\\/es\\\/capacidades\\\/aromas-extractos-e-ingredientes\\\/\",\"url\":\"https:\\\/\\\/www.westrockcoffee.com\\\/es\\\/capacidades\\\/aromas-extractos-e-ingredientes\\\/\",\"name\":\"As\u00f3ciate con el fabricante l\u00edder de sabores y extractos\",\"isPartOf\":{\"@id\":\"https:\\\/\\\/www.westrockcoffee.com\\\/es\\\/#website\"},\"datePublished\":\"2024-09-05T19:18:07+00:00\",\"dateModified\":\"2025-04-23T11:01:41+00:00\",\"description\":\"Como fabricante innovador de sabores y extractos, Westrock Coffee te ayuda a sorprender a tus clientes con bebidas personalizadas desarrolladas con los m\u00e1s altos est\u00e1ndares. M\u00e1s informaci\u00f3n.\",\"breadcrumb\":{\"@id\":\"https:\\\/\\\/www.westrockcoffee.com\\\/es\\\/capacidades\\\/aromas-extractos-e-ingredientes\\\/#breadcrumb\"},\"inLanguage\":\"es\",\"potentialAction\":[{\"@type\":\"ReadAction\",\"target\":[\"https:\\\/\\\/www.westrockcoffee.com\\\/es\\\/capacidades\\\/aromas-extractos-e-ingredientes\\\/\"]}]},{\"@type\":\"BreadcrumbList\",\"@id\":\"https:\\\/\\\/www.westrockcoffee.com\\\/es\\\/capacidades\\\/aromas-extractos-e-ingredientes\\\/#breadcrumb\",\"itemListElement\":[{\"@type\":\"ListItem\",\"position\":1,\"name\":\"Inicio\",\"item\":\"https:\\\/\\\/www.westrockcoffee.com\\\/es\\\/\"},{\"@type\":\"ListItem\",\"position\":2,\"name\":\"Capacidades\",\"item\":\"https:\\\/\\\/www.westrockcoffee.com\\\/es\\\/capacidades\\\/\"},{\"@type\":\"ListItem\",\"position\":3,\"name\":\"Aromas, extractos e ingredientes\"}]},{\"@type\":\"WebSite\",\"@id\":\"https:\\\/\\\/www.westrockcoffee.com\\\/es\\\/#website\",\"url\":\"https:\\\/\\\/www.westrockcoffee.com\\\/es\\\/\",\"name\":\"Westrock Coffee\",\"description\":\"\",\"potentialAction\":[{\"@type\":\"SearchAction\",\"target\":{\"@type\":\"EntryPoint\",\"urlTemplate\":\"https:\\\/\\\/www.westrockcoffee.com\\\/es\\\/?s={search_term_string}\"},\"query-input\":{\"@type\":\"PropertyValueSpecification\",\"valueRequired\":true,\"valueName\":\"search_term_string\"}}],\"inLanguage\":\"es\"}]}<\/script>\n<!-- \/ Yoast SEO plugin. -->","yoast_head_json":{"title":"As\u00f3ciate con el fabricante l\u00edder de sabores y extractos","description":"Como fabricante innovador de sabores y extractos, Westrock Coffee te ayuda a sorprender a tus clientes con bebidas personalizadas desarrolladas con los m\u00e1s altos est\u00e1ndares. M\u00e1s informaci\u00f3n.","robots":{"index":"index","follow":"follow","max-snippet":"max-snippet:-1","max-image-preview":"max-image-preview:large","max-video-preview":"max-video-preview:-1"},"canonical":"https:\/\/www.westrockcoffee.com\/es\/capacidades\/aromas-extractos-e-ingredientes\/","og_locale":"es_ES","og_type":"article","og_title":"As\u00f3ciate con el fabricante l\u00edder de sabores y extractos","og_description":"Como fabricante innovador de sabores y extractos, Westrock Coffee te ayuda a sorprender a tus clientes con bebidas personalizadas desarrolladas con los m\u00e1s altos est\u00e1ndares. M\u00e1s informaci\u00f3n.","og_url":"https:\/\/www.westrockcoffee.com\/es\/capacidades\/aromas-extractos-e-ingredientes\/","og_site_name":"Westrock Coffee","article_modified_time":"2025-04-23T11:01:41+00:00","twitter_card":"summary_large_image","schema":{"@context":"https:\/\/schema.org","@graph":[{"@type":"WebPage","@id":"https:\/\/www.westrockcoffee.com\/es\/capacidades\/aromas-extractos-e-ingredientes\/","url":"https:\/\/www.westrockcoffee.com\/es\/capacidades\/aromas-extractos-e-ingredientes\/","name":"As\u00f3ciate con el fabricante l\u00edder de sabores y extractos","isPartOf":{"@id":"https:\/\/www.westrockcoffee.com\/es\/#website"},"datePublished":"2024-09-05T19:18:07+00:00","dateModified":"2025-04-23T11:01:41+00:00","description":"Como fabricante innovador de sabores y extractos, Westrock Coffee te ayuda a sorprender a tus clientes con bebidas personalizadas desarrolladas con los m\u00e1s altos est\u00e1ndares. M\u00e1s informaci\u00f3n.","breadcrumb":{"@id":"https:\/\/www.westrockcoffee.com\/es\/capacidades\/aromas-extractos-e-ingredientes\/#breadcrumb"},"inLanguage":"es","potentialAction":[{"@type":"ReadAction","target":["https:\/\/www.westrockcoffee.com\/es\/capacidades\/aromas-extractos-e-ingredientes\/"]}]},{"@type":"BreadcrumbList","@id":"https:\/\/www.westrockcoffee.com\/es\/capacidades\/aromas-extractos-e-ingredientes\/#breadcrumb","itemListElement":[{"@type":"ListItem","position":1,"name":"Inicio","item":"https:\/\/www.westrockcoffee.com\/es\/"},{"@type":"ListItem","position":2,"name":"Capacidades","item":"https:\/\/www.westrockcoffee.com\/es\/capacidades\/"},{"@type":"ListItem","position":3,"name":"Aromas, extractos e ingredientes"}]},{"@type":"WebSite","@id":"https:\/\/www.westrockcoffee.com\/es\/#website","url":"https:\/\/www.westrockcoffee.com\/es\/","name":"Westrock Coffee","description":"","potentialAction":[{"@type":"SearchAction","target":{"@type":"EntryPoint","urlTemplate":"https:\/\/www.westrockcoffee.com\/es\/?s={search_term_string}"},"query-input":{"@type":"PropertyValueSpecification","valueRequired":true,"valueName":"search_term_string"}}],"inLanguage":"es"}]}},"_links":{"self":[{"href":"https:\/\/www.westrockcoffee.com\/es\/wp-json\/wp\/v2\/pages\/4325","targetHints":{"allow":["GET"]}}],"collection":[{"href":"https:\/\/www.westrockcoffee.com\/es\/wp-json\/wp\/v2\/pages"}],"about":[{"href":"https:\/\/www.westrockcoffee.com\/es\/wp-json\/wp\/v2\/types\/page"}],"author":[{"embeddable":true,"href":"https:\/\/www.westrockcoffee.com\/es\/wp-json\/wp\/v2\/users\/2"}],"replies":[{"embeddable":true,"href":"https:\/\/www.westrockcoffee.com\/es\/wp-json\/wp\/v2\/comments?post=4325"}],"version-history":[{"count":0,"href":"https:\/\/www.westrockcoffee.com\/es\/wp-json\/wp\/v2\/pages\/4325\/revisions"}],"up":[{"embeddable":true,"href":"https:\/\/www.westrockcoffee.com\/es\/wp-json\/wp\/v2\/pages\/3831"}],"wp:attachment":[{"href":"https:\/\/www.westrockcoffee.com\/es\/wp-json\/wp\/v2\/media?parent=4325"}],"curies":[{"name":"wp","href":"https:\/\/api.w.org\/{rel}","templated":true}]}}