{"id":4272,"date":"2024-09-05T14:16:30","date_gmt":"2024-09-05T19:16:30","guid":{"rendered":"https:\/\/westrockcoffee.wpenginepowered.com\/capacidades\/equipo-y-servicio\/"},"modified":"2025-04-30T07:31:28","modified_gmt":"2025-04-30T12:31:28","slug":"equipo-y-servicio","status":"publish","type":"page","link":"https:\/\/www.westrockcoffee.com\/es\/capacidades\/equipo-y-servicio\/","title":{"rendered":"Equipo y Servicio"},"content":{"rendered":"<section class=\"relative px-4 pt-8 md:pt-[180px] pb-24 bg-cover bg-[30%_50%] lg:bg-center interior-hero \" style=\"background-image:url(https:\/\/www.westrockcoffee.com\/wp-content\/uploads\/2024\/09\/Equipment-and-Services-header-3840x935-1-scaled.jpg)\" loading=\"eager\">\n                    <div class=\"hidden md:block absolute top-0 left-0 w-full h-full max-h-screen bg-gradient-to-b from-black\/90 via-[300px] via-transparent z-10\"><\/div>\n        <div class=\"max-w-7xl mx-auto flex flex-col justify-between gap-16\">\n        <nav class=\"list-none flex gap-2 text-white z-10 breadcrumbs\" aria-label=\"Breadcrumbs\">\n        <span><span><a href=\"https:\/\/www.westrockcoffee.com\/es\/\">Inicio<\/a><\/span><\/span>\n        <\/nav>\n                <div class=\"flex flex-col gap-8\">\n            <h1 class=\"text-5xl xl:text-6xl 2xl:text-7xl text-white font-black uppercase md:max-w-[75%] xl:max-w-[65%] z-10\">Equipamiento de \u00faltima generaci\u00f3n para bebidas, servicio excepcional<\/h1>\n                            <div class=\"text-2xl text-white font-light prose z-10 md:max-w-[75%] lg:max-w-[65%]\"><p>Unas soluciones de equipamiento completas y un servicio de asistencia con capacidad de respuesta hacen que casi todo sea posible.<\/p>\n<\/div>\n                                        <a target=\"\" href=\"https:\/\/www.westrockcoffee.com\/es\/ponte-en-contacto-con\/\" class=\"self-start bg-transparent text-white border border-white font-medium text-lg md:text-xl xl:text-2xl py-2 px-8 hover:bg-white hover:text-black transition z-10\">Empieza con Westrock<\/a>\n                    <\/div>\n    <\/div>\n<\/section>\n\n<section class=\"sticky top-[72px] md:top-0 left-0 px-4 bg-brand-blue-light w-full on-this-page z-10 \" x-data=\"onThisPage\" x-init=\"\">\n    <nav class=\"py-6 max-w-7xl mx-auto flex gap-16 xl:gap-24 overflow-x-auto\">\n        <h2 class=\"sr-only\">On This Page<\/h2>\n                                <a @click.prevent=\"scrollToSection('Overview')\" class=\"text-black font-bold text-lg md:text-xl hover:text-brand-purple whitespace-nowrap border-b-4 border-brand-blue-light transition\" href=\"#Overview\">Descripci\u00f3n general<\/a>\n                                <a @click.prevent=\"scrollToSection('HowWeHelp')\" class=\"text-black font-bold text-lg md:text-xl hover:text-brand-purple whitespace-nowrap border-b-4 border-brand-blue-light transition\" href=\"#HowWeHelp\">C\u00f3mo Ayudamos<\/a>\n                                <a @click.prevent=\"scrollToSection('WhyWestrock')\" class=\"text-black font-bold text-lg md:text-xl hover:text-brand-purple whitespace-nowrap border-b-4 border-brand-blue-light transition\" href=\"#WhyWestrock\">\u00bfPor qu\u00e9 Westrock?<\/a>\n                                <a @click.prevent=\"scrollToSection('Experience')\" class=\"text-black font-bold text-lg md:text-xl hover:text-brand-purple whitespace-nowrap border-b-4 border-brand-blue-light transition\" href=\"#Experience\">Experiencia<\/a>\n                <a @hover=\"scrollRight\" @click.prevent=\"scrollRight\" class=\"hidden text-white -rotate-90 absolute w-[80px] text-center bg-black -right-8 top-1\/2 -translate-y-1\/2 font-bold text-xs hover:animate-pulse transition\" href=\"#\" x-init=\"determineOtpScroll\"><span class=\"inline-block rotate-180\">^<\/span> Scroll<\/a>\n    <\/nav>\n<\/section>\n\n<section class=\"px-4 py-12 xl:py-20 intro-paragraph bg-white \" data-anchor=\"Overview\">\n    <div data-aos=\"fade-up\" class=\"prose text-2xl md:text-3xl max-w-4xl leading-relaxed md:leading-[50px] mx-auto font-medium\"><p>Proporcionamos soluciones a medida y equipos especializados de elaboraci\u00f3n de cerveza y bebidas, dise\u00f1ados para garantizar la integridad del producto y un servicio constante. Nuestro enfoque integrado ofrece mantenimiento y asistencia continuos, reduciendo las interrupciones operativas.  <mark>Con Westrock, puedes mejorar tus m\u00e1rgenes a la vez que ofreces opciones de bebidas de alta calidad, de autoservicio y de r\u00e1pida aplicaci\u00f3n que mantienen satisfechos a los clientes.<\/mark><\/p>\n<\/div>\n<\/section>\n\n<section class=\"bg-marca-azul-luz px-4 py-12 xl:py-20 how-we-help \" data-anchor=\"HowWeHelp\">\n    <div class=\"max-w-7xl mx-auto\">\n        <div class=\"flex flex-col items-center justify-center gap-16\">\n            <div class=\"max-w-3xl mx-auto text-center flex flex-col gap-12\">\n                                    <h2 data-aos=\"fade-up\"  class=\"text-3xl md:text-4xl lg:text-5xl font-black uppercase\">C\u00f3mo ayudamos a las marcas a ganar m\u00e1s y vender m\u00e1s<\/h2>\n                                            <\/div>\n                            <div class=\"grid grid-cols-1 sm:grid-cols-2 md:grid-cols-4 gap-x-8 gap-y-12 lg:gap-16\">\n                                            <div class=\"flex flex-col gap-8 items-center\">\n                                                            <img data-aos=\"fade-up\"  class=\"lazyload rounded-full max-w-[50%] sm:max-w-[60%] lg:max-w-[70%] mx-auto border-2 border-white\" data-src=\"https:\/\/www.westrockcoffee.com\/wp-content\/uploads\/2024\/09\/Experience.jpg\" alt=\"\" \/>\n                                                        <div class=\"flex flex-col gap-1 text-center\" data-aos=\"fade-up\">\n                                                                    <h3 class=\"text-xl font-bold\">Soluciones de equipamiento personalizadas<\/h3>\n                                                                                                    <div class=\"prose text-lg font-light leading-tight\"><p>Colaboramos contigo para seleccionar e instalar el equipo perfecto para tus necesidades de bebidas, garantizando una calidad y eficacia constantes.<\/p>\n<\/div>\n                                                            <\/div>\n                        <\/div>\n                                            <div class=\"flex flex-col gap-8 items-center\">\n                                                            <img data-aos=\"fade-up\"  class=\"lazyload rounded-full max-w-[50%] sm:max-w-[60%] lg:max-w-[70%] mx-auto border-2 border-white\" data-src=\"https:\/\/www.westrockcoffee.com\/wp-content\/uploads\/2024\/09\/Customer-Service.jpg\" alt=\"\" \/>\n                                                        <div class=\"flex flex-col gap-1 text-center\" data-aos=\"fade-up\">\n                                                                    <h3 class=\"text-xl font-bold\">Mantenimiento y asistencia expertos<\/h3>\n                                                                                                    <div class=\"prose text-lg font-light leading-tight\"><p>Nuestros t\u00e9cnicos cualificados realizan un mantenimiento peri\u00f3dico y prestan asistencia 24 horas al d\u00eda, 7 d\u00edas a la semana, reduciendo las costosas aver\u00edas y manteniendo tus operaciones en perfecto funcionamiento.<\/p>\n<\/div>\n                                                            <\/div>\n                        <\/div>\n                                            <div class=\"flex flex-col gap-8 items-center\">\n                                                            <img data-aos=\"fade-up\"  class=\"lazyload rounded-full max-w-[50%] sm:max-w-[60%] lg:max-w-[70%] mx-auto border-2 border-white\" data-src=\"https:\/\/www.westrockcoffee.com\/wp-content\/uploads\/2024\/09\/Dispatch-Operations.jpg\" alt=\"\" \/>\n                                                        <div class=\"flex flex-col gap-1 text-center\" data-aos=\"fade-up\">\n                                                                    <h3 class=\"text-xl font-bold\">Formaci\u00f3n y optimizaci\u00f3n<\/h3>\n                                                                                                    <div class=\"prose text-lg font-light leading-tight\"><p>Ofrecemos formaci\u00f3n completa para tu personal, maximizando el uso de los equipos y optimizando el rendimiento de tu programa de bebidas.<\/p>\n<\/div>\n                                                            <\/div>\n                        <\/div>\n                                            <div class=\"flex flex-col gap-8 items-center\">\n                                                            <img data-aos=\"fade-up\"  class=\"lazyload rounded-full max-w-[50%] sm:max-w-[60%] lg:max-w-[70%] mx-auto border-2 border-white\" data-src=\"https:\/\/www.westrockcoffee.com\/wp-content\/uploads\/2024\/09\/Added-Benefits.jpg\" alt=\"\" \/>\n                                                        <div class=\"flex flex-col gap-1 text-center\" data-aos=\"fade-up\">\n                                                                    <h3 class=\"text-xl font-bold\">Soluciones escalables<\/h3>\n                                                                                                    <div class=\"prose text-lg font-light leading-tight\"><p>Tanto si te expandes a nuevas ubicaciones como si actualizas las instalaciones existentes, te ofrecemos soluciones flexibles que crecen con tu negocio.<\/p>\n<\/div>\n                                                            <\/div>\n                        <\/div>\n                                    <\/div>\n                    <\/div>\n    <\/div>\n<\/section>\n\n<section class=\"px-4 py-12 xl:py-20 list-w-icons bg-white \" data-anchor=\"WhyWestrock\">\n    <div class=\"max-w-7xl mx-auto\">\n                    <h2 data-aos=\"fade-up\" class=\"text-3xl md:text-4xl lg:text-5xl font-black uppercase text-center mb-12\">Por qu\u00e9 trabajar con Westrock<\/h2>\n                <div class=\"flex flex-col md:flex-row items-center justify-center gap-12\">\n            <ul class=\"list-none flex flex-col gap-4 w-full md:w-1\/2 order-2 md:order-1\">\n                                    <li data-aos=\"fade-up\" class=\"flex gap-4 md:gap-8\">\n                        <img class=\"lazyload w-16 self-start rounded-full\" data-src=\"https:\/\/www.westrockcoffee.com\/wp-content\/uploads\/2024\/10\/WROC_icons-purple_training.svg\" alt=\"\" \/>\n                        <div class=\"prose text-xl font-light\"><p><strong>Apoyo integral<\/strong><br \/>\nDesde la selecci\u00f3n del equipo hasta el mantenimiento continuo, estamos aqu\u00ed para ocuparnos de todos los aspectos, para que puedas centrarte en hacer crecer tu negocio.<\/p>\n<\/div>\n                    <\/li>\n                                    <li data-aos=\"fade-up\" class=\"flex gap-4 md:gap-8\">\n                        <img class=\"lazyload w-16 self-start rounded-full\" data-src=\"https:\/\/www.westrockcoffee.com\/wp-content\/uploads\/2024\/10\/WROC_icons-purple_facility.svg\" alt=\"\" \/>\n                        <div class=\"prose text-xl font-light\"><p><strong>Servicio proactivo<\/strong><br \/>\nNuestro equipo especializado supervisa y mantiene tus equipos, identificando posibles problemas antes de que afecten a tus operaciones.<\/p>\n<\/div>\n                    <\/li>\n                                    <li data-aos=\"fade-up\" class=\"flex gap-4 md:gap-8\">\n                        <img class=\"lazyload w-16 self-start rounded-full\" data-src=\"https:\/\/www.westrockcoffee.com\/wp-content\/uploads\/2024\/10\/WROC_icons-purple_business-analytics.svg\" alt=\"\" \/>\n                        <div class=\"prose text-xl font-light\"><p><strong>Experiencia en el sector<\/strong><br \/>\nCon a\u00f1os de experiencia en soluciones para bebidas, comprendemos tus necesidades exclusivas y ofrecemos estrategias de equipamiento adaptadas a tu \u00e9xito.<\/p>\n<\/div>\n                    <\/li>\n                            <\/ul> \n                                                                                <div class=\"w-full md:w-1\/2 order-1 md:order-2\">\n                                            <figure>\n                            <img data-aos=\"fade-up\" class=\"lazyload\" data-src=\"https:\/\/www.westrockcoffee.com\/wp-content\/uploads\/2024\/09\/54-whywestrock-es.jpg\" alt=\"\" \/>\n                                                    <\/figure>\n                                    <\/div>\n                    <\/div>\n    <\/div>\n<\/section>\n\n<section class=\"px-4 py-12 xl:py-20 content-text-block bg-white \" >\n    <div class=\"max-w-7xl mx-auto\">\n                    <div class=\"flex flex-col gap-16\">\n                                                                                <div>\n                    <div class=\"flex flex-col md:flex-row gap-8 md:gap-32 items-center justify-center\">\n                                                    <div class=\"w-full md:max-w-[50%]\">\n                                <figure>\n                                    <img data-aos=\"fade-up\" class=\"mx-auto lazyload\" data-src=\"https:\/\/www.westrockcoffee.com\/wp-content\/uploads\/2024\/10\/maximizing-reliability.webp\" alt=\"\" \/>\n                                                                    <\/figure>\n                            <\/div>\n                                                <div data-aos=\"fade-up\" class=\"text-xl prose md:w-1\/2 font-light text-black\"><h2>MAXIMIZAR LA FIABILIDAD Y EL RENDIMIENTO CON EL CAF\u00c9 WESTROCK<\/h2>\n<p>Una asociaci\u00f3n con Westrock significa una asistencia sin fisuras para tu equipo de bebidas. Trabajamos mano a mano contigo para garantizar que tu equipo est\u00e9 siempre optimizado, proporcionando la fiabilidad y el rendimiento necesarios para mejorar la experiencia de tus clientes e impulsar el crecimiento.<\/p>\n<\/div>\n                    <\/div>\n                <\/div>\n                            <\/div>\n            <\/div>\n<\/section>\n\n<section class=\"bg-brand-blue-light px-4 py-12 xl:py-20 case-study-cta \" data-anchor=\"Experience\">\n    <div class=\"max-w-7xl mx-auto\">\n        <div class=\"flex flex-col md:flex-row gap-4 md:gap-16 lg:gap-24 xl:gap-32 bg-white justify-between\">\n            <div class=\"p-8 md:py-12 flex flex-col gap-12 md:w-3\/5 order-2 md:order-1\">\n                <div class=\"flex flex-col gap-4\">\n                                            <div data-aos=\"fade-up\" class=\"text-brand-purple text-2xl font-bold\">Caso pr\u00e1ctico destacado<\/div>\n                                        <h2 data-aos=\"fade-up\" class=\"text-3xl md:text-4xl lg:text-5xl font-black uppercase\">Optimizar el equipo para una cerveza fresca<\/h2>\n                                                                    <div class=\"flex gap-4 md:gap-16 case-study-stats\">\n                                                            <div data-aos=\"fade-up\" class=\"flex flex-col gap-2\">\n                                    <div class=\"text-brand-purple font-black text-5xl md:text-6xl flex gap-2\">\n                                                                                                                        <span>95<\/span>\n                                                                            <\/div>\n                                                                            <div class=\"text-lg font-light\"><p>De los lugares mostraban un mantenimiento diario y unos niveles de limpieza deficientes.<\/p>\n<\/div>\n                                                                    <\/div>\n                                                            <div data-aos=\"fade-up\" class=\"flex flex-col gap-2\">\n                                    <div class=\"text-brand-purple font-black text-5xl md:text-6xl flex gap-2\">\n                                                                                                                        <span>50<\/span>\n                                                                            <\/div>\n                                                                            <div class=\"text-lg font-light\"><p>Se descubri\u00f3 que el equipo de elaboraci\u00f3n de cerveza estaba descalibrado y anticuado.<\/p>\n<\/div>\n                                                                    <\/div>\n                                                    <\/div>\n                                    <\/div>\n                <div class=\"flex flex-row flex-wrap gap-x-8 gap-y-4\">\n                                        <a aria-label=\"Read More about Optimizar el equipo para una cerveza fresca\" data-aos=\"fade-up\" class=\"bg-black text-white text-xl md:text-2xl px-8 pt-1 pb-2 self-start border border-black hover:bg-transparent hover:text-brand-purple hover:border-brand-purple transition whitespace-nowrap\" href=\"https:\/\/www.westrockcoffee.com\/es\/case-study\/optimizar-el-equipo-para-una-cerveza-fresca\/\">Leer m\u00e1s<\/a>\n                                            <a data-aos=\"fade-up\" target=\"\" class=\"text-black text-xl md:text-2xl py-1 self-start font-bold transition whitespace-nowrap group flex items-center gap-2\" href=\"https:\/\/www.westrockcoffee.com\/es\/perspectivas\/estudio-de-caso\/\">\n                            <span class=\"group-hover:text-brand-purple transition\">Ver todo<\/span>\n                            <svg class=\"group-hover:translate-x-2 group-hover:text-brand-purple transition\" width=\"29\" height=\"25\" viewBox=\"0 0 29 25\" fill=\"none\" xmlns=\"http:\/\/www.w3.org\/2000\/svg\">\n                                <path d=\"M28.2 11.6V13.2L15.68 24.64L12.96 21.32C16.52 18.48 20.12 15.92 22.88 14.12L22.8 13.88C19.16 14.24 14.2 14.4 9.56 14.4H0.72L0.72 10.4H9.56C14.2 10.4 19.16 10.56 22.8 10.92L22.88 10.68C20.08 8.88 16.56 6.36 12.96 3.48L15.68 0.199999L28.2 11.6Z\" fill=\"currentColor\" \/>\n                            <\/svg>\n                        <\/a>\n                                    <\/div>\n            <\/div>\n                                                                                <img data-aos=\"fade-up\" class=\"md:w-2\/5 object-cover lazyload order-1 md:order-2\" data-src=\"https:\/\/www.westrockcoffee.com\/wp-content\/uploads\/2024\/10\/Optimizing-Equipment-for-a-Fresh-Brew-1024x683.jpg\" alt=\"\" \/>\n                    <\/div>\n    <\/div>\n<\/section>\n\n<section class=\"bg-brand-green px-4 py-12 related-capabilities \" >\n    <div class=\"max-w-7xl mx-auto\">\n        <h2 data-aos=\"fade-up\" class=\"text-white text-3xl md:text-4xl lg:text-5xl mb-8 font-black uppercase\">Enlaces relacionados<\/h2>\n        <nav class=\"list-none columns-2 lg:max-w-[80%]\">\n            <ul>\n                            <\/ul>\n        <\/nav>\n    <\/div>\n<\/section>","protected":false},"excerpt":{"rendered":"","protected":false},"author":2,"featured_media":0,"parent":3831,"menu_order":0,"comment_status":"closed","ping_status":"closed","template":"","meta":{"_acf_changed":false,"content-type":"","footnotes":""},"class_list":["post-4272","page","type-page","status-publish","hentry"],"acf":[],"yoast_head":"<!-- This site is optimized with the Yoast SEO plugin v27.5 - https:\/\/yoast.com\/product\/yoast-seo-wordpress\/ -->\n<title>Nuestro proceso de desarrollo de equipos de bebidas<\/title>\n<meta name=\"description\" content=\"\u00bfNecesitas una soluci\u00f3n personalizada de equipamiento para bebidas? Adem\u00e1s de carteras \u00fanicas de bebidas, Westrock tambi\u00e9n suministra equipos espec\u00edficos para las necesidades de nuestros clientes.\" \/>\n<meta name=\"robots\" content=\"index, follow, max-snippet:-1, max-image-preview:large, max-video-preview:-1\" \/>\n<link rel=\"canonical\" href=\"https:\/\/www.westrockcoffee.com\/es\/capacidades\/equipo-y-servicio\/\" \/>\n<meta property=\"og:locale\" content=\"es_ES\" \/>\n<meta property=\"og:type\" content=\"article\" \/>\n<meta property=\"og:title\" content=\"Nuestro proceso de desarrollo de equipos de bebidas\" \/>\n<meta property=\"og:description\" content=\"\u00bfNecesitas una soluci\u00f3n personalizada de equipamiento para bebidas? Adem\u00e1s de carteras \u00fanicas de bebidas, Westrock tambi\u00e9n suministra equipos espec\u00edficos para las necesidades de nuestros clientes.\" \/>\n<meta property=\"og:url\" content=\"https:\/\/www.westrockcoffee.com\/es\/capacidades\/equipo-y-servicio\/\" \/>\n<meta property=\"og:site_name\" content=\"Westrock Coffee\" \/>\n<meta property=\"article:modified_time\" content=\"2025-04-30T12:31:28+00:00\" \/>\n<meta name=\"twitter:card\" content=\"summary_large_image\" \/>\n<script type=\"application\/ld+json\" class=\"yoast-schema-graph\">{\"@context\":\"https:\\\/\\\/schema.org\",\"@graph\":[{\"@type\":\"WebPage\",\"@id\":\"https:\\\/\\\/www.westrockcoffee.com\\\/es\\\/capacidades\\\/equipo-y-servicio\\\/\",\"url\":\"https:\\\/\\\/www.westrockcoffee.com\\\/es\\\/capacidades\\\/equipo-y-servicio\\\/\",\"name\":\"Nuestro proceso de desarrollo de equipos de bebidas\",\"isPartOf\":{\"@id\":\"https:\\\/\\\/www.westrockcoffee.com\\\/es\\\/#website\"},\"datePublished\":\"2024-09-05T19:16:30+00:00\",\"dateModified\":\"2025-04-30T12:31:28+00:00\",\"description\":\"\u00bfNecesitas una soluci\u00f3n personalizada de equipamiento para bebidas? Adem\u00e1s de carteras \u00fanicas de bebidas, Westrock tambi\u00e9n suministra equipos espec\u00edficos para las necesidades de nuestros clientes.\",\"breadcrumb\":{\"@id\":\"https:\\\/\\\/www.westrockcoffee.com\\\/es\\\/capacidades\\\/equipo-y-servicio\\\/#breadcrumb\"},\"inLanguage\":\"es\",\"potentialAction\":[{\"@type\":\"ReadAction\",\"target\":[\"https:\\\/\\\/www.westrockcoffee.com\\\/es\\\/capacidades\\\/equipo-y-servicio\\\/\"]}]},{\"@type\":\"BreadcrumbList\",\"@id\":\"https:\\\/\\\/www.westrockcoffee.com\\\/es\\\/capacidades\\\/equipo-y-servicio\\\/#breadcrumb\",\"itemListElement\":[{\"@type\":\"ListItem\",\"position\":1,\"name\":\"Inicio\",\"item\":\"https:\\\/\\\/www.westrockcoffee.com\\\/es\\\/\"},{\"@type\":\"ListItem\",\"position\":2,\"name\":\"Capacidades\",\"item\":\"https:\\\/\\\/www.westrockcoffee.com\\\/es\\\/capacidades\\\/\"},{\"@type\":\"ListItem\",\"position\":3,\"name\":\"Equipo y Servicio\"}]},{\"@type\":\"WebSite\",\"@id\":\"https:\\\/\\\/www.westrockcoffee.com\\\/es\\\/#website\",\"url\":\"https:\\\/\\\/www.westrockcoffee.com\\\/es\\\/\",\"name\":\"Westrock Coffee\",\"description\":\"\",\"potentialAction\":[{\"@type\":\"SearchAction\",\"target\":{\"@type\":\"EntryPoint\",\"urlTemplate\":\"https:\\\/\\\/www.westrockcoffee.com\\\/es\\\/?s={search_term_string}\"},\"query-input\":{\"@type\":\"PropertyValueSpecification\",\"valueRequired\":true,\"valueName\":\"search_term_string\"}}],\"inLanguage\":\"es\"}]}<\/script>\n<!-- \/ Yoast SEO plugin. -->","yoast_head_json":{"title":"Nuestro proceso de desarrollo de equipos de bebidas","description":"\u00bfNecesitas una soluci\u00f3n personalizada de equipamiento para bebidas? Adem\u00e1s de carteras \u00fanicas de bebidas, Westrock tambi\u00e9n suministra equipos espec\u00edficos para las necesidades de nuestros clientes.","robots":{"index":"index","follow":"follow","max-snippet":"max-snippet:-1","max-image-preview":"max-image-preview:large","max-video-preview":"max-video-preview:-1"},"canonical":"https:\/\/www.westrockcoffee.com\/es\/capacidades\/equipo-y-servicio\/","og_locale":"es_ES","og_type":"article","og_title":"Nuestro proceso de desarrollo de equipos de bebidas","og_description":"\u00bfNecesitas una soluci\u00f3n personalizada de equipamiento para bebidas? Adem\u00e1s de carteras \u00fanicas de bebidas, Westrock tambi\u00e9n suministra equipos espec\u00edficos para las necesidades de nuestros clientes.","og_url":"https:\/\/www.westrockcoffee.com\/es\/capacidades\/equipo-y-servicio\/","og_site_name":"Westrock Coffee","article_modified_time":"2025-04-30T12:31:28+00:00","twitter_card":"summary_large_image","schema":{"@context":"https:\/\/schema.org","@graph":[{"@type":"WebPage","@id":"https:\/\/www.westrockcoffee.com\/es\/capacidades\/equipo-y-servicio\/","url":"https:\/\/www.westrockcoffee.com\/es\/capacidades\/equipo-y-servicio\/","name":"Nuestro proceso de desarrollo de equipos de bebidas","isPartOf":{"@id":"https:\/\/www.westrockcoffee.com\/es\/#website"},"datePublished":"2024-09-05T19:16:30+00:00","dateModified":"2025-04-30T12:31:28+00:00","description":"\u00bfNecesitas una soluci\u00f3n personalizada de equipamiento para bebidas? Adem\u00e1s de carteras \u00fanicas de bebidas, Westrock tambi\u00e9n suministra equipos espec\u00edficos para las necesidades de nuestros clientes.","breadcrumb":{"@id":"https:\/\/www.westrockcoffee.com\/es\/capacidades\/equipo-y-servicio\/#breadcrumb"},"inLanguage":"es","potentialAction":[{"@type":"ReadAction","target":["https:\/\/www.westrockcoffee.com\/es\/capacidades\/equipo-y-servicio\/"]}]},{"@type":"BreadcrumbList","@id":"https:\/\/www.westrockcoffee.com\/es\/capacidades\/equipo-y-servicio\/#breadcrumb","itemListElement":[{"@type":"ListItem","position":1,"name":"Inicio","item":"https:\/\/www.westrockcoffee.com\/es\/"},{"@type":"ListItem","position":2,"name":"Capacidades","item":"https:\/\/www.westrockcoffee.com\/es\/capacidades\/"},{"@type":"ListItem","position":3,"name":"Equipo y Servicio"}]},{"@type":"WebSite","@id":"https:\/\/www.westrockcoffee.com\/es\/#website","url":"https:\/\/www.westrockcoffee.com\/es\/","name":"Westrock Coffee","description":"","potentialAction":[{"@type":"SearchAction","target":{"@type":"EntryPoint","urlTemplate":"https:\/\/www.westrockcoffee.com\/es\/?s={search_term_string}"},"query-input":{"@type":"PropertyValueSpecification","valueRequired":true,"valueName":"search_term_string"}}],"inLanguage":"es"}]}},"_links":{"self":[{"href":"https:\/\/www.westrockcoffee.com\/es\/wp-json\/wp\/v2\/pages\/4272","targetHints":{"allow":["GET"]}}],"collection":[{"href":"https:\/\/www.westrockcoffee.com\/es\/wp-json\/wp\/v2\/pages"}],"about":[{"href":"https:\/\/www.westrockcoffee.com\/es\/wp-json\/wp\/v2\/types\/page"}],"author":[{"embeddable":true,"href":"https:\/\/www.westrockcoffee.com\/es\/wp-json\/wp\/v2\/users\/2"}],"replies":[{"embeddable":true,"href":"https:\/\/www.westrockcoffee.com\/es\/wp-json\/wp\/v2\/comments?post=4272"}],"version-history":[{"count":0,"href":"https:\/\/www.westrockcoffee.com\/es\/wp-json\/wp\/v2\/pages\/4272\/revisions"}],"up":[{"embeddable":true,"href":"https:\/\/www.westrockcoffee.com\/es\/wp-json\/wp\/v2\/pages\/3831"}],"wp:attachment":[{"href":"https:\/\/www.westrockcoffee.com\/es\/wp-json\/wp\/v2\/media?parent=4272"}],"curies":[{"name":"wp","href":"https:\/\/api.w.org\/{rel}","templated":true}]}}