{"id":4247,"date":"2024-09-05T14:17:36","date_gmt":"2024-09-05T19:17:36","guid":{"rendered":"https:\/\/westrockcoffee.wpenginepowered.com\/capacidades\/cafe\/"},"modified":"2025-05-22T07:38:51","modified_gmt":"2025-05-22T12:38:51","slug":"cafe","status":"publish","type":"page","link":"https:\/\/www.westrockcoffee.com\/es\/capacidades\/cafe\/","title":{"rendered":"Caf\u00e9 de marca blanca"},"content":{"rendered":"<section class=\"relative px-4 pt-8 md:pt-[180px] pb-24 bg-cover bg-[30%_50%] lg:bg-center interior-hero \" style=\"background-image:url(https:\/\/www.westrockcoffee.com\/wp-content\/uploads\/2024\/09\/Coffee-header.jpg)\" loading=\"eager\">\n                    <div class=\"hidden md:block absolute top-0 left-0 w-full h-full max-h-screen bg-gradient-to-b from-black\/90 via-[300px] via-transparent z-10\"><\/div>\n        <div class=\"max-w-7xl mx-auto flex flex-col justify-between gap-16\">\n        <nav class=\"list-none flex gap-2 text-white z-10 breadcrumbs\" aria-label=\"Breadcrumbs\">\n        <span><span><a href=\"https:\/\/www.westrockcoffee.com\/es\/\">Inicio<\/a><\/span><\/span>\n        <\/nav>\n                <div class=\"flex flex-col gap-8\">\n            <h1 class=\"text-5xl xl:text-6xl 2xl:text-7xl text-white font-black uppercase md:max-w-[75%] xl:max-w-[65%] z-10\">Dominar las soluciones de caf\u00e9 de marca blanca<\/h1>\n                            <div class=\"text-2xl text-white font-light prose z-10 md:max-w-[75%] lg:max-w-[65%]\"><p>Desde el abastecimiento de los mejores granos hasta el suministro de mezclas personalizadas, creamos soluciones de caf\u00e9 de marca blanca que impulsan la satisfacci\u00f3n del cliente y el crecimiento del negocio.<\/p>\n<\/div>\n                                        <a target=\"\" href=\"https:\/\/www.westrockcoffee.com\/es\/ponte-en-contacto-con\/\" class=\"self-start bg-transparent text-white border border-white font-medium text-lg md:text-xl xl:text-2xl py-2 px-8 hover:bg-white hover:text-black transition z-10\">Empieza con Westrock<\/a>\n                    <\/div>\n    <\/div>\n<\/section><section class=\"sticky top-[72px] md:top-0 left-0 px-4 bg-brand-blue-light w-full on-this-page z-10 \" x-data=\"onThisPage\" x-init=\"\">\n    <nav class=\"py-6 max-w-7xl mx-auto flex gap-16 xl:gap-24 overflow-x-auto\">\n        <h2 class=\"sr-only\">On This Page<\/h2>\n                                <a @click.prevent=\"scrollToSection('Overview')\" class=\"text-black font-bold text-lg md:text-xl hover:text-brand-purple whitespace-nowrap border-b-4 border-brand-blue-light transition\" href=\"#Overview\">Overview<\/a>\n                                <a @click.prevent=\"scrollToSection('HowWeHelp')\" class=\"text-black font-bold text-lg md:text-xl hover:text-brand-purple whitespace-nowrap border-b-4 border-brand-blue-light transition\" href=\"#HowWeHelp\">How We Help<\/a>\n                                <a @click.prevent=\"scrollToSection('WhyWestrock')\" class=\"text-black font-bold text-lg md:text-xl hover:text-brand-purple whitespace-nowrap border-b-4 border-brand-blue-light transition\" href=\"#WhyWestrock\">Why Westrock<\/a>\n                                <a @click.prevent=\"scrollToSection('Experience')\" class=\"text-black font-bold text-lg md:text-xl hover:text-brand-purple whitespace-nowrap border-b-4 border-brand-blue-light transition\" href=\"#Experience\">Experience<\/a>\n                <a @hover=\"scrollRight\" @click.prevent=\"scrollRight\" class=\"hidden text-white -rotate-90 absolute w-[80px] text-center bg-black -right-8 top-1\/2 -translate-y-1\/2 font-bold text-xs hover:animate-pulse transition\" href=\"#\" x-init=\"determineOtpScroll\"><span class=\"inline-block rotate-180\">^<\/span> Scroll<\/a>\n    <\/nav>\n<\/section><section class=\"px-4 py-12 xl:py-20 intro-paragraph bg-white \" data-anchor=\"Overview\">\n    <div data-aos=\"fade-up\" class=\"prose text-2xl md:text-3xl max-w-4xl leading-relaxed md:leading-[50px] mx-auto font-medium\"><p>Nuestra base es el caf\u00e9, y nos apasiona ofrecer una calidad excepcional en cada taza.  <mark>Nuestro equipo de categor\u00eda mundial trabaja contigo para desarrollar la oferta de caf\u00e9 perfecta, adaptada a los gustos de tus clientes y a tus objetivos empresariales.<\/mark><\/p>\n<\/div>\n<\/section><section class=\"bg-marca-azul-luz px-4 py-12 xl:py-20 how-we-help \" data-anchor=\"HowWeHelp\">\n    <div class=\"max-w-5xl mx-auto\">\n        <div class=\"flex flex-col items-center justify-center gap-16\">\n            <div class=\"max-w-3xl mx-auto text-center flex flex-col gap-12\">\n                                    <h2 data-aos=\"fade-up\"  class=\"text-3xl md:text-4xl lg:text-5xl font-black uppercase\">C\u00f3mo ayudamos a las marcas a ganar m\u00e1s y vender m\u00e1s<\/h2>\n                                                    <div data-aos=\"fade-up\"  class=\"font-light text-xl prose\"><p>Cuando se trata de una variedad de mezclas listas para vender, superamos las expectativas con un cat\u00e1logo de caf\u00e9s, incluido el innovador caf\u00e9 fr\u00edo que elaboramos artesanalmente a escala, eliminando los l\u00edmites del suministro.<\/p>\n<\/div>\n                            <\/div>\n                            <div class=\"grid grid-cols-1 sm:grid-cols-2 md:grid-cols-3 gap-x-8 gap-y-12 lg:gap-16\">\n                                            <div class=\"flex flex-col gap-8 items-center\">\n                                                            <img data-aos=\"fade-up\"  class=\"lazyload rounded-full max-w-[50%] sm:max-w-[60%] lg:max-w-[70%] mx-auto border-2 border-white\" data-src=\"https:\/\/www.westrockcoffee.com\/wp-content\/uploads\/2024\/09\/694A2346-privatelabel-scaled.jpg\" alt=\"\" \/>\n                                                        <div class=\"flex flex-col gap-1 text-center\" data-aos=\"fade-up\">\n                                                                    <h3 class=\"text-xl font-bold\">Caf\u00e9 de marca blanca<\/h3>\n                                                                                                    <div class=\"prose text-lg font-light leading-tight\"><p>Servimos a marcas l\u00edderes con soluciones de caf\u00e9 que elevan su oferta de men\u00fas e impulsan la fidelidad del cliente. Nuestros productos monodosis, tostados y molidos, de grano entero y de infusi\u00f3n en fr\u00edo se elaboran para adaptarse a las necesidades exclusivas de tu marca. <\/p>\n<\/div>\n                                                            <\/div>\n                        <\/div>\n                                            <div class=\"flex flex-col gap-8 items-center\">\n                                                            <img data-aos=\"fade-up\"  class=\"lazyload rounded-full max-w-[50%] sm:max-w-[60%] lg:max-w-[70%] mx-auto border-2 border-white\" data-src=\"https:\/\/www.westrockcoffee.com\/wp-content\/uploads\/2024\/09\/360_0645-hotcoffee_1-scaled.jpg\" alt=\"\" \/>\n                                                        <div class=\"flex flex-col gap-1 text-center\" data-aos=\"fade-up\">\n                                                                    <h3 class=\"text-xl font-bold\">Abastecimiento de caf\u00e9<\/h3>\n                                                                                                    <div class=\"prose text-lg font-light leading-tight\"><p>Nuestra red mundial de abastecimiento te conecta con los mejores granos, ofreciendo transparencia y calidad en cada lote. Nos ocupamos de las complejidades para que puedas centrarte en ofrecer un caf\u00e9 de gran sabor a tus clientes. <\/p>\n<\/div>\n                                                            <\/div>\n                        <\/div>\n                                            <div class=\"flex flex-col gap-8 items-center\">\n                                                            <img data-aos=\"fade-up\"  class=\"lazyload rounded-full max-w-[50%] sm:max-w-[60%] lg:max-w-[70%] mx-auto border-2 border-white\" data-src=\"https:\/\/www.westrockcoffee.com\/wp-content\/uploads\/2024\/09\/694A2122-Edit-copy-coldcoffee-scaled.jpg\" alt=\"\" \/>\n                                                        <div class=\"flex flex-col gap-1 text-center\" data-aos=\"fade-up\">\n                                                                    <h3 class=\"text-xl font-bold\">Mezclas personalizadas<\/h3>\n                                                                                                    <div class=\"prose text-lg font-light leading-tight\"><p>Colabora con nuestros expertos tostadores para desarrollar mezclas exclusivas que se alineen con la identidad de tu marca, garantizando un perfil de sabor distintivo que te diferencie en el mercado.<\/p>\n<\/div>\n                                                            <\/div>\n                        <\/div>\n                                    <\/div>\n                    <\/div>\n    <\/div>\n<\/section><section class=\"px-4 py-12 xl:py-20 list-w-icons bg-white \" data-anchor=\"WhyWestrock\">\n    <div class=\"max-w-7xl mx-auto\">\n                    <h2 data-aos=\"fade-up\" class=\"text-3xl md:text-4xl lg:text-5xl font-black uppercase text-center mb-12\">Por qu\u00e9 trabajar con Westrock<\/h2>\n                <div class=\"flex flex-col md:flex-row items-center justify-center gap-12\">\n            <ul class=\"list-none flex flex-col gap-4 w-full md:w-1\/2 order-2 md:order-1\">\n                                    <li data-aos=\"fade-up\" class=\"flex gap-4 md:gap-8\">\n                        <img class=\"lazyload w-16 self-start rounded-full\" data-src=\"https:\/\/www.westrockcoffee.com\/wp-content\/uploads\/2024\/10\/WROC_icons-purple_innovation.svg\" alt=\"\" \/>\n                        <div class=\"prose text-xl font-light\"><p><strong>Innovaci\u00f3n que impulsa su negocio<\/strong><br \/>\nLleve sus conceptos \u00fanicos de caf\u00e9 al mercado con rapidez y precisi\u00f3n aprovechando nuestra experiencia e innovaci\u00f3n basada en el conocimiento.<\/p>\n<\/div>\n                    <\/li>\n                                    <li data-aos=\"fade-up\" class=\"flex gap-4 md:gap-8\">\n                        <img class=\"lazyload w-16 self-start rounded-full\" data-src=\"https:\/\/www.westrockcoffee.com\/wp-content\/uploads\/2024\/10\/WROC_icons-purple_coffee-beans.svg\" alt=\"\" \/>\n                        <div class=\"prose text-xl font-light\"><p><strong>Creando caf\u00e9 de excelencia<\/strong><br \/>\nCree soluciones de caf\u00e9 premium de marca privada con nuestro equipo global, garantizando una calidad inigualable desde el abastecimiento hasta la producci\u00f3n.<\/p>\n<\/div>\n                    <\/li>\n                                    <li data-aos=\"fade-up\" class=\"flex gap-4 md:gap-8\">\n                        <img class=\"lazyload w-16 self-start rounded-full\" data-src=\"https:\/\/www.westrockcoffee.com\/wp-content\/uploads\/2024\/10\/WROC_icons-purple_traceability.svg\" alt=\"\" \/>\n                        <div class=\"prose text-xl font-light\"><p><strong>Poder global a tu alcance<\/strong><br \/>\nAmpl\u00eda tu oferta de caf\u00e9 sin esfuerzo con nuestra amplia capacidad de producci\u00f3n y red mundial, adaptada a las necesidades espec\u00edficas de tu marca.<\/p>\n<\/div>\n                    <\/li>\n                                    <li data-aos=\"fade-up\" class=\"flex gap-4 md:gap-8\">\n                        <img class=\"lazyload w-16 self-start rounded-full\" data-src=\"https:\/\/www.westrockcoffee.com\/wp-content\/uploads\/2024\/10\/WROC_icons-purple_farmer.svg\" alt=\"\" \/>\n                        <div class=\"prose text-xl font-light\"><p><strong>Sostenibilidad m\u00e1s all\u00e1 de las expectativas<\/strong><br \/>\nSupere sus objetivos de sostenibilidad y satisfaga la demanda de los consumidores de productos respetuosos con el medio ambiente mediante nuestras pr\u00e1cticas l\u00edderes en la industria.<\/p>\n<\/div>\n                    <\/li>\n                            <\/ul> \n                                                                                <div class=\"w-full md:w-1\/2 order-1 md:order-2\">\n                                            <figure>\n                            <img data-aos=\"fade-up\" class=\"lazyload\" data-src=\"https:\/\/www.westrockcoffee.com\/wp-content\/uploads\/2024\/10\/Whywestrock-coffee_800-x-800.jpg\" alt=\"Why Work With Westrock\" \/>\n                                                    <\/figure>\n                                    <\/div>\n                    <\/div>\n    <\/div>\n<\/section><section class=\"px-4 py-12 xl:py-20 stats bg-white \">\n    <div class=\"max-w-7xl mx-auto\">\n                    <h2 data-aos=\"fade-up\" class=\"text-3xl md:text-4xl lg:text-5xl font-black uppercase text-center mb-12\">Nuestro \u00e9xito cafetero<\/h2>\n                <div class=\"grid grid-cols-1 md:grid-cols-3 gap-20\">\n                            <div data-aos=\"fade-up\" class=\"flex flex-col gap-4 items-center\">\n                                        <div class=\"text-6xl font-black text-brand-purple whitespace-nowrap flex gap-2\">\n                                                <span>#<\/span>\n                                                <span>1<\/span>\n                                            <\/div>\n                    <div class=\"text-lg text-center md:text-left font-light leading-tight prose max-w-sm\"><p>Proveedor de caf\u00e9 a restaurantes y tiendas de alimentaci\u00f3n de EE.UU.<\/p>\n<\/div>\n                <\/div>\n                            <div data-aos=\"fade-up\" class=\"flex flex-col gap-4 items-center\">\n                                        <div class=\"text-6xl font-black text-brand-purple whitespace-nowrap flex gap-2\">\n                                                <span>35<\/span>\n                                                <span>M<\/span>\n                                            <\/div>\n                    <div class=\"text-lg text-center md:text-left font-light leading-tight prose max-w-sm\"><p>Libras en cadenas de suministro de caf\u00e9 con trazabilidad digital.<\/p>\n<\/div>\n                <\/div>\n                            <div data-aos=\"fade-up\" class=\"flex flex-col gap-4 items-center\">\n                                        <div class=\"text-6xl font-black text-brand-purple whitespace-nowrap flex gap-2\">\n                                                <span>100<\/span>\n                                                <span>%<\/span>\n                                            <\/div>\n                    <div class=\"text-lg text-center md:text-left font-light leading-tight prose max-w-sm\"><p>productos responsables suministrados para 2025.<\/p>\n<\/div>\n                <\/div>\n                    <\/div>\n            <\/div>\n<\/section><section class=\"px-4 py-12 xl:py-20 content-text-block bg-white \" >\n    <div class=\"max-w-7xl mx-auto\">\n                    <div class=\"flex flex-col gap-16\">\n                                                                                <div>\n                    <div class=\"flex flex-col md:flex-row gap-8 md:gap-32 items-center justify-center\">\n                        <div class=\"text-xl prose md:w-1\/2 order-2 md:order-1 font-light text-black\"><h2>CRECIENDO JUNTOS CON WESTROCK COFFEE<\/h2>\n<p>En Westrock, creemos en la creaci\u00f3n de asociaciones s\u00f3lidas y colaborativas. Trabajamos estrechamente contigo para comprender tu visi\u00f3n, adaptarnos a tus necesidades y crear una experiencia de caf\u00e9 sin fisuras que impulse el crecimiento y el \u00e9xito mutuos. <\/p>\n<\/div>\n                                                    <div class=\"w-full md:max-w-[50%] order-1 md:order-2\">\n                                <figure>\n                                    <img data-aos=\"fade-up\" class=\"mx-auto lazyload\" data-src=\"https:\/\/www.westrockcoffee.com\/wp-content\/uploads\/2024\/10\/Growing-Together-with-Westrock-Coffee.jpg\" alt=\"Growing Together with Westrock Coffee\" \/>\n                                                                    <\/figure>\n                            <\/div>\n                                            <\/div>\n                <\/div>\n                            <\/div>\n            <\/div>\n<\/section><section class=\"bg-brand-blue-light px-4 py-12 xl:py-20 case-study-cta \" data-anchor=\"Experience\">\n    <div class=\"max-w-7xl mx-auto\">\n        <div class=\"flex flex-col md:flex-row gap-4 md:gap-16 lg:gap-24 xl:gap-32 bg-white justify-between\">\n            <div class=\"p-8 md:py-12 flex flex-col gap-12 md:w-3\/5 order-2 md:order-1\">\n                <div class=\"flex flex-col gap-4\">\n                                            <div data-aos=\"fade-up\" class=\"text-brand-purple text-2xl font-bold\">Caso pr\u00e1ctico destacado<\/div>\n                                        <h2 data-aos=\"fade-up\" class=\"text-3xl md:text-4xl lg:text-5xl font-black uppercase\">Preparando para el \u00c9xito: Personalizando el Caf\u00e9 para la Nueva Oferta de un QSR<\/h2>\n                                    <\/div>\n                <div class=\"flex flex-row flex-wrap gap-x-8 gap-y-4\">\n                                        <a aria-label=\"Read More about Preparando para el \u00c9xito: Personalizando el Caf\u00e9 para la Nueva Oferta de un QSR\" data-aos=\"fade-up\" class=\"bg-black text-white text-xl md:text-2xl px-8 pt-1 pb-2 self-start border border-black hover:bg-transparent hover:text-brand-purple hover:border-brand-purple transition whitespace-nowrap\" href=\"https:\/\/www.westrockcoffee.com\/es\/case-study\/preparando-para-el-exito-personalizando-el-cafe-para-la-nueva-oferta-de-un-qsr\/\">Leer m\u00e1s<\/a>\n                                            <a data-aos=\"fade-up\" target=\"\" class=\"text-black text-xl md:text-2xl py-1 self-start font-bold transition whitespace-nowrap group flex items-center gap-2\" href=\"https:\/\/www.westrockcoffee.com\/es\/perspectivas\/estudio-de-caso\/\">\n                            <span class=\"group-hover:text-brand-purple transition\">Ver todo<\/span>\n                            <svg class=\"group-hover:translate-x-2 group-hover:text-brand-purple transition\" width=\"29\" height=\"25\" viewBox=\"0 0 29 25\" fill=\"none\" xmlns=\"http:\/\/www.w3.org\/2000\/svg\">\n                                <path d=\"M28.2 11.6V13.2L15.68 24.64L12.96 21.32C16.52 18.48 20.12 15.92 22.88 14.12L22.8 13.88C19.16 14.24 14.2 14.4 9.56 14.4H0.72L0.72 10.4H9.56C14.2 10.4 19.16 10.56 22.8 10.92L22.88 10.68C20.08 8.88 16.56 6.36 12.96 3.48L15.68 0.199999L28.2 11.6Z\" fill=\"currentColor\" \/>\n                            <\/svg>\n                        <\/a>\n                                    <\/div>\n            <\/div>\n                                                                                <img data-aos=\"fade-up\" class=\"md:w-2\/5 object-cover lazyload order-1 md:order-2\" data-src=\"https:\/\/www.westrockcoffee.com\/wp-content\/uploads\/2024\/10\/Brewing-for-Success-Tailoring-Coffee-for-a-QSRs-New-Offering-1024x683.jpg\" alt=\"\" \/>\n                    <\/div>\n    <\/div>\n<\/section><section class=\"bg-brand-green px-4 py-12 related-capabilities \" >\n    <div class=\"max-w-7xl mx-auto\">\n        <h2 data-aos=\"fade-up\" class=\"text-white text-3xl md:text-4xl lg:text-5xl mb-8 font-black uppercase\">Enlaces relacionados<\/h2>\n        <nav class=\"list-none columns-2 lg:max-w-[80%]\">\n            <ul>\n                            <\/ul>\n        <\/nav>\n    <\/div>\n<\/section>","protected":false},"excerpt":{"rendered":"","protected":false},"author":2,"featured_media":0,"parent":3831,"menu_order":0,"comment_status":"closed","ping_status":"closed","template":"","meta":{"_acf_changed":false,"content-type":"","footnotes":""},"class_list":["post-4247","page","type-page","status-publish","hentry"],"acf":[],"yoast_head":"<!-- This site is optimized with the Yoast SEO plugin v27.4 - https:\/\/yoast.com\/product\/yoast-seo-wordpress\/ -->\n<title>Caf\u00e9 de marca blanca | Westrock Coffee<\/title>\n<meta name=\"description\" content=\"Westrock Coffee ofrece soluciones innovadoras de bebidas, especializ\u00e1ndose en caf\u00e9 de marca blanca para mercados globales competitivos.\" \/>\n<meta name=\"robots\" content=\"index, follow, max-snippet:-1, max-image-preview:large, max-video-preview:-1\" \/>\n<link rel=\"canonical\" href=\"https:\/\/www.westrockcoffee.com\/es\/capacidades\/cafe\/\" \/>\n<meta property=\"og:locale\" content=\"es_ES\" \/>\n<meta property=\"og:type\" content=\"article\" \/>\n<meta property=\"og:title\" content=\"Caf\u00e9 de marca blanca | Westrock Coffee\" \/>\n<meta property=\"og:description\" content=\"Westrock Coffee ofrece soluciones innovadoras de bebidas, especializ\u00e1ndose en caf\u00e9 de marca blanca para mercados globales competitivos.\" \/>\n<meta property=\"og:url\" content=\"https:\/\/www.westrockcoffee.com\/es\/capacidades\/cafe\/\" \/>\n<meta property=\"og:site_name\" content=\"Westrock Coffee\" \/>\n<meta property=\"article:modified_time\" content=\"2025-05-22T12:38:51+00:00\" \/>\n<meta name=\"twitter:card\" content=\"summary_large_image\" \/>\n<script type=\"application\/ld+json\" class=\"yoast-schema-graph\">{\"@context\":\"https:\\\/\\\/schema.org\",\"@graph\":[{\"@type\":\"WebPage\",\"@id\":\"https:\\\/\\\/www.westrockcoffee.com\\\/es\\\/capacidades\\\/cafe\\\/\",\"url\":\"https:\\\/\\\/www.westrockcoffee.com\\\/es\\\/capacidades\\\/cafe\\\/\",\"name\":\"Caf\u00e9 de marca blanca | Westrock Coffee\",\"isPartOf\":{\"@id\":\"https:\\\/\\\/www.westrockcoffee.com\\\/es\\\/#website\"},\"datePublished\":\"2024-09-05T19:17:36+00:00\",\"dateModified\":\"2025-05-22T12:38:51+00:00\",\"description\":\"Westrock Coffee ofrece soluciones innovadoras de bebidas, especializ\u00e1ndose en caf\u00e9 de marca blanca para mercados globales competitivos.\",\"breadcrumb\":{\"@id\":\"https:\\\/\\\/www.westrockcoffee.com\\\/es\\\/capacidades\\\/cafe\\\/#breadcrumb\"},\"inLanguage\":\"es\",\"potentialAction\":[{\"@type\":\"ReadAction\",\"target\":[\"https:\\\/\\\/www.westrockcoffee.com\\\/es\\\/capacidades\\\/cafe\\\/\"]}]},{\"@type\":\"BreadcrumbList\",\"@id\":\"https:\\\/\\\/www.westrockcoffee.com\\\/es\\\/capacidades\\\/cafe\\\/#breadcrumb\",\"itemListElement\":[{\"@type\":\"ListItem\",\"position\":1,\"name\":\"Inicio\",\"item\":\"https:\\\/\\\/www.westrockcoffee.com\\\/es\\\/\"},{\"@type\":\"ListItem\",\"position\":2,\"name\":\"Capacidades\",\"item\":\"https:\\\/\\\/www.westrockcoffee.com\\\/es\\\/capacidades\\\/\"},{\"@type\":\"ListItem\",\"position\":3,\"name\":\"Caf\u00e9 de marca blanca\"}]},{\"@type\":\"WebSite\",\"@id\":\"https:\\\/\\\/www.westrockcoffee.com\\\/es\\\/#website\",\"url\":\"https:\\\/\\\/www.westrockcoffee.com\\\/es\\\/\",\"name\":\"Westrock Coffee\",\"description\":\"\",\"potentialAction\":[{\"@type\":\"SearchAction\",\"target\":{\"@type\":\"EntryPoint\",\"urlTemplate\":\"https:\\\/\\\/www.westrockcoffee.com\\\/es\\\/?s={search_term_string}\"},\"query-input\":{\"@type\":\"PropertyValueSpecification\",\"valueRequired\":true,\"valueName\":\"search_term_string\"}}],\"inLanguage\":\"es\"}]}<\/script>\n<!-- \/ Yoast SEO plugin. -->","yoast_head_json":{"title":"Caf\u00e9 de marca blanca | Westrock Coffee","description":"Westrock Coffee ofrece soluciones innovadoras de bebidas, especializ\u00e1ndose en caf\u00e9 de marca blanca para mercados globales competitivos.","robots":{"index":"index","follow":"follow","max-snippet":"max-snippet:-1","max-image-preview":"max-image-preview:large","max-video-preview":"max-video-preview:-1"},"canonical":"https:\/\/www.westrockcoffee.com\/es\/capacidades\/cafe\/","og_locale":"es_ES","og_type":"article","og_title":"Caf\u00e9 de marca blanca | Westrock Coffee","og_description":"Westrock Coffee ofrece soluciones innovadoras de bebidas, especializ\u00e1ndose en caf\u00e9 de marca blanca para mercados globales competitivos.","og_url":"https:\/\/www.westrockcoffee.com\/es\/capacidades\/cafe\/","og_site_name":"Westrock Coffee","article_modified_time":"2025-05-22T12:38:51+00:00","twitter_card":"summary_large_image","schema":{"@context":"https:\/\/schema.org","@graph":[{"@type":"WebPage","@id":"https:\/\/www.westrockcoffee.com\/es\/capacidades\/cafe\/","url":"https:\/\/www.westrockcoffee.com\/es\/capacidades\/cafe\/","name":"Caf\u00e9 de marca blanca | Westrock Coffee","isPartOf":{"@id":"https:\/\/www.westrockcoffee.com\/es\/#website"},"datePublished":"2024-09-05T19:17:36+00:00","dateModified":"2025-05-22T12:38:51+00:00","description":"Westrock Coffee ofrece soluciones innovadoras de bebidas, especializ\u00e1ndose en caf\u00e9 de marca blanca para mercados globales competitivos.","breadcrumb":{"@id":"https:\/\/www.westrockcoffee.com\/es\/capacidades\/cafe\/#breadcrumb"},"inLanguage":"es","potentialAction":[{"@type":"ReadAction","target":["https:\/\/www.westrockcoffee.com\/es\/capacidades\/cafe\/"]}]},{"@type":"BreadcrumbList","@id":"https:\/\/www.westrockcoffee.com\/es\/capacidades\/cafe\/#breadcrumb","itemListElement":[{"@type":"ListItem","position":1,"name":"Inicio","item":"https:\/\/www.westrockcoffee.com\/es\/"},{"@type":"ListItem","position":2,"name":"Capacidades","item":"https:\/\/www.westrockcoffee.com\/es\/capacidades\/"},{"@type":"ListItem","position":3,"name":"Caf\u00e9 de marca blanca"}]},{"@type":"WebSite","@id":"https:\/\/www.westrockcoffee.com\/es\/#website","url":"https:\/\/www.westrockcoffee.com\/es\/","name":"Westrock Coffee","description":"","potentialAction":[{"@type":"SearchAction","target":{"@type":"EntryPoint","urlTemplate":"https:\/\/www.westrockcoffee.com\/es\/?s={search_term_string}"},"query-input":{"@type":"PropertyValueSpecification","valueRequired":true,"valueName":"search_term_string"}}],"inLanguage":"es"}]}},"_links":{"self":[{"href":"https:\/\/www.westrockcoffee.com\/es\/wp-json\/wp\/v2\/pages\/4247","targetHints":{"allow":["GET"]}}],"collection":[{"href":"https:\/\/www.westrockcoffee.com\/es\/wp-json\/wp\/v2\/pages"}],"about":[{"href":"https:\/\/www.westrockcoffee.com\/es\/wp-json\/wp\/v2\/types\/page"}],"author":[{"embeddable":true,"href":"https:\/\/www.westrockcoffee.com\/es\/wp-json\/wp\/v2\/users\/2"}],"replies":[{"embeddable":true,"href":"https:\/\/www.westrockcoffee.com\/es\/wp-json\/wp\/v2\/comments?post=4247"}],"version-history":[{"count":0,"href":"https:\/\/www.westrockcoffee.com\/es\/wp-json\/wp\/v2\/pages\/4247\/revisions"}],"up":[{"embeddable":true,"href":"https:\/\/www.westrockcoffee.com\/es\/wp-json\/wp\/v2\/pages\/3831"}],"wp:attachment":[{"href":"https:\/\/www.westrockcoffee.com\/es\/wp-json\/wp\/v2\/media?parent=4247"}],"curies":[{"name":"wp","href":"https:\/\/api.w.org\/{rel}","templated":true}]}}