{"id":4227,"date":"2024-08-26T21:43:52","date_gmt":"2024-08-27T02:43:52","guid":{"rendered":"https:\/\/westrockcoffee.wpenginepowered.com\/quienes-somos\/kit-de-prensa\/"},"modified":"2025-04-30T07:28:29","modified_gmt":"2025-04-30T12:28:29","slug":"kit-de-medios","status":"publish","type":"page","link":"https:\/\/www.westrockcoffee.com\/es\/quienes-somos\/kit-de-medios\/","title":{"rendered":"Kit de Medios"},"content":{"rendered":"<section class=\"relative px-4 pt-8 md:pt-[180px] pb-24 bg-cover bg-[30%_50%] lg:bg-center interior-hero \" style=\"background-image:url(https:\/\/www.westrockcoffee.com\/wp-content\/uploads\/2024\/08\/WROC_9927-website-sec-1_3_2_3840-x-935.jpg)\" loading=\"eager\">\n                    <div class=\"hidden md:block absolute top-0 left-0 w-full h-full max-h-screen bg-gradient-to-b from-black\/90 via-[300px] via-transparent z-10\"><\/div>\n            <div class=\"absolute bg-gradient-to-r from-black\/50 to-transparent z-0 h-full w-full top-0 left-0\"><\/div>\n        <div class=\"max-w-7xl mx-auto flex flex-col justify-between gap-16\">\n        <nav class=\"list-none flex gap-2 text-white z-10 breadcrumbs\" aria-label=\"Breadcrumbs\">\n        <span><span><a href=\"https:\/\/www.westrockcoffee.com\/es\/\">Inicio<\/a><\/span><\/span>\n        <\/nav>\n                <div class=\"flex flex-col gap-8\">\n            <h1 class=\"text-5xl xl:text-6xl 2xl:text-7xl text-white font-black uppercase md:max-w-[75%] xl:max-w-[65%] z-10\">Recursos multimedia y descargas<\/h1>\n                                        <a target=\"\" href=\"https:\/\/www.westrockcoffee.com\/es\/quienes-somos\/sala-de-prensa\/\" class=\"self-start bg-transparent text-white border border-white font-medium text-lg md:text-xl xl:text-2xl py-2 px-8 hover:bg-white hover:text-black transition z-10\">Explora nuestra sala de prensa<\/a>\n                    <\/div>\n    <\/div>\n<\/section>\n\n<section class=\"px-4 py-12 xl:py-20 bg-brand-blue-light blurb-cards \" >\n    <div class=\"max-w-7xl mx-auto\">\n                    <div class=\"grid grid-cols-6 gap-4 justify-center items-center my-12 five-two-cards\">\n                                    <div data-aos=\"fade-up\" class=\"h-full p-4 sm:p-8 bg-white flex flex-col gap-1 col-span-3 card\">\n                                                    <h2 class=\"text-2xl md:text-4xl font-font-bold\">Contacto con los medios de comunicaci\u00f3n de Westrock<\/h2>\n                                                                            <div class=\"text-lg md:text-xl prose font-light\"><p>Blair Peterson<br \/>\nDirector de Marketing, Relaciones P\u00fablicas<br \/>\n<a href=\"mailto:PR@westrockcoffee.com\">Correo electr\u00f3nico Blair<\/a><\/p>\n<\/div>\n                                            <\/div>\n                                    <div data-aos=\"fade-up\" class=\"h-full p-4 sm:p-8 bg-white flex flex-col gap-1 col-span-3 card\">\n                                                    <h2 class=\"text-2xl md:text-4xl font-font-bold\">Descargas del kit de prensa<\/h2>\n                                                                            <div class=\"text-lg md:text-xl prose font-light\"><ul>\n<li><a title=\"Descargar las directrices de la marca (se abre en una nueva pesta\u00f1a)\" href=\"https:\/\/www.westrockcoffee.com\/wp-content\/uploads\/2024\/08\/Westrock_BrandGuidelines_logo_731c5971-2e8f-4fad-aae1-ed6b1080409c.pdf\" target=\"_blank\" rel=\"noopener\" aria-label=\"Download the Brand Guidelines (opens in a new tab)\">Descargar las directrices de marca<\/a><\/li>\n<li><a href=\"https:\/\/www.westrockcoffee.com\/wp-content\/uploads\/2024\/10\/Westrock-Coffee-Photo-Bank.zip\" target=\"_blank\" rel=\"noopener\">Descargar el banco de fotos<\/a><\/li>\n<li><a href=\"https:\/\/www.westrockcoffee.com\/wp-content\/uploads\/2024\/10\/Westrock-Logos.zip\" target=\"_blank\" rel=\"noopener\">Descargar los logotipos<\/a><\/li>\n<\/ul>\n<\/div>\n                                            <\/div>\n                            <\/div>\n            <\/div>\n<\/section>\n\n<section class=\"px-4 py-12 xl:py-20 stats bg-white \">\n    <div class=\"max-w-7xl mx-auto\">\n                    <h2 data-aos=\"fade-up\" class=\"text-3xl md:text-4xl lg:text-5xl font-black uppercase text-center mb-12\">Datos breves sobre el caf\u00e9 Westrock<\/h2>\n                <div class=\"grid grid-cols-1 md:grid-cols-3 gap-20\">\n                            <div data-aos=\"fade-up\" class=\"flex flex-col gap-4 items-center\">\n                                        <div class=\"text-6xl font-black text-brand-purple whitespace-nowrap flex gap-2\">\n                                                <span>10<\/span>\n                                            <\/div>\n                    <div class=\"text-lg text-center md:text-left font-light leading-tight prose max-w-sm\"><p style=\"text-align: center;\">Instalaciones globales de vanguardia en seis continentes.<\/p>\n<\/div>\n                <\/div>\n                            <div data-aos=\"fade-up\" class=\"flex flex-col gap-4 items-center\">\n                                        <div class=\"text-6xl font-black text-brand-purple whitespace-nowrap flex gap-2\">\n                                                <span>65.000<\/span>\n                                                <span>+<\/span>\n                                            <\/div>\n                    <div class=\"text-lg text-center md:text-left font-light leading-tight prose max-w-sm\"><p style=\"text-align: center;\">Peque\u00f1os agricultores empoderados con el comercio justo y las pr\u00e1cticas sostenibles.<\/p>\n<\/div>\n                <\/div>\n                            <div data-aos=\"fade-up\" class=\"flex flex-col gap-4 items-center\">\n                                        <div class=\"text-6xl font-black text-brand-purple whitespace-nowrap flex gap-2\">\n                                                <span>En<\/span>\n                                                <span>100.000<\/span>\n                                            <\/div>\n                    <div class=\"text-lg text-center md:text-left font-light leading-tight prose max-w-sm\"><p style=\"text-align: center;\">Ubicaciones de clientes atendidos donde ofrecemos soluciones personalizadas de caf\u00e9 y bebidas en todo el mundo.<\/p>\n<\/div>\n                <\/div>\n                            <div data-aos=\"fade-up\" class=\"flex flex-col gap-4 items-center\">\n                                        <div class=\"text-6xl font-black text-brand-purple whitespace-nowrap flex gap-2\">\n                                                <span>14<\/span>\n                                                <span>+<\/span>\n                                            <\/div>\n                    <div class=\"text-lg text-center md:text-left font-light leading-tight prose max-w-sm\"><p style=\"text-align: center;\">A\u00f1os apoyando a agricultores, comunidades y cadenas de suministro sostenibles desde 2009.<\/p>\n<\/div>\n                <\/div>\n                            <div data-aos=\"fade-up\" class=\"flex flex-col gap-4 items-center\">\n                                        <div class=\"text-6xl font-black text-brand-purple whitespace-nowrap flex gap-2\">\n                                                <span>1.000.000<\/span>\n                                                <span>s<\/span>\n                                            <\/div>\n                    <div class=\"text-lg text-center md:text-left font-light leading-tight prose max-w-sm\"><p style=\"text-align: center;\">De tazas servidas a los principales QSR, minoristas y m\u00e1s.<\/p>\n<\/div>\n                <\/div>\n                            <div data-aos=\"fade-up\" class=\"flex flex-col gap-4 items-center\">\n                                        <div class=\"text-6xl font-black text-brand-purple whitespace-nowrap flex gap-2\">\n                                                <span>3<\/span>\n                                            <\/div>\n                    <div class=\"text-lg text-center md:text-left font-light leading-tight prose max-w-sm\"><p style=\"text-align: center;\">Programas internos de sostenibilidad: Farmer Direct <sup>Verified\u00ae<\/sup>, Real Roots\u2122 y Ra\u00edz Sustainability\u2122.<\/p>\n<\/div>\n                <\/div>\n                    <\/div>\n            <\/div>\n<\/section>\n\n<section class=\"bg-brand-green px-4 py-12 related-capabilities \" >\n    <div class=\"max-w-7xl mx-auto\">\n        <h2 data-aos=\"fade-up\" class=\"text-white text-3xl md:text-4xl lg:text-5xl mb-8 font-black uppercase\">Enlaces relacionados<\/h2>\n        <nav class=\"list-none columns-2 lg:max-w-[80%]\">\n            <ul>\n                            <\/ul>\n        <\/nav>\n    <\/div>\n<\/section>","protected":false},"excerpt":{"rendered":"","protected":false},"author":2,"featured_media":0,"parent":3825,"menu_order":0,"comment_status":"closed","ping_status":"closed","template":"","meta":{"_acf_changed":false,"content-type":"","footnotes":""},"class_list":["post-4227","page","type-page","status-publish","hentry"],"acf":[],"yoast_head":"<!-- This site is optimized with the Yoast SEO plugin v27.4 - https:\/\/yoast.com\/product\/yoast-seo-wordpress\/ -->\n<title>Kit de Medios | Westrock Coffee<\/title>\n<meta name=\"description\" content=\"Westrock Coffee suministra a las marcas m\u00e1s emblem\u00e1ticas del mundo productos transformadores de caf\u00e9, t\u00e9, sabores, extractos e ingredientes de marca propia. Obt\u00e9n m\u00e1s informaci\u00f3n en nuestro Kit de prensa.\" \/>\n<meta name=\"robots\" content=\"index, follow, max-snippet:-1, max-image-preview:large, max-video-preview:-1\" \/>\n<link rel=\"canonical\" href=\"https:\/\/www.westrockcoffee.com\/es\/quienes-somos\/kit-de-medios\/\" \/>\n<meta property=\"og:locale\" content=\"es_ES\" \/>\n<meta property=\"og:type\" content=\"article\" \/>\n<meta property=\"og:title\" content=\"Kit de Medios | Westrock Coffee\" \/>\n<meta property=\"og:description\" content=\"Westrock Coffee suministra a las marcas m\u00e1s emblem\u00e1ticas del mundo productos transformadores de caf\u00e9, t\u00e9, sabores, extractos e ingredientes de marca propia. Obt\u00e9n m\u00e1s informaci\u00f3n en nuestro Kit de prensa.\" \/>\n<meta property=\"og:url\" content=\"https:\/\/www.westrockcoffee.com\/es\/quienes-somos\/kit-de-medios\/\" \/>\n<meta property=\"og:site_name\" content=\"Westrock Coffee\" \/>\n<meta property=\"article:modified_time\" content=\"2025-04-30T12:28:29+00:00\" \/>\n<meta name=\"twitter:card\" content=\"summary_large_image\" \/>\n<script type=\"application\/ld+json\" class=\"yoast-schema-graph\">{\"@context\":\"https:\\\/\\\/schema.org\",\"@graph\":[{\"@type\":\"WebPage\",\"@id\":\"https:\\\/\\\/www.westrockcoffee.com\\\/es\\\/quienes-somos\\\/kit-de-medios\\\/\",\"url\":\"https:\\\/\\\/www.westrockcoffee.com\\\/es\\\/quienes-somos\\\/kit-de-medios\\\/\",\"name\":\"Kit de Medios | Westrock Coffee\",\"isPartOf\":{\"@id\":\"https:\\\/\\\/www.westrockcoffee.com\\\/es\\\/#website\"},\"datePublished\":\"2024-08-27T02:43:52+00:00\",\"dateModified\":\"2025-04-30T12:28:29+00:00\",\"description\":\"Westrock Coffee suministra a las marcas m\u00e1s emblem\u00e1ticas del mundo productos transformadores de caf\u00e9, t\u00e9, sabores, extractos e ingredientes de marca propia. Obt\u00e9n m\u00e1s informaci\u00f3n en nuestro Kit de prensa.\",\"breadcrumb\":{\"@id\":\"https:\\\/\\\/www.westrockcoffee.com\\\/es\\\/quienes-somos\\\/kit-de-medios\\\/#breadcrumb\"},\"inLanguage\":\"es\",\"potentialAction\":[{\"@type\":\"ReadAction\",\"target\":[\"https:\\\/\\\/www.westrockcoffee.com\\\/es\\\/quienes-somos\\\/kit-de-medios\\\/\"]}]},{\"@type\":\"BreadcrumbList\",\"@id\":\"https:\\\/\\\/www.westrockcoffee.com\\\/es\\\/quienes-somos\\\/kit-de-medios\\\/#breadcrumb\",\"itemListElement\":[{\"@type\":\"ListItem\",\"position\":1,\"name\":\"Inicio\",\"item\":\"https:\\\/\\\/www.westrockcoffee.com\\\/es\\\/\"},{\"@type\":\"ListItem\",\"position\":2,\"name\":\"Qui\u00e9nes somos\",\"item\":\"https:\\\/\\\/www.westrockcoffee.com\\\/es\\\/quienes-somos\\\/\"},{\"@type\":\"ListItem\",\"position\":3,\"name\":\"Kit de Medios\"}]},{\"@type\":\"WebSite\",\"@id\":\"https:\\\/\\\/www.westrockcoffee.com\\\/es\\\/#website\",\"url\":\"https:\\\/\\\/www.westrockcoffee.com\\\/es\\\/\",\"name\":\"Westrock Coffee\",\"description\":\"\",\"potentialAction\":[{\"@type\":\"SearchAction\",\"target\":{\"@type\":\"EntryPoint\",\"urlTemplate\":\"https:\\\/\\\/www.westrockcoffee.com\\\/es\\\/?s={search_term_string}\"},\"query-input\":{\"@type\":\"PropertyValueSpecification\",\"valueRequired\":true,\"valueName\":\"search_term_string\"}}],\"inLanguage\":\"es\"}]}<\/script>\n<!-- \/ Yoast SEO plugin. -->","yoast_head_json":{"title":"Kit de Medios | Westrock Coffee","description":"Westrock Coffee suministra a las marcas m\u00e1s emblem\u00e1ticas del mundo productos transformadores de caf\u00e9, t\u00e9, sabores, extractos e ingredientes de marca propia. Obt\u00e9n m\u00e1s informaci\u00f3n en nuestro Kit de prensa.","robots":{"index":"index","follow":"follow","max-snippet":"max-snippet:-1","max-image-preview":"max-image-preview:large","max-video-preview":"max-video-preview:-1"},"canonical":"https:\/\/www.westrockcoffee.com\/es\/quienes-somos\/kit-de-medios\/","og_locale":"es_ES","og_type":"article","og_title":"Kit de Medios | Westrock Coffee","og_description":"Westrock Coffee suministra a las marcas m\u00e1s emblem\u00e1ticas del mundo productos transformadores de caf\u00e9, t\u00e9, sabores, extractos e ingredientes de marca propia. Obt\u00e9n m\u00e1s informaci\u00f3n en nuestro Kit de prensa.","og_url":"https:\/\/www.westrockcoffee.com\/es\/quienes-somos\/kit-de-medios\/","og_site_name":"Westrock Coffee","article_modified_time":"2025-04-30T12:28:29+00:00","twitter_card":"summary_large_image","schema":{"@context":"https:\/\/schema.org","@graph":[{"@type":"WebPage","@id":"https:\/\/www.westrockcoffee.com\/es\/quienes-somos\/kit-de-medios\/","url":"https:\/\/www.westrockcoffee.com\/es\/quienes-somos\/kit-de-medios\/","name":"Kit de Medios | Westrock Coffee","isPartOf":{"@id":"https:\/\/www.westrockcoffee.com\/es\/#website"},"datePublished":"2024-08-27T02:43:52+00:00","dateModified":"2025-04-30T12:28:29+00:00","description":"Westrock Coffee suministra a las marcas m\u00e1s emblem\u00e1ticas del mundo productos transformadores de caf\u00e9, t\u00e9, sabores, extractos e ingredientes de marca propia. Obt\u00e9n m\u00e1s informaci\u00f3n en nuestro Kit de prensa.","breadcrumb":{"@id":"https:\/\/www.westrockcoffee.com\/es\/quienes-somos\/kit-de-medios\/#breadcrumb"},"inLanguage":"es","potentialAction":[{"@type":"ReadAction","target":["https:\/\/www.westrockcoffee.com\/es\/quienes-somos\/kit-de-medios\/"]}]},{"@type":"BreadcrumbList","@id":"https:\/\/www.westrockcoffee.com\/es\/quienes-somos\/kit-de-medios\/#breadcrumb","itemListElement":[{"@type":"ListItem","position":1,"name":"Inicio","item":"https:\/\/www.westrockcoffee.com\/es\/"},{"@type":"ListItem","position":2,"name":"Qui\u00e9nes somos","item":"https:\/\/www.westrockcoffee.com\/es\/quienes-somos\/"},{"@type":"ListItem","position":3,"name":"Kit de Medios"}]},{"@type":"WebSite","@id":"https:\/\/www.westrockcoffee.com\/es\/#website","url":"https:\/\/www.westrockcoffee.com\/es\/","name":"Westrock Coffee","description":"","potentialAction":[{"@type":"SearchAction","target":{"@type":"EntryPoint","urlTemplate":"https:\/\/www.westrockcoffee.com\/es\/?s={search_term_string}"},"query-input":{"@type":"PropertyValueSpecification","valueRequired":true,"valueName":"search_term_string"}}],"inLanguage":"es"}]}},"_links":{"self":[{"href":"https:\/\/www.westrockcoffee.com\/es\/wp-json\/wp\/v2\/pages\/4227","targetHints":{"allow":["GET"]}}],"collection":[{"href":"https:\/\/www.westrockcoffee.com\/es\/wp-json\/wp\/v2\/pages"}],"about":[{"href":"https:\/\/www.westrockcoffee.com\/es\/wp-json\/wp\/v2\/types\/page"}],"author":[{"embeddable":true,"href":"https:\/\/www.westrockcoffee.com\/es\/wp-json\/wp\/v2\/users\/2"}],"replies":[{"embeddable":true,"href":"https:\/\/www.westrockcoffee.com\/es\/wp-json\/wp\/v2\/comments?post=4227"}],"version-history":[{"count":0,"href":"https:\/\/www.westrockcoffee.com\/es\/wp-json\/wp\/v2\/pages\/4227\/revisions"}],"up":[{"embeddable":true,"href":"https:\/\/www.westrockcoffee.com\/es\/wp-json\/wp\/v2\/pages\/3825"}],"wp:attachment":[{"href":"https:\/\/www.westrockcoffee.com\/es\/wp-json\/wp\/v2\/media?parent=4227"}],"curies":[{"name":"wp","href":"https:\/\/api.w.org\/{rel}","templated":true}]}}