{"id":3920,"date":"2024-09-26T16:59:56","date_gmt":"2024-09-26T21:59:56","guid":{"rendered":"https:\/\/westrockcoffee.wpenginepowered.com\/linea-directa-de-etica\/"},"modified":"2025-04-17T05:09:49","modified_gmt":"2025-04-17T10:09:49","slug":"linea-directa-de-etica","status":"publish","type":"page","link":"https:\/\/www.westrockcoffee.com\/es\/linea-directa-de-etica\/","title":{"rendered":"L\u00ednea Directa de \u00c9tica"},"content":{"rendered":"<section class=\"relative px-4 pt-8 md:pt-[180px] pb-32 bg-brand-purple overflow-hidden accent-hero \">\n    <img decoding=\"async\" class=\"absolute -right-[50%] md:right-[calc(0%-470px)] -top-[5%] md:-top-[25%] z-0 max-h-[840px]\" src=\"https:\/\/www.westrockcoffee.com\/wp-content\/themes\/timberland\/theme\/assets\/images\/elephant-v2.png\" alt=\"\" loading=\"eager\" \/>\n    <div class=\"max-w-7xl mx-auto flex flex-col justify-between gap-16\">\n        <nav class=\"list-none flex gap-2 text-white z-10 breadcrumbs\" aria-label=\"Breadcrumbs\">\n        <span><span><a href=\"https:\/\/www.westrockcoffee.com\/es\/\">Inicio<\/a><\/span><\/span>\n        <\/nav>\n        <div class=\"flex flex-col md:flex-row gap-4 md:gap-16 lg:gap-32 z-10\">\n            <h1 class=\"text-5xl xl:text-6xl 2xl:text-7xl text-white font-black uppercase md:w-2\/5\">L\u00ednea Directa de \u00c9tica<\/h1>\n                            <div class=\"text-[22px] text-white md:w-3\/5 prose\"><p>Westrock Coffee Company es una organizaci\u00f3n con fuertes valores de responsabilidad e integridad. Estamos comprometidos con un entorno donde las comunicaciones abiertas y honestas son la norma, no la excepci\u00f3n. Cualquier empleado que desee hacer un informe a la L\u00ednea Directa de \u00c9tica de la Compa\u00f1\u00eda est\u00e1 invitado a hacerlo. A continuaci\u00f3n, encontrar\u00e1 varias opciones disponibles para usted.   <\/p>\n<\/div>\n                    <\/div>\n    <\/div>\n<\/section><section class=\"px-4 py-12 xl:py-20 bg-brand-blue-light blurb-cards \" >\n    <div class=\"max-w-7xl mx-auto\">\n                    <div class=\"grid grid-cols-6 gap-4 justify-center items-center my-12 five-two-cards\">\n                                    <div data-aos=\"fade-up\" class=\"h-full p-4 sm:p-8 bg-white flex flex-col gap-1 col-span-3 card\">\n                                                    <h2 class=\"text-2xl md:text-4xl font-font-bold\">Estados Unidos<\/h2>\n                                                                            <div class=\"text-lg md:text-xl prose font-light\"><p><a href=\"tel:844-978-2541\">844-978-2541<\/a><\/p>\n<\/div>\n                                            <\/div>\n                                    <div data-aos=\"fade-up\" class=\"h-full p-4 sm:p-8 bg-white flex flex-col gap-1 col-span-3 card\">\n                                                    <h2 class=\"text-2xl md:text-4xl font-font-bold\">Reino Unido<\/h2>\n                                                                            <div class=\"text-lg md:text-xl prose font-light\"><p><a href=\"tel:0800-090-3348\">0800-090-3348<\/a><\/p>\n<\/div>\n                                            <\/div>\n                                    <div data-aos=\"fade-up\" class=\"h-full p-4 sm:p-8 bg-white flex flex-col gap-1 col-span-3 card\">\n                                                    <h2 class=\"text-2xl md:text-4xl font-font-bold\">Malasia<\/h2>\n                                                                            <div class=\"text-lg md:text-xl prose font-light\"><p><a href=\"tel:1-800-81-8643\">1-800-81-8643<\/a><\/p>\n<\/div>\n                                            <\/div>\n                                    <div data-aos=\"fade-up\" class=\"h-full p-4 sm:p-8 bg-white flex flex-col gap-1 col-span-3 card\">\n                                                    <h2 class=\"text-2xl md:text-4xl font-font-bold\">Navex EthicsPoint<\/h2>\n                                                                            <div class=\"text-lg md:text-xl prose font-light\"><p><a title=\"Visita Navex EthicsPoint (abre en una nueva pesta\u00f1a)\" href=\"https:\/\/westrockcoffee.ethicspoint.com\" target=\"_blank\" rel=\"noopener\" aria-label=\"Visit Navex EthicsPoint (opens in a new tab)\">Visita Navex EthicsPoint<\/a><\/p>\n<\/div>\n                                            <\/div>\n                            <\/div>\n            <\/div>\n<\/section>","protected":false},"excerpt":{"rendered":"","protected":false},"author":2,"featured_media":0,"parent":0,"menu_order":0,"comment_status":"closed","ping_status":"closed","template":"","meta":{"_acf_changed":false,"content-type":"","footnotes":""},"class_list":["post-3920","page","type-page","status-publish","hentry"],"acf":[],"yoast_head":"<!-- This site is optimized with the Yoast SEO plugin v27.4 - https:\/\/yoast.com\/product\/yoast-seo-wordpress\/ -->\n<title>L\u00ednea Directa de \u00c9tica | Westrock Coffee<\/title>\n<meta name=\"description\" content=\"Westrock Coffee aims to be the world&#039;s most competitive and innovative provider of beverage solutions. Learn more about us on our L\u00ednea Directa de \u00c9tica page.\" \/>\n<meta name=\"robots\" content=\"index, follow, max-snippet:-1, max-image-preview:large, max-video-preview:-1\" \/>\n<link rel=\"canonical\" href=\"https:\/\/www.westrockcoffee.com\/es\/linea-directa-de-etica\/\" \/>\n<meta property=\"og:locale\" content=\"es_ES\" \/>\n<meta property=\"og:type\" content=\"article\" \/>\n<meta property=\"og:title\" content=\"L\u00ednea Directa de \u00c9tica | Westrock Coffee\" \/>\n<meta property=\"og:description\" content=\"Westrock Coffee aims to be the world&#039;s most competitive and innovative provider of beverage solutions. Learn more about us on our L\u00ednea Directa de \u00c9tica page.\" \/>\n<meta property=\"og:url\" content=\"https:\/\/www.westrockcoffee.com\/es\/linea-directa-de-etica\/\" \/>\n<meta property=\"og:site_name\" content=\"Westrock Coffee\" \/>\n<meta property=\"article:modified_time\" content=\"2025-04-17T10:09:49+00:00\" \/>\n<meta name=\"twitter:card\" content=\"summary_large_image\" \/>\n<script type=\"application\/ld+json\" class=\"yoast-schema-graph\">{\"@context\":\"https:\\\/\\\/schema.org\",\"@graph\":[{\"@type\":\"WebPage\",\"@id\":\"https:\\\/\\\/www.westrockcoffee.com\\\/es\\\/linea-directa-de-etica\\\/\",\"url\":\"https:\\\/\\\/www.westrockcoffee.com\\\/es\\\/linea-directa-de-etica\\\/\",\"name\":\"L\u00ednea Directa de \u00c9tica | Westrock Coffee\",\"isPartOf\":{\"@id\":\"https:\\\/\\\/www.westrockcoffee.com\\\/es\\\/#website\"},\"datePublished\":\"2024-09-26T21:59:56+00:00\",\"dateModified\":\"2025-04-17T10:09:49+00:00\",\"description\":\"Westrock Coffee aims to be the world's most competitive and innovative provider of beverage solutions. Learn more about us on our L\u00ednea Directa de \u00c9tica page.\",\"breadcrumb\":{\"@id\":\"https:\\\/\\\/www.westrockcoffee.com\\\/es\\\/linea-directa-de-etica\\\/#breadcrumb\"},\"inLanguage\":\"es\",\"potentialAction\":[{\"@type\":\"ReadAction\",\"target\":[\"https:\\\/\\\/www.westrockcoffee.com\\\/es\\\/linea-directa-de-etica\\\/\"]}]},{\"@type\":\"BreadcrumbList\",\"@id\":\"https:\\\/\\\/www.westrockcoffee.com\\\/es\\\/linea-directa-de-etica\\\/#breadcrumb\",\"itemListElement\":[{\"@type\":\"ListItem\",\"position\":1,\"name\":\"Inicio\",\"item\":\"https:\\\/\\\/www.westrockcoffee.com\\\/es\\\/\"},{\"@type\":\"ListItem\",\"position\":2,\"name\":\"L\u00ednea Directa de \u00c9tica\"}]},{\"@type\":\"WebSite\",\"@id\":\"https:\\\/\\\/www.westrockcoffee.com\\\/es\\\/#website\",\"url\":\"https:\\\/\\\/www.westrockcoffee.com\\\/es\\\/\",\"name\":\"Westrock Coffee\",\"description\":\"\",\"potentialAction\":[{\"@type\":\"SearchAction\",\"target\":{\"@type\":\"EntryPoint\",\"urlTemplate\":\"https:\\\/\\\/www.westrockcoffee.com\\\/es\\\/?s={search_term_string}\"},\"query-input\":{\"@type\":\"PropertyValueSpecification\",\"valueRequired\":true,\"valueName\":\"search_term_string\"}}],\"inLanguage\":\"es\"}]}<\/script>\n<!-- \/ Yoast SEO plugin. -->","yoast_head_json":{"title":"L\u00ednea Directa de \u00c9tica | Westrock Coffee","description":"Westrock Coffee aims to be the world's most competitive and innovative provider of beverage solutions. Learn more about us on our L\u00ednea Directa de \u00c9tica page.","robots":{"index":"index","follow":"follow","max-snippet":"max-snippet:-1","max-image-preview":"max-image-preview:large","max-video-preview":"max-video-preview:-1"},"canonical":"https:\/\/www.westrockcoffee.com\/es\/linea-directa-de-etica\/","og_locale":"es_ES","og_type":"article","og_title":"L\u00ednea Directa de \u00c9tica | Westrock Coffee","og_description":"Westrock Coffee aims to be the world's most competitive and innovative provider of beverage solutions. Learn more about us on our L\u00ednea Directa de \u00c9tica page.","og_url":"https:\/\/www.westrockcoffee.com\/es\/linea-directa-de-etica\/","og_site_name":"Westrock Coffee","article_modified_time":"2025-04-17T10:09:49+00:00","twitter_card":"summary_large_image","schema":{"@context":"https:\/\/schema.org","@graph":[{"@type":"WebPage","@id":"https:\/\/www.westrockcoffee.com\/es\/linea-directa-de-etica\/","url":"https:\/\/www.westrockcoffee.com\/es\/linea-directa-de-etica\/","name":"L\u00ednea Directa de \u00c9tica | Westrock Coffee","isPartOf":{"@id":"https:\/\/www.westrockcoffee.com\/es\/#website"},"datePublished":"2024-09-26T21:59:56+00:00","dateModified":"2025-04-17T10:09:49+00:00","description":"Westrock Coffee aims to be the world's most competitive and innovative provider of beverage solutions. Learn more about us on our L\u00ednea Directa de \u00c9tica page.","breadcrumb":{"@id":"https:\/\/www.westrockcoffee.com\/es\/linea-directa-de-etica\/#breadcrumb"},"inLanguage":"es","potentialAction":[{"@type":"ReadAction","target":["https:\/\/www.westrockcoffee.com\/es\/linea-directa-de-etica\/"]}]},{"@type":"BreadcrumbList","@id":"https:\/\/www.westrockcoffee.com\/es\/linea-directa-de-etica\/#breadcrumb","itemListElement":[{"@type":"ListItem","position":1,"name":"Inicio","item":"https:\/\/www.westrockcoffee.com\/es\/"},{"@type":"ListItem","position":2,"name":"L\u00ednea Directa de \u00c9tica"}]},{"@type":"WebSite","@id":"https:\/\/www.westrockcoffee.com\/es\/#website","url":"https:\/\/www.westrockcoffee.com\/es\/","name":"Westrock Coffee","description":"","potentialAction":[{"@type":"SearchAction","target":{"@type":"EntryPoint","urlTemplate":"https:\/\/www.westrockcoffee.com\/es\/?s={search_term_string}"},"query-input":{"@type":"PropertyValueSpecification","valueRequired":true,"valueName":"search_term_string"}}],"inLanguage":"es"}]}},"_links":{"self":[{"href":"https:\/\/www.westrockcoffee.com\/es\/wp-json\/wp\/v2\/pages\/3920","targetHints":{"allow":["GET"]}}],"collection":[{"href":"https:\/\/www.westrockcoffee.com\/es\/wp-json\/wp\/v2\/pages"}],"about":[{"href":"https:\/\/www.westrockcoffee.com\/es\/wp-json\/wp\/v2\/types\/page"}],"author":[{"embeddable":true,"href":"https:\/\/www.westrockcoffee.com\/es\/wp-json\/wp\/v2\/users\/2"}],"replies":[{"embeddable":true,"href":"https:\/\/www.westrockcoffee.com\/es\/wp-json\/wp\/v2\/comments?post=3920"}],"version-history":[{"count":0,"href":"https:\/\/www.westrockcoffee.com\/es\/wp-json\/wp\/v2\/pages\/3920\/revisions"}],"wp:attachment":[{"href":"https:\/\/www.westrockcoffee.com\/es\/wp-json\/wp\/v2\/media?parent=3920"}],"curies":[{"name":"wp","href":"https:\/\/api.w.org\/{rel}","templated":true}]}}