{"id":3918,"date":"2024-09-26T16:29:29","date_gmt":"2024-09-26T21:29:29","guid":{"rendered":"https:\/\/westrockcoffee.wpenginepowered.com\/politica-de-abastecimiento-responsable\/"},"modified":"2025-04-23T06:59:43","modified_gmt":"2025-04-23T11:59:43","slug":"politica-de-abastecimiento-responsable","status":"publish","type":"page","link":"https:\/\/www.westrockcoffee.com\/es\/politica-de-abastecimiento-responsable\/","title":{"rendered":"Pol\u00edtica de Abastecimiento Responsable"},"content":{"rendered":"<section class=\"relative px-4 pt-8 md:pt-[180px] pb-32 bg-brand-purple overflow-hidden accent-hero \">\n    <img decoding=\"async\" class=\"absolute -right-[50%] md:right-[calc(0%-470px)] -top-[5%] md:-top-[25%] z-0 max-h-[840px]\" src=\"https:\/\/www.westrockcoffee.com\/wp-content\/themes\/timberland\/theme\/assets\/images\/elephant-v2.png\" alt=\"\" loading=\"eager\" \/>\n    <div class=\"max-w-7xl mx-auto flex flex-col justify-between gap-16\">\n        <nav class=\"list-none flex gap-2 text-white z-10 breadcrumbs\" aria-label=\"Breadcrumbs\">\n        <span><span><a href=\"https:\/\/www.westrockcoffee.com\/es\/\">Inicio<\/a><\/span><\/span>\n        <\/nav>\n        <div class=\"flex flex-col md:flex-row gap-4 md:gap-16 lg:gap-32 z-10\">\n            <h1 class=\"text-5xl xl:text-6xl 2xl:text-7xl text-white font-black uppercase md:w-2\/5\">Pol\u00edtica de Abastecimiento Responsable<\/h1>\n                    <\/div>\n    <\/div>\n<\/section>\n\n<section class=\"px-4 py-12 xl:py-20 intro-paragraph bg-white \" >\n    <div data-aos=\"fade-up\" class=\"prose text-2xl md:text-3xl max-w-4xl leading-relaxed md:leading-[50px] mx-auto font-medium\"><p>Las pol\u00edticas son importantes para gobernar una operaci\u00f3n global, pero las acciones detr\u00e1s de ellas son fundamentales. El sistema de monitoreo de riesgos ambientales y sociales l\u00edder en la industria de Westrock Coffee est\u00e1 basado en nuestra Pol\u00edtica de Sourcing Responsable.<\/p>\n<\/div>\n<\/section>\n\n<section data-aos=\"fade-up\" class=\"px-4 my-12 xl:my-20 cta-buttons \">\n\t<div class=\"max-w-7xl mx-auto flex justify-center gap-4 md:gap-8 lg:gap-12 xl:gap-16\">\n\t\t\t\t\t\t\t\t\t\t\t\t\t\t\t\t\t\t\t\t\t\t\t\t\t\t\t\t\t<a href=\"https:\/\/www.westrockcoffee.com\/wp-content\/uploads\/2024\/09\/WCC_Responsible_Sourcing_Policy_December_2023_e4a429c7-75fe-4226-9b77-2e65b6fb0eab-1.pdf\" target=\"_blank\" rel=\"noreferrer noopener\" title=\"Ver nuestra pol\u00edtica de abastecimiento responsable (opens in a new tab)\" aria-label=\"Ver nuestra pol\u00edtica de abastecimiento responsable (opens in a new tab)\" class=\"bg-black text-white text-xl md:text-2xl px-8 pt-1 pb-2 border border-black self-start hover:bg-transparent hover:text-brand-purple hover:border-brand-purple transition whitespace-nowrap\">Ver nuestra pol\u00edtica de abastecimiento responsable<\/a>\n\t\t\t\t\t\t<\/div>\n<\/section>","protected":false},"excerpt":{"rendered":"","protected":false},"author":2,"featured_media":0,"parent":0,"menu_order":0,"comment_status":"closed","ping_status":"closed","template":"","meta":{"_acf_changed":false,"content-type":"","footnotes":""},"class_list":["post-3918","page","type-page","status-publish","hentry"],"acf":[],"yoast_head":"<!-- This site is optimized with the Yoast SEO plugin v27.4 - https:\/\/yoast.com\/product\/yoast-seo-wordpress\/ -->\n<title>Pol\u00edtica de Abastecimiento Responsable | Westrock Coffee<\/title>\n<meta name=\"description\" content=\"Westrock Coffee aims to be the world&#039;s most competitive and innovative provider of beverage solutions. Learn more about us on our Pol\u00edtica de Abastecimiento Responsable page.\" \/>\n<meta name=\"robots\" content=\"index, follow, max-snippet:-1, max-image-preview:large, max-video-preview:-1\" \/>\n<link rel=\"canonical\" href=\"https:\/\/www.westrockcoffee.com\/es\/politica-de-abastecimiento-responsable\/\" \/>\n<meta property=\"og:locale\" content=\"es_ES\" \/>\n<meta property=\"og:type\" content=\"article\" \/>\n<meta property=\"og:title\" content=\"Pol\u00edtica de Abastecimiento Responsable | Westrock Coffee\" \/>\n<meta property=\"og:description\" content=\"Westrock Coffee aims to be the world&#039;s most competitive and innovative provider of beverage solutions. Learn more about us on our Pol\u00edtica de Abastecimiento Responsable page.\" \/>\n<meta property=\"og:url\" content=\"https:\/\/www.westrockcoffee.com\/es\/politica-de-abastecimiento-responsable\/\" \/>\n<meta property=\"og:site_name\" content=\"Westrock Coffee\" \/>\n<meta property=\"article:modified_time\" content=\"2025-04-23T11:59:43+00:00\" \/>\n<meta name=\"twitter:card\" content=\"summary_large_image\" \/>\n<script type=\"application\/ld+json\" class=\"yoast-schema-graph\">{\"@context\":\"https:\\\/\\\/schema.org\",\"@graph\":[{\"@type\":\"WebPage\",\"@id\":\"https:\\\/\\\/www.westrockcoffee.com\\\/es\\\/politica-de-abastecimiento-responsable\\\/\",\"url\":\"https:\\\/\\\/www.westrockcoffee.com\\\/es\\\/politica-de-abastecimiento-responsable\\\/\",\"name\":\"Pol\u00edtica de Abastecimiento Responsable | Westrock Coffee\",\"isPartOf\":{\"@id\":\"https:\\\/\\\/www.westrockcoffee.com\\\/es\\\/#website\"},\"datePublished\":\"2024-09-26T21:29:29+00:00\",\"dateModified\":\"2025-04-23T11:59:43+00:00\",\"description\":\"Westrock Coffee aims to be the world's most competitive and innovative provider of beverage solutions. Learn more about us on our Pol\u00edtica de Abastecimiento Responsable page.\",\"breadcrumb\":{\"@id\":\"https:\\\/\\\/www.westrockcoffee.com\\\/es\\\/politica-de-abastecimiento-responsable\\\/#breadcrumb\"},\"inLanguage\":\"es\",\"potentialAction\":[{\"@type\":\"ReadAction\",\"target\":[\"https:\\\/\\\/www.westrockcoffee.com\\\/es\\\/politica-de-abastecimiento-responsable\\\/\"]}]},{\"@type\":\"BreadcrumbList\",\"@id\":\"https:\\\/\\\/www.westrockcoffee.com\\\/es\\\/politica-de-abastecimiento-responsable\\\/#breadcrumb\",\"itemListElement\":[{\"@type\":\"ListItem\",\"position\":1,\"name\":\"Inicio\",\"item\":\"https:\\\/\\\/www.westrockcoffee.com\\\/es\\\/\"},{\"@type\":\"ListItem\",\"position\":2,\"name\":\"Pol\u00edtica de Abastecimiento Responsable\"}]},{\"@type\":\"WebSite\",\"@id\":\"https:\\\/\\\/www.westrockcoffee.com\\\/es\\\/#website\",\"url\":\"https:\\\/\\\/www.westrockcoffee.com\\\/es\\\/\",\"name\":\"Westrock Coffee\",\"description\":\"\",\"potentialAction\":[{\"@type\":\"SearchAction\",\"target\":{\"@type\":\"EntryPoint\",\"urlTemplate\":\"https:\\\/\\\/www.westrockcoffee.com\\\/es\\\/?s={search_term_string}\"},\"query-input\":{\"@type\":\"PropertyValueSpecification\",\"valueRequired\":true,\"valueName\":\"search_term_string\"}}],\"inLanguage\":\"es\"}]}<\/script>\n<!-- \/ Yoast SEO plugin. -->","yoast_head_json":{"title":"Pol\u00edtica de Abastecimiento Responsable | Westrock Coffee","description":"Westrock Coffee aims to be the world's most competitive and innovative provider of beverage solutions. Learn more about us on our Pol\u00edtica de Abastecimiento Responsable page.","robots":{"index":"index","follow":"follow","max-snippet":"max-snippet:-1","max-image-preview":"max-image-preview:large","max-video-preview":"max-video-preview:-1"},"canonical":"https:\/\/www.westrockcoffee.com\/es\/politica-de-abastecimiento-responsable\/","og_locale":"es_ES","og_type":"article","og_title":"Pol\u00edtica de Abastecimiento Responsable | Westrock Coffee","og_description":"Westrock Coffee aims to be the world's most competitive and innovative provider of beverage solutions. Learn more about us on our Pol\u00edtica de Abastecimiento Responsable page.","og_url":"https:\/\/www.westrockcoffee.com\/es\/politica-de-abastecimiento-responsable\/","og_site_name":"Westrock Coffee","article_modified_time":"2025-04-23T11:59:43+00:00","twitter_card":"summary_large_image","schema":{"@context":"https:\/\/schema.org","@graph":[{"@type":"WebPage","@id":"https:\/\/www.westrockcoffee.com\/es\/politica-de-abastecimiento-responsable\/","url":"https:\/\/www.westrockcoffee.com\/es\/politica-de-abastecimiento-responsable\/","name":"Pol\u00edtica de Abastecimiento Responsable | Westrock Coffee","isPartOf":{"@id":"https:\/\/www.westrockcoffee.com\/es\/#website"},"datePublished":"2024-09-26T21:29:29+00:00","dateModified":"2025-04-23T11:59:43+00:00","description":"Westrock Coffee aims to be the world's most competitive and innovative provider of beverage solutions. Learn more about us on our Pol\u00edtica de Abastecimiento Responsable page.","breadcrumb":{"@id":"https:\/\/www.westrockcoffee.com\/es\/politica-de-abastecimiento-responsable\/#breadcrumb"},"inLanguage":"es","potentialAction":[{"@type":"ReadAction","target":["https:\/\/www.westrockcoffee.com\/es\/politica-de-abastecimiento-responsable\/"]}]},{"@type":"BreadcrumbList","@id":"https:\/\/www.westrockcoffee.com\/es\/politica-de-abastecimiento-responsable\/#breadcrumb","itemListElement":[{"@type":"ListItem","position":1,"name":"Inicio","item":"https:\/\/www.westrockcoffee.com\/es\/"},{"@type":"ListItem","position":2,"name":"Pol\u00edtica de Abastecimiento Responsable"}]},{"@type":"WebSite","@id":"https:\/\/www.westrockcoffee.com\/es\/#website","url":"https:\/\/www.westrockcoffee.com\/es\/","name":"Westrock Coffee","description":"","potentialAction":[{"@type":"SearchAction","target":{"@type":"EntryPoint","urlTemplate":"https:\/\/www.westrockcoffee.com\/es\/?s={search_term_string}"},"query-input":{"@type":"PropertyValueSpecification","valueRequired":true,"valueName":"search_term_string"}}],"inLanguage":"es"}]}},"_links":{"self":[{"href":"https:\/\/www.westrockcoffee.com\/es\/wp-json\/wp\/v2\/pages\/3918","targetHints":{"allow":["GET"]}}],"collection":[{"href":"https:\/\/www.westrockcoffee.com\/es\/wp-json\/wp\/v2\/pages"}],"about":[{"href":"https:\/\/www.westrockcoffee.com\/es\/wp-json\/wp\/v2\/types\/page"}],"author":[{"embeddable":true,"href":"https:\/\/www.westrockcoffee.com\/es\/wp-json\/wp\/v2\/users\/2"}],"replies":[{"embeddable":true,"href":"https:\/\/www.westrockcoffee.com\/es\/wp-json\/wp\/v2\/comments?post=3918"}],"version-history":[{"count":0,"href":"https:\/\/www.westrockcoffee.com\/es\/wp-json\/wp\/v2\/pages\/3918\/revisions"}],"wp:attachment":[{"href":"https:\/\/www.westrockcoffee.com\/es\/wp-json\/wp\/v2\/media?parent=3918"}],"curies":[{"name":"wp","href":"https:\/\/api.w.org\/{rel}","templated":true}]}}