{"id":3820,"date":"2024-09-03T20:29:51","date_gmt":"2024-09-04T01:29:51","guid":{"rendered":"https:\/\/westrockcoffee.wpenginepowered.com\/perspectivas\/"},"modified":"2025-05-01T01:38:00","modified_gmt":"2025-05-01T06:38:00","slug":"perspectivas","status":"publish","type":"page","link":"https:\/\/www.westrockcoffee.com\/es\/perspectivas\/","title":{"rendered":"Perspectivas"},"content":{"rendered":"<section class=\"relative px-4 pt-8 md:pt-[180px] pb-24 bg-cover bg-[30%_50%] lg:bg-center interior-hero \" style=\"background-image:url(https:\/\/www.westrockcoffee.com\/wp-content\/uploads\/2024\/09\/WROC_9927-Website-Photo-selects-section-Hero-4_0.jpg)\" loading=\"eager\">\n                    <div class=\"hidden md:block absolute top-0 left-0 w-full h-full max-h-screen bg-gradient-to-b from-black\/90 via-[300px] via-transparent z-10\"><\/div>\n            <div class=\"absolute bg-gradient-to-r from-black\/50 to-transparent z-0 h-full w-full top-0 left-0\"><\/div>\n        <div class=\"max-w-7xl mx-auto flex flex-col justify-between gap-16\">\n        <nav class=\"list-none flex gap-2 text-white z-10 breadcrumbs\" aria-label=\"Breadcrumbs\">\n        <span><span><a href=\"https:\/\/www.westrockcoffee.com\/es\/\">Inicio<\/a><\/span><\/span>\n        <\/nav>\n                <div class=\"flex flex-col gap-8\">\n            <h1 class=\"text-5xl xl:text-6xl 2xl:text-7xl text-white font-black uppercase md:max-w-[75%] xl:max-w-[65%] z-10\">Perspectivas<\/h1>\n                            <div class=\"text-2xl text-white font-light prose z-10 md:max-w-[75%] lg:max-w-[65%]\"><p>Aprovechando los conocimientos basados en datos, creamos soluciones personalizadas a lo largo de tu viaje, desde la ideaci\u00f3n de bebidas creativas hasta el soporte continuo.<\/p>\n<\/div>\n                                <\/div>\n    <\/div>\n<\/section>\n\n<section class=\"relative hidden xl:block animations-block_524845d98a5c704d08bfe3b85eb77cf2 \">\n\t\t<img decoding=\"async\" class=\"hidden absolute z-10 animation-fruto-del-caf\u00e9-1\" data-animation=\"fruto-del-caf\u00e9-1\" data-animation-config='{\"top\": \"-50px\", \"bottom\": \"\", \"left\": \"\", \"right\": \"-1%\", \"start\": \"top 75%\", \"x\": \"-=50\", \"y\": \"+=250\", \"rotation\": -20, \"duration\": 4, \"height\": \"5rem\"}' src=\"https:\/\/www.westrockcoffee.com\/wp-content\/themes\/timberland\/theme\/assets\/images\/floating\/fruto-del-caf\u00e9-1.png\" alt=\"\" \/>\n\t\t<img decoding=\"async\" class=\"hidden absolute z-10 animation-coffee-fruit-2\" data-animation=\"coffee-fruit-2\" data-animation-config='{\"top\": \"100px\", \"bottom\": \"\", \"left\": \"\", \"right\": \"0px\", \"start\": \"top 75%\", \"x\": \"-=40\", \"y\": \"+=350\", \"rotation\": -30, \"duration\": 4, \"height\": \"4rem\"}' src=\"https:\/\/www.westrockcoffee.com\/wp-content\/themes\/timberland\/theme\/assets\/images\/floating\/coffee-fruit-2.png\" alt=\"\" \/>\n\t\t<img decoding=\"async\" class=\"hidden absolute z-10 animation-tea-leaf\" data-animation=\"tea-leaf\" data-animation-config='{\"top\": \"-80px\", \"bottom\": \"\", \"left\": \"-5%\", \"right\": \"\", \"start\": \"top 75%\", \"x\": \"-=50\", \"y\": \"+=50\", \"rotation\": 30, \"duration\": 3, \"height\": \"9rem\"}' src=\"https:\/\/www.westrockcoffee.com\/wp-content\/themes\/timberland\/theme\/assets\/images\/floating\/tea-leaf.png\" alt=\"\" \/>\n\t<\/section>\n\n<script>\ndocument.addEventListener('DOMContentLoaded', () => {\n\tdocument.querySelectorAll('.animations-block_524845d98a5c704d08bfe3b85eb77cf2 img').forEach((element) => {\n\t\tconst animationConfig = JSON.parse(element.dataset.animationConfig);\n\n\t\telement.style.top = animationConfig.top;\n\t\telement.style.bottom = animationConfig.bottom;\n\t\telement.style.left = animationConfig.left;\n\t\telement.style.right = animationConfig.right;\n\t\telement.style.height = animationConfig.height;\n\t\telement.style.display = 'block';\n\n\t\twindow.gsap.to('.animation-' + element.dataset.animation, {\n\t\t\tscrollTrigger: {\n\t\t\t\ttrigger: '.animation-' + element.dataset.animation,\n\t\t\t\tstart: animationConfig.start,\n\t\t\t\tscrub: 2,\n\t\t\t\tpin: false,\n\t\t\t\ttoggleActions: \"restart none reverse none\",\n\t\t\t},\n\t\t\tx: () => animationConfig.x,\n\t\t\ty: () => animationConfig.y,\n\t\t\trotation: animationConfig.rotation,\n\t\t\tduration: animationConfig.duration,\n\t\t});\n\t});\n});\n<\/script>\n\n<section class=\"px-4 py-12 xl:py-20 intro-paragraph bg-white \" >\n    <div data-aos=\"fade-up\" class=\"prose text-2xl md:text-3xl max-w-4xl leading-relaxed md:leading-[50px] mx-auto font-medium\"><p>Nuestro proceso de innovaci\u00f3n colaborativa comienza con conocimientos personalizados del consumidor y una comprensi\u00f3n <mark>profunda de las estrategias de mercado y las operaciones internas de nuestros clientes<\/mark>, lo que lleva al desarrollo de soluciones de bebidas irresistibles que generan hu\u00e9spedes encantados, reducen los costos laborales y operativos, y lo m\u00e1s importante, impulsan la rentabilidad para nuestros clientes.<\/p>\n<p>Como proveedor integral de soluciones de bebidas, creamos soluciones de caf\u00e9, t\u00e9 y extractos que satisfacen la demanda del consumidor en cualquier forma de embalaje, con un enfoque en la mejor velocidad de comercializaci\u00f3n en la industria.<\/p>\n<\/div>\n<\/section>\n\n<section class=\"bg-brand-green px-4 py-12 xl:py-20 in-this-section \" >\n    <div class=\"max-w-7xl mx-auto\">\n                    <h2 data-aos=\"fade-up\" class=\"text-3xl md:text-4xl lg:text-5xl text-white font-black uppercase text-center mb-16\">En esta secci\u00f3n<\/h2>\n                        <nav class=\"list-none grid gap-8 lg:gap-16 grid-cols-1 lg:grid-cols-3\">\n                            <a data-aos=\"fade-up\" target=\"\" href=\"https:\/\/www.westrockcoffee.com\/es\/perspectivas\/sostenibilidad\/\" class=\"border-t border-t-white group flex flex-col gap-4 pt-4\" title=\"Sostenibilidad\">\n                    <div class=\"flex items-center justify-between text-white\">\n                        <strong class=\"text-white font-semibold text-2xl md:text-3xl group-hover:text-brand-gray transition\">Sostenibilidad<\/strong>\n                        <svg class=\"group-hover:translate-x-2 group-hover:text-brand-gray transition pr-2\" width=\"28\" height=\"25\" viewBox=\"0 0 28 25\" fill=\"none\" xmlns=\"http:\/\/www.w3.org\/2000\/svg\">\n                            <path d=\"M27.84 11.72V13.12L14.84 24.44L13.12 22.36C17.28 18.92 21.76 15.64 24.76 13.6L24.68 13.36C21.2 13.6 15.72 13.72 11.12 13.72L0.52 13.72L0.52 11.12L11.12 11.12C15.72 11.12 21.2 11.28 24.68 11.52L24.76 11.28C21.68 9.16 17.32 5.92 13.12 2.48L14.88 0.439998L27.84 11.72Z\" fill=\"currentColor\"\/>\n                        <\/svg>\n                    <\/div>\n                                            <div class=\"text-lg font-light prose text-white group-hover:text-brand-gray transition\"><p>Explora las perspectivas de sostenibilidad de Westrock para descubrir c\u00f3mo estamos logrando un impacto duradero a trav\u00e9s de nuestro compromiso con el abastecimiento responsable y el empoderamiento de los agricultores. Sum\u00e9rgete en historias que destacan nuestras asociaciones con los caficultores, pr\u00e1cticas innovadoras y los cambios positivos que estamos impulsando en las comunidades a las que servimos. <\/p>\n<\/div>\n                                    <\/a>\n                            <a data-aos=\"fade-up\" target=\"\" href=\"https:\/\/www.westrockcoffee.com\/es\/perspectivas\/estudio-de-caso\/\" class=\"border-t border-t-white group flex flex-col gap-4 pt-4\" title=\"Estudios de caso\">\n                    <div class=\"flex items-center justify-between text-white\">\n                        <strong class=\"text-white font-semibold text-2xl md:text-3xl group-hover:text-brand-gray transition\">Estudios de caso<\/strong>\n                        <svg class=\"group-hover:translate-x-2 group-hover:text-brand-gray transition pr-2\" width=\"28\" height=\"25\" viewBox=\"0 0 28 25\" fill=\"none\" xmlns=\"http:\/\/www.w3.org\/2000\/svg\">\n                            <path d=\"M27.84 11.72V13.12L14.84 24.44L13.12 22.36C17.28 18.92 21.76 15.64 24.76 13.6L24.68 13.36C21.2 13.6 15.72 13.72 11.12 13.72L0.52 13.72L0.52 11.12L11.12 11.12C15.72 11.12 21.2 11.28 24.68 11.52L24.76 11.28C21.68 9.16 17.32 5.92 13.12 2.48L14.88 0.439998L27.84 11.72Z\" fill=\"currentColor\"\/>\n                        <\/svg>\n                    <\/div>\n                                            <div class=\"text-lg font-light prose text-white group-hover:text-brand-gray transition\"><p>Construir el \u00e9xito requiere una asociaci\u00f3n s\u00f3lida. Los estudios de caso de Westrock demuestran c\u00f3mo trabajamos con los clientes para superar desaf\u00edos y lograr resultados notables. <\/p>\n<\/div>\n                                    <\/a>\n                            <a data-aos=\"fade-up\" target=\"\" href=\"https:\/\/www.westrockcoffee.com\/es\/perspectivas\/blog\/\" class=\"border-t border-t-white group flex flex-col gap-4 pt-4\" title=\"Blog\">\n                    <div class=\"flex items-center justify-between text-white\">\n                        <strong class=\"text-white font-semibold text-2xl md:text-3xl group-hover:text-brand-gray transition\">Blog<\/strong>\n                        <svg class=\"group-hover:translate-x-2 group-hover:text-brand-gray transition pr-2\" width=\"28\" height=\"25\" viewBox=\"0 0 28 25\" fill=\"none\" xmlns=\"http:\/\/www.w3.org\/2000\/svg\">\n                            <path d=\"M27.84 11.72V13.12L14.84 24.44L13.12 22.36C17.28 18.92 21.76 15.64 24.76 13.6L24.68 13.36C21.2 13.6 15.72 13.72 11.12 13.72L0.52 13.72L0.52 11.12L11.12 11.12C15.72 11.12 21.2 11.28 24.68 11.52L24.76 11.28C21.68 9.16 17.32 5.92 13.12 2.48L14.88 0.439998L27.84 11.72Z\" fill=\"currentColor\"\/>\n                        <\/svg>\n                    <\/div>\n                                            <div class=\"text-lg font-light prose text-white group-hover:text-brand-gray transition\"><p>Explora el blog de Westrock, tu fuente de an\u00e1lisis experto y perspectivas de vanguardia sobre todo lo relacionado con el mundo de las bebidas. Nuestro equipo de l\u00edderes e innovadores de la industria comparte sus perspectivas sobre las tendencias emergentes, los conocimientos del sector, las pr\u00e1cticas sostenibles y las soluciones que impulsan nuestra industria hacia adelante. <\/p>\n<\/div>\n                                    <\/a>\n                    <\/nav>\n    <\/div>\n<\/section>\n\n\n<p><\/p>\n","protected":false},"excerpt":{"rendered":"","protected":false},"author":1,"featured_media":0,"parent":0,"menu_order":0,"comment_status":"closed","ping_status":"closed","template":"","meta":{"_acf_changed":false,"content-type":"","footnotes":""},"class_list":["post-3820","page","type-page","status-publish","hentry"],"acf":[],"yoast_head":"<!-- This site is optimized with the Yoast SEO plugin v27.4 - https:\/\/yoast.com\/product\/yoast-seo-wordpress\/ -->\n<title>Perspectivas | Westrock Coffee<\/title>\n<meta name=\"description\" content=\"Como proveedor integral de soluciones de bebidas, creamos soluciones de caf\u00e9, t\u00e9 y extractos que satisfacen la demanda del consumidor en cualquier forma de embalaje, con un enfoque en la mejor velocidad de comercializaci\u00f3n en la industria.\" \/>\n<meta name=\"robots\" content=\"index, follow, max-snippet:-1, max-image-preview:large, max-video-preview:-1\" \/>\n<link rel=\"canonical\" href=\"https:\/\/www.westrockcoffee.com\/es\/perspectivas\/\" \/>\n<meta property=\"og:locale\" content=\"es_ES\" \/>\n<meta property=\"og:type\" content=\"article\" \/>\n<meta property=\"og:title\" content=\"Perspectivas | Westrock Coffee\" \/>\n<meta property=\"og:description\" content=\"Como proveedor integral de soluciones de bebidas, creamos soluciones de caf\u00e9, t\u00e9 y extractos que satisfacen la demanda del consumidor en cualquier forma de embalaje, con un enfoque en la mejor velocidad de comercializaci\u00f3n en la industria.\" \/>\n<meta property=\"og:url\" content=\"https:\/\/www.westrockcoffee.com\/es\/perspectivas\/\" \/>\n<meta property=\"og:site_name\" content=\"Westrock Coffee\" \/>\n<meta property=\"article:modified_time\" content=\"2025-05-01T06:38:00+00:00\" \/>\n<meta name=\"twitter:card\" content=\"summary_large_image\" \/>\n<script type=\"application\/ld+json\" class=\"yoast-schema-graph\">{\"@context\":\"https:\\\/\\\/schema.org\",\"@graph\":[{\"@type\":\"WebPage\",\"@id\":\"https:\\\/\\\/www.westrockcoffee.com\\\/es\\\/perspectivas\\\/\",\"url\":\"https:\\\/\\\/www.westrockcoffee.com\\\/es\\\/perspectivas\\\/\",\"name\":\"Perspectivas | Westrock Coffee\",\"isPartOf\":{\"@id\":\"https:\\\/\\\/www.westrockcoffee.com\\\/es\\\/#website\"},\"datePublished\":\"2024-09-04T01:29:51+00:00\",\"dateModified\":\"2025-05-01T06:38:00+00:00\",\"description\":\"Como proveedor integral de soluciones de bebidas, creamos soluciones de caf\u00e9, t\u00e9 y extractos que satisfacen la demanda del consumidor en cualquier forma de embalaje, con un enfoque en la mejor velocidad de comercializaci\u00f3n en la industria.\",\"breadcrumb\":{\"@id\":\"https:\\\/\\\/www.westrockcoffee.com\\\/es\\\/perspectivas\\\/#breadcrumb\"},\"inLanguage\":\"es\",\"potentialAction\":[{\"@type\":\"ReadAction\",\"target\":[\"https:\\\/\\\/www.westrockcoffee.com\\\/es\\\/perspectivas\\\/\"]}]},{\"@type\":\"BreadcrumbList\",\"@id\":\"https:\\\/\\\/www.westrockcoffee.com\\\/es\\\/perspectivas\\\/#breadcrumb\",\"itemListElement\":[{\"@type\":\"ListItem\",\"position\":1,\"name\":\"Inicio\",\"item\":\"https:\\\/\\\/www.westrockcoffee.com\\\/es\\\/\"},{\"@type\":\"ListItem\",\"position\":2,\"name\":\"Perspectivas\"}]},{\"@type\":\"WebSite\",\"@id\":\"https:\\\/\\\/www.westrockcoffee.com\\\/es\\\/#website\",\"url\":\"https:\\\/\\\/www.westrockcoffee.com\\\/es\\\/\",\"name\":\"Westrock Coffee\",\"description\":\"\",\"potentialAction\":[{\"@type\":\"SearchAction\",\"target\":{\"@type\":\"EntryPoint\",\"urlTemplate\":\"https:\\\/\\\/www.westrockcoffee.com\\\/es\\\/?s={search_term_string}\"},\"query-input\":{\"@type\":\"PropertyValueSpecification\",\"valueRequired\":true,\"valueName\":\"search_term_string\"}}],\"inLanguage\":\"es\"}]}<\/script>\n<!-- \/ Yoast SEO plugin. -->","yoast_head_json":{"title":"Perspectivas | Westrock Coffee","description":"Como proveedor integral de soluciones de bebidas, creamos soluciones de caf\u00e9, t\u00e9 y extractos que satisfacen la demanda del consumidor en cualquier forma de embalaje, con un enfoque en la mejor velocidad de comercializaci\u00f3n en la industria.","robots":{"index":"index","follow":"follow","max-snippet":"max-snippet:-1","max-image-preview":"max-image-preview:large","max-video-preview":"max-video-preview:-1"},"canonical":"https:\/\/www.westrockcoffee.com\/es\/perspectivas\/","og_locale":"es_ES","og_type":"article","og_title":"Perspectivas | Westrock Coffee","og_description":"Como proveedor integral de soluciones de bebidas, creamos soluciones de caf\u00e9, t\u00e9 y extractos que satisfacen la demanda del consumidor en cualquier forma de embalaje, con un enfoque en la mejor velocidad de comercializaci\u00f3n en la industria.","og_url":"https:\/\/www.westrockcoffee.com\/es\/perspectivas\/","og_site_name":"Westrock Coffee","article_modified_time":"2025-05-01T06:38:00+00:00","twitter_card":"summary_large_image","schema":{"@context":"https:\/\/schema.org","@graph":[{"@type":"WebPage","@id":"https:\/\/www.westrockcoffee.com\/es\/perspectivas\/","url":"https:\/\/www.westrockcoffee.com\/es\/perspectivas\/","name":"Perspectivas | Westrock Coffee","isPartOf":{"@id":"https:\/\/www.westrockcoffee.com\/es\/#website"},"datePublished":"2024-09-04T01:29:51+00:00","dateModified":"2025-05-01T06:38:00+00:00","description":"Como proveedor integral de soluciones de bebidas, creamos soluciones de caf\u00e9, t\u00e9 y extractos que satisfacen la demanda del consumidor en cualquier forma de embalaje, con un enfoque en la mejor velocidad de comercializaci\u00f3n en la industria.","breadcrumb":{"@id":"https:\/\/www.westrockcoffee.com\/es\/perspectivas\/#breadcrumb"},"inLanguage":"es","potentialAction":[{"@type":"ReadAction","target":["https:\/\/www.westrockcoffee.com\/es\/perspectivas\/"]}]},{"@type":"BreadcrumbList","@id":"https:\/\/www.westrockcoffee.com\/es\/perspectivas\/#breadcrumb","itemListElement":[{"@type":"ListItem","position":1,"name":"Inicio","item":"https:\/\/www.westrockcoffee.com\/es\/"},{"@type":"ListItem","position":2,"name":"Perspectivas"}]},{"@type":"WebSite","@id":"https:\/\/www.westrockcoffee.com\/es\/#website","url":"https:\/\/www.westrockcoffee.com\/es\/","name":"Westrock Coffee","description":"","potentialAction":[{"@type":"SearchAction","target":{"@type":"EntryPoint","urlTemplate":"https:\/\/www.westrockcoffee.com\/es\/?s={search_term_string}"},"query-input":{"@type":"PropertyValueSpecification","valueRequired":true,"valueName":"search_term_string"}}],"inLanguage":"es"}]}},"_links":{"self":[{"href":"https:\/\/www.westrockcoffee.com\/es\/wp-json\/wp\/v2\/pages\/3820","targetHints":{"allow":["GET"]}}],"collection":[{"href":"https:\/\/www.westrockcoffee.com\/es\/wp-json\/wp\/v2\/pages"}],"about":[{"href":"https:\/\/www.westrockcoffee.com\/es\/wp-json\/wp\/v2\/types\/page"}],"author":[{"embeddable":true,"href":"https:\/\/www.westrockcoffee.com\/es\/wp-json\/wp\/v2\/users\/1"}],"replies":[{"embeddable":true,"href":"https:\/\/www.westrockcoffee.com\/es\/wp-json\/wp\/v2\/comments?post=3820"}],"version-history":[{"count":0,"href":"https:\/\/www.westrockcoffee.com\/es\/wp-json\/wp\/v2\/pages\/3820\/revisions"}],"wp:attachment":[{"href":"https:\/\/www.westrockcoffee.com\/es\/wp-json\/wp\/v2\/media?parent=3820"}],"curies":[{"name":"wp","href":"https:\/\/api.w.org\/{rel}","templated":true}]}}